{"id":133,"date":"2014-02-06T21:34:57","date_gmt":"2014-02-06T21:34:57","guid":{"rendered":"http:\/\/aleksandarpetrovic.org\/english\/?page_id=133"},"modified":"2025-11-04T10:09:20","modified_gmt":"2025-11-04T15:09:20","slug":"the-only-way-out","status":"publish","type":"page","link":"https:\/\/aleksandarpetrovic.org\/en\/filmography\/feature-films\/the-only-way-out\/","title":{"rendered":"The Only Way Out"},"content":{"rendered":"\n<h2 class=\"wp-block-heading\">(Jedini izlaz)<\/h2>\n\n\n\n<figure class=\"wp-block-image\"><a href=\"https:\/\/aleksandarpetrovic.org\/wp-content\/uploads\/2013\/06\/jedini-izlaz0.png\"><img decoding=\"async\" src=\"https:\/\/aleksandarpetrovic.org\/wp-content\/uploads\/2013\/06\/jedini-izlaz0.png\" alt=\"jedini izlaz0\"\/><\/a><\/figure>\n\n\n\n<p><\/p>\n\n\n\n<figure class=\"wp-block-table\"><table><tbody><tr><td><strong>Production company<\/strong>:<\/td><td>Producent Zastava Film. <strong>1958<\/strong><\/td><\/tr><tr><td><strong>Screenplay<\/strong>:<\/td><td>Antonije Isakovi\u0107, Stjepan Zaninovi\u0107<\/td><\/tr><tr><td><strong>Director<\/strong>:<\/td><td>Aleksandar Petrovi\u0107, Vicko Raspor<\/td><\/tr><tr><td><strong>Set Design<\/strong>:<\/td><td>Nikola Radanovi\u0107<\/td><\/tr><tr><td><strong>Cinematography<\/strong>:<\/td><td>Jovan Jovanovi\u0107<\/td><\/tr><tr><td><strong>Film Editing<\/strong>:<\/td><td>Kleopatra Harisijades<\/td><\/tr><tr><td><strong>Music<\/strong>:<\/td><td>Ivo Tijardovi\u0107<\/td><\/tr><tr><td><strong>Cast<\/strong>:<\/td><td>Mija Aleksi\u0107, Fahro Konjhod\u017ei\u0107, Zlatko<br>\nMaduni\u0107, Stane Potokar, Borislav Radovi\u0107<\/td><\/tr><\/tbody><\/table><\/figure>\n\n\n\n<figure class=\"wp-block-image aligncenter\"><a href=\"https:\/\/aleksandarpetrovic.org\/wp-content\/uploads\/2013\/06\/jedini-izlaz.png\"><img decoding=\"async\" src=\"https:\/\/aleksandarpetrovic.org\/wp-content\/uploads\/2013\/06\/jedini-izlaz.png\" alt=\"jedini izlaz\" class=\"wp-image-1393\"\/><\/a><\/figure>\n\n\n\n<p><\/p>\n\n\n\n<figure class=\"wp-block-image aligncenter\"><a href=\"https:\/\/aleksandarpetrovic.org\/wp-content\/uploads\/2013\/06\/jedini-izlaz1.png\"><img decoding=\"async\" src=\"https:\/\/aleksandarpetrovic.org\/wp-content\/uploads\/2013\/06\/jedini-izlaz1.png\" alt=\"jedini izlaz1\" class=\"wp-image-1394\"\/><\/a><\/figure>\n\n\n\n<p><\/p>\n","protected":false},"excerpt":{"rendered":"<p>(Jedini izlaz) Production company: Producent Zastava Film. 1958 Screenplay: Antonije Isakovi\u0107, Stjepan Zaninovi\u0107 Director: Aleksandar Petrovi\u0107, Vicko Raspor Set Design: Nikola Radanovi\u0107 Cinematography: Jovan Jovanovi\u0107 Film Editing: Kleopatra Harisijades Music: Ivo Tijardovi\u0107 Cast: Mija Aleksi\u0107, Fahro Konjhod\u017ei\u0107, Zlatko Maduni\u0107, Stane Potokar, Borislav Radovi\u0107<\/p>\n","protected":false},"author":1,"featured_media":0,"parent":43,"menu_order":0,"comment_status":"closed","ping_status":"open","template":"","meta":{"footnotes":""},"class_list":["post-133","page","type-page","status-publish","hentry"],"yoast_head":"<!-- This site is optimized with the Yoast SEO plugin v26.3 - https:\/\/yoast.com\/wordpress\/plugins\/seo\/ -->\n<title>The Only Way Out - Aleksandar Petrovic<\/title>\n<meta name=\"robots\" content=\"index, follow, max-snippet:-1, max-image-preview:large, max-video-preview:-1\" \/>\n<link rel=\"canonical\" href=\"https:\/\/aleksandarpetrovic.org\/en\/filmography\/feature-films\/the-only-way-out\/\" \/>\n<meta property=\"og:locale\" content=\"en_US\" \/>\n<meta property=\"og:type\" content=\"article\" \/>\n<meta property=\"og:title\" content=\"The Only Way Out - Aleksandar Petrovic\" \/>\n<meta property=\"og:description\" content=\"(Jedini izlaz) Production company: Producent Zastava Film. 1958 Screenplay: Antonije Isakovi\u0107, Stjepan Zaninovi\u0107 Director: Aleksandar Petrovi\u0107, Vicko Raspor Set Design: Nikola Radanovi\u0107 Cinematography: Jovan Jovanovi\u0107 Film Editing: Kleopatra Harisijades Music: Ivo Tijardovi\u0107 Cast: Mija Aleksi\u0107, Fahro Konjhod\u017ei\u0107, Zlatko Maduni\u0107, Stane Potokar, Borislav Radovi\u0107\" \/>\n<meta property=\"og:url\" content=\"https:\/\/aleksandarpetrovic.org\/en\/filmography\/feature-films\/the-only-way-out\/\" \/>\n<meta property=\"og:site_name\" content=\"Aleksandar Petrovic\" \/>\n<meta property=\"article:modified_time\" content=\"2025-11-04T15:09:20+00:00\" \/>\n<meta property=\"og:image\" content=\"https:\/\/aleksandarpetrovic.org\/wp-content\/uploads\/2013\/06\/jedini-izlaz0.png\" \/>\n<meta name=\"twitter:card\" content=\"summary_large_image\" \/>\n<meta name=\"twitter:label1\" content=\"Est. reading time\" \/>\n\t<meta name=\"twitter:data1\" content=\"1 minute\" \/>\n<script type=\"application\/ld+json\" class=\"yoast-schema-graph\">{\"@context\":\"https:\/\/schema.org\",\"@graph\":[{\"@type\":\"WebPage\",\"@id\":\"https:\/\/aleksandarpetrovic.org\/en\/filmography\/feature-films\/the-only-way-out\/\",\"url\":\"https:\/\/aleksandarpetrovic.org\/en\/filmography\/feature-films\/the-only-way-out\/\",\"name\":\"The Only Way Out - Aleksandar Petrovic\",\"isPartOf\":{\"@id\":\"https:\/\/aleksandarpetrovic.org\/#website\"},\"primaryImageOfPage\":{\"@id\":\"https:\/\/aleksandarpetrovic.org\/en\/filmography\/feature-films\/the-only-way-out\/#primaryimage\"},\"image\":{\"@id\":\"https:\/\/aleksandarpetrovic.org\/en\/filmography\/feature-films\/the-only-way-out\/#primaryimage\"},\"thumbnailUrl\":\"https:\/\/aleksandarpetrovic.org\/wp-content\/uploads\/2013\/06\/jedini-izlaz0.png\",\"datePublished\":\"2014-02-06T21:34:57+00:00\",\"dateModified\":\"2025-11-04T15:09:20+00:00\",\"breadcrumb\":{\"@id\":\"https:\/\/aleksandarpetrovic.org\/en\/filmography\/feature-films\/the-only-way-out\/#breadcrumb\"},\"inLanguage\":\"en-US\",\"potentialAction\":[{\"@type\":\"ReadAction\",\"target\":[\"https:\/\/aleksandarpetrovic.org\/en\/filmography\/feature-films\/the-only-way-out\/\"]}]},{\"@type\":\"ImageObject\",\"inLanguage\":\"en-US\",\"@id\":\"https:\/\/aleksandarpetrovic.org\/en\/filmography\/feature-films\/the-only-way-out\/#primaryimage\",\"url\":\"https:\/\/aleksandarpetrovic.org\/wp-content\/uploads\/2013\/06\/jedini-izlaz0.png\",\"contentUrl\":\"https:\/\/aleksandarpetrovic.org\/wp-content\/uploads\/2013\/06\/jedini-izlaz0.png\"},{\"@type\":\"BreadcrumbList\",\"@id\":\"https:\/\/aleksandarpetrovic.org\/en\/filmography\/feature-films\/the-only-way-out\/#breadcrumb\",\"itemListElement\":[{\"@type\":\"ListItem\",\"position\":1,\"name\":\"Accueil\",\"item\":\"https:\/\/aleksandarpetrovic.org\/fr\/\"},{\"@type\":\"ListItem\",\"position\":2,\"name\":\"Filmography\",\"item\":\"https:\/\/aleksandarpetrovic.org\/en\/filmography\/\"},{\"@type\":\"ListItem\",\"position\":3,\"name\":\"Feature films\",\"item\":\"https:\/\/aleksandarpetrovic.org\/en\/filmography\/feature-films\/\"},{\"@type\":\"ListItem\",\"position\":4,\"name\":\"The Only Way Out\"}]},{\"@type\":\"WebSite\",\"@id\":\"https:\/\/aleksandarpetrovic.org\/#website\",\"url\":\"https:\/\/aleksandarpetrovic.org\/\",\"name\":\"Aleksandar Petrovic\",\"description\":\"Film Director (Official Website)\\n\",\"potentialAction\":[{\"@type\":\"SearchAction\",\"target\":{\"@type\":\"EntryPoint\",\"urlTemplate\":\"https:\/\/aleksandarpetrovic.org\/?s={search_term_string}\"},\"query-input\":{\"@type\":\"PropertyValueSpecification\",\"valueRequired\":true,\"valueName\":\"search_term_string\"}}],\"inLanguage\":\"en-US\"}]}<\/script>\n<!-- \/ Yoast SEO plugin. -->","yoast_head_json":{"title":"The Only Way Out - Aleksandar Petrovic","robots":{"index":"index","follow":"follow","max-snippet":"max-snippet:-1","max-image-preview":"max-image-preview:large","max-video-preview":"max-video-preview:-1"},"canonical":"https:\/\/aleksandarpetrovic.org\/en\/filmography\/feature-films\/the-only-way-out\/","og_locale":"en_US","og_type":"article","og_title":"The Only Way Out - Aleksandar Petrovic","og_description":"(Jedini izlaz) Production company: Producent Zastava Film. 1958 Screenplay: Antonije Isakovi\u0107, Stjepan Zaninovi\u0107 Director: Aleksandar Petrovi\u0107, Vicko Raspor Set Design: Nikola Radanovi\u0107 Cinematography: Jovan Jovanovi\u0107 Film Editing: Kleopatra Harisijades Music: Ivo Tijardovi\u0107 Cast: Mija Aleksi\u0107, Fahro Konjhod\u017ei\u0107, Zlatko Maduni\u0107, Stane Potokar, Borislav Radovi\u0107","og_url":"https:\/\/aleksandarpetrovic.org\/en\/filmography\/feature-films\/the-only-way-out\/","og_site_name":"Aleksandar Petrovic","article_modified_time":"2025-11-04T15:09:20+00:00","og_image":[{"url":"https:\/\/aleksandarpetrovic.org\/wp-content\/uploads\/2013\/06\/jedini-izlaz0.png","type":"","width":"","height":""}],"twitter_card":"summary_large_image","twitter_misc":{"Est. reading time":"1 minute"},"schema":{"@context":"https:\/\/schema.org","@graph":[{"@type":"WebPage","@id":"https:\/\/aleksandarpetrovic.org\/en\/filmography\/feature-films\/the-only-way-out\/","url":"https:\/\/aleksandarpetrovic.org\/en\/filmography\/feature-films\/the-only-way-out\/","name":"The Only Way Out - Aleksandar Petrovic","isPartOf":{"@id":"https:\/\/aleksandarpetrovic.org\/#website"},"primaryImageOfPage":{"@id":"https:\/\/aleksandarpetrovic.org\/en\/filmography\/feature-films\/the-only-way-out\/#primaryimage"},"image":{"@id":"https:\/\/aleksandarpetrovic.org\/en\/filmography\/feature-films\/the-only-way-out\/#primaryimage"},"thumbnailUrl":"https:\/\/aleksandarpetrovic.org\/wp-content\/uploads\/2013\/06\/jedini-izlaz0.png","datePublished":"2014-02-06T21:34:57+00:00","dateModified":"2025-11-04T15:09:20+00:00","breadcrumb":{"@id":"https:\/\/aleksandarpetrovic.org\/en\/filmography\/feature-films\/the-only-way-out\/#breadcrumb"},"inLanguage":"en-US","potentialAction":[{"@type":"ReadAction","target":["https:\/\/aleksandarpetrovic.org\/en\/filmography\/feature-films\/the-only-way-out\/"]}]},{"@type":"ImageObject","inLanguage":"en-US","@id":"https:\/\/aleksandarpetrovic.org\/en\/filmography\/feature-films\/the-only-way-out\/#primaryimage","url":"https:\/\/aleksandarpetrovic.org\/wp-content\/uploads\/2013\/06\/jedini-izlaz0.png","contentUrl":"https:\/\/aleksandarpetrovic.org\/wp-content\/uploads\/2013\/06\/jedini-izlaz0.png"},{"@type":"BreadcrumbList","@id":"https:\/\/aleksandarpetrovic.org\/en\/filmography\/feature-films\/the-only-way-out\/#breadcrumb","itemListElement":[{"@type":"ListItem","position":1,"name":"Accueil","item":"https:\/\/aleksandarpetrovic.org\/fr\/"},{"@type":"ListItem","position":2,"name":"Filmography","item":"https:\/\/aleksandarpetrovic.org\/en\/filmography\/"},{"@type":"ListItem","position":3,"name":"Feature films","item":"https:\/\/aleksandarpetrovic.org\/en\/filmography\/feature-films\/"},{"@type":"ListItem","position":4,"name":"The Only Way Out"}]},{"@type":"WebSite","@id":"https:\/\/aleksandarpetrovic.org\/#website","url":"https:\/\/aleksandarpetrovic.org\/","name":"Aleksandar Petrovic","description":"Film Director (Official Website)\n","potentialAction":[{"@type":"SearchAction","target":{"@type":"EntryPoint","urlTemplate":"https:\/\/aleksandarpetrovic.org\/?s={search_term_string}"},"query-input":{"@type":"PropertyValueSpecification","valueRequired":true,"valueName":"search_term_string"}}],"inLanguage":"en-US"}]}},"_links":{"self":[{"href":"https:\/\/aleksandarpetrovic.org\/en\/wp-json\/wp\/v2\/pages\/133","targetHints":{"allow":["GET"]}}],"collection":[{"href":"https:\/\/aleksandarpetrovic.org\/en\/wp-json\/wp\/v2\/pages"}],"about":[{"href":"https:\/\/aleksandarpetrovic.org\/en\/wp-json\/wp\/v2\/types\/page"}],"author":[{"embeddable":true,"href":"https:\/\/aleksandarpetrovic.org\/en\/wp-json\/wp\/v2\/users\/1"}],"replies":[{"embeddable":true,"href":"https:\/\/aleksandarpetrovic.org\/en\/wp-json\/wp\/v2\/comments?post=133"}],"version-history":[{"count":4,"href":"https:\/\/aleksandarpetrovic.org\/en\/wp-json\/wp\/v2\/pages\/133\/revisions"}],"predecessor-version":[{"id":5143,"href":"https:\/\/aleksandarpetrovic.org\/en\/wp-json\/wp\/v2\/pages\/133\/revisions\/5143"}],"up":[{"embeddable":true,"href":"https:\/\/aleksandarpetrovic.org\/en\/wp-json\/wp\/v2\/pages\/43"}],"wp:attachment":[{"href":"https:\/\/aleksandarpetrovic.org\/en\/wp-json\/wp\/v2\/media?parent=133"}],"curies":[{"name":"wp","href":"https:\/\/api.w.org\/{rel}","templated":true}]}}