{"id":224,"date":"2014-02-15T21:22:53","date_gmt":"2014-02-15T21:22:53","guid":{"rendered":"http:\/\/aleksandarpetrovic.org\/english\/?page_id=224"},"modified":"2025-11-04T09:57:24","modified_gmt":"2025-11-04T14:57:24","slug":"shoulder-to-shoulder","status":"publish","type":"page","link":"https:\/\/aleksandarpetrovic.org\/en\/filmography\/documentaries-and-short-films\/shoulder-to-shoulder\/","title":{"rendered":"Shoulder to shoulder"},"content":{"rendered":"\n<h2 class=\"wp-block-heading\">&nbsp;(SIDE BY SIDE)<\/h2>\n\n\n\n<h2 class=\"wp-block-heading\">orig. UZ DRUGA JE DRUG<\/h2>\n\n\n\n<figure class=\"wp-block-table\"><table class=\"has-fixed-layout\"><tbody><tr><td>Production company:<\/td><td>Slavija film, <strong>1955<\/strong><\/td><\/tr><tr><td>Screenplay:<\/td><td>Vicko Raspor, Nusret Seferovi\u0107<\/td><\/tr><tr><td>Directors:<\/td><td>Aleksandar Petrovi\u0107,&nbsp;Vicko Raspor<\/td><\/tr><tr><td>Camera:<\/td><td>Nikola Majdak<\/td><\/tr><tr><td>Screenplay assistant:<\/td><td>D. Jokanovi\u0107<\/td><\/tr><tr><td>Film editing:<\/td><td>Milada Levi<\/td><\/tr><tr><td>Sound:<\/td><td>M. Nedi\u0107<\/td><\/tr><tr><td>Text reader:<\/td><td>D. Vidak<\/td><\/tr><tr><td>Composer:<\/td><td>Aleksandar Obradovi\u0107<\/td><\/tr><tr><td>Musical leadership:<\/td><td>P. Radosavljevi\u0107<\/td><\/tr><tr><td>&nbsp;<\/td><td>Orchestra and choir &#8220;Dom JNA&#8221; conductor Franc Klinar<\/td><\/tr><\/tbody><\/table><\/figure>\n\n\n\n<figure class=\"wp-block-image aligncenter\"><a href=\"https:\/\/aleksandarpetrovic.org\/wp-content\/uploads\/2013\/03\/Uz-druga-je-drug.png\"><img decoding=\"async\" src=\"https:\/\/aleksandarpetrovic.org\/wp-content\/uploads\/2013\/03\/Uz-druga-je-drug.png\" alt=\"\"\/><\/a><\/figure>\n\n\n\n<p><\/p>\n\n\n\n<h3 class=\"wp-block-heading\">Awards, honors, festivals:<\/h3>\n\n\n\n<ul class=\"wp-block-list\">\n<li>2nd Prize for Best Director &#8211; III th Pula Yugoslavian Film Festival 1956 (Aleksandar Petrovi\u0107, Vicko Raspor)<\/li>\n\n\n\n<li>Prize Arena &#8211; III th Pula Yugoslavian Film Festival 1956<\/li>\n<\/ul>\n\n\n\n<p><\/p>\n","protected":false},"excerpt":{"rendered":"<p>&nbsp;(SIDE BY SIDE) orig. UZ DRUGA JE DRUG Production company: Slavija film, 1955 Screenplay: Vicko Raspor, Nusret Seferovi\u0107 Directors: Aleksandar Petrovi\u0107,&nbsp;Vicko Raspor Camera: Nikola Majdak Screenplay assistant: D. Jokanovi\u0107 Film editing: Milada Levi Sound: M. Nedi\u0107 Text reader: D. Vidak Composer: Aleksandar Obradovi\u0107 Musical leadership: P. Radosavljevi\u0107 &nbsp; Orchestra and choir &#8220;Dom JNA&#8221; conductor Franc [&hellip;]<\/p>\n","protected":false},"author":1,"featured_media":0,"parent":39,"menu_order":0,"comment_status":"closed","ping_status":"open","template":"","meta":{"footnotes":""},"class_list":["post-224","page","type-page","status-publish","hentry"],"yoast_head":"<!-- This site is optimized with the Yoast SEO plugin v26.3 - https:\/\/yoast.com\/wordpress\/plugins\/seo\/ -->\n<title>Shoulder to shoulder - Aleksandar Petrovic<\/title>\n<meta name=\"robots\" content=\"index, follow, max-snippet:-1, max-image-preview:large, max-video-preview:-1\" \/>\n<link rel=\"canonical\" href=\"https:\/\/aleksandarpetrovic.org\/en\/filmography\/documentaries-and-short-films\/shoulder-to-shoulder\/\" \/>\n<meta property=\"og:locale\" content=\"en_US\" \/>\n<meta property=\"og:type\" content=\"article\" \/>\n<meta property=\"og:title\" content=\"Shoulder to shoulder - Aleksandar Petrovic\" \/>\n<meta property=\"og:description\" content=\"&nbsp;(SIDE BY SIDE) orig. UZ DRUGA JE DRUG Production company: Slavija film, 1955 Screenplay: Vicko Raspor, Nusret Seferovi\u0107 Directors: Aleksandar Petrovi\u0107,&nbsp;Vicko Raspor Camera: Nikola Majdak Screenplay assistant: D. Jokanovi\u0107 Film editing: Milada Levi Sound: M. Nedi\u0107 Text reader: D. Vidak Composer: Aleksandar Obradovi\u0107 Musical leadership: P. Radosavljevi\u0107 &nbsp; Orchestra and choir &#8220;Dom JNA&#8221; conductor Franc [&hellip;]\" \/>\n<meta property=\"og:url\" content=\"https:\/\/aleksandarpetrovic.org\/en\/filmography\/documentaries-and-short-films\/shoulder-to-shoulder\/\" \/>\n<meta property=\"og:site_name\" content=\"Aleksandar Petrovic\" \/>\n<meta property=\"article:modified_time\" content=\"2025-11-04T14:57:24+00:00\" \/>\n<meta property=\"og:image\" content=\"https:\/\/aleksandarpetrovic.org\/wp-content\/uploads\/2013\/03\/Uz-druga-je-drug.png\" \/>\n<meta name=\"twitter:card\" content=\"summary_large_image\" \/>\n<meta name=\"twitter:label1\" content=\"Est. reading time\" \/>\n\t<meta name=\"twitter:data1\" content=\"1 minute\" \/>\n<script type=\"application\/ld+json\" class=\"yoast-schema-graph\">{\"@context\":\"https:\/\/schema.org\",\"@graph\":[{\"@type\":\"WebPage\",\"@id\":\"https:\/\/aleksandarpetrovic.org\/en\/filmography\/documentaries-and-short-films\/shoulder-to-shoulder\/\",\"url\":\"https:\/\/aleksandarpetrovic.org\/en\/filmography\/documentaries-and-short-films\/shoulder-to-shoulder\/\",\"name\":\"Shoulder to shoulder - Aleksandar Petrovic\",\"isPartOf\":{\"@id\":\"https:\/\/aleksandarpetrovic.org\/#website\"},\"primaryImageOfPage\":{\"@id\":\"https:\/\/aleksandarpetrovic.org\/en\/filmography\/documentaries-and-short-films\/shoulder-to-shoulder\/#primaryimage\"},\"image\":{\"@id\":\"https:\/\/aleksandarpetrovic.org\/en\/filmography\/documentaries-and-short-films\/shoulder-to-shoulder\/#primaryimage\"},\"thumbnailUrl\":\"https:\/\/aleksandarpetrovic.org\/wp-content\/uploads\/2013\/03\/Uz-druga-je-drug.png\",\"datePublished\":\"2014-02-15T21:22:53+00:00\",\"dateModified\":\"2025-11-04T14:57:24+00:00\",\"breadcrumb\":{\"@id\":\"https:\/\/aleksandarpetrovic.org\/en\/filmography\/documentaries-and-short-films\/shoulder-to-shoulder\/#breadcrumb\"},\"inLanguage\":\"en-US\",\"potentialAction\":[{\"@type\":\"ReadAction\",\"target\":[\"https:\/\/aleksandarpetrovic.org\/en\/filmography\/documentaries-and-short-films\/shoulder-to-shoulder\/\"]}]},{\"@type\":\"ImageObject\",\"inLanguage\":\"en-US\",\"@id\":\"https:\/\/aleksandarpetrovic.org\/en\/filmography\/documentaries-and-short-films\/shoulder-to-shoulder\/#primaryimage\",\"url\":\"https:\/\/aleksandarpetrovic.org\/wp-content\/uploads\/2013\/03\/Uz-druga-je-drug.png\",\"contentUrl\":\"https:\/\/aleksandarpetrovic.org\/wp-content\/uploads\/2013\/03\/Uz-druga-je-drug.png\"},{\"@type\":\"BreadcrumbList\",\"@id\":\"https:\/\/aleksandarpetrovic.org\/en\/filmography\/documentaries-and-short-films\/shoulder-to-shoulder\/#breadcrumb\",\"itemListElement\":[{\"@type\":\"ListItem\",\"position\":1,\"name\":\"Accueil\",\"item\":\"https:\/\/aleksandarpetrovic.org\/fr\/\"},{\"@type\":\"ListItem\",\"position\":2,\"name\":\"Filmography\",\"item\":\"https:\/\/aleksandarpetrovic.org\/en\/filmography\/\"},{\"@type\":\"ListItem\",\"position\":3,\"name\":\"Documentaries and short films\",\"item\":\"https:\/\/aleksandarpetrovic.org\/en\/filmography\/documentaries-and-short-films\/\"},{\"@type\":\"ListItem\",\"position\":4,\"name\":\"Shoulder to shoulder\"}]},{\"@type\":\"WebSite\",\"@id\":\"https:\/\/aleksandarpetrovic.org\/#website\",\"url\":\"https:\/\/aleksandarpetrovic.org\/\",\"name\":\"Aleksandar Petrovic\",\"description\":\"Film Director (Official Website)\\n\",\"potentialAction\":[{\"@type\":\"SearchAction\",\"target\":{\"@type\":\"EntryPoint\",\"urlTemplate\":\"https:\/\/aleksandarpetrovic.org\/?s={search_term_string}\"},\"query-input\":{\"@type\":\"PropertyValueSpecification\",\"valueRequired\":true,\"valueName\":\"search_term_string\"}}],\"inLanguage\":\"en-US\"}]}<\/script>\n<!-- \/ Yoast SEO plugin. -->","yoast_head_json":{"title":"Shoulder to shoulder - Aleksandar Petrovic","robots":{"index":"index","follow":"follow","max-snippet":"max-snippet:-1","max-image-preview":"max-image-preview:large","max-video-preview":"max-video-preview:-1"},"canonical":"https:\/\/aleksandarpetrovic.org\/en\/filmography\/documentaries-and-short-films\/shoulder-to-shoulder\/","og_locale":"en_US","og_type":"article","og_title":"Shoulder to shoulder - Aleksandar Petrovic","og_description":"&nbsp;(SIDE BY SIDE) orig. UZ DRUGA JE DRUG Production company: Slavija film, 1955 Screenplay: Vicko Raspor, Nusret Seferovi\u0107 Directors: Aleksandar Petrovi\u0107,&nbsp;Vicko Raspor Camera: Nikola Majdak Screenplay assistant: D. Jokanovi\u0107 Film editing: Milada Levi Sound: M. Nedi\u0107 Text reader: D. Vidak Composer: Aleksandar Obradovi\u0107 Musical leadership: P. Radosavljevi\u0107 &nbsp; Orchestra and choir &#8220;Dom JNA&#8221; conductor Franc [&hellip;]","og_url":"https:\/\/aleksandarpetrovic.org\/en\/filmography\/documentaries-and-short-films\/shoulder-to-shoulder\/","og_site_name":"Aleksandar Petrovic","article_modified_time":"2025-11-04T14:57:24+00:00","og_image":[{"url":"https:\/\/aleksandarpetrovic.org\/wp-content\/uploads\/2013\/03\/Uz-druga-je-drug.png","type":"","width":"","height":""}],"twitter_card":"summary_large_image","twitter_misc":{"Est. reading time":"1 minute"},"schema":{"@context":"https:\/\/schema.org","@graph":[{"@type":"WebPage","@id":"https:\/\/aleksandarpetrovic.org\/en\/filmography\/documentaries-and-short-films\/shoulder-to-shoulder\/","url":"https:\/\/aleksandarpetrovic.org\/en\/filmography\/documentaries-and-short-films\/shoulder-to-shoulder\/","name":"Shoulder to shoulder - Aleksandar Petrovic","isPartOf":{"@id":"https:\/\/aleksandarpetrovic.org\/#website"},"primaryImageOfPage":{"@id":"https:\/\/aleksandarpetrovic.org\/en\/filmography\/documentaries-and-short-films\/shoulder-to-shoulder\/#primaryimage"},"image":{"@id":"https:\/\/aleksandarpetrovic.org\/en\/filmography\/documentaries-and-short-films\/shoulder-to-shoulder\/#primaryimage"},"thumbnailUrl":"https:\/\/aleksandarpetrovic.org\/wp-content\/uploads\/2013\/03\/Uz-druga-je-drug.png","datePublished":"2014-02-15T21:22:53+00:00","dateModified":"2025-11-04T14:57:24+00:00","breadcrumb":{"@id":"https:\/\/aleksandarpetrovic.org\/en\/filmography\/documentaries-and-short-films\/shoulder-to-shoulder\/#breadcrumb"},"inLanguage":"en-US","potentialAction":[{"@type":"ReadAction","target":["https:\/\/aleksandarpetrovic.org\/en\/filmography\/documentaries-and-short-films\/shoulder-to-shoulder\/"]}]},{"@type":"ImageObject","inLanguage":"en-US","@id":"https:\/\/aleksandarpetrovic.org\/en\/filmography\/documentaries-and-short-films\/shoulder-to-shoulder\/#primaryimage","url":"https:\/\/aleksandarpetrovic.org\/wp-content\/uploads\/2013\/03\/Uz-druga-je-drug.png","contentUrl":"https:\/\/aleksandarpetrovic.org\/wp-content\/uploads\/2013\/03\/Uz-druga-je-drug.png"},{"@type":"BreadcrumbList","@id":"https:\/\/aleksandarpetrovic.org\/en\/filmography\/documentaries-and-short-films\/shoulder-to-shoulder\/#breadcrumb","itemListElement":[{"@type":"ListItem","position":1,"name":"Accueil","item":"https:\/\/aleksandarpetrovic.org\/fr\/"},{"@type":"ListItem","position":2,"name":"Filmography","item":"https:\/\/aleksandarpetrovic.org\/en\/filmography\/"},{"@type":"ListItem","position":3,"name":"Documentaries and short films","item":"https:\/\/aleksandarpetrovic.org\/en\/filmography\/documentaries-and-short-films\/"},{"@type":"ListItem","position":4,"name":"Shoulder to shoulder"}]},{"@type":"WebSite","@id":"https:\/\/aleksandarpetrovic.org\/#website","url":"https:\/\/aleksandarpetrovic.org\/","name":"Aleksandar Petrovic","description":"Film Director (Official Website)\n","potentialAction":[{"@type":"SearchAction","target":{"@type":"EntryPoint","urlTemplate":"https:\/\/aleksandarpetrovic.org\/?s={search_term_string}"},"query-input":{"@type":"PropertyValueSpecification","valueRequired":true,"valueName":"search_term_string"}}],"inLanguage":"en-US"}]}},"_links":{"self":[{"href":"https:\/\/aleksandarpetrovic.org\/en\/wp-json\/wp\/v2\/pages\/224","targetHints":{"allow":["GET"]}}],"collection":[{"href":"https:\/\/aleksandarpetrovic.org\/en\/wp-json\/wp\/v2\/pages"}],"about":[{"href":"https:\/\/aleksandarpetrovic.org\/en\/wp-json\/wp\/v2\/types\/page"}],"author":[{"embeddable":true,"href":"https:\/\/aleksandarpetrovic.org\/en\/wp-json\/wp\/v2\/users\/1"}],"replies":[{"embeddable":true,"href":"https:\/\/aleksandarpetrovic.org\/en\/wp-json\/wp\/v2\/comments?post=224"}],"version-history":[{"count":2,"href":"https:\/\/aleksandarpetrovic.org\/en\/wp-json\/wp\/v2\/pages\/224\/revisions"}],"predecessor-version":[{"id":5129,"href":"https:\/\/aleksandarpetrovic.org\/en\/wp-json\/wp\/v2\/pages\/224\/revisions\/5129"}],"up":[{"embeddable":true,"href":"https:\/\/aleksandarpetrovic.org\/en\/wp-json\/wp\/v2\/pages\/39"}],"wp:attachment":[{"href":"https:\/\/aleksandarpetrovic.org\/en\/wp-json\/wp\/v2\/media?parent=224"}],"curies":[{"name":"wp","href":"https:\/\/api.w.org\/{rel}","templated":true}]}}