{"id":228,"date":"2014-02-15T21:23:50","date_gmt":"2014-02-15T21:23:50","guid":{"rendered":"http:\/\/aleksandarpetrovic.org\/english\/?page_id=228"},"modified":"2025-11-26T10:52:55","modified_gmt":"2025-11-26T15:52:55","slug":"petar-dobrovic","status":"publish","type":"page","link":"https:\/\/aleksandarpetrovic.org\/en\/filmography\/documentaries-and-short-films\/petar-dobrovic\/","title":{"rendered":"Petar Dobrovi\u0107"},"content":{"rendered":"\n<h2 class=\"wp-block-heading\">Petar Dobrovi\u0107<\/h2>\n\n\n\n<figure class=\"wp-block-table\"><table><tbody><tr><td>Production company:<\/td><td>Zagreb film, Zagreb, <strong>1957<\/strong><\/td><\/tr><tr><td>Screenplay:<\/td><td>Miroslav Krle\u017ea<\/td><\/tr><tr><td>Director:<\/td><td>Aleksandar Petrovi\u0107,&nbsp;Vicko Raspor<\/td><\/tr><tr><td>Camera:<\/td><td>J. Jovanovi\u0107,&nbsp;Nikola Majdak<\/td><\/tr><tr><td>Tone recording:<\/td><td>Ing. A. Pregernik<\/td><\/tr><tr><td>Film Editing:<\/td><td>K. Harisijades<\/td><\/tr><tr><td>organizacija snimanja:<\/td><td>M. Borota<\/td><\/tr><tr><td>Camera assistant:<\/td><td>L. Keki\u0107<\/td><\/tr><tr><td rowspan=\"3\">Consultant:<\/td><td rowspan=\"3\">O. Dobrovi\u0107<\/td><\/tr><\/tbody><\/table><\/figure>\n\n\n\n<figure class=\"wp-block-image aligncenter\"><a href=\"https:\/\/aleksandarpetrovic.org\/wp-content\/uploads\/2013\/03\/petar-dobrovic.png\"><img decoding=\"async\" src=\"https:\/\/aleksandarpetrovic.org\/wp-content\/uploads\/2013\/03\/petar-dobrovic.png\" alt=\"\"\/><\/a><\/figure>\n\n\n\n<p><\/p>\n\n\n\n<p><strong>Festivals:<\/strong><\/p>\n\n\n\n<ul class=\"wp-block-list\">\n<li><strong>\u00a0<\/strong>Biennale de l\u2019Art, Paris 1961<\/li>\n\n\n\n<li>Yugoslav Short Film Festival in Belgrade, March 1960<\/li>\n\n\n\n<li>Karlovy Vary International Festival, Czechoslovakia, July 1959<\/li>\n\n\n\n<li>5<sup>th<\/sup> Pula Yugoslav Film Festival 1958<\/li>\n<\/ul>\n","protected":false},"excerpt":{"rendered":"<p>Petar Dobrovi\u0107 Production company: Zagreb film, Zagreb, 1957 Screenplay: Miroslav Krle\u017ea Director: Aleksandar Petrovi\u0107,&nbsp;Vicko Raspor Camera: J. Jovanovi\u0107,&nbsp;Nikola Majdak Tone recording: Ing. A. Pregernik Film Editing: K. Harisijades organizacija snimanja: M. Borota Camera assistant: L. Keki\u0107 Consultant: O. Dobrovi\u0107 Festivals:<\/p>\n","protected":false},"author":1,"featured_media":0,"parent":39,"menu_order":0,"comment_status":"closed","ping_status":"open","template":"","meta":{"footnotes":""},"class_list":["post-228","page","type-page","status-publish","hentry"],"yoast_head":"<!-- This site is optimized with the Yoast SEO plugin v26.3 - https:\/\/yoast.com\/wordpress\/plugins\/seo\/ -->\n<title>Petar Dobrovi\u0107 - Aleksandar Petrovic<\/title>\n<meta name=\"robots\" content=\"index, follow, max-snippet:-1, max-image-preview:large, max-video-preview:-1\" \/>\n<link rel=\"canonical\" href=\"https:\/\/aleksandarpetrovic.org\/en\/filmography\/documentaries-and-short-films\/petar-dobrovic\/\" \/>\n<meta property=\"og:locale\" content=\"en_US\" \/>\n<meta property=\"og:type\" content=\"article\" \/>\n<meta property=\"og:title\" content=\"Petar Dobrovi\u0107 - Aleksandar Petrovic\" \/>\n<meta property=\"og:description\" content=\"Petar Dobrovi\u0107 Production company: Zagreb film, Zagreb, 1957 Screenplay: Miroslav Krle\u017ea Director: Aleksandar Petrovi\u0107,&nbsp;Vicko Raspor Camera: J. Jovanovi\u0107,&nbsp;Nikola Majdak Tone recording: Ing. A. Pregernik Film Editing: K. Harisijades organizacija snimanja: M. Borota Camera assistant: L. Keki\u0107 Consultant: O. Dobrovi\u0107 Festivals:\" \/>\n<meta property=\"og:url\" content=\"https:\/\/aleksandarpetrovic.org\/en\/filmography\/documentaries-and-short-films\/petar-dobrovic\/\" \/>\n<meta property=\"og:site_name\" content=\"Aleksandar Petrovic\" \/>\n<meta property=\"article:modified_time\" content=\"2025-11-26T15:52:55+00:00\" \/>\n<meta property=\"og:image\" content=\"https:\/\/aleksandarpetrovic.org\/wp-content\/uploads\/2013\/03\/petar-dobrovic.png\" \/>\n<meta name=\"twitter:card\" content=\"summary_large_image\" \/>\n<meta name=\"twitter:label1\" content=\"Est. reading time\" \/>\n\t<meta name=\"twitter:data1\" content=\"1 minute\" \/>\n<script type=\"application\/ld+json\" class=\"yoast-schema-graph\">{\"@context\":\"https:\/\/schema.org\",\"@graph\":[{\"@type\":\"WebPage\",\"@id\":\"https:\/\/aleksandarpetrovic.org\/en\/filmography\/documentaries-and-short-films\/petar-dobrovic\/\",\"url\":\"https:\/\/aleksandarpetrovic.org\/en\/filmography\/documentaries-and-short-films\/petar-dobrovic\/\",\"name\":\"Petar Dobrovi\u0107 - Aleksandar Petrovic\",\"isPartOf\":{\"@id\":\"https:\/\/aleksandarpetrovic.org\/#website\"},\"primaryImageOfPage\":{\"@id\":\"https:\/\/aleksandarpetrovic.org\/en\/filmography\/documentaries-and-short-films\/petar-dobrovic\/#primaryimage\"},\"image\":{\"@id\":\"https:\/\/aleksandarpetrovic.org\/en\/filmography\/documentaries-and-short-films\/petar-dobrovic\/#primaryimage\"},\"thumbnailUrl\":\"https:\/\/aleksandarpetrovic.org\/wp-content\/uploads\/2013\/03\/petar-dobrovic.png\",\"datePublished\":\"2014-02-15T21:23:50+00:00\",\"dateModified\":\"2025-11-26T15:52:55+00:00\",\"breadcrumb\":{\"@id\":\"https:\/\/aleksandarpetrovic.org\/en\/filmography\/documentaries-and-short-films\/petar-dobrovic\/#breadcrumb\"},\"inLanguage\":\"en-US\",\"potentialAction\":[{\"@type\":\"ReadAction\",\"target\":[\"https:\/\/aleksandarpetrovic.org\/en\/filmography\/documentaries-and-short-films\/petar-dobrovic\/\"]}]},{\"@type\":\"ImageObject\",\"inLanguage\":\"en-US\",\"@id\":\"https:\/\/aleksandarpetrovic.org\/en\/filmography\/documentaries-and-short-films\/petar-dobrovic\/#primaryimage\",\"url\":\"https:\/\/aleksandarpetrovic.org\/wp-content\/uploads\/2013\/03\/petar-dobrovic.png\",\"contentUrl\":\"https:\/\/aleksandarpetrovic.org\/wp-content\/uploads\/2013\/03\/petar-dobrovic.png\"},{\"@type\":\"BreadcrumbList\",\"@id\":\"https:\/\/aleksandarpetrovic.org\/en\/filmography\/documentaries-and-short-films\/petar-dobrovic\/#breadcrumb\",\"itemListElement\":[{\"@type\":\"ListItem\",\"position\":1,\"name\":\"Accueil\",\"item\":\"https:\/\/aleksandarpetrovic.org\/fr\/\"},{\"@type\":\"ListItem\",\"position\":2,\"name\":\"Filmography\",\"item\":\"https:\/\/aleksandarpetrovic.org\/en\/filmography\/\"},{\"@type\":\"ListItem\",\"position\":3,\"name\":\"Documentaries and short films\",\"item\":\"https:\/\/aleksandarpetrovic.org\/en\/filmography\/documentaries-and-short-films\/\"},{\"@type\":\"ListItem\",\"position\":4,\"name\":\"Petar Dobrovi\u0107\"}]},{\"@type\":\"WebSite\",\"@id\":\"https:\/\/aleksandarpetrovic.org\/#website\",\"url\":\"https:\/\/aleksandarpetrovic.org\/\",\"name\":\"Aleksandar Petrovic\",\"description\":\"Film Director (Official Website)\\n\",\"potentialAction\":[{\"@type\":\"SearchAction\",\"target\":{\"@type\":\"EntryPoint\",\"urlTemplate\":\"https:\/\/aleksandarpetrovic.org\/?s={search_term_string}\"},\"query-input\":{\"@type\":\"PropertyValueSpecification\",\"valueRequired\":true,\"valueName\":\"search_term_string\"}}],\"inLanguage\":\"en-US\"}]}<\/script>\n<!-- \/ Yoast SEO plugin. -->","yoast_head_json":{"title":"Petar Dobrovi\u0107 - Aleksandar Petrovic","robots":{"index":"index","follow":"follow","max-snippet":"max-snippet:-1","max-image-preview":"max-image-preview:large","max-video-preview":"max-video-preview:-1"},"canonical":"https:\/\/aleksandarpetrovic.org\/en\/filmography\/documentaries-and-short-films\/petar-dobrovic\/","og_locale":"en_US","og_type":"article","og_title":"Petar Dobrovi\u0107 - Aleksandar Petrovic","og_description":"Petar Dobrovi\u0107 Production company: Zagreb film, Zagreb, 1957 Screenplay: Miroslav Krle\u017ea Director: Aleksandar Petrovi\u0107,&nbsp;Vicko Raspor Camera: J. Jovanovi\u0107,&nbsp;Nikola Majdak Tone recording: Ing. A. Pregernik Film Editing: K. Harisijades organizacija snimanja: M. Borota Camera assistant: L. Keki\u0107 Consultant: O. Dobrovi\u0107 Festivals:","og_url":"https:\/\/aleksandarpetrovic.org\/en\/filmography\/documentaries-and-short-films\/petar-dobrovic\/","og_site_name":"Aleksandar Petrovic","article_modified_time":"2025-11-26T15:52:55+00:00","og_image":[{"url":"https:\/\/aleksandarpetrovic.org\/wp-content\/uploads\/2013\/03\/petar-dobrovic.png","type":"","width":"","height":""}],"twitter_card":"summary_large_image","twitter_misc":{"Est. reading time":"1 minute"},"schema":{"@context":"https:\/\/schema.org","@graph":[{"@type":"WebPage","@id":"https:\/\/aleksandarpetrovic.org\/en\/filmography\/documentaries-and-short-films\/petar-dobrovic\/","url":"https:\/\/aleksandarpetrovic.org\/en\/filmography\/documentaries-and-short-films\/petar-dobrovic\/","name":"Petar Dobrovi\u0107 - Aleksandar Petrovic","isPartOf":{"@id":"https:\/\/aleksandarpetrovic.org\/#website"},"primaryImageOfPage":{"@id":"https:\/\/aleksandarpetrovic.org\/en\/filmography\/documentaries-and-short-films\/petar-dobrovic\/#primaryimage"},"image":{"@id":"https:\/\/aleksandarpetrovic.org\/en\/filmography\/documentaries-and-short-films\/petar-dobrovic\/#primaryimage"},"thumbnailUrl":"https:\/\/aleksandarpetrovic.org\/wp-content\/uploads\/2013\/03\/petar-dobrovic.png","datePublished":"2014-02-15T21:23:50+00:00","dateModified":"2025-11-26T15:52:55+00:00","breadcrumb":{"@id":"https:\/\/aleksandarpetrovic.org\/en\/filmography\/documentaries-and-short-films\/petar-dobrovic\/#breadcrumb"},"inLanguage":"en-US","potentialAction":[{"@type":"ReadAction","target":["https:\/\/aleksandarpetrovic.org\/en\/filmography\/documentaries-and-short-films\/petar-dobrovic\/"]}]},{"@type":"ImageObject","inLanguage":"en-US","@id":"https:\/\/aleksandarpetrovic.org\/en\/filmography\/documentaries-and-short-films\/petar-dobrovic\/#primaryimage","url":"https:\/\/aleksandarpetrovic.org\/wp-content\/uploads\/2013\/03\/petar-dobrovic.png","contentUrl":"https:\/\/aleksandarpetrovic.org\/wp-content\/uploads\/2013\/03\/petar-dobrovic.png"},{"@type":"BreadcrumbList","@id":"https:\/\/aleksandarpetrovic.org\/en\/filmography\/documentaries-and-short-films\/petar-dobrovic\/#breadcrumb","itemListElement":[{"@type":"ListItem","position":1,"name":"Accueil","item":"https:\/\/aleksandarpetrovic.org\/fr\/"},{"@type":"ListItem","position":2,"name":"Filmography","item":"https:\/\/aleksandarpetrovic.org\/en\/filmography\/"},{"@type":"ListItem","position":3,"name":"Documentaries and short films","item":"https:\/\/aleksandarpetrovic.org\/en\/filmography\/documentaries-and-short-films\/"},{"@type":"ListItem","position":4,"name":"Petar Dobrovi\u0107"}]},{"@type":"WebSite","@id":"https:\/\/aleksandarpetrovic.org\/#website","url":"https:\/\/aleksandarpetrovic.org\/","name":"Aleksandar Petrovic","description":"Film Director (Official Website)\n","potentialAction":[{"@type":"SearchAction","target":{"@type":"EntryPoint","urlTemplate":"https:\/\/aleksandarpetrovic.org\/?s={search_term_string}"},"query-input":{"@type":"PropertyValueSpecification","valueRequired":true,"valueName":"search_term_string"}}],"inLanguage":"en-US"}]}},"_links":{"self":[{"href":"https:\/\/aleksandarpetrovic.org\/en\/wp-json\/wp\/v2\/pages\/228","targetHints":{"allow":["GET"]}}],"collection":[{"href":"https:\/\/aleksandarpetrovic.org\/en\/wp-json\/wp\/v2\/pages"}],"about":[{"href":"https:\/\/aleksandarpetrovic.org\/en\/wp-json\/wp\/v2\/types\/page"}],"author":[{"embeddable":true,"href":"https:\/\/aleksandarpetrovic.org\/en\/wp-json\/wp\/v2\/users\/1"}],"replies":[{"embeddable":true,"href":"https:\/\/aleksandarpetrovic.org\/en\/wp-json\/wp\/v2\/comments?post=228"}],"version-history":[{"count":2,"href":"https:\/\/aleksandarpetrovic.org\/en\/wp-json\/wp\/v2\/pages\/228\/revisions"}],"predecessor-version":[{"id":5144,"href":"https:\/\/aleksandarpetrovic.org\/en\/wp-json\/wp\/v2\/pages\/228\/revisions\/5144"}],"up":[{"embeddable":true,"href":"https:\/\/aleksandarpetrovic.org\/en\/wp-json\/wp\/v2\/pages\/39"}],"wp:attachment":[{"href":"https:\/\/aleksandarpetrovic.org\/en\/wp-json\/wp\/v2\/media?parent=228"}],"curies":[{"name":"wp","href":"https:\/\/api.w.org\/{rel}","templated":true}]}}