{"id":232,"date":"2013-05-15T19:48:56","date_gmt":"2013-05-15T23:48:56","guid":{"rendered":"http:\/\/aleksandarpetrovic.org\/english\/?page_id=232"},"modified":"2025-11-04T10:20:31","modified_gmt":"2025-11-04T15:20:31","slug":"the-war-on-war","status":"publish","type":"page","link":"https:\/\/aleksandarpetrovic.org\/en\/filmography\/documentaries-and-short-films\/the-war-on-war\/","title":{"rendered":"The War On War"},"content":{"rendered":"\n<h2 class=\"wp-block-heading\"><strong>(WAR AGAINST WAR) <\/strong><\/h2>\n\n\n\n<h2 class=\"wp-block-heading\"><strong>orig. Rat Ratu<\/strong><\/h2>\n\n\n\n<figure class=\"wp-block-table\"><table><tbody><tr><td>Production company:<\/td><td>Avala film, Belgrade, <strong>1960<\/strong><\/td><\/tr><tr><td>Director:<\/td><td>Aleksandar Petrovi\u0107<\/td><\/tr><tr><td>Tekst:<\/td><td>Nusret Seferovi\u0107<\/td><\/tr><tr><td>Camera:<\/td><td>J. Jovanovi\u0107<\/td><\/tr><tr><td>Director assistant:<\/td><td>M. Borota<\/td><\/tr><tr><td>Film editing:<\/td><td>S. Komar<\/td><\/tr><tr><td>Tone recording:<\/td><td>R. Vuji\u0107<\/td><\/tr><tr><td>Text (in voice-over):<\/td><td>D. Vidak<\/td><\/tr><tr><td>Compozer:<\/td><td>Aleksandar Obradovi\u0107<\/td><\/tr><\/tbody><\/table><\/figure>\n\n\n\n<figure class=\"wp-block-image aligncenter\"><a href=\"https:\/\/aleksandarpetrovic.org\/wp-content\/uploads\/2013\/03\/rat-ratu.png\"><img decoding=\"async\" src=\"https:\/\/aleksandarpetrovic.org\/wp-content\/uploads\/2013\/03\/rat-ratu.png\" alt=\"\"\/><\/a><\/figure>\n\n\n\n<p><br><\/p>\n","protected":false},"excerpt":{"rendered":"<p>(WAR AGAINST WAR) orig. Rat Ratu Production company: Avala film, Belgrade, 1960 Director: Aleksandar Petrovi\u0107 Tekst: Nusret Seferovi\u0107 Camera: J. Jovanovi\u0107 Director assistant: M. Borota Film editing: S. Komar Tone recording: R. Vuji\u0107 Text (in voice-over): D. Vidak Compozer: Aleksandar Obradovi\u0107<\/p>\n","protected":false},"author":1,"featured_media":0,"parent":39,"menu_order":0,"comment_status":"closed","ping_status":"open","template":"","meta":{"footnotes":""},"class_list":["post-232","page","type-page","status-publish","hentry"],"yoast_head":"<!-- This site is optimized with the Yoast SEO plugin v26.3 - https:\/\/yoast.com\/wordpress\/plugins\/seo\/ -->\n<title>The War On War - Aleksandar Petrovic<\/title>\n<meta name=\"robots\" content=\"index, follow, max-snippet:-1, max-image-preview:large, max-video-preview:-1\" \/>\n<link rel=\"canonical\" href=\"https:\/\/aleksandarpetrovic.org\/en\/filmography\/documentaries-and-short-films\/the-war-on-war\/\" \/>\n<meta property=\"og:locale\" content=\"en_US\" \/>\n<meta property=\"og:type\" content=\"article\" \/>\n<meta property=\"og:title\" content=\"The War On War - Aleksandar Petrovic\" \/>\n<meta property=\"og:description\" content=\"(WAR AGAINST WAR) orig. Rat Ratu Production company: Avala film, Belgrade, 1960 Director: Aleksandar Petrovi\u0107 Tekst: Nusret Seferovi\u0107 Camera: J. Jovanovi\u0107 Director assistant: M. Borota Film editing: S. Komar Tone recording: R. Vuji\u0107 Text (in voice-over): D. Vidak Compozer: Aleksandar Obradovi\u0107\" \/>\n<meta property=\"og:url\" content=\"https:\/\/aleksandarpetrovic.org\/en\/filmography\/documentaries-and-short-films\/the-war-on-war\/\" \/>\n<meta property=\"og:site_name\" content=\"Aleksandar Petrovic\" \/>\n<meta property=\"article:modified_time\" content=\"2025-11-04T15:20:31+00:00\" \/>\n<meta property=\"og:image\" content=\"https:\/\/aleksandarpetrovic.org\/wp-content\/uploads\/2013\/03\/rat-ratu.png\" \/>\n<meta name=\"twitter:card\" content=\"summary_large_image\" \/>\n<meta name=\"twitter:label1\" content=\"Est. reading time\" \/>\n\t<meta name=\"twitter:data1\" content=\"1 minute\" \/>\n<script type=\"application\/ld+json\" class=\"yoast-schema-graph\">{\"@context\":\"https:\/\/schema.org\",\"@graph\":[{\"@type\":\"WebPage\",\"@id\":\"https:\/\/aleksandarpetrovic.org\/en\/filmography\/documentaries-and-short-films\/the-war-on-war\/\",\"url\":\"https:\/\/aleksandarpetrovic.org\/en\/filmography\/documentaries-and-short-films\/the-war-on-war\/\",\"name\":\"The War On War - Aleksandar Petrovic\",\"isPartOf\":{\"@id\":\"https:\/\/aleksandarpetrovic.org\/#website\"},\"primaryImageOfPage\":{\"@id\":\"https:\/\/aleksandarpetrovic.org\/en\/filmography\/documentaries-and-short-films\/the-war-on-war\/#primaryimage\"},\"image\":{\"@id\":\"https:\/\/aleksandarpetrovic.org\/en\/filmography\/documentaries-and-short-films\/the-war-on-war\/#primaryimage\"},\"thumbnailUrl\":\"https:\/\/aleksandarpetrovic.org\/wp-content\/uploads\/2013\/03\/rat-ratu.png\",\"datePublished\":\"2013-05-15T23:48:56+00:00\",\"dateModified\":\"2025-11-04T15:20:31+00:00\",\"breadcrumb\":{\"@id\":\"https:\/\/aleksandarpetrovic.org\/en\/filmography\/documentaries-and-short-films\/the-war-on-war\/#breadcrumb\"},\"inLanguage\":\"en-US\",\"potentialAction\":[{\"@type\":\"ReadAction\",\"target\":[\"https:\/\/aleksandarpetrovic.org\/en\/filmography\/documentaries-and-short-films\/the-war-on-war\/\"]}]},{\"@type\":\"ImageObject\",\"inLanguage\":\"en-US\",\"@id\":\"https:\/\/aleksandarpetrovic.org\/en\/filmography\/documentaries-and-short-films\/the-war-on-war\/#primaryimage\",\"url\":\"https:\/\/aleksandarpetrovic.org\/wp-content\/uploads\/2013\/03\/rat-ratu.png\",\"contentUrl\":\"https:\/\/aleksandarpetrovic.org\/wp-content\/uploads\/2013\/03\/rat-ratu.png\"},{\"@type\":\"BreadcrumbList\",\"@id\":\"https:\/\/aleksandarpetrovic.org\/en\/filmography\/documentaries-and-short-films\/the-war-on-war\/#breadcrumb\",\"itemListElement\":[{\"@type\":\"ListItem\",\"position\":1,\"name\":\"Accueil\",\"item\":\"https:\/\/aleksandarpetrovic.org\/fr\/\"},{\"@type\":\"ListItem\",\"position\":2,\"name\":\"Filmography\",\"item\":\"https:\/\/aleksandarpetrovic.org\/en\/filmography\/\"},{\"@type\":\"ListItem\",\"position\":3,\"name\":\"Documentaries and short films\",\"item\":\"https:\/\/aleksandarpetrovic.org\/en\/filmography\/documentaries-and-short-films\/\"},{\"@type\":\"ListItem\",\"position\":4,\"name\":\"The War On War\"}]},{\"@type\":\"WebSite\",\"@id\":\"https:\/\/aleksandarpetrovic.org\/#website\",\"url\":\"https:\/\/aleksandarpetrovic.org\/\",\"name\":\"Aleksandar Petrovic\",\"description\":\"Film Director (Official Website)\\n\",\"potentialAction\":[{\"@type\":\"SearchAction\",\"target\":{\"@type\":\"EntryPoint\",\"urlTemplate\":\"https:\/\/aleksandarpetrovic.org\/?s={search_term_string}\"},\"query-input\":{\"@type\":\"PropertyValueSpecification\",\"valueRequired\":true,\"valueName\":\"search_term_string\"}}],\"inLanguage\":\"en-US\"}]}<\/script>\n<!-- \/ Yoast SEO plugin. -->","yoast_head_json":{"title":"The War On War - Aleksandar Petrovic","robots":{"index":"index","follow":"follow","max-snippet":"max-snippet:-1","max-image-preview":"max-image-preview:large","max-video-preview":"max-video-preview:-1"},"canonical":"https:\/\/aleksandarpetrovic.org\/en\/filmography\/documentaries-and-short-films\/the-war-on-war\/","og_locale":"en_US","og_type":"article","og_title":"The War On War - Aleksandar Petrovic","og_description":"(WAR AGAINST WAR) orig. Rat Ratu Production company: Avala film, Belgrade, 1960 Director: Aleksandar Petrovi\u0107 Tekst: Nusret Seferovi\u0107 Camera: J. Jovanovi\u0107 Director assistant: M. Borota Film editing: S. Komar Tone recording: R. Vuji\u0107 Text (in voice-over): D. Vidak Compozer: Aleksandar Obradovi\u0107","og_url":"https:\/\/aleksandarpetrovic.org\/en\/filmography\/documentaries-and-short-films\/the-war-on-war\/","og_site_name":"Aleksandar Petrovic","article_modified_time":"2025-11-04T15:20:31+00:00","og_image":[{"url":"https:\/\/aleksandarpetrovic.org\/wp-content\/uploads\/2013\/03\/rat-ratu.png","type":"","width":"","height":""}],"twitter_card":"summary_large_image","twitter_misc":{"Est. reading time":"1 minute"},"schema":{"@context":"https:\/\/schema.org","@graph":[{"@type":"WebPage","@id":"https:\/\/aleksandarpetrovic.org\/en\/filmography\/documentaries-and-short-films\/the-war-on-war\/","url":"https:\/\/aleksandarpetrovic.org\/en\/filmography\/documentaries-and-short-films\/the-war-on-war\/","name":"The War On War - Aleksandar Petrovic","isPartOf":{"@id":"https:\/\/aleksandarpetrovic.org\/#website"},"primaryImageOfPage":{"@id":"https:\/\/aleksandarpetrovic.org\/en\/filmography\/documentaries-and-short-films\/the-war-on-war\/#primaryimage"},"image":{"@id":"https:\/\/aleksandarpetrovic.org\/en\/filmography\/documentaries-and-short-films\/the-war-on-war\/#primaryimage"},"thumbnailUrl":"https:\/\/aleksandarpetrovic.org\/wp-content\/uploads\/2013\/03\/rat-ratu.png","datePublished":"2013-05-15T23:48:56+00:00","dateModified":"2025-11-04T15:20:31+00:00","breadcrumb":{"@id":"https:\/\/aleksandarpetrovic.org\/en\/filmography\/documentaries-and-short-films\/the-war-on-war\/#breadcrumb"},"inLanguage":"en-US","potentialAction":[{"@type":"ReadAction","target":["https:\/\/aleksandarpetrovic.org\/en\/filmography\/documentaries-and-short-films\/the-war-on-war\/"]}]},{"@type":"ImageObject","inLanguage":"en-US","@id":"https:\/\/aleksandarpetrovic.org\/en\/filmography\/documentaries-and-short-films\/the-war-on-war\/#primaryimage","url":"https:\/\/aleksandarpetrovic.org\/wp-content\/uploads\/2013\/03\/rat-ratu.png","contentUrl":"https:\/\/aleksandarpetrovic.org\/wp-content\/uploads\/2013\/03\/rat-ratu.png"},{"@type":"BreadcrumbList","@id":"https:\/\/aleksandarpetrovic.org\/en\/filmography\/documentaries-and-short-films\/the-war-on-war\/#breadcrumb","itemListElement":[{"@type":"ListItem","position":1,"name":"Accueil","item":"https:\/\/aleksandarpetrovic.org\/fr\/"},{"@type":"ListItem","position":2,"name":"Filmography","item":"https:\/\/aleksandarpetrovic.org\/en\/filmography\/"},{"@type":"ListItem","position":3,"name":"Documentaries and short films","item":"https:\/\/aleksandarpetrovic.org\/en\/filmography\/documentaries-and-short-films\/"},{"@type":"ListItem","position":4,"name":"The War On War"}]},{"@type":"WebSite","@id":"https:\/\/aleksandarpetrovic.org\/#website","url":"https:\/\/aleksandarpetrovic.org\/","name":"Aleksandar Petrovic","description":"Film Director (Official Website)\n","potentialAction":[{"@type":"SearchAction","target":{"@type":"EntryPoint","urlTemplate":"https:\/\/aleksandarpetrovic.org\/?s={search_term_string}"},"query-input":{"@type":"PropertyValueSpecification","valueRequired":true,"valueName":"search_term_string"}}],"inLanguage":"en-US"}]}},"_links":{"self":[{"href":"https:\/\/aleksandarpetrovic.org\/en\/wp-json\/wp\/v2\/pages\/232","targetHints":{"allow":["GET"]}}],"collection":[{"href":"https:\/\/aleksandarpetrovic.org\/en\/wp-json\/wp\/v2\/pages"}],"about":[{"href":"https:\/\/aleksandarpetrovic.org\/en\/wp-json\/wp\/v2\/types\/page"}],"author":[{"embeddable":true,"href":"https:\/\/aleksandarpetrovic.org\/en\/wp-json\/wp\/v2\/users\/1"}],"replies":[{"embeddable":true,"href":"https:\/\/aleksandarpetrovic.org\/en\/wp-json\/wp\/v2\/comments?post=232"}],"version-history":[{"count":2,"href":"https:\/\/aleksandarpetrovic.org\/en\/wp-json\/wp\/v2\/pages\/232\/revisions"}],"predecessor-version":[{"id":5157,"href":"https:\/\/aleksandarpetrovic.org\/en\/wp-json\/wp\/v2\/pages\/232\/revisions\/5157"}],"up":[{"embeddable":true,"href":"https:\/\/aleksandarpetrovic.org\/en\/wp-json\/wp\/v2\/pages\/39"}],"wp:attachment":[{"href":"https:\/\/aleksandarpetrovic.org\/en\/wp-json\/wp\/v2\/media?parent=232"}],"curies":[{"name":"wp","href":"https:\/\/api.w.org\/{rel}","templated":true}]}}