{"id":236,"date":"2014-02-15T21:25:25","date_gmt":"2014-02-15T21:25:25","guid":{"rendered":"http:\/\/aleksandarpetrovic.org\/english\/?page_id=236"},"modified":"2025-11-04T11:34:42","modified_gmt":"2025-11-04T16:34:42","slug":"assemblies","status":"publish","type":"page","link":"https:\/\/aleksandarpetrovic.org\/en\/filmography\/documentaries-and-short-films\/assemblies\/","title":{"rendered":"Assemblies"},"content":{"rendered":"\n<h2 class=\"wp-block-heading\">(Fairs)<\/h2>\n\n\n\n<h2 class=\"wp-block-heading\">orig. Sabori<\/h2>\n\n\n\n<figure class=\"wp-block-table\"><table><tbody><tr><td>Production company:<\/td><td>Dunav film, Belgrade, <strong>1965<\/strong><\/td><\/tr><tr><td>Screenplay:<\/td><td>Aleksandar Petrovi\u0107<\/td><\/tr><tr><td>Director:<\/td><td>Aleksandar Petrovi\u0107<\/td><\/tr><tr><td>Camera:<\/td><td>Nikola Majdak<\/td><\/tr><tr><td>Film editing:<\/td><td>Aleksandar Ili\u0107<\/td><\/tr><tr><td>Choice of music:<\/td><td>Aleksandar Petrovi\u0107<\/td><\/tr><tr><td>Associates:<\/td><td>D. Kosti\u0107,&nbsp;R. Vuji\u0107,&nbsp;B. Babi\u0107<\/td><\/tr><\/tbody><\/table><\/figure>\n\n\n\n<figure class=\"wp-block-image aligncenter\"><a href=\"https:\/\/aleksandarpetrovic.org\/wp-content\/uploads\/2013\/03\/sabori.png\"><img decoding=\"async\" src=\"https:\/\/aleksandarpetrovic.org\/wp-content\/uploads\/2013\/03\/sabori.png\" alt=\"\"\/><\/a><\/figure>\n\n\n\n<p>Sabori represents the medieval feasts or gatherings of people around churches, or monasteries, on a particular Saint\u2019s day. This tradition was a common practice in the medieval Serbian state before the conquest of the Ottoman Empire. The custom of the Sabori continued until the twentieth century, in an almost hidden form, under Tito\u2019s communist regime. The Church as an institution, was never really persecuted by the communists, but \u201caggressively marginalized\u201d. Religion was forbidden in schools, however, a significant number of Serbs continued to practice their faith. Petrovi\u0107 filmed these Sabori \u00ab&nbsp;invisible&nbsp;\u00bb &nbsp;to the state media. The film compares the fresco scenes of Serbian medieval monasteries to scenes of these assemblies (<em>Sabori<\/em>).<\/p>\n\n\n\n<p>Drawing on his pictorial sensibility- Petrovi\u0107 had a degree in Art History- on the symbols, without narrative, but accompanied by sound and music, he made his short film <em>Sabori <\/em>a timeless documentary.<\/p>\n\n\n\n<p>Note: the French title \u201cKermesses\u201d was chosen by the production (communist) to show only the festive side, taking care not to make any allusion to the religious celebration as is in the real Sabori.<\/p>\n\n\n\n<h3 class=\"wp-block-heading\"><strong>Festivals:<\/strong><\/h3>\n\n\n\n<ul class=\"wp-block-list\">\n<li>4<sup>th<\/sup> Mostra Internazionale del Cinema Libero, Poretta Terme, 1966<\/li>\n\n\n\n<li>People\u2019s Festival in Florence, Italie, 1966<\/li>\n\n\n\n<li>International Folk Film Festival, Kranj, Slovenia 1970<\/li>\n\n\n\n<li>Documentary Film Festival of Rennes, November (Programme sp\u00e9cial)\u00a01992<\/li>\n\n\n\n<li>Europe around Europe Festival, Evreux, Normandy &#8211; march 2000<\/li>\n\n\n\n<li>60th Documentary and Short Film Festival, Belgrade, april 2013 \u2013 Assemblies (Sabori)<\/li>\n<\/ul>\n\n\n\n<h3 class=\"wp-block-heading\"><strong>Screenplay<\/strong><\/h3>\n\n\n\n<p>The Great \u201cSabori\u201d meet once a year in the monasteries of Serbia. An important crowd from near and far areas gathers in the monestery\u2019s courtyard and the surrounding meadows. These \u201cSabori\u201d look like fairgrounds. However, their particularity is that they take place in the company of marvelous medieval frescos.<\/p>\n\n\n\n<p>A fundamental characteristic of this theme is on the one hand the relatively primitive mode of entertainment of these peasants and on the other, the finesse and elegance of these medieval works and buildings. It is possible that the first impression will be that the Middle Ages are in the courtyard and Culture and civilization shine on the monastery\u2019s walls.<\/p>\n\n\n\n<p>We\u2019ll try to go further in the film. We will try to find a link that unites these people to the beauty of their history. These \u201cSabori\u201d own their centuries-old traditions. For centuries, Serbia has come to these walls for its Soul, so it would not forget the grandeur and strength of its national genius.<\/p>\n\n\n\n<p>Today, it must be emphasized that while these monasteries are turning more and more into museums, which is good, the \u201csabori\u201d in their courtyard seem anachronistic. This meetings of people and History reveal the depth of the roots that we are looking to identify. The relation of frescoes and architecture with the scenes of popular life will certainly be the most solid support for the formulation of these ideas.<\/p>\n\n\n\n<p>The film will be shot in the \u201cSabori\u201d of the monasteries of Sopo\u0107ani, Studenica, Kaleni\u0107 and Manasija.<\/p>\n\n\n\n<p class=\"has-text-align-right\"><em>Aleksandar Petrovi\u0107 (1965)<\/em><\/p>\n\n\n\n<p>&#8212;&#8212;&#8212;&#8212;&#8212;&#8212;&#8212;&#8212;&#8212;&#8212;&#8212;&#8212;&#8212;&#8212;&#8212;&#8212;&#8212;&#8212;&#8212;&#8212;&#8212;<\/p>\n\n\n\n<p><a href=\"https:\/\/artmargins.com\/review-of-belgrade-film-festival\/\">https:\/\/artmargins.com\/review-of-belgrade-film-festival\/<\/a><\/p>\n\n\n\n<p><strong>60TH BELGRADE DOCUMENTARY AND SHORT FILM FESTIVAL WRITTEN BY&nbsp;GREG DE CUIR, JR. (BELGRADE)<\/strong><br>PUBLISHED: 29 MAY 2013, APRIL 2-6, 2013. BELGRADE&nbsp;Youth Center<\/p>\n<p>\u2026In addition, there are some wonderful surreal images in these shorts, such as a boy being hugged by a large trained bear in&nbsp;Assemblies&nbsp;(Aleksandar Petrovi\u0107, Yugoslavia, 1965&#8230;<\/p>\n\n\n\n\n<p><\/p>\n","protected":false},"excerpt":{"rendered":"<p>(Fairs) orig. Sabori Production company: Dunav film, Belgrade, 1965 Screenplay: Aleksandar Petrovi\u0107 Director: Aleksandar Petrovi\u0107 Camera: Nikola Majdak Film editing: Aleksandar Ili\u0107 Choice of music: Aleksandar Petrovi\u0107 Associates: D. Kosti\u0107,&nbsp;R. Vuji\u0107,&nbsp;B. Babi\u0107 Sabori represents the medieval feasts or gatherings of people around churches, or monasteries, on a particular Saint\u2019s day. This tradition was a common [&hellip;]<\/p>\n","protected":false},"author":1,"featured_media":0,"parent":39,"menu_order":0,"comment_status":"closed","ping_status":"open","template":"","meta":{"footnotes":""},"class_list":["post-236","page","type-page","status-publish","hentry"],"yoast_head":"<!-- This site is optimized with the Yoast SEO plugin v26.3 - https:\/\/yoast.com\/wordpress\/plugins\/seo\/ -->\n<title>Assemblies - Aleksandar Petrovic<\/title>\n<meta name=\"robots\" content=\"index, follow, max-snippet:-1, max-image-preview:large, max-video-preview:-1\" \/>\n<link rel=\"canonical\" href=\"https:\/\/aleksandarpetrovic.org\/en\/filmography\/documentaries-and-short-films\/assemblies\/\" \/>\n<meta property=\"og:locale\" content=\"en_US\" \/>\n<meta property=\"og:type\" content=\"article\" \/>\n<meta property=\"og:title\" content=\"Assemblies - Aleksandar Petrovic\" \/>\n<meta property=\"og:description\" content=\"(Fairs) orig. Sabori Production company: Dunav film, Belgrade, 1965 Screenplay: Aleksandar Petrovi\u0107 Director: Aleksandar Petrovi\u0107 Camera: Nikola Majdak Film editing: Aleksandar Ili\u0107 Choice of music: Aleksandar Petrovi\u0107 Associates: D. Kosti\u0107,&nbsp;R. Vuji\u0107,&nbsp;B. Babi\u0107 Sabori represents the medieval feasts or gatherings of people around churches, or monasteries, on a particular Saint\u2019s day. This tradition was a common [&hellip;]\" \/>\n<meta property=\"og:url\" content=\"https:\/\/aleksandarpetrovic.org\/en\/filmography\/documentaries-and-short-films\/assemblies\/\" \/>\n<meta property=\"og:site_name\" content=\"Aleksandar Petrovic\" \/>\n<meta property=\"article:modified_time\" content=\"2025-11-04T16:34:42+00:00\" \/>\n<meta property=\"og:image\" content=\"https:\/\/aleksandarpetrovic.org\/wp-content\/uploads\/2013\/03\/sabori.png\" \/>\n<meta name=\"twitter:card\" content=\"summary_large_image\" \/>\n<meta name=\"twitter:label1\" content=\"Est. reading time\" \/>\n\t<meta name=\"twitter:data1\" content=\"4 minutes\" \/>\n<script type=\"application\/ld+json\" class=\"yoast-schema-graph\">{\"@context\":\"https:\/\/schema.org\",\"@graph\":[{\"@type\":\"WebPage\",\"@id\":\"https:\/\/aleksandarpetrovic.org\/en\/filmography\/documentaries-and-short-films\/assemblies\/\",\"url\":\"https:\/\/aleksandarpetrovic.org\/en\/filmography\/documentaries-and-short-films\/assemblies\/\",\"name\":\"Assemblies - Aleksandar Petrovic\",\"isPartOf\":{\"@id\":\"https:\/\/aleksandarpetrovic.org\/#website\"},\"primaryImageOfPage\":{\"@id\":\"https:\/\/aleksandarpetrovic.org\/en\/filmography\/documentaries-and-short-films\/assemblies\/#primaryimage\"},\"image\":{\"@id\":\"https:\/\/aleksandarpetrovic.org\/en\/filmography\/documentaries-and-short-films\/assemblies\/#primaryimage\"},\"thumbnailUrl\":\"https:\/\/aleksandarpetrovic.org\/wp-content\/uploads\/2013\/03\/sabori.png\",\"datePublished\":\"2014-02-15T21:25:25+00:00\",\"dateModified\":\"2025-11-04T16:34:42+00:00\",\"breadcrumb\":{\"@id\":\"https:\/\/aleksandarpetrovic.org\/en\/filmography\/documentaries-and-short-films\/assemblies\/#breadcrumb\"},\"inLanguage\":\"en-US\",\"potentialAction\":[{\"@type\":\"ReadAction\",\"target\":[\"https:\/\/aleksandarpetrovic.org\/en\/filmography\/documentaries-and-short-films\/assemblies\/\"]}]},{\"@type\":\"ImageObject\",\"inLanguage\":\"en-US\",\"@id\":\"https:\/\/aleksandarpetrovic.org\/en\/filmography\/documentaries-and-short-films\/assemblies\/#primaryimage\",\"url\":\"https:\/\/aleksandarpetrovic.org\/wp-content\/uploads\/2013\/03\/sabori.png\",\"contentUrl\":\"https:\/\/aleksandarpetrovic.org\/wp-content\/uploads\/2013\/03\/sabori.png\"},{\"@type\":\"BreadcrumbList\",\"@id\":\"https:\/\/aleksandarpetrovic.org\/en\/filmography\/documentaries-and-short-films\/assemblies\/#breadcrumb\",\"itemListElement\":[{\"@type\":\"ListItem\",\"position\":1,\"name\":\"Accueil\",\"item\":\"https:\/\/aleksandarpetrovic.org\/fr\/\"},{\"@type\":\"ListItem\",\"position\":2,\"name\":\"Filmography\",\"item\":\"https:\/\/aleksandarpetrovic.org\/en\/filmography\/\"},{\"@type\":\"ListItem\",\"position\":3,\"name\":\"Documentaries and short films\",\"item\":\"https:\/\/aleksandarpetrovic.org\/en\/filmography\/documentaries-and-short-films\/\"},{\"@type\":\"ListItem\",\"position\":4,\"name\":\"Assemblies\"}]},{\"@type\":\"WebSite\",\"@id\":\"https:\/\/aleksandarpetrovic.org\/#website\",\"url\":\"https:\/\/aleksandarpetrovic.org\/\",\"name\":\"Aleksandar Petrovic\",\"description\":\"Film Director (Official Website)\\n\",\"potentialAction\":[{\"@type\":\"SearchAction\",\"target\":{\"@type\":\"EntryPoint\",\"urlTemplate\":\"https:\/\/aleksandarpetrovic.org\/?s={search_term_string}\"},\"query-input\":{\"@type\":\"PropertyValueSpecification\",\"valueRequired\":true,\"valueName\":\"search_term_string\"}}],\"inLanguage\":\"en-US\"}]}<\/script>\n<!-- \/ Yoast SEO plugin. -->","yoast_head_json":{"title":"Assemblies - Aleksandar Petrovic","robots":{"index":"index","follow":"follow","max-snippet":"max-snippet:-1","max-image-preview":"max-image-preview:large","max-video-preview":"max-video-preview:-1"},"canonical":"https:\/\/aleksandarpetrovic.org\/en\/filmography\/documentaries-and-short-films\/assemblies\/","og_locale":"en_US","og_type":"article","og_title":"Assemblies - Aleksandar Petrovic","og_description":"(Fairs) orig. Sabori Production company: Dunav film, Belgrade, 1965 Screenplay: Aleksandar Petrovi\u0107 Director: Aleksandar Petrovi\u0107 Camera: Nikola Majdak Film editing: Aleksandar Ili\u0107 Choice of music: Aleksandar Petrovi\u0107 Associates: D. Kosti\u0107,&nbsp;R. Vuji\u0107,&nbsp;B. Babi\u0107 Sabori represents the medieval feasts or gatherings of people around churches, or monasteries, on a particular Saint\u2019s day. This tradition was a common [&hellip;]","og_url":"https:\/\/aleksandarpetrovic.org\/en\/filmography\/documentaries-and-short-films\/assemblies\/","og_site_name":"Aleksandar Petrovic","article_modified_time":"2025-11-04T16:34:42+00:00","og_image":[{"url":"https:\/\/aleksandarpetrovic.org\/wp-content\/uploads\/2013\/03\/sabori.png","type":"","width":"","height":""}],"twitter_card":"summary_large_image","twitter_misc":{"Est. reading time":"4 minutes"},"schema":{"@context":"https:\/\/schema.org","@graph":[{"@type":"WebPage","@id":"https:\/\/aleksandarpetrovic.org\/en\/filmography\/documentaries-and-short-films\/assemblies\/","url":"https:\/\/aleksandarpetrovic.org\/en\/filmography\/documentaries-and-short-films\/assemblies\/","name":"Assemblies - Aleksandar Petrovic","isPartOf":{"@id":"https:\/\/aleksandarpetrovic.org\/#website"},"primaryImageOfPage":{"@id":"https:\/\/aleksandarpetrovic.org\/en\/filmography\/documentaries-and-short-films\/assemblies\/#primaryimage"},"image":{"@id":"https:\/\/aleksandarpetrovic.org\/en\/filmography\/documentaries-and-short-films\/assemblies\/#primaryimage"},"thumbnailUrl":"https:\/\/aleksandarpetrovic.org\/wp-content\/uploads\/2013\/03\/sabori.png","datePublished":"2014-02-15T21:25:25+00:00","dateModified":"2025-11-04T16:34:42+00:00","breadcrumb":{"@id":"https:\/\/aleksandarpetrovic.org\/en\/filmography\/documentaries-and-short-films\/assemblies\/#breadcrumb"},"inLanguage":"en-US","potentialAction":[{"@type":"ReadAction","target":["https:\/\/aleksandarpetrovic.org\/en\/filmography\/documentaries-and-short-films\/assemblies\/"]}]},{"@type":"ImageObject","inLanguage":"en-US","@id":"https:\/\/aleksandarpetrovic.org\/en\/filmography\/documentaries-and-short-films\/assemblies\/#primaryimage","url":"https:\/\/aleksandarpetrovic.org\/wp-content\/uploads\/2013\/03\/sabori.png","contentUrl":"https:\/\/aleksandarpetrovic.org\/wp-content\/uploads\/2013\/03\/sabori.png"},{"@type":"BreadcrumbList","@id":"https:\/\/aleksandarpetrovic.org\/en\/filmography\/documentaries-and-short-films\/assemblies\/#breadcrumb","itemListElement":[{"@type":"ListItem","position":1,"name":"Accueil","item":"https:\/\/aleksandarpetrovic.org\/fr\/"},{"@type":"ListItem","position":2,"name":"Filmography","item":"https:\/\/aleksandarpetrovic.org\/en\/filmography\/"},{"@type":"ListItem","position":3,"name":"Documentaries and short films","item":"https:\/\/aleksandarpetrovic.org\/en\/filmography\/documentaries-and-short-films\/"},{"@type":"ListItem","position":4,"name":"Assemblies"}]},{"@type":"WebSite","@id":"https:\/\/aleksandarpetrovic.org\/#website","url":"https:\/\/aleksandarpetrovic.org\/","name":"Aleksandar Petrovic","description":"Film Director (Official Website)\n","potentialAction":[{"@type":"SearchAction","target":{"@type":"EntryPoint","urlTemplate":"https:\/\/aleksandarpetrovic.org\/?s={search_term_string}"},"query-input":{"@type":"PropertyValueSpecification","valueRequired":true,"valueName":"search_term_string"}}],"inLanguage":"en-US"}]}},"_links":{"self":[{"href":"https:\/\/aleksandarpetrovic.org\/en\/wp-json\/wp\/v2\/pages\/236","targetHints":{"allow":["GET"]}}],"collection":[{"href":"https:\/\/aleksandarpetrovic.org\/en\/wp-json\/wp\/v2\/pages"}],"about":[{"href":"https:\/\/aleksandarpetrovic.org\/en\/wp-json\/wp\/v2\/types\/page"}],"author":[{"embeddable":true,"href":"https:\/\/aleksandarpetrovic.org\/en\/wp-json\/wp\/v2\/users\/1"}],"replies":[{"embeddable":true,"href":"https:\/\/aleksandarpetrovic.org\/en\/wp-json\/wp\/v2\/comments?post=236"}],"version-history":[{"count":3,"href":"https:\/\/aleksandarpetrovic.org\/en\/wp-json\/wp\/v2\/pages\/236\/revisions"}],"predecessor-version":[{"id":5167,"href":"https:\/\/aleksandarpetrovic.org\/en\/wp-json\/wp\/v2\/pages\/236\/revisions\/5167"}],"up":[{"embeddable":true,"href":"https:\/\/aleksandarpetrovic.org\/en\/wp-json\/wp\/v2\/pages\/39"}],"wp:attachment":[{"href":"https:\/\/aleksandarpetrovic.org\/en\/wp-json\/wp\/v2\/media?parent=236"}],"curies":[{"name":"wp","href":"https:\/\/api.w.org\/{rel}","templated":true}]}}