{"id":39,"date":"2013-05-14T19:33:20","date_gmt":"2013-05-14T23:33:20","guid":{"rendered":"http:\/\/aleksandarpetrovic.org\/english\/?page_id=39"},"modified":"2025-11-26T10:53:18","modified_gmt":"2025-11-26T15:53:18","slug":"documentaries-and-short-films","status":"publish","type":"page","link":"https:\/\/aleksandarpetrovic.org\/en\/filmography\/documentaries-and-short-films\/","title":{"rendered":"Documentaries and short films"},"content":{"rendered":"\n<figure class=\"wp-block-table\"><table><tbody><tr><td><span style=\"font-size: medium;\"><figure><a href=\"https:\/\/aleksandarpetrovic.org\/wp-content\/uploads\/2013\/02\/uz-druga-je-drug.png\"><img fetchpriority=\"high\" decoding=\"async\" class=\"aligncenter\" src=\"https:\/\/aleksandarpetrovic.org\/wp-content\/uploads\/2013\/02\/uz-druga-je-drug.png\" alt=\"\" width=\"274\" height=\"207\"><\/a><\/figure><\/span><\/td><td><span style=\"font-size: medium;\"><a title=\"Shoulder to shoulder\" href=\"https:\/\/aleksandarpetrovic.org\/english\/filmography\/documentaries-and-short-films\/shoulder-to-shoulder\/\"><strong><span style=\"color: #ff0000;\">1955 SHOULDER TO SHOULDER (SIDE BY SIDE) orig. UZ DRUGA JE DRUG<\/span> <\/strong><\/a><\/span>\n<p><span style=\"font-size: medium;\">Documentary. Production: Zastava Film. Film direction: Aleksandar Petrovi\u0107 and Vicko Raspor. Screenwriting: Nusret Seferovi\u0107, Vicko Raspor.<\/span><\/p>\n<\/td><\/tr><tr><td><span style=\"font-size: medium;\"><figure><a href=\"https:\/\/aleksandarpetrovic.org\/wp-content\/uploads\/2013\/02\/let-nad-mocvarom.png\"><img decoding=\"async\" class=\"aligncenter\" src=\"https:\/\/aleksandarpetrovic.org\/wp-content\/uploads\/2013\/02\/let-nad-mocvarom.png\" alt=\"\" width=\"269\" height=\"208\"><\/a><\/figure><\/span><\/td><td><span style=\"font-size: medium;\"><a title=\"Flight Above The Marshes\" href=\"https:\/\/aleksandarpetrovic.org\/english\/filmography\/documentaries-and-short-films\/flight-over-the-swamp\/\"><strong><span style=\"color: #ff0000;\">1956-57 FLIGHT OVER THE SWAMP (LET NAD MO\u010cVAROM)<\/span><\/strong><\/a> <\/span>\n<p><span style=\"font-size: medium;\">Short film. Screen-writing: Aleksandar Petrovi\u0107, Vicko Raspor, direction and music choice Aleksandar Petrovi\u0107. Production: Slavija Film.<\/span><span style=\"font-size: medium;\"><strong><br><\/strong><\/span><\/p>\n<\/td><\/tr><tr><td><span style=\"font-size: medium;\"><figure><a href=\"https:\/\/aleksandarpetrovic.org\/wp-content\/uploads\/2013\/02\/petar-dobrovic.png\"><img decoding=\"async\" class=\"aligncenter\" src=\"https:\/\/aleksandarpetrovic.org\/wp-content\/uploads\/2013\/02\/petar-dobrovic.png\" alt=\"\" width=\"274\" height=\"209\"><\/a><\/figure><\/span><\/td><td><span style=\"font-size: medium;\"><a title=\"Petar Dobrovi\u0107\" href=\"https:\/\/aleksandarpetrovic.org\/english\/filmography\/documentaries-and-short-films\/petar-dobrovic\/\"><strong><span style=\"color: #ff0000;\">1957 PETAR DOBROVI\u0106<\/span><\/strong><\/a> <\/span>\n<p><span style=\"font-size: medium;\">Short film. Production: Zagreb film, Zagreb. Original screenplay: Miroslav Krle\u017ea, direction: Aleksandar Petrovi\u0107.<\/span><\/p>\n<\/td><\/tr><tr><td><span style=\"font-size: medium;\"><figure><a href=\"https:\/\/aleksandarpetrovic.org\/wp-content\/uploads\/2013\/02\/putevi.png\"><img loading=\"lazy\" decoding=\"async\" class=\"aligncenter\" src=\"https:\/\/aleksandarpetrovic.org\/wp-content\/uploads\/2013\/02\/putevi.png\" alt=\"\" width=\"267\" height=\"206\"><\/a><\/figure><\/span><\/td><td><span style=\"font-size: medium; color: #ff0000;\"><a title=\"The Roads\" href=\"https:\/\/aleksandarpetrovic.org\/english\/filmography\/documentaries-and-short-films\/the-roads\/\"><strong><span style=\"color: #ff0000;\">1958 THE ROADS (PUTEVI)<\/span><\/strong><\/a> <\/span>\n<p><span style=\"font-size: medium;\">Short film. Production Avala Film. Author, screenplay, direction: Aleksandar Petrovi\u0107.<\/span><span style=\"font-size: medium;\"><em id=\"__mceDel\" style=\"line-height: 19px;\"><br><\/em><br><\/span><\/p>\n<\/td><\/tr><tr><td><span style=\"font-size: medium;\"><figure><a href=\"https:\/\/aleksandarpetrovic.org\/wp-content\/uploads\/2013\/02\/rat-ratu.png\"><img loading=\"lazy\" decoding=\"async\" class=\"aligncenter\" src=\"https:\/\/aleksandarpetrovic.org\/wp-content\/uploads\/2013\/02\/rat-ratu.png\" alt=\"\" width=\"263\" height=\"206\"><\/a><\/figure><\/span><\/td><td><span style=\"font-size: medium;\"><a title=\"The War On War\" href=\"https:\/\/aleksandarpetrovic.org\/english\/filmography\/documentaries-and-short-films\/the-war-on-war\/\"><strong><span style=\"color: #ff0000;\">1960 THE WAR ON WAR (WAR AGAINST WAR) orig. RAT RATU<\/span><\/strong><\/a> <\/span>\n<p><span style=\"font-size: medium;\">Short film. Production Avala Film. Screenplay: Nusret Seferovi\u0107, direction : Aleksandar Petrovi\u0107.<\/span><span style=\"font-size: medium;\"><strong><br><\/strong><\/span><\/p>\n<\/td><\/tr><tr><td><span style=\"font-size: medium;\"><figure><a href=\"https:\/\/aleksandarpetrovic.org\/wp-content\/uploads\/2013\/02\/zapisnik.png\"><img loading=\"lazy\" decoding=\"async\" class=\"aligncenter\" src=\"https:\/\/aleksandarpetrovic.org\/wp-content\/uploads\/2013\/02\/zapisnik.png\" alt=\"\" width=\"264\" height=\"204\"><\/a><\/figure><\/span><\/td><td><span style=\"font-size: medium;\"><a title=\"The Record\" href=\"https:\/\/aleksandarpetrovic.org\/english\/filmography\/documentaries-and-short-films\/record\/\"><strong><span style=\"color: #ff0000;\">1964 THE RECORD (THE DATA) orig. ZAPISNIK<\/span><\/strong><\/a> <\/span>\n<p><span style=\"font-size: medium;\">Short film. Production Dunav film, Beograd. Original screenplay, choice of music and direction: Aleksandar Petrovi\u0107.<\/span><span style=\"font-size: medium;\"><strong><br><\/strong><\/span><\/p>\n<\/td><\/tr><tr><td><span style=\"font-size: medium;\"><figure><a href=\"https:\/\/aleksandarpetrovic.org\/wp-content\/uploads\/2013\/02\/sabori.png\"><img loading=\"lazy\" decoding=\"async\" class=\"aligncenter\" src=\"https:\/\/aleksandarpetrovic.org\/wp-content\/uploads\/2013\/02\/sabori.png\" alt=\"\" width=\"271\" height=\"210\"><\/a><\/figure><\/span><\/td><td><span style=\"font-size: medium;\"><a title=\"Assemblies\" href=\"https:\/\/aleksandarpetrovic.org\/english\/filmography\/documentaries-and-short-films\/assemblies\/\"><strong><span style=\"color: #ff0000;\">1965 ASSEMBLIES (FAIRS) orig. SABORI<\/span><\/strong><\/a> <\/span>\n<p><span style=\"font-size: medium;\">Short film. Production Dunav film, Beograd. Original screenplay, choice of music and direction: Aleksandar Petrovi\u0107.<\/span><span style=\"font-size: medium;\"><strong><br><\/strong><\/span><\/p>\n<\/td><\/tr><\/tbody><\/table><\/figure>\n","protected":false},"excerpt":{"rendered":"<p>1955 SHOULDER TO SHOULDER (SIDE BY SIDE) orig. UZ DRUGA JE DRUG Documentary. Production: Zastava Film. Film direction: Aleksandar Petrovi\u0107 and Vicko Raspor. Screenwriting: Nusret Seferovi\u0107, Vicko Raspor. 1956-57 FLIGHT OVER THE SWAMP (LET NAD MO\u010cVAROM) Short film. Screen-writing: Aleksandar Petrovi\u0107, Vicko Raspor, direction and music choice Aleksandar Petrovi\u0107. Production: Slavija Film. 1957 PETAR DOBROVI\u0106 [&hellip;]<\/p>\n","protected":false},"author":1,"featured_media":0,"parent":5,"menu_order":0,"comment_status":"closed","ping_status":"open","template":"","meta":{"footnotes":""},"class_list":["post-39","page","type-page","status-publish","hentry"],"yoast_head":"<!-- This site is optimized with the Yoast SEO plugin v26.3 - https:\/\/yoast.com\/wordpress\/plugins\/seo\/ -->\n<title>Documentaries and short films - Aleksandar Petrovic<\/title>\n<meta name=\"robots\" content=\"index, follow, max-snippet:-1, max-image-preview:large, max-video-preview:-1\" \/>\n<link rel=\"canonical\" href=\"https:\/\/aleksandarpetrovic.org\/en\/filmography\/documentaries-and-short-films\/\" \/>\n<meta property=\"og:locale\" content=\"en_US\" \/>\n<meta property=\"og:type\" content=\"article\" \/>\n<meta property=\"og:title\" content=\"Documentaries and short films - Aleksandar Petrovic\" \/>\n<meta property=\"og:description\" content=\"1955 SHOULDER TO SHOULDER (SIDE BY SIDE) orig. UZ DRUGA JE DRUG Documentary. Production: Zastava Film. Film direction: Aleksandar Petrovi\u0107 and Vicko Raspor. Screenwriting: Nusret Seferovi\u0107, Vicko Raspor. 1956-57 FLIGHT OVER THE SWAMP (LET NAD MO\u010cVAROM) Short film. Screen-writing: Aleksandar Petrovi\u0107, Vicko Raspor, direction and music choice Aleksandar Petrovi\u0107. Production: Slavija Film. 1957 PETAR DOBROVI\u0106 [&hellip;]\" \/>\n<meta property=\"og:url\" content=\"https:\/\/aleksandarpetrovic.org\/en\/filmography\/documentaries-and-short-films\/\" \/>\n<meta property=\"og:site_name\" content=\"Aleksandar Petrovic\" \/>\n<meta property=\"article:modified_time\" content=\"2025-11-26T15:53:18+00:00\" \/>\n<meta property=\"og:image\" content=\"https:\/\/aleksandarpetrovic.org\/wp-content\/uploads\/2013\/02\/uz-druga-je-drug.png\" \/>\n<meta name=\"twitter:card\" content=\"summary_large_image\" \/>\n<meta name=\"twitter:label1\" content=\"Est. reading time\" \/>\n\t<meta name=\"twitter:data1\" content=\"3 minutes\" \/>\n<script type=\"application\/ld+json\" class=\"yoast-schema-graph\">{\"@context\":\"https:\/\/schema.org\",\"@graph\":[{\"@type\":\"WebPage\",\"@id\":\"https:\/\/aleksandarpetrovic.org\/en\/filmography\/documentaries-and-short-films\/\",\"url\":\"https:\/\/aleksandarpetrovic.org\/en\/filmography\/documentaries-and-short-films\/\",\"name\":\"Documentaries and short films - Aleksandar Petrovic\",\"isPartOf\":{\"@id\":\"https:\/\/aleksandarpetrovic.org\/#website\"},\"primaryImageOfPage\":{\"@id\":\"https:\/\/aleksandarpetrovic.org\/en\/filmography\/documentaries-and-short-films\/#primaryimage\"},\"image\":{\"@id\":\"https:\/\/aleksandarpetrovic.org\/en\/filmography\/documentaries-and-short-films\/#primaryimage\"},\"thumbnailUrl\":\"https:\/\/aleksandarpetrovic.org\/wp-content\/uploads\/2013\/02\/uz-druga-je-drug.png\",\"datePublished\":\"2013-05-14T23:33:20+00:00\",\"dateModified\":\"2025-11-26T15:53:18+00:00\",\"breadcrumb\":{\"@id\":\"https:\/\/aleksandarpetrovic.org\/en\/filmography\/documentaries-and-short-films\/#breadcrumb\"},\"inLanguage\":\"en-US\",\"potentialAction\":[{\"@type\":\"ReadAction\",\"target\":[\"https:\/\/aleksandarpetrovic.org\/en\/filmography\/documentaries-and-short-films\/\"]}]},{\"@type\":\"ImageObject\",\"inLanguage\":\"en-US\",\"@id\":\"https:\/\/aleksandarpetrovic.org\/en\/filmography\/documentaries-and-short-films\/#primaryimage\",\"url\":\"https:\/\/aleksandarpetrovic.org\/wp-content\/uploads\/2013\/02\/uz-druga-je-drug.png\",\"contentUrl\":\"https:\/\/aleksandarpetrovic.org\/wp-content\/uploads\/2013\/02\/uz-druga-je-drug.png\"},{\"@type\":\"BreadcrumbList\",\"@id\":\"https:\/\/aleksandarpetrovic.org\/en\/filmography\/documentaries-and-short-films\/#breadcrumb\",\"itemListElement\":[{\"@type\":\"ListItem\",\"position\":1,\"name\":\"Accueil\",\"item\":\"https:\/\/aleksandarpetrovic.org\/fr\/\"},{\"@type\":\"ListItem\",\"position\":2,\"name\":\"Filmography\",\"item\":\"https:\/\/aleksandarpetrovic.org\/en\/filmography\/\"},{\"@type\":\"ListItem\",\"position\":3,\"name\":\"Documentaries and short films\"}]},{\"@type\":\"WebSite\",\"@id\":\"https:\/\/aleksandarpetrovic.org\/#website\",\"url\":\"https:\/\/aleksandarpetrovic.org\/\",\"name\":\"Aleksandar Petrovic\",\"description\":\"Film Director (Official Website)\\n\",\"potentialAction\":[{\"@type\":\"SearchAction\",\"target\":{\"@type\":\"EntryPoint\",\"urlTemplate\":\"https:\/\/aleksandarpetrovic.org\/?s={search_term_string}\"},\"query-input\":{\"@type\":\"PropertyValueSpecification\",\"valueRequired\":true,\"valueName\":\"search_term_string\"}}],\"inLanguage\":\"en-US\"}]}<\/script>\n<!-- \/ Yoast SEO plugin. -->","yoast_head_json":{"title":"Documentaries and short films - Aleksandar Petrovic","robots":{"index":"index","follow":"follow","max-snippet":"max-snippet:-1","max-image-preview":"max-image-preview:large","max-video-preview":"max-video-preview:-1"},"canonical":"https:\/\/aleksandarpetrovic.org\/en\/filmography\/documentaries-and-short-films\/","og_locale":"en_US","og_type":"article","og_title":"Documentaries and short films - Aleksandar Petrovic","og_description":"1955 SHOULDER TO SHOULDER (SIDE BY SIDE) orig. UZ DRUGA JE DRUG Documentary. Production: Zastava Film. Film direction: Aleksandar Petrovi\u0107 and Vicko Raspor. Screenwriting: Nusret Seferovi\u0107, Vicko Raspor. 1956-57 FLIGHT OVER THE SWAMP (LET NAD MO\u010cVAROM) Short film. Screen-writing: Aleksandar Petrovi\u0107, Vicko Raspor, direction and music choice Aleksandar Petrovi\u0107. Production: Slavija Film. 1957 PETAR DOBROVI\u0106 [&hellip;]","og_url":"https:\/\/aleksandarpetrovic.org\/en\/filmography\/documentaries-and-short-films\/","og_site_name":"Aleksandar Petrovic","article_modified_time":"2025-11-26T15:53:18+00:00","og_image":[{"url":"https:\/\/aleksandarpetrovic.org\/wp-content\/uploads\/2013\/02\/uz-druga-je-drug.png","type":"","width":"","height":""}],"twitter_card":"summary_large_image","twitter_misc":{"Est. reading time":"3 minutes"},"schema":{"@context":"https:\/\/schema.org","@graph":[{"@type":"WebPage","@id":"https:\/\/aleksandarpetrovic.org\/en\/filmography\/documentaries-and-short-films\/","url":"https:\/\/aleksandarpetrovic.org\/en\/filmography\/documentaries-and-short-films\/","name":"Documentaries and short films - Aleksandar Petrovic","isPartOf":{"@id":"https:\/\/aleksandarpetrovic.org\/#website"},"primaryImageOfPage":{"@id":"https:\/\/aleksandarpetrovic.org\/en\/filmography\/documentaries-and-short-films\/#primaryimage"},"image":{"@id":"https:\/\/aleksandarpetrovic.org\/en\/filmography\/documentaries-and-short-films\/#primaryimage"},"thumbnailUrl":"https:\/\/aleksandarpetrovic.org\/wp-content\/uploads\/2013\/02\/uz-druga-je-drug.png","datePublished":"2013-05-14T23:33:20+00:00","dateModified":"2025-11-26T15:53:18+00:00","breadcrumb":{"@id":"https:\/\/aleksandarpetrovic.org\/en\/filmography\/documentaries-and-short-films\/#breadcrumb"},"inLanguage":"en-US","potentialAction":[{"@type":"ReadAction","target":["https:\/\/aleksandarpetrovic.org\/en\/filmography\/documentaries-and-short-films\/"]}]},{"@type":"ImageObject","inLanguage":"en-US","@id":"https:\/\/aleksandarpetrovic.org\/en\/filmography\/documentaries-and-short-films\/#primaryimage","url":"https:\/\/aleksandarpetrovic.org\/wp-content\/uploads\/2013\/02\/uz-druga-je-drug.png","contentUrl":"https:\/\/aleksandarpetrovic.org\/wp-content\/uploads\/2013\/02\/uz-druga-je-drug.png"},{"@type":"BreadcrumbList","@id":"https:\/\/aleksandarpetrovic.org\/en\/filmography\/documentaries-and-short-films\/#breadcrumb","itemListElement":[{"@type":"ListItem","position":1,"name":"Accueil","item":"https:\/\/aleksandarpetrovic.org\/fr\/"},{"@type":"ListItem","position":2,"name":"Filmography","item":"https:\/\/aleksandarpetrovic.org\/en\/filmography\/"},{"@type":"ListItem","position":3,"name":"Documentaries and short films"}]},{"@type":"WebSite","@id":"https:\/\/aleksandarpetrovic.org\/#website","url":"https:\/\/aleksandarpetrovic.org\/","name":"Aleksandar Petrovic","description":"Film Director (Official Website)\n","potentialAction":[{"@type":"SearchAction","target":{"@type":"EntryPoint","urlTemplate":"https:\/\/aleksandarpetrovic.org\/?s={search_term_string}"},"query-input":{"@type":"PropertyValueSpecification","valueRequired":true,"valueName":"search_term_string"}}],"inLanguage":"en-US"}]}},"_links":{"self":[{"href":"https:\/\/aleksandarpetrovic.org\/en\/wp-json\/wp\/v2\/pages\/39","targetHints":{"allow":["GET"]}}],"collection":[{"href":"https:\/\/aleksandarpetrovic.org\/en\/wp-json\/wp\/v2\/pages"}],"about":[{"href":"https:\/\/aleksandarpetrovic.org\/en\/wp-json\/wp\/v2\/types\/page"}],"author":[{"embeddable":true,"href":"https:\/\/aleksandarpetrovic.org\/en\/wp-json\/wp\/v2\/users\/1"}],"replies":[{"embeddable":true,"href":"https:\/\/aleksandarpetrovic.org\/en\/wp-json\/wp\/v2\/comments?post=39"}],"version-history":[{"count":1,"href":"https:\/\/aleksandarpetrovic.org\/en\/wp-json\/wp\/v2\/pages\/39\/revisions"}],"predecessor-version":[{"id":5372,"href":"https:\/\/aleksandarpetrovic.org\/en\/wp-json\/wp\/v2\/pages\/39\/revisions\/5372"}],"up":[{"embeddable":true,"href":"https:\/\/aleksandarpetrovic.org\/en\/wp-json\/wp\/v2\/pages\/5"}],"wp:attachment":[{"href":"https:\/\/aleksandarpetrovic.org\/en\/wp-json\/wp\/v2\/media?parent=39"}],"curies":[{"name":"wp","href":"https:\/\/api.w.org\/{rel}","templated":true}]}}