{"id":43,"date":"2013-03-16T23:54:59","date_gmt":"2013-03-17T03:54:59","guid":{"rendered":"http:\/\/aleksandarpetrovic.org\/english\/?page_id=43"},"modified":"2025-05-13T10:56:12","modified_gmt":"2025-05-13T14:56:12","slug":"feature-films","status":"publish","type":"page","link":"https:\/\/aleksandarpetrovic.org\/en\/filmography\/feature-films\/","title":{"rendered":"Feature films"},"content":{"rendered":"\n<figure class=\"wp-block-table\"><table class=\"has-fixed-layout\"><tbody><tr><td><figure><a href=\"https:\/\/aleksandarpetrovic.org\/wp-content\/uploads\/2013\/03\/jedini-izlaz.png\"><img fetchpriority=\"high\" decoding=\"async\" class=\"aligncenter\" src=\"https:\/\/aleksandarpetrovic.org\/wp-content\/uploads\/2013\/03\/jedini-izlaz.png\" alt=\"\" width=\"260\" height=\"196\"><\/a><\/figure><\/td><td><a title=\"The Only Way Out\" href=\"https:\/\/aleksandarpetrovic.org\/english\/filmography\/feature-films\/the-only-way-out\/\"><span style=\"font-size: medium;\"><strong>1958 THE ONLY WAY OUT (JEDINI IZLAZ)<\/strong><\/span><\/a>\n<p>met: 2.330, 35mm,<\/p>\n<p>Production: Zastava Film. Direction: Aleksandar Petrovi\u0107, Vicko Raspor. Screenplay: Antonije Isakovi\u0107, Stjepan Zaninovi\u0107, music: Ivo Tijardovi\u0107.<\/p>\n<\/td><\/tr><tr><td><span style=\"font-size: medium;\"><figure><a href=\"https:\/\/aleksandarpetrovic.org\/wp-content\/uploads\/2013\/03\/dvoje11.png\"><img decoding=\"async\" class=\"aligncenter\" src=\"https:\/\/aleksandarpetrovic.org\/wp-content\/uploads\/2013\/03\/dvoje11.png\" alt=\"\" width=\"260\" height=\"361\"><\/a><\/figure><\/span><\/td><td><span style=\"font-size: medium;\"><a title=\"When Love Has Gone\" href=\"https:\/\/aleksandarpetrovic.org\/english\/filmography\/feature-films\/when-love-has-gone\/\"><strong>1961 WHEN LOVE HAS GONE (TWO) orig.&nbsp;<strong>DVOJE<\/strong><\/strong><\/a> <\/span>\n<p>met: 2.400 (88&#8242;), 35 mm, c\/b, widescreen.<\/p>\n<p><span style=\"font-size: medium;\">Production Avala Film. Author, original screenplay, choice of music and direction: Aleksandar Petrovi\u0107.<\/span><span style=\"font-size: medium;\"><strong><br><\/strong><\/span><\/p>\n<\/td><\/tr><tr><td><span style=\"font-size: medium;\"><figure><a href=\"https:\/\/aleksandarpetrovic.org\/wp-content\/uploads\/2013\/03\/dani11.png\"><img decoding=\"async\" class=\"aligncenter\" src=\"https:\/\/aleksandarpetrovic.org\/wp-content\/uploads\/2013\/03\/dani11.png\" alt=\"\" width=\"261\" height=\"167\"><\/a><\/figure><\/span><\/td><td><span style=\"font-size: medium;\"><a title=\"Days\" href=\"https:\/\/aleksandarpetrovic.org\/english\/filmography\/feature-films\/the-days\/\"><strong>1963 DAYS (DANI)<\/strong><\/a> <\/span><span style=\"font-size: medium;\"><strong><br><\/strong><\/span>\n<p>met: 2.150 (79&#8242;), 35 mm, c\/b, widescreen.<\/p>\n<p>Production Avala Film. Screenplay: Aleksandar Petrovi\u0107, Bora \u0106osi\u0107, Dusan Mati\u0107, Dusan Stojanovi\u0107. Direction: Aleksandar Petrovi\u0107.<\/p>\n<\/td><\/tr><tr><td><span style=\"font-size: medium;\"><figure><a href=\"https:\/\/aleksandarpetrovic.org\/wp-content\/uploads\/2013\/03\/Tri-FR.png\"><img loading=\"lazy\" decoding=\"async\" class=\"aligncenter size-medium wp-image-845\" src=\"https:\/\/aleksandarpetrovic.org\/wp-content\/uploads\/2013\/03\/Tri-FR-204x300.png\" alt=\"Tri FR\" width=\"260\" height=\"386\"><\/a><\/figure><\/span><\/td><td><span style=\"font-size: medium;\"><a title=\"Three\" href=\"https:\/\/aleksandarpetrovic.org\/english\/filmography\/feature-films\/three\/\"><strong>1965 THREE (TRI)<\/strong><\/a> <\/span>\n<p>met: 2.150 (80&#8242;), 35 mm, c\/b, widescreen.<\/p>\n<p>Production Avala Film. Screenplay: Aleksandar Petrovi\u0107 and Antonije Isakovi\u0107, based on the tales from the Yugoslav writer Antonije Isakovi\u0107. Choice of music and direction: Aleksandar Petrovi\u0107.<\/p>\n<p><span style=\"font-size: medium;\">&nbsp;<\/span><\/p>\n<\/td><\/tr><tr><td><span style=\"font-size: medium;\"><figure><a href=\"https:\/\/aleksandarpetrovic.org\/wp-content\/uploads\/2013\/03\/skupljaci-perja-igrani.png\"><img loading=\"lazy\" decoding=\"async\" class=\"aligncenter\" src=\"https:\/\/aleksandarpetrovic.org\/wp-content\/uploads\/2013\/03\/skupljaci-perja-igrani.png\" alt=\"\" width=\"260\" height=\"352\"><\/a><\/figure><\/span><\/td><td><span style=\"font-size: medium;\"><a title=\"I Even Met Happy Gypsies\" href=\"https:\/\/aleksandarpetrovic.org\/english\/filmography\/feature-films\/i-even-met-happy-gypsies\/\"><strong>1967 I EVEN MET HAPPY GYPSIES (SKUPLJACI PERJA)<\/strong><\/a> <\/span>\n<p>met: 2.565 (94&#8242;), 35 mm, color, widescreen.<\/p>\n<p>Production Avala Film. Original screenplay, choice of music and direction: Aleksandar Petrovi\u0107.<span style=\"font-size: medium;\"><strong><br><\/strong><\/span><\/p>\n<\/td><\/tr><tr><td><span style=\"font-size: medium;\"><figure><a style=\"line-height: 19px;\" href=\"https:\/\/aleksandarpetrovic.org\/wp-content\/uploads\/2013\/03\/Bice-skoro-propast-sveta-FR.png\"><img loading=\"lazy\" decoding=\"async\" class=\"aligncenter size-medium wp-image-846\" src=\"https:\/\/aleksandarpetrovic.org\/wp-content\/uploads\/2013\/03\/Bice-skoro-propast-sveta-FR-218x300.png\" alt=\"Bice skoro propast sveta FR\" width=\"260\" height=\"359\" srcset=\"https:\/\/aleksandarpetrovic.org\/wp-content\/uploads\/2013\/03\/Bice-skoro-propast-sveta-FR-218x300.png 218w, https:\/\/aleksandarpetrovic.org\/wp-content\/uploads\/2013\/03\/Bice-skoro-propast-sveta-FR.png 269w\" sizes=\"(max-width: 260px) 100vw, 260px\" \/><\/a><\/figure><\/span><\/td><td><span style=\"font-size: medium;\"><a title=\"It Rains In My Village \u2013 The End Of The World Is Near, Let It End It Won\u2019t Be A Pity\" href=\"https:\/\/aleksandarpetrovic.org\/english\/filmography\/feature-films\/it-rains-in-my-village-the-end-of-the-worls-is-near-let-it-end-it-wont-be-a-pity\/\"><strong>1968 IT RAINS IN MY VILLAGE- THE END OF THE WORLD IS NEAR, LET IT END IT WON\u2019T BE A PITY (BI\u0106E SKORO PROPAST SVETA NEK PROPADNE NIJE \u0160TETA)<\/strong><\/a> <\/span><span style=\"font-size: medium;\"><strong><br><\/strong><br><\/span>\n<p>met: 2.280 (84&#8242;), 35 mm, color, widescreen.<\/p>\n<p>Co-production: Avala film Beograd, Les Productions Artistes Associ\u00e9s S.A. Paris. Original screenplay, choice of music and direction: Aleksandar Petrovi\u0107.<\/p>\n<\/td><\/tr><tr><td><span style=\"font-size: medium;\"><figure><a style=\"line-height: 19px;\" href=\"https:\/\/aleksandarpetrovic.org\/wp-content\/uploads\/2013\/03\/Majstor-i-margarita-FR.png\"><img loading=\"lazy\" decoding=\"async\" class=\"aligncenter size-medium wp-image-847\" src=\"https:\/\/aleksandarpetrovic.org\/wp-content\/uploads\/2013\/03\/Majstor-i-margarita-FR-219x300.png\" alt=\"Majstor i margarita FR\" width=\"260\" height=\"357\" srcset=\"https:\/\/aleksandarpetrovic.org\/wp-content\/uploads\/2013\/03\/Majstor-i-margarita-FR-219x300.png 219w, https:\/\/aleksandarpetrovic.org\/wp-content\/uploads\/2013\/03\/Majstor-i-margarita-FR.png 274w\" sizes=\"(max-width: 260px) 100vw, 260px\" \/><\/a><\/figure><\/span><\/td><td><span style=\"font-size: medium;\"><a title=\"The Master and Margarita\" href=\"https:\/\/aleksandarpetrovic.org\/english\/filmography\/feature-films\/the-master-and-margarita\/\"><strong>1972 THE MASTER AND MARGARITA (IL MAESTRO E MARGHERITA) orig. MAJSTOR I MARGARITA<\/strong><\/a> <\/span><span style=\"font-size: medium;\"><strong><br><\/strong><\/span>\n<p>met: 2.600 (95&#8242;), 35 mm, color, widescreen.<\/p>\n<p>Co-production: Dunav film Beograd, Euro International Film S.P.A., Rome. After the Russian writer Mikhail Bulgakov\u2019s book. Direction, screenplay in collaboration with&nbsp; Barbara Alberti and Amedeo Pagani, choice of music&nbsp;: Aleksandar Petrovi\u0107.<\/p>\n<\/td><\/tr><tr><td><span style=\"font-size: medium;\"><figure><a href=\"https:\/\/aleksandarpetrovic.org\/wp-content\/uploads\/2013\/03\/grupni-portret-s-damom-igrani.png\"><img loading=\"lazy\" decoding=\"async\" class=\"aligncenter\" src=\"https:\/\/aleksandarpetrovic.org\/wp-content\/uploads\/2013\/03\/grupni-portret-s-damom-igrani.png\" alt=\"\" width=\"260\" height=\"355\"><\/a><\/figure><\/span><\/td><td><span style=\"font-size: medium;\"><a title=\"Group Portrait With A Lady\" href=\"https:\/\/aleksandarpetrovic.org\/english\/filmography\/feature-films\/when-love-has-gone-2\/\"><strong>1977 GROUP PORTRAIT WITH A LADY (GRUPNI PORTRET SA DAMOM) orig.&nbsp;<b>GRUPPENBILD MIT DAME <\/b> <\/strong><\/a><\/span><span style=\"font-size: medium;\"><strong><br><\/strong><\/span>\n<p>met: 2.803 (107&#8242;), 35 mm, color, widescreen.<\/p>\n<p>Co-production&nbsp;: Stella-Film M\u00fcnchen, Artistes Associ\u00e9s Paris, Cin\u00e8ma 77 Betelinguns GMBH &amp; Co., 4 Produktions KG, ZDH, MAINZ. After the German Nobel Prize writer&nbsp; Heinrich B\u00f6ll. Screenplay Aleksandar Petrovi\u0107 in collaboration with J\u00fcrgen Kolbe. Direction, choice of music&nbsp;: Aleksandar Petrovi\u0107.<\/p>\n<\/td><\/tr><tr><td><span style=\"font-size: medium;\"><figure><a href=\"https:\/\/aleksandarpetrovic.org\/english\/wp-content\/uploads\/sites\/5\/2013\/03\/falcon-E.png\"><img loading=\"lazy\" decoding=\"async\" class=\"aligncenter size-full wp-image-508\" src=\"https:\/\/aleksandarpetrovic.org\/english\/wp-content\/uploads\/sites\/5\/2013\/03\/falcon-E.png\" alt=\"falcon E\" width=\"260\" height=\"431\"><\/a><\/figure><\/span><\/td><td><span style=\"color: #3366ff;\"><span style=\"font-size: medium;\"><strong><span style=\"line-height: 19px;\">1981 THE FALCON (BANOVI\u0106&nbsp;<\/span>STRAHINJA)<\/strong> <\/span><span style=\"font-size: medium;\"><strong>Original screenplay<\/strong> <\/span><\/span><span style=\"font-size: medium;\"><strong><br><\/strong><\/span>\n<p>Co-production: Jadran Film, Zagreb, CFS Ko\u0161utnjak \u2013OOUR Avala film, Beograd, R. von Hirschberger \/R. Kalmowitz Filmproduk OHG \u2013 Neue Tele-Contact Filmproduktion,&nbsp;M\u00fcnchen; FRZ, Zagreb, Avala pro-film, Beograd i Zvezda film, Novi Sad. Original screenplay: &nbsp;Aleksandar Petrovi\u0107, Vatroslav Mimica. Direction: Vatroslav Mimica.<\/p>\n<\/td><\/tr><tr><td><span style=\"font-size: medium;\"><figure><a href=\"https:\/\/aleksandarpetrovic.org\/wp-content\/uploads\/2013\/03\/seobe-FR.png\"><img loading=\"lazy\" decoding=\"async\" class=\"aligncenter size-medium wp-image-848\" src=\"https:\/\/aleksandarpetrovic.org\/wp-content\/uploads\/2013\/03\/seobe-FR-239x300.png\" alt=\"seobe FR\" width=\"260\" height=\"326\" srcset=\"https:\/\/aleksandarpetrovic.org\/wp-content\/uploads\/2013\/03\/seobe-FR-239x300.png 239w, https:\/\/aleksandarpetrovic.org\/wp-content\/uploads\/2013\/03\/seobe-FR.png 299w\" sizes=\"(max-width: 260px) 100vw, 260px\" \/><\/a><\/figure><\/span><\/td><td><span style=\"font-size: medium;\"><a title=\"Migrations\" href=\"https:\/\/aleksandarpetrovic.org\/english\/filmography\/feature-films\/migrations\/\"><strong>1989-1994 MIGRATIONS (SEOBE)<\/strong><\/a> <\/span><span style=\"font-size: medium;\"><strong><br><\/strong><\/span>\n<p>Duration 120\u2019,&nbsp; 35 mm, color<\/p>\n<p>Co-production: Radio Televizija Srbije, Ekonomik trade Milan Peji\u0107, M\u00e9diterran\u00e9e Cin\u00e9ma, Obadia BAMC Paris. After the Serbian writer Milos Tsernianski\u2019s book \u201eSeobe\u201c. Screenplay: Aleksandar Petrovi\u0107 in collaboration with Jacques Doniol-Valcroze. Direction: Aleksandar Petrovi\u0107.<\/p>\n<\/td><\/tr><\/tbody><\/table><\/figure>\n","protected":false},"excerpt":{"rendered":"<p>1958 THE ONLY WAY OUT (JEDINI IZLAZ) met: 2.330, 35mm, Production: Zastava Film. Direction: Aleksandar Petrovi\u0107, Vicko Raspor. Screenplay: Antonije Isakovi\u0107, Stjepan Zaninovi\u0107, music: Ivo Tijardovi\u0107. 1961 WHEN LOVE HAS GONE (TWO) orig.&nbsp;DVOJE met: 2.400 (88&#8242;), 35 mm, c\/b, widescreen. Production Avala Film. Author, original screenplay, choice of music and direction: Aleksandar Petrovi\u0107. 1963 DAYS [&hellip;]<\/p>\n","protected":false},"author":1,"featured_media":0,"parent":5,"menu_order":0,"comment_status":"closed","ping_status":"open","template":"","meta":{"footnotes":""},"class_list":["post-43","page","type-page","status-publish","hentry"],"yoast_head":"<!-- This site is optimized with the Yoast SEO plugin v26.3 - https:\/\/yoast.com\/wordpress\/plugins\/seo\/ -->\n<title>Feature films - Aleksandar Petrovic<\/title>\n<meta name=\"robots\" content=\"index, follow, max-snippet:-1, max-image-preview:large, max-video-preview:-1\" \/>\n<link rel=\"canonical\" href=\"https:\/\/aleksandarpetrovic.org\/en\/filmography\/feature-films\/\" \/>\n<meta property=\"og:locale\" content=\"en_US\" \/>\n<meta property=\"og:type\" content=\"article\" \/>\n<meta property=\"og:title\" content=\"Feature films - Aleksandar Petrovic\" \/>\n<meta property=\"og:description\" content=\"1958 THE ONLY WAY OUT (JEDINI IZLAZ) met: 2.330, 35mm, Production: Zastava Film. Direction: Aleksandar Petrovi\u0107, Vicko Raspor. Screenplay: Antonije Isakovi\u0107, Stjepan Zaninovi\u0107, music: Ivo Tijardovi\u0107. 1961 WHEN LOVE HAS GONE (TWO) orig.&nbsp;DVOJE met: 2.400 (88&#8242;), 35 mm, c\/b, widescreen. Production Avala Film. Author, original screenplay, choice of music and direction: Aleksandar Petrovi\u0107. 1963 DAYS [&hellip;]\" \/>\n<meta property=\"og:url\" content=\"https:\/\/aleksandarpetrovic.org\/en\/filmography\/feature-films\/\" \/>\n<meta property=\"og:site_name\" content=\"Aleksandar Petrovic\" \/>\n<meta property=\"article:modified_time\" content=\"2025-05-13T14:56:12+00:00\" \/>\n<meta property=\"og:image\" content=\"https:\/\/aleksandarpetrovic.org\/wp-content\/uploads\/2013\/03\/jedini-izlaz.png\" \/>\n<meta name=\"twitter:card\" content=\"summary_large_image\" \/>\n<meta name=\"twitter:label1\" content=\"Est. reading time\" \/>\n\t<meta name=\"twitter:data1\" content=\"5 minutes\" \/>\n<script type=\"application\/ld+json\" class=\"yoast-schema-graph\">{\"@context\":\"https:\/\/schema.org\",\"@graph\":[{\"@type\":\"WebPage\",\"@id\":\"https:\/\/aleksandarpetrovic.org\/en\/filmography\/feature-films\/\",\"url\":\"https:\/\/aleksandarpetrovic.org\/en\/filmography\/feature-films\/\",\"name\":\"Feature films - Aleksandar Petrovic\",\"isPartOf\":{\"@id\":\"https:\/\/aleksandarpetrovic.org\/#website\"},\"primaryImageOfPage\":{\"@id\":\"https:\/\/aleksandarpetrovic.org\/en\/filmography\/feature-films\/#primaryimage\"},\"image\":{\"@id\":\"https:\/\/aleksandarpetrovic.org\/en\/filmography\/feature-films\/#primaryimage\"},\"thumbnailUrl\":\"https:\/\/aleksandarpetrovic.org\/wp-content\/uploads\/2013\/03\/jedini-izlaz.png\",\"datePublished\":\"2013-03-17T03:54:59+00:00\",\"dateModified\":\"2025-05-13T14:56:12+00:00\",\"breadcrumb\":{\"@id\":\"https:\/\/aleksandarpetrovic.org\/en\/filmography\/feature-films\/#breadcrumb\"},\"inLanguage\":\"en-US\",\"potentialAction\":[{\"@type\":\"ReadAction\",\"target\":[\"https:\/\/aleksandarpetrovic.org\/en\/filmography\/feature-films\/\"]}]},{\"@type\":\"ImageObject\",\"inLanguage\":\"en-US\",\"@id\":\"https:\/\/aleksandarpetrovic.org\/en\/filmography\/feature-films\/#primaryimage\",\"url\":\"https:\/\/aleksandarpetrovic.org\/wp-content\/uploads\/2013\/03\/jedini-izlaz.png\",\"contentUrl\":\"https:\/\/aleksandarpetrovic.org\/wp-content\/uploads\/2013\/03\/jedini-izlaz.png\"},{\"@type\":\"BreadcrumbList\",\"@id\":\"https:\/\/aleksandarpetrovic.org\/en\/filmography\/feature-films\/#breadcrumb\",\"itemListElement\":[{\"@type\":\"ListItem\",\"position\":1,\"name\":\"Accueil\",\"item\":\"https:\/\/aleksandarpetrovic.org\/fr\/\"},{\"@type\":\"ListItem\",\"position\":2,\"name\":\"Filmography\",\"item\":\"https:\/\/aleksandarpetrovic.org\/en\/filmography\/\"},{\"@type\":\"ListItem\",\"position\":3,\"name\":\"Feature films\"}]},{\"@type\":\"WebSite\",\"@id\":\"https:\/\/aleksandarpetrovic.org\/#website\",\"url\":\"https:\/\/aleksandarpetrovic.org\/\",\"name\":\"Aleksandar Petrovic\",\"description\":\"Film Director (Official Website)\\n\",\"potentialAction\":[{\"@type\":\"SearchAction\",\"target\":{\"@type\":\"EntryPoint\",\"urlTemplate\":\"https:\/\/aleksandarpetrovic.org\/?s={search_term_string}\"},\"query-input\":{\"@type\":\"PropertyValueSpecification\",\"valueRequired\":true,\"valueName\":\"search_term_string\"}}],\"inLanguage\":\"en-US\"}]}<\/script>\n<!-- \/ Yoast SEO plugin. -->","yoast_head_json":{"title":"Feature films - Aleksandar Petrovic","robots":{"index":"index","follow":"follow","max-snippet":"max-snippet:-1","max-image-preview":"max-image-preview:large","max-video-preview":"max-video-preview:-1"},"canonical":"https:\/\/aleksandarpetrovic.org\/en\/filmography\/feature-films\/","og_locale":"en_US","og_type":"article","og_title":"Feature films - Aleksandar Petrovic","og_description":"1958 THE ONLY WAY OUT (JEDINI IZLAZ) met: 2.330, 35mm, Production: Zastava Film. Direction: Aleksandar Petrovi\u0107, Vicko Raspor. Screenplay: Antonije Isakovi\u0107, Stjepan Zaninovi\u0107, music: Ivo Tijardovi\u0107. 1961 WHEN LOVE HAS GONE (TWO) orig.&nbsp;DVOJE met: 2.400 (88&#8242;), 35 mm, c\/b, widescreen. Production Avala Film. Author, original screenplay, choice of music and direction: Aleksandar Petrovi\u0107. 1963 DAYS [&hellip;]","og_url":"https:\/\/aleksandarpetrovic.org\/en\/filmography\/feature-films\/","og_site_name":"Aleksandar Petrovic","article_modified_time":"2025-05-13T14:56:12+00:00","og_image":[{"url":"https:\/\/aleksandarpetrovic.org\/wp-content\/uploads\/2013\/03\/jedini-izlaz.png","type":"","width":"","height":""}],"twitter_card":"summary_large_image","twitter_misc":{"Est. reading time":"5 minutes"},"schema":{"@context":"https:\/\/schema.org","@graph":[{"@type":"WebPage","@id":"https:\/\/aleksandarpetrovic.org\/en\/filmography\/feature-films\/","url":"https:\/\/aleksandarpetrovic.org\/en\/filmography\/feature-films\/","name":"Feature films - Aleksandar Petrovic","isPartOf":{"@id":"https:\/\/aleksandarpetrovic.org\/#website"},"primaryImageOfPage":{"@id":"https:\/\/aleksandarpetrovic.org\/en\/filmography\/feature-films\/#primaryimage"},"image":{"@id":"https:\/\/aleksandarpetrovic.org\/en\/filmography\/feature-films\/#primaryimage"},"thumbnailUrl":"https:\/\/aleksandarpetrovic.org\/wp-content\/uploads\/2013\/03\/jedini-izlaz.png","datePublished":"2013-03-17T03:54:59+00:00","dateModified":"2025-05-13T14:56:12+00:00","breadcrumb":{"@id":"https:\/\/aleksandarpetrovic.org\/en\/filmography\/feature-films\/#breadcrumb"},"inLanguage":"en-US","potentialAction":[{"@type":"ReadAction","target":["https:\/\/aleksandarpetrovic.org\/en\/filmography\/feature-films\/"]}]},{"@type":"ImageObject","inLanguage":"en-US","@id":"https:\/\/aleksandarpetrovic.org\/en\/filmography\/feature-films\/#primaryimage","url":"https:\/\/aleksandarpetrovic.org\/wp-content\/uploads\/2013\/03\/jedini-izlaz.png","contentUrl":"https:\/\/aleksandarpetrovic.org\/wp-content\/uploads\/2013\/03\/jedini-izlaz.png"},{"@type":"BreadcrumbList","@id":"https:\/\/aleksandarpetrovic.org\/en\/filmography\/feature-films\/#breadcrumb","itemListElement":[{"@type":"ListItem","position":1,"name":"Accueil","item":"https:\/\/aleksandarpetrovic.org\/fr\/"},{"@type":"ListItem","position":2,"name":"Filmography","item":"https:\/\/aleksandarpetrovic.org\/en\/filmography\/"},{"@type":"ListItem","position":3,"name":"Feature films"}]},{"@type":"WebSite","@id":"https:\/\/aleksandarpetrovic.org\/#website","url":"https:\/\/aleksandarpetrovic.org\/","name":"Aleksandar Petrovic","description":"Film Director (Official Website)\n","potentialAction":[{"@type":"SearchAction","target":{"@type":"EntryPoint","urlTemplate":"https:\/\/aleksandarpetrovic.org\/?s={search_term_string}"},"query-input":{"@type":"PropertyValueSpecification","valueRequired":true,"valueName":"search_term_string"}}],"inLanguage":"en-US"}]}},"_links":{"self":[{"href":"https:\/\/aleksandarpetrovic.org\/en\/wp-json\/wp\/v2\/pages\/43","targetHints":{"allow":["GET"]}}],"collection":[{"href":"https:\/\/aleksandarpetrovic.org\/en\/wp-json\/wp\/v2\/pages"}],"about":[{"href":"https:\/\/aleksandarpetrovic.org\/en\/wp-json\/wp\/v2\/types\/page"}],"author":[{"embeddable":true,"href":"https:\/\/aleksandarpetrovic.org\/en\/wp-json\/wp\/v2\/users\/1"}],"replies":[{"embeddable":true,"href":"https:\/\/aleksandarpetrovic.org\/en\/wp-json\/wp\/v2\/comments?post=43"}],"version-history":[{"count":2,"href":"https:\/\/aleksandarpetrovic.org\/en\/wp-json\/wp\/v2\/pages\/43\/revisions"}],"predecessor-version":[{"id":4957,"href":"https:\/\/aleksandarpetrovic.org\/en\/wp-json\/wp\/v2\/pages\/43\/revisions\/4957"}],"up":[{"embeddable":true,"href":"https:\/\/aleksandarpetrovic.org\/en\/wp-json\/wp\/v2\/pages\/5"}],"wp:attachment":[{"href":"https:\/\/aleksandarpetrovic.org\/en\/wp-json\/wp\/v2\/media?parent=43"}],"curies":[{"name":"wp","href":"https:\/\/api.w.org\/{rel}","templated":true}]}}