{"id":5,"date":"2013-03-16T23:54:32","date_gmt":"2013-03-17T03:54:32","guid":{"rendered":"http:\/\/aleksandarpetrovic.org\/english\/?page_id=5"},"modified":"2025-05-13T09:56:42","modified_gmt":"2025-05-13T13:56:42","slug":"filmography","status":"publish","type":"page","link":"https:\/\/aleksandarpetrovic.org\/en\/filmography\/","title":{"rendered":"Filmography"},"content":{"rendered":"\n<figure class=\"wp-block-table aligncenter\"><table class=\"has-fixed-layout\"><tbody><tr><td class=\"has-text-align-center\" data-align=\"center\"><span style=\"font-size: medium;\"><figure><a href=\"https:\/\/aleksandarpetrovic.org\/wp-content\/uploads\/2013\/02\/uz-druga-je-drug.png\"><img fetchpriority=\"high\" decoding=\"async\" class=\"aligncenter\" src=\"https:\/\/aleksandarpetrovic.org\/wp-content\/uploads\/2013\/02\/uz-druga-je-drug.png\" alt=\"\" width=\"275\" height=\"207\"><\/a><\/figure><\/span><\/td><td><span style=\"font-size: medium;\"><a title=\"Shoulder to shoulder\" href=\"https:\/\/aleksandarpetrovic.org\/english\/filmography\/documentaries-and-short-films\/shoulder-to-shoulder\/\"><strong>1955 SHOULDER TO SHOULDER (SIDE BY SIDE) <\/strong>(UZ DRUGA JE DRUG)<\/a> Documentary. Production: Zastava Film. Film direction: Aleksandar Petrovi\u0107 and Vicko Raspor. Screenwriting: Nusret Seferovi\u0107, Vicko Raspor.<\/span><\/td><\/tr><tr><td class=\"has-text-align-center\" data-align=\"center\"><span style=\"font-size: medium;\"><figure><a href=\"https:\/\/aleksandarpetrovic.org\/wp-content\/uploads\/2013\/02\/let-nad-mocvarom.png\"><img decoding=\"async\" class=\"aligncenter\" src=\"https:\/\/aleksandarpetrovic.org\/wp-content\/uploads\/2013\/02\/let-nad-mocvarom.png\" alt=\"\" width=\"275\" height=\"212\"><\/a><\/figure><\/span><\/td><td><span style=\"font-size: medium;\"><a title=\"Flight Above The Marshes\" href=\"https:\/\/aleksandarpetrovic.org\/english\/filmography\/documentaries-and-short-films\/flight-over-the-swamp\/\"><strong>1956-57 FLIGHT OVER THE SWAMP <\/strong>(LET NAD MO\u010cVAROM)<\/a> Short film. Screenplay: Aleksandar Petrovi\u0107, Vicko Raspor, direction and music choice Aleksandar Petrovi\u0107. Production: Slavija Film.<\/span><span style=\"font-size: medium;\"><strong><br><\/strong><\/span><\/td><\/tr><tr><td class=\"has-text-align-center\" data-align=\"center\"><span style=\"font-size: medium;\"><figure><a href=\"https:\/\/aleksandarpetrovic.org\/wp-content\/uploads\/2013\/02\/petar-dobrovic.png\"><img decoding=\"async\" class=\"aligncenter\" src=\"https:\/\/aleksandarpetrovic.org\/wp-content\/uploads\/2013\/02\/petar-dobrovic.png\" alt=\"\" width=\"275\" height=\"210\"><\/a><\/figure><\/span><\/td><td><span style=\"font-size: medium;\"><a title=\"Petar Dobrovi\u0107\" href=\"https:\/\/aleksandarpetrovic.org\/english\/filmography\/documentaries-and-short-films\/petar-dobrovic\/\"><strong>1957 PETAR DOBROVI\u0106<\/strong><\/a> Short film. Production: Zagreb film, Zagreb. Original screenplay: Miroslav Krle\u017ea, direction: Aleksandar Petrovi\u0107.<\/span><\/td><\/tr><tr><td class=\"has-text-align-center\" data-align=\"center\"><span style=\"font-size: medium;\"><figure><a href=\"https:\/\/aleksandarpetrovic.org\/wp-content\/uploads\/2013\/03\/jedini-izlaz.png\"><img loading=\"lazy\" decoding=\"async\" class=\"aligncenter\" src=\"https:\/\/aleksandarpetrovic.org\/wp-content\/uploads\/2013\/03\/jedini-izlaz.png\" alt=\"\" width=\"275\" height=\"206\"><\/a><\/figure><\/span><\/td><td><span style=\"font-size: medium;\"><a title=\"The Only Way Out\" href=\"https:\/\/aleksandarpetrovic.org\/english\/filmography\/feature-films\/the-only-way-out\/\"><strong>1958 THE ONLY EXIT <\/strong>(JEDINI IZLAZ)<\/a> Production: Zastava Film. Direction: Aleksandar Petrovi\u0107, Vicko Raspor. Screenplay: Antonije Isakovi\u0107, Stjepan Zaninovi\u0107, music: Ivo Tijardovi\u0107.<\/span><\/td><\/tr><tr><td class=\"has-text-align-center\" data-align=\"center\"><span style=\"font-size: medium;\"><figure><a href=\"https:\/\/aleksandarpetrovic.org\/wp-content\/uploads\/2013\/02\/putevi.png\"><img loading=\"lazy\" decoding=\"async\" class=\"aligncenter\" src=\"https:\/\/aleksandarpetrovic.org\/wp-content\/uploads\/2013\/02\/putevi.png\" alt=\"\" width=\"275\" height=\"212\"><\/a><\/figure><\/span><\/td><td><span style=\"font-size: medium;\"><a title=\"The Roads\" href=\"https:\/\/aleksandarpetrovic.org\/english\/filmography\/documentaries-and-short-films\/the-roads\/\"><strong>1958 THE ROADS <\/strong>(PUTEVI)<\/a> Short film. Production Avala Film. Author, screenplay, direction: Aleksandar Petrovi\u0107.<\/span><span style=\"font-size: medium;\"><em id=\"__mceDel\" style=\"line-height: 19px;\"><br><\/em><br><\/span><\/td><\/tr><tr><td class=\"has-text-align-center\" data-align=\"center\"><span style=\"font-size: medium;\"><figure><a href=\"https:\/\/aleksandarpetrovic.org\/wp-content\/uploads\/2013\/02\/rat-ratu.png\"><img loading=\"lazy\" decoding=\"async\" class=\"aligncenter\" src=\"https:\/\/aleksandarpetrovic.org\/wp-content\/uploads\/2013\/02\/rat-ratu.png\" alt=\"\" width=\"275\" height=\"216\"><\/a><\/figure><\/span><\/td><td><span style=\"font-size: medium;\"><a title=\"The War On War\" href=\"https:\/\/aleksandarpetrovic.org\/english\/filmography\/documentaries-and-short-films\/the-war-on-war\/\"><strong>1960 THE WAR ON WAR (WAR AGAINST THE WAR) <\/strong>(RAT RATU)<\/a> Short film. Production Avala Film. Screenplay: Nusret Seferovi\u0107, direction : Aleksandar Petrovi\u0107.<\/span><span style=\"font-size: medium;\"><strong><br><\/strong><\/span><\/td><\/tr><tr><td class=\"has-text-align-center\" data-align=\"center\"><span style=\"font-size: medium;\"><figure><a href=\"https:\/\/aleksandarpetrovic.org\/wp-content\/uploads\/2013\/03\/dvoje11.png\"><img loading=\"lazy\" decoding=\"async\" class=\"aligncenter\" src=\"https:\/\/aleksandarpetrovic.org\/wp-content\/uploads\/2013\/03\/dvoje11.png\" alt=\"\" width=\"275\" height=\"384\"><\/a><\/figure><\/span><\/td><td><span style=\"font-size: medium;\"><a title=\"When Love Has Gone\" href=\"https:\/\/aleksandarpetrovic.org\/english\/filmography\/feature-films\/when-love-has-gone\/\"><strong>1961 TWO (WHEN LOVE HAS GONE) <\/strong>(<strong><strong>DVOJE)<\/strong><\/strong><\/a> Production Avala Film. Author, original screenplay, choice of music and direction: Aleksandar Petrovi\u0107.<\/span><span style=\"font-size: medium;\"><strong><br><\/strong><\/span><\/td><\/tr><tr><td class=\"has-text-align-center\" data-align=\"center\">\n<h2><figure><a href=\"https:\/\/aleksandarpetrovic.org\/english\/wp-content\/uploads\/sites\/5\/2014\/01\/dani_en.png\"><img loading=\"lazy\" decoding=\"async\" src=\"https:\/\/aleksandarpetrovic.org\/english\/wp-content\/uploads\/sites\/5\/2014\/01\/dani_en.png\" alt=\"dani_en\" width=\"275\" height=\"372\"><\/a><\/figure><\/h2>\n<\/td><td><span style=\"font-size: medium;\"><a title=\"Days\" href=\"https:\/\/aleksandarpetrovic.org\/english\/filmography\/feature-films\/the-days\/\"><strong>1963 THE DAYS<\/strong> (DANI)<\/a> Production Avala Film. Screenplay: Aleksandar Petrovi\u0107, Bora \u0106osi\u0107, Du\u0161an Mati\u0107, Dusan Stojanovi\u0107. Direction: Aleksandar Petrovi\u0107.<\/span><span style=\"font-size: medium;\"><strong><br><\/strong><\/span><\/td><\/tr><tr><td class=\"has-text-align-center\" data-align=\"center\"><span style=\"font-size: medium;\"><figure><a href=\"https:\/\/aleksandarpetrovic.org\/wp-content\/uploads\/2013\/02\/zapisnik.png\"><img loading=\"lazy\" decoding=\"async\" class=\"aligncenter\" src=\"https:\/\/aleksandarpetrovic.org\/wp-content\/uploads\/2013\/02\/zapisnik.png\" alt=\"\" width=\"275\" height=\"211\"><\/a><\/figure><\/span><\/td><td><span style=\"font-size: medium;\"><a title=\"The Record\" href=\"https:\/\/aleksandarpetrovic.org\/english\/filmography\/documentaries-and-short-films\/record\/\"><strong>1964 RECORD (THE DATA) <\/strong>(ZAPISNIK)<\/a> Short film. Production Dunav film, Beograd. Original screenplay, choice of music and direction: Aleksandar Petrovi\u0107.<\/span><span style=\"font-size: medium;\"><strong><br><\/strong><\/span><\/td><\/tr><tr><td class=\"has-text-align-center\" data-align=\"center\"><span style=\"font-size: medium;\"><figure><a href=\"https:\/\/aleksandarpetrovic.org\/wp-content\/uploads\/2013\/02\/sabori.png\"><img loading=\"lazy\" decoding=\"async\" class=\"aligncenter\" src=\"https:\/\/aleksandarpetrovic.org\/wp-content\/uploads\/2013\/02\/sabori.png\" alt=\"\" width=\"275\" height=\"214\"><\/a><\/figure><\/span><\/td><td><span style=\"font-size: medium;\"><a title=\"Assemblies\" href=\"https:\/\/aleksandarpetrovic.org\/english\/filmography\/documentaries-and-short-films\/assemblies\/\"><strong>1965 ASSEMBLIES (<strong>FAIRS<\/strong>) <\/strong>(SABORI)<\/a> Short film. Production Dunav film, Beograd. Original screenplay, choice of music and direction: Aleksandar Petrovi\u0107.<\/span><span style=\"font-size: medium;\"><strong><br><\/strong><\/span><\/td><\/tr><tr><td class=\"has-text-align-center\" data-align=\"center\"><span style=\"font-size: medium;\"><figure><a href=\"https:\/\/aleksandarpetrovic.org\/wp-content\/uploads\/2013\/03\/Tri-FR.png\"><img loading=\"lazy\" decoding=\"async\" class=\"aligncenter size-medium wp-image-845\" src=\"https:\/\/aleksandarpetrovic.org\/wp-content\/uploads\/2013\/03\/Tri-FR-204x300.png\" alt=\"Tri FR\" width=\"275\" height=\"407\"><\/a><\/figure><\/span><\/td><td><span style=\"font-size: medium;\"><a title=\"Three\" href=\"https:\/\/aleksandarpetrovic.org\/english\/filmography\/feature-films\/three\/\"><strong>1965 THREE <\/strong>(TRI)<\/a> Production Avala Film. Screenplay: Aleksandar Petrovi\u0107 and Antonije Isakovi\u0107, based on the tales of the Yugoslav writer Antonije Isakovi\u0107. Choice of music and direction: Aleksandar Petrovi\u0107.<\/span><span style=\"font-size: medium;\"><strong><br><\/strong><br><\/span><\/td><\/tr><tr><td class=\"has-text-align-center\" data-align=\"center\"><span style=\"font-size: medium;\"><figure><a href=\"https:\/\/aleksandarpetrovic.org\/wp-content\/uploads\/2013\/03\/skupljaci-perja-igrani.png\"><img loading=\"lazy\" decoding=\"async\" class=\"aligncenter\" src=\"https:\/\/aleksandarpetrovic.org\/wp-content\/uploads\/2013\/03\/skupljaci-perja-igrani.png\" alt=\"\" width=\"275\" height=\"373\"><\/a><\/figure><\/span><\/td><td><span style=\"font-size: medium;\"><a title=\"I Even Met Happy Gypsies\" href=\"https:\/\/aleksandarpetrovic.org\/english\/filmography\/feature-films\/i-even-met-happy-gypsies\/\"><strong>1967 I EVEN MET HAPPY GYPSIES <\/strong>(SKUPLJACI PERJA)<\/a> Production Avala Film. Original screenplay, choice of music and direction: Aleksandar Petrovi\u0107.<\/span><span style=\"font-size: medium;\"><strong><br><\/strong><\/span><\/td><\/tr><tr><td class=\"has-text-align-center\" data-align=\"center\"><span style=\"font-size: medium;\"><figure><a style=\"line-height: 19px;\" href=\"https:\/\/aleksandarpetrovic.org\/wp-content\/uploads\/2013\/03\/Bice-skoro-propast-sveta-FR.png\"><img loading=\"lazy\" decoding=\"async\" class=\"aligncenter size-medium wp-image-846\" src=\"https:\/\/aleksandarpetrovic.org\/wp-content\/uploads\/2013\/03\/Bice-skoro-propast-sveta-FR-218x300.png\" alt=\"Bice skoro propast sveta FR\" width=\"275\" height=\"379\" srcset=\"https:\/\/aleksandarpetrovic.org\/wp-content\/uploads\/2013\/03\/Bice-skoro-propast-sveta-FR-218x300.png 218w, https:\/\/aleksandarpetrovic.org\/wp-content\/uploads\/2013\/03\/Bice-skoro-propast-sveta-FR.png 269w\" sizes=\"(max-width: 275px) 100vw, 275px\" \/><\/a><\/figure><\/span><\/td><td><span style=\"font-size: medium;\"><a title=\"It Rains In My Village \u2013 The End Of The World Is Near, Let It End It Won\u2019t Be A Pity\" href=\"https:\/\/aleksandarpetrovic.org\/english\/filmography\/feature-films\/it-rains-in-my-village-the-end-of-the-worls-is-near-let-it-end-it-wont-be-a-pity\/\"><strong>1968 IT RAINS IN MY VILLAGE- THE END OF THE WORLD IS NEAR, LET IT END IT WON\u2019T BE A PITY <\/strong>(BI\u0106E SKORO PROPAST SVETA NEK PROPADNE NIJE \u0160TETA)<\/a> Original screenplay, choice of music and direction: Aleksandar Petrovi\u0107. Co-production: Avala film Beograd, Les Productions Artistes Associ\u00e9s S.A. Paris.<\/span><span style=\"font-size: medium;\"><strong><br><\/strong><br><\/span><\/td><\/tr><tr><td class=\"has-text-align-center\" data-align=\"center\"><span style=\"font-size: medium;\"><figure><a style=\"line-height: 19px;\" href=\"https:\/\/aleksandarpetrovic.org\/wp-content\/uploads\/2013\/03\/Majstor-i-margarita-FR.png\"><img loading=\"lazy\" decoding=\"async\" class=\"aligncenter size-medium wp-image-847\" src=\"https:\/\/aleksandarpetrovic.org\/wp-content\/uploads\/2013\/03\/Majstor-i-margarita-FR-219x300.png\" alt=\"Majstor i margarita FR\" width=\"275\" height=\"376\" srcset=\"https:\/\/aleksandarpetrovic.org\/wp-content\/uploads\/2013\/03\/Majstor-i-margarita-FR-219x300.png 219w, https:\/\/aleksandarpetrovic.org\/wp-content\/uploads\/2013\/03\/Majstor-i-margarita-FR.png 274w\" sizes=\"(max-width: 275px) 100vw, 275px\" \/><\/a><\/figure><\/span><\/td><td><span style=\"font-size: medium;\"><a title=\"The Master and Margarita\" href=\"https:\/\/aleksandarpetrovic.org\/english\/filmography\/feature-films\/the-master-and-margarita\/\"><strong>1972 THE MASTER AND MARGARITA (IL <b>MAESTRO E MARGHERITA<\/b>) <\/strong>(MAJSTOR I MARGARITA)<\/a> after the Russian writer Mikhail Bulgakov\u2019s book. Direction, screenplay in collaboration with Barbara Alberti and Amedeo Pagani, choice of music: Aleksandar Petrovi\u0107. Co-production: Dunav film Beograd, Euro International Film S.P.A., Rome.<\/span><span style=\"font-size: medium;\"><strong><br><\/strong><\/span><\/td><\/tr><tr><td class=\"has-text-align-center\" data-align=\"center\"><span style=\"font-size: medium;\"><figure><a href=\"https:\/\/aleksandarpetrovic.org\/wp-content\/uploads\/2013\/03\/grupni-portret-s-damom-igrani.png\"><img loading=\"lazy\" decoding=\"async\" class=\"aligncenter\" src=\"https:\/\/aleksandarpetrovic.org\/wp-content\/uploads\/2013\/03\/grupni-portret-s-damom-igrani.png\" alt=\"\" width=\"275\" height=\"375\"><\/a><\/figure><\/span><\/td><td><span style=\"font-size: medium;\"><a title=\"Group Portrait With A Lady\" href=\"https:\/\/aleksandarpetrovic.org\/english\/filmography\/feature-films\/when-love-has-gone-2\/\"><strong>1977 GROUP PORTRAIT WITH LADY (GRUPNI PORTRET SA DAMOM) <\/strong>(GRUPPENBILD MIT DAME)<\/a> after the German Nobel Prize writer Heinrich B\u00f6ll&#8217;s book. Screenplay Aleksandar Petrovi\u0107 in collaboration with J\u00fcrgen Kolbe. Direction, choice of music: Aleksandar Petrovi\u0107. Co-production: Stella-Film M\u00fcnchen, Artistes Associ\u00e9s Paris, Cin\u00e8ma 77 Betelinguns GMBH &amp; Co., 4 Produktions KG, ZDH, MAINZ.<\/span><span style=\"font-size: medium;\"><strong><br><\/strong><\/span><\/td><\/tr><tr><td class=\"has-text-align-center\" data-align=\"center\"><span style=\"font-size: medium;\"><figure><a href=\"https:\/\/aleksandarpetrovic.org\/english\/wp-content\/uploads\/sites\/5\/2013\/03\/falcon-E.png\"><img loading=\"lazy\" decoding=\"async\" class=\"aligncenter size-full wp-image-508\" src=\"https:\/\/aleksandarpetrovic.org\/english\/wp-content\/uploads\/sites\/5\/2013\/03\/falcon-E.png\" alt=\"falcon E\" width=\"280\" height=\"464\"><\/a><\/figure><\/span><\/td><td><span style=\"font-size: medium;\"><strong><span style=\"line-height: 19px;\">1981 THE FALCON (BANOVI\u0106&nbsp;<\/span>STRAHINJA) <\/strong><\/span><span style=\"font-size: medium;\"><strong>Original screenplay<\/strong> \u2013 Co-production: Jadran Film, Zagreb, CFS Ko\u0161utnjak \u2013OOUR <\/span><span style=\"font-size: medium;\">Avala film, Beograd, R. von Hirschberger \/R. Kalmowitz Filmproduk OHG \u2013 Neue Tele-Contact Filmproduktion, M\u00fcnchen; FRZ, Zagreb, Avala pro-<\/span><span style=\"font-size: medium;\">film, Beograd i Zvezda film, Novi Sad. Screenplay: Aleksandar Petrovi\u0107, Vatroslav Mimica, Direction: Vatroslav Mimica.<\/span><span style=\"font-size: medium;\"><strong><br><\/strong><\/span><\/td><\/tr><tr><td class=\"has-text-align-center\" data-align=\"center\"><span style=\"font-size: medium;\"><figure><a href=\"https:\/\/aleksandarpetrovic.org\/wp-content\/uploads\/2013\/03\/seobe-FR.png\"><img loading=\"lazy\" decoding=\"async\" class=\"aligncenter size-medium wp-image-848\" src=\"https:\/\/aleksandarpetrovic.org\/wp-content\/uploads\/2013\/03\/seobe-FR-239x300.png\" alt=\"seobe FR\" width=\"275\" height=\"344\" srcset=\"https:\/\/aleksandarpetrovic.org\/wp-content\/uploads\/2013\/03\/seobe-FR-239x300.png 239w, https:\/\/aleksandarpetrovic.org\/wp-content\/uploads\/2013\/03\/seobe-FR.png 299w\" sizes=\"(max-width: 275px) 100vw, 275px\" \/><\/a><\/figure><\/span><\/td><td><span style=\"font-size: medium;\"><a title=\"Migrations\" href=\"https:\/\/aleksandarpetrovic.org\/english\/filmography\/feature-films\/migrations\/\"><strong>1989-1994 MIGRATIONS- The Most Glorious of Wars <\/strong>(SEOBE)<\/a> after the Serbian writer Milo\u0161 Crnjanski\u2019s book Seobe. Screenplay: Aleksandar Petrovi\u0107 in collaboration with Jacques Doniol-Valcroze. Direction: Aleksandar Petrovi\u0107. Co-production: Radio Televizija Srbije, M\u00e9diterran\u00e9e Cin\u00e9ma, Obadia BAMC Paris.<\/span><span style=\"font-size: medium;\"><strong><br><\/strong><\/span><\/td><\/tr><\/tbody><\/table><\/figure>\n\n\n\n<p><\/p>\n","protected":false},"excerpt":{"rendered":"<p>1955 SHOULDER TO SHOULDER (SIDE BY SIDE) (UZ DRUGA JE DRUG) Documentary. Production: Zastava Film. Film direction: Aleksandar Petrovi\u0107 and Vicko Raspor. Screenwriting: Nusret Seferovi\u0107, Vicko Raspor. 1956-57 FLIGHT OVER THE SWAMP (LET NAD MO\u010cVAROM) Short film. Screenplay: Aleksandar Petrovi\u0107, Vicko Raspor, direction and music choice Aleksandar Petrovi\u0107. Production: Slavija Film. 1957 PETAR DOBROVI\u0106 Short [&hellip;]<\/p>\n","protected":false},"author":1,"featured_media":0,"parent":0,"menu_order":0,"comment_status":"closed","ping_status":"open","template":"","meta":{"footnotes":""},"class_list":["post-5","page","type-page","status-publish","hentry"],"yoast_head":"<!-- This site is optimized with the Yoast SEO plugin v26.3 - https:\/\/yoast.com\/wordpress\/plugins\/seo\/ -->\n<title>Filmography - Aleksandar Petrovic<\/title>\n<meta name=\"description\" content=\"Filmography - Aleksandar Petrovic\" \/>\n<meta name=\"robots\" content=\"index, follow, max-snippet:-1, max-image-preview:large, max-video-preview:-1\" \/>\n<link rel=\"canonical\" href=\"https:\/\/aleksandarpetrovic.org\/en\/filmography\/\" \/>\n<meta property=\"og:locale\" content=\"en_US\" \/>\n<meta property=\"og:type\" content=\"article\" \/>\n<meta property=\"og:title\" content=\"Filmography - Aleksandar Petrovic\" \/>\n<meta property=\"og:description\" content=\"Filmography - Aleksandar Petrovic\" \/>\n<meta property=\"og:url\" content=\"https:\/\/aleksandarpetrovic.org\/en\/filmography\/\" \/>\n<meta property=\"og:site_name\" content=\"Aleksandar Petrovic\" \/>\n<meta property=\"article:modified_time\" content=\"2025-05-13T13:56:42+00:00\" \/>\n<meta property=\"og:image\" content=\"https:\/\/aleksandarpetrovic.org\/wp-content\/uploads\/2013\/02\/uz-druga-je-drug.png\" \/>\n<meta name=\"twitter:card\" content=\"summary_large_image\" \/>\n<meta name=\"twitter:label1\" content=\"Est. reading time\" \/>\n\t<meta name=\"twitter:data1\" content=\"6 minutes\" \/>\n<script type=\"application\/ld+json\" class=\"yoast-schema-graph\">{\"@context\":\"https:\/\/schema.org\",\"@graph\":[{\"@type\":\"WebPage\",\"@id\":\"https:\/\/aleksandarpetrovic.org\/en\/filmography\/\",\"url\":\"https:\/\/aleksandarpetrovic.org\/en\/filmography\/\",\"name\":\"Filmography - Aleksandar Petrovic\",\"isPartOf\":{\"@id\":\"https:\/\/aleksandarpetrovic.org\/#website\"},\"primaryImageOfPage\":{\"@id\":\"https:\/\/aleksandarpetrovic.org\/en\/filmography\/#primaryimage\"},\"image\":{\"@id\":\"https:\/\/aleksandarpetrovic.org\/en\/filmography\/#primaryimage\"},\"thumbnailUrl\":\"https:\/\/aleksandarpetrovic.org\/wp-content\/uploads\/2013\/02\/uz-druga-je-drug.png\",\"datePublished\":\"2013-03-17T03:54:32+00:00\",\"dateModified\":\"2025-05-13T13:56:42+00:00\",\"description\":\"Filmography - Aleksandar Petrovic\",\"breadcrumb\":{\"@id\":\"https:\/\/aleksandarpetrovic.org\/en\/filmography\/#breadcrumb\"},\"inLanguage\":\"en-US\",\"potentialAction\":[{\"@type\":\"ReadAction\",\"target\":[\"https:\/\/aleksandarpetrovic.org\/en\/filmography\/\"]}]},{\"@type\":\"ImageObject\",\"inLanguage\":\"en-US\",\"@id\":\"https:\/\/aleksandarpetrovic.org\/en\/filmography\/#primaryimage\",\"url\":\"https:\/\/aleksandarpetrovic.org\/wp-content\/uploads\/2013\/02\/uz-druga-je-drug.png\",\"contentUrl\":\"https:\/\/aleksandarpetrovic.org\/wp-content\/uploads\/2013\/02\/uz-druga-je-drug.png\"},{\"@type\":\"BreadcrumbList\",\"@id\":\"https:\/\/aleksandarpetrovic.org\/en\/filmography\/#breadcrumb\",\"itemListElement\":[{\"@type\":\"ListItem\",\"position\":1,\"name\":\"Accueil\",\"item\":\"https:\/\/aleksandarpetrovic.org\/fr\/\"},{\"@type\":\"ListItem\",\"position\":2,\"name\":\"Filmography\"}]},{\"@type\":\"WebSite\",\"@id\":\"https:\/\/aleksandarpetrovic.org\/#website\",\"url\":\"https:\/\/aleksandarpetrovic.org\/\",\"name\":\"Aleksandar Petrovic\",\"description\":\"Film Director (Official Website)\\n\",\"potentialAction\":[{\"@type\":\"SearchAction\",\"target\":{\"@type\":\"EntryPoint\",\"urlTemplate\":\"https:\/\/aleksandarpetrovic.org\/?s={search_term_string}\"},\"query-input\":{\"@type\":\"PropertyValueSpecification\",\"valueRequired\":true,\"valueName\":\"search_term_string\"}}],\"inLanguage\":\"en-US\"}]}<\/script>\n<!-- \/ Yoast SEO plugin. -->","yoast_head_json":{"title":"Filmography - Aleksandar Petrovic","description":"Filmography - Aleksandar Petrovic","robots":{"index":"index","follow":"follow","max-snippet":"max-snippet:-1","max-image-preview":"max-image-preview:large","max-video-preview":"max-video-preview:-1"},"canonical":"https:\/\/aleksandarpetrovic.org\/en\/filmography\/","og_locale":"en_US","og_type":"article","og_title":"Filmography - Aleksandar Petrovic","og_description":"Filmography - Aleksandar Petrovic","og_url":"https:\/\/aleksandarpetrovic.org\/en\/filmography\/","og_site_name":"Aleksandar Petrovic","article_modified_time":"2025-05-13T13:56:42+00:00","og_image":[{"url":"https:\/\/aleksandarpetrovic.org\/wp-content\/uploads\/2013\/02\/uz-druga-je-drug.png","type":"","width":"","height":""}],"twitter_card":"summary_large_image","twitter_misc":{"Est. reading time":"6 minutes"},"schema":{"@context":"https:\/\/schema.org","@graph":[{"@type":"WebPage","@id":"https:\/\/aleksandarpetrovic.org\/en\/filmography\/","url":"https:\/\/aleksandarpetrovic.org\/en\/filmography\/","name":"Filmography - Aleksandar Petrovic","isPartOf":{"@id":"https:\/\/aleksandarpetrovic.org\/#website"},"primaryImageOfPage":{"@id":"https:\/\/aleksandarpetrovic.org\/en\/filmography\/#primaryimage"},"image":{"@id":"https:\/\/aleksandarpetrovic.org\/en\/filmography\/#primaryimage"},"thumbnailUrl":"https:\/\/aleksandarpetrovic.org\/wp-content\/uploads\/2013\/02\/uz-druga-je-drug.png","datePublished":"2013-03-17T03:54:32+00:00","dateModified":"2025-05-13T13:56:42+00:00","description":"Filmography - Aleksandar Petrovic","breadcrumb":{"@id":"https:\/\/aleksandarpetrovic.org\/en\/filmography\/#breadcrumb"},"inLanguage":"en-US","potentialAction":[{"@type":"ReadAction","target":["https:\/\/aleksandarpetrovic.org\/en\/filmography\/"]}]},{"@type":"ImageObject","inLanguage":"en-US","@id":"https:\/\/aleksandarpetrovic.org\/en\/filmography\/#primaryimage","url":"https:\/\/aleksandarpetrovic.org\/wp-content\/uploads\/2013\/02\/uz-druga-je-drug.png","contentUrl":"https:\/\/aleksandarpetrovic.org\/wp-content\/uploads\/2013\/02\/uz-druga-je-drug.png"},{"@type":"BreadcrumbList","@id":"https:\/\/aleksandarpetrovic.org\/en\/filmography\/#breadcrumb","itemListElement":[{"@type":"ListItem","position":1,"name":"Accueil","item":"https:\/\/aleksandarpetrovic.org\/fr\/"},{"@type":"ListItem","position":2,"name":"Filmography"}]},{"@type":"WebSite","@id":"https:\/\/aleksandarpetrovic.org\/#website","url":"https:\/\/aleksandarpetrovic.org\/","name":"Aleksandar Petrovic","description":"Film Director (Official Website)\n","potentialAction":[{"@type":"SearchAction","target":{"@type":"EntryPoint","urlTemplate":"https:\/\/aleksandarpetrovic.org\/?s={search_term_string}"},"query-input":{"@type":"PropertyValueSpecification","valueRequired":true,"valueName":"search_term_string"}}],"inLanguage":"en-US"}]}},"_links":{"self":[{"href":"https:\/\/aleksandarpetrovic.org\/en\/wp-json\/wp\/v2\/pages\/5","targetHints":{"allow":["GET"]}}],"collection":[{"href":"https:\/\/aleksandarpetrovic.org\/en\/wp-json\/wp\/v2\/pages"}],"about":[{"href":"https:\/\/aleksandarpetrovic.org\/en\/wp-json\/wp\/v2\/types\/page"}],"author":[{"embeddable":true,"href":"https:\/\/aleksandarpetrovic.org\/en\/wp-json\/wp\/v2\/users\/1"}],"replies":[{"embeddable":true,"href":"https:\/\/aleksandarpetrovic.org\/en\/wp-json\/wp\/v2\/comments?post=5"}],"version-history":[{"count":3,"href":"https:\/\/aleksandarpetrovic.org\/en\/wp-json\/wp\/v2\/pages\/5\/revisions"}],"predecessor-version":[{"id":4946,"href":"https:\/\/aleksandarpetrovic.org\/en\/wp-json\/wp\/v2\/pages\/5\/revisions\/4946"}],"wp:attachment":[{"href":"https:\/\/aleksandarpetrovic.org\/en\/wp-json\/wp\/v2\/media?parent=5"}],"curies":[{"name":"wp","href":"https:\/\/api.w.org\/{rel}","templated":true}]}}