{"id":884,"date":"2018-06-26T19:17:24","date_gmt":"2018-06-26T19:17:24","guid":{"rendered":"http:\/\/aleksandarpetrovic.org\/english\/?page_id=884"},"modified":"2025-11-04T17:15:00","modified_gmt":"2025-11-04T22:15:00","slug":"festivals","status":"publish","type":"page","link":"https:\/\/aleksandarpetrovic.org\/en\/festivals\/","title":{"rendered":"Festivals"},"content":{"rendered":"\n<ul class=\"wp-block-list\">\n<li>Auch Festival du film, France &#8211; april 2018 -\u2013\u00a0I Even Met Happy Gypsies (Skuplja\u010di perja)<\/li>\n\n\n\n<li>Festival of mixed culture in Alen\u00e7on, France &#8211; February 2018 \u2013\u00a0I Even Met Happy Gypsies (Skuplja\u010di perja)<\/li>\n\n\n\n<li>Arras Film Festival, France &#8211;\u00a02017\u00a0\u2013 Classiques Restaur\u00e9s \u2013\u00a0I Even Met Happy Gypsies (Skuplja\u010di perja)<\/li>\n\n\n\n<li>Grand Lyon Film Festival Lumi\u00e8re, France &#8211; 2017, October 14- 22, Ressorties \u2013 I Even Met Happy Gypsies (Skuplja\u010di perja)<\/li>\n\n\n\n<li>46th Film festival-Sopot SOFEST Serbia, july 2017 &#8211; I Even Met Happy Gypsies (Skuplja\u010di perja)<\/li>\n\n\n\n<li>70th\u00a0Festival of Cannes 2017, Official selection CANNES CLASSICS May 2017 &#8211; I Even Met Happy Gypsies (Skuplja\u010di perja)<\/li>\n\n\n\n<li>Europe around Europe Festival, Paris, march 2017 \u2013 Migrations<\/li>\n\n\n\n<li>45th FEST international film Festival Belgrade \u00ab\u00a0Fest classic\u00a0\u00bb march 2017 &#8211; I Even Met Happy Gypsies (Skuplja\u010di perja)<\/li>\n\n\n\n<li>55th Rencontres de cin\u00e9ma de P\u00e9zenas France, f\u00e9vrier 2017 &#8211; I Even Met Happy Gypsies (Skuplja\u010di perja)<\/li>\n\n\n\n<li>Nottingham Contemporary Museum: Yugoslav Black wave in the 60s and 70s, February 2016 &#8211; I Even Met Happy Gypsies (Skuplja\u010di perja)<\/li>\n\n\n\n<li>Festival Cin\u00e9pause, Donzy, France 2016 &#8211; I Even Met Happy Gypsies (Skuplja\u010di perja)<\/li>\n\n\n\n<li>Film review, Banja Kovilja\u010da, Serbia 2016 &#8211; The Master and Margarita (Majstor i Margarita)<\/li>\n\n\n\n<li>Film review, Banja Kovilja\u010da, Serbia, 2015 &#8211; When Love Has Gone (Dvoje), I Even Met Happy Gypsies (Skuplja\u010di perja), It Rains In My Village (Bi\u0107e skoro propast sveta nek propadne nije \u0161teta)<\/li>\n\n\n\n<li>16th International Film Festival IFF Bratislava Slovakia, November 2014 &#8211; It Rains In My Village (Bi\u0107e skoro propast sveta nek propadne nije \u0161teta)<\/li>\n\n\n\n<li>Imagineria International Film Festival Madrid 2014 &#8211; I Even Met Happy Gypsies (Skuplja\u010di perja)<\/li>\n\n\n\n<li>MuCEM Marseille 2013 &#8211; I Even Met Happy Gypsies (Skuplja\u010di perja)<\/li>\n\n\n\n<li>36th\u00a0Festival de cin\u00e9ma de Douarnenez, Roms, Gypsies and Travelers, France, August 2013 &#8211; I Even Met Happy Gypsies (Skuplja\u010di perja), It Rains In My<\/li>\n\n\n\n<li>Village (Bi\u0107e skoro propast sveta nek propadne nije \u0161teta)<\/li>\n\n\n\n<li>Festival R\u00e9sistances de Foix en Ari\u00e8ge, France, July 2013 &#8211; I Even Met Happy Gypsies (Skuplja\u010di perja)<\/li>\n\n\n\n<li>Europe around Europe Festival Paris, march 2013 &#8211; I Even Met Happy Gypsies (Skuplja\u010di perja)<\/li>\n\n\n\n<li>5th\u00a0Festival of European Cinema- Les Arcs, France- 2013 &#8211; I Even Met Happy Gypsies (Skuplja\u010di perja)<\/li>\n\n\n\n<li>60th Documentary and Short Film Festival, Belgrade, april 2013 &#8211; Assemblies (Sabori)<\/li>\n\n\n\n<li>Black wave &#8211; 2012 &#8211; I Even Met Happy Gypsies (Skuplja\u010di perja)<\/li>\n\n\n\n<li>Cin\u00e9math\u00e8que fran\u00e7aise Paris 2012 &#8211; I Even Met Happy Gypsies (Skuplja\u010di perja)<\/li>\n\n\n\n<li>Europe around Europe Festival, Paris, 2012 &#8211; It Rains In My Village (Bi\u0107e skoro propast sveta nek propadne nije \u0161teta)<\/li>\n\n\n\n<li>Europe around Europe Festival, Paris -Normandy 2011 &#8211; Flight Over The Swamp (Let nad mo\u010dvarom), Les chemins (Putevi), I Even Met Happy Gypsies (Skuplja\u010di perja)<\/li>\n\n\n\n<li>Colloque Tziganes, Nomades &#8211; un malentendu europ\u00e9en (colloquium on Roms and nomads) Paris, october 2011 \u2013 I Even Met Happy Gypsies (Skuplja\u010di perja)<\/li>\n\n\n\n<li>Un \u00e9tat du monde et &#8230;.du cin\u00e9ma &#8211; Forum des images &#8211; Paris 2011 &#8211; I Even Met Happy Gypsies (Skuplja\u010di perja)<\/li>\n\n\n\n<li>Europe around Europe Festival, Paris 2010 &#8211; The Master and Margarita (Majstor i Margarita)<\/li>\n\n\n\n<li>Film review \u00ab\u00a0Aleksandar Sacha Petrovi\u0107\u00a0\u00bb Banja Kovilja\u010da, Serbia, 2009 \u2013Three (Tri)<\/li>\n\n\n\n<li>International Films Festival\u00a0Cinema City, Novi Sad, Serbia,\u00a02009 &#8211; Homage to national auteur Aleksandar Sacha Petrovi\u0107 : When Love Has Gone (Dvoje), Days (Dani), Three (Tri), I Even Met Happy Gypsies (Skuplja\u010di perja), It Rains In My Village (Bi\u0107e skoro propast sveta nek propadne nije \u0161teta), The Master and Margarita (Majstor i Margarita), Group Portrait With A Lady (Grupni portret sa damom), Migrations (Seobe)<\/li>\n\n\n\n<li>Europe around Europe Festival, Paris 2009 \u2013 Three (Tri)<\/li>\n\n\n\n<li>Europe around Europe Festival, Paris, Normandy, 2008 \u2013 Three (Tri), Days (Dani), When Love Has Gone (Dvoje)<\/li>\n\n\n\n<li>Europe around Europe Festival, Evreux, Normandy &#8211; march 2007- The Roads (Putevi) Assemblies (Sabori), I Even Met Happy Gypsies (Skuplja\u010di perja)<\/li>\n\n\n\n<li>Serbian Film Festival, Paris-Normandie, 2006\u00a0\u2013 Three (Tri), The Master and Margarita (Majstor i Margarita)<\/li>\n\n\n\n<li>Brittany Cinema Festival, Douarnenez, France 2006 &#8211; I Even Met Happy Gypsies (Skuplja\u010di perja)<\/li>\n\n\n\n<li>4th Festival of La Roulotte, Chamb\u00e9ry, France 2006 &#8211; I Even Met Happy Gypsies (Skuplja\u010di perja)<\/li>\n\n\n\n<li>12th International Film and Music Festival in Geneva, October 1996 &#8211; I Even Met Happy Gypsies (Skuplja\u010di perja)<\/li>\n\n\n\n<li>Auteur Film Festival, Belgrade (FAF). The festival was created in 1995 in honor\u00a0of Aleksandar Petrovi\u0107. The main prize is the Grand Prix Aleksandar Sa\u0161a Petrovi\u0107<\/li>\n\n\n\n<li>3rd Film Festival in Novi Sad, Serbia, September 1994.<\/li>\n\n\n\n<li>27th Yugoslav Film Festival &#8211; Arandjelovac, Serbia, 1994 \u2013 Seobe (Migrations)<\/li>\n\n\n\n<li>29th Film Festival \u2013 Actors\u2019 meeting &#8211; Nis, Serbia, August 1994 \u2013 Seobe (Migrations)<\/li>\n\n\n\n<li>International Film Festival of Montreal, Canada, August 1994 (non competition) \u2013 Seobe (Migrations)<\/li>\n\n\n\n<li>Screenwriting Festival of Vrnjacka banja, Serbia, August 1994\u2013 Seobe (Migrations)<\/li>\n\n\n\n<li>8th Yugoslav Film Festival of Herceg Novi, Montenegro, August 1994 (non competition) \u2013 Seobe (Migrations)<\/li>\n\n\n\n<li>International Film Festival of Palic, Serbia, July 1994 \u2013 Seobe (Migrations)<\/li>\n\n\n\n<li>23rd Film Festival in Sopot, Serbia, July 1994 \u2013 Seobe (Migrations)<\/li>\n\n\n\n<li>International Festival of book and film in Saint Malo, France, May 1993 &#8211; I Even Met Happy Gypsies (Skuplja\u010di perja), Migrations (Seobe)<\/li>\n\n\n\n<li>Festival of First Films, Paris, 1992 \u2013 Days (Dani)<\/li>\n\n\n\n<li>Documentary Film Festival of Rennes, November (Programme sp\u00e9cial)\u00a01992 &#8211;\u00a0Flight Over The Swamp (Let nad mo\u010dvarom), The Roads (Putevi), The Record (Zapisnik), Assemblies (Sabori), Three (Tri), I Even Met Happy Gypsies (Skuplja\u010di perja), It Rains In My Village (Bi\u0107e skoro propast sveta nek propadne nije \u0161teta), The Master and Margarita (Majstor i Margarita), Group Portrait With A Lady (Grupni portret sa damom)<\/li>\n\n\n\n<li>9th Istanbul International Film Festival, (Yugoslav Films program), 1990\u00a0\u2013Three (Tri), The Master and Margarita (Majstor i Margarita)<\/li>\n\n\n\n<li>5th Film Festival of Mediterranean culture in Bastia, Corsica, 1989 &#8211; I Even Met Happy Gypsies (Skuplja\u010di perja), It Rains In My Village (Bi\u0107e skoro propast sveta nek propadne nije \u0161teta)<\/li>\n\n\n\n<li>FEST International Film Festival Belgrade 1987 &#8211; Group Portrait With A Lady (Grupni portret sa damom)<\/li>\n\n\n\n<li>International Film Festival in La Rochelle, 1986 &#8211; When Love Has Gone (Dvoje), Days (Dani)<\/li>\n\n\n\n<li>Georges Pompidou Center, Paris, Yugoslav Cinema, 1986 &#8211; Flight Over The Swamp (Let nad mo\u010dvarom,) When Love Has Gone (Dvoje), Days (Dani), Three (Tri), I Even Met Happy Gypsies (Skuplja\u010di perja), It Rains In My Village (Bi\u0107e skoro propast sveta nek propadne nije \u0161teta), The Master and Margarita (Majstor i Margarita)<\/li>\n\n\n\n<li>Film Festival of Vrnja\u010dka Banja, Serbia, 1981 \u2013 The Falcon (Banovi\u0107 Strahinja)<\/li>\n\n\n\n<li>Georges Pompidou Center, Paris, Yugoslav Cinema 1980 \u2013 Three (Tri)<\/li>\n\n\n\n<li>Human Rights Film Festival Chicago,1980 -Three (Tri), I Even Met Happy Gypsies (Skuplja\u010di perja), It Rains In My Village (Bi\u0107e skoro propast sveta nek propadne nije \u0161teta), Group Portrait With A Lady (Grupni portret sa damom)<\/li>\n\n\n\n<li>30th\u00a0Cannes Film Festival, Nominated for Palme d&#8217;Or (Best Film) 1977 \u2013 Group Portrait With A Lady (Grupni portret sa damom)<\/li>\n\n\n\n<li>Sorrento Film Festival, Italy,1975 \u2013Three (Tri)<\/li>\n\n\n\n<li>Art films in Pau, France 1974 &#8211; The Master and Margarita (Majstor i Margarita)<\/li>\n\n\n\n<li>Meeting with cinema Ni\u0161, Yugoslavia, 1973 &#8211; The Master and Margarita (Majstor i Margarita)<\/li>\n\n\n\n<li>Mini Festival in Rouen, France, october 1973 &#8211; The Master and Margarita (Majstor i Margarita)<\/li>\n\n\n\n<li>Vienale 73, Vienna 1973 &#8211; The Master and Margarita (Majstor i Margarita)<\/li>\n\n\n\n<li>26th\u00a0Cannes Film Festival, 1973 (out of competition) &#8211; The Master and Margarita (Majstor i Margarita)<\/li>\n\n\n\n<li>International Film Festival, Los Angeles, november 1972 -The Master and Margarita (Majstor i Margarita)<\/li>\n\n\n\n<li>International Film Festival, Denia Spain, november 1972 -The Master and Margarita (Majstor i Margarita)<\/li>\n\n\n\n<li>Cartagena International Film Festival, Cartagena, Tunisia, october 1972 -The Master and Margarita (Majstor i Margarita)<\/li>\n\n\n\n<li>8th Chicago International Film Festival, november 1972 &#8211; The Master and Margarita (Majstor i Margarita)<\/li>\n\n\n\n<li>33rd\u00a0Venice Film Festival, August 1972 -The Master and Margarita (Majstor i Margarita)<\/li>\n\n\n\n<li>20th\u00a0Pula Yugoslav Film Festival, 1972 \u2013 The Master and Margarita (Majstor i Margarita)<\/li>\n\n\n\n<li>Nations Festival in Messine, July &#8211; August 1970 &#8211; It Rains In My Village (Bi\u0107e skoro propast sveta nek propadne nije \u0161teta)<\/li>\n\n\n\n<li>Taormina Film Festival, July 1970 &#8211; It Rains In My Village (Bi\u0107e skoro propast sveta nek propadne nije \u0161teta)<\/li>\n\n\n\n<li>International Folk Film Festival, Kranj, Slovenie 1970 &#8211; Assemblies (Sabori)<\/li>\n\n\n\n<li>Summer Festival at Martini, Switzerland, july 1969 &#8211; I Even Met Happy Gypsies (Skuplja\u010di perja)<\/li>\n\n\n\n<li>16th\u00a0Pula Yugoslav Film Festival, 1969 &#8211; It Rains In My Village (Bi\u0107e skoro propast sveta nek propadne nije \u0161teta)<\/li>\n\n\n\n<li>22nd\u00a0Cannes Film Festival, 1969 &#8211; It Rains In My Village (Bi\u0107e skoro propast sveta nek propadne nije \u0161teta)<\/li>\n\n\n\n<li>Golden Globe Nomination for Best Foreign Language Film, 1968 (26th edition) &#8211; I Even Met Happy Gypsies (Skuplja\u010di perja)<\/li>\n\n\n\n<li>Hollywood Foreign Press Association Nomination for Best Foreign Language Film, 1968: I Even Met Happy Gypsies (Skuplja\u010di perja)<\/li>\n\n\n\n<li>Awards Nomination for Best Foreign Language Film, 1967 (40th edition) \u2013 I Even Met Happy Gypsies (Skuplja\u010di perja)<\/li>\n\n\n\n<li>5th New York Film Festival, September 1967 &#8211; I Even Met Happy Gypsies (Skuplja\u010di perja)<\/li>\n\n\n\n<li>San Francisco Film Festival, 1967 &#8211; I Even Met Happy Gypsies (Skuplja\u010di perja)<\/li>\n\n\n\n<li>San Diego Film Festival, 1967 &#8211; I Even Met Happy Gypsies (Skuplja\u010di perja)<\/li>\n\n\n\n<li>10th Acapulco Festival of Best Movies, November 1967 &#8211; I Even Met Happy Gypsies (Skuplja\u010di perja)<\/li>\n\n\n\n<li>Montreal International Film Festival, August 1967 &#8211; I Even Met Happy Gypsies (Skuplja\u010di perja)<\/li>\n\n\n\n<li>14th\u00a0Pula Yugoslav Film Festival 1967 &#8211; I Even Met Happy Gypsies (Skuplja\u010di perja)<\/li>\n\n\n\n<li>20th\u00a0Cannes Film Festival, 1967- I Even Met Happy Gypsies (Skuplja\u010di perja)<\/li>\n\n\n\n<li>Academy Awards Nomination for Best Foreign Language Film &#8211; 1966 (39th edition) \u2013 Three (Tri)<\/li>\n\n\n\n<li>People\u2019s Festival in Florence, Italie, 1966 &#8211; Assemblies (Sabori)<\/li>\n\n\n\n<li>4th Mostra Internazionale del Cinema Libero, Poretta Terme, 1966 \u2013 Assemblies (Sabori), When Love Has Gone (Dvoje), Days (Dani), Three (Tri)<\/li>\n\n\n\n<li>4th Film Festival in New York, september 1966 &#8211; Three (Tri)<\/li>\n\n\n\n<li>Festival of Italian neorealism \u2013\u00a0Avellino, 1966 &#8211; Three (Tri)<\/li>\n\n\n\n<li>9th Acapulco Festival of Best Movies, november 1966 &#8211; Three (Tri)<\/li>\n\n\n\n<li>15th Karlovy Vary International Festival,1966 &#8211; Three (Tri)<\/li>\n\n\n\n<li>12th\u00a0Pula Yugoslav Film Festival 1965 \u2013 Three (Tri)<\/li>\n\n\n\n<li>12th\u00a0Yugoslav Short Film Festival in Belgrade, march 1965 \u2013The Record (Zapisnik)<\/li>\n\n\n\n<li>10th\u00a0Pula Yugoslav Film Festival 1963 &#8211; Days (Dani)<\/li>\n\n\n\n<li>Cannes Film Festival, may 1962 &#8211; When Love Has Gone (Dvoje)<\/li>\n\n\n\n<li>Week of International film in Mannheim Germany 1961 &#8211; When Love Has Gone (Dvoje)<\/li>\n\n\n\n<li>8th\u00a0Pula Yugoslav Film Festival 1961 &#8211; When Love Has Gone (Dvoje)<\/li>\n\n\n\n<li>Biennale de l\u2019Art, Paris 1961 &#8211; Petar Dobrovi\u0107, The Roads (Putevi)<\/li>\n\n\n\n<li>Yugoslav Short Film Festival in Belgrade, March 1960 &#8211; Flight Over The Swamp (Let nad mo\u010dvarom), Petar Dobrovi\u0107<\/li>\n\n\n\n<li>5th Documentary film international festival-\u00a0Tours, december1959 \u2013 The Roads (Putevi)<\/li>\n\n\n\n<li>Bergamo Film Festival, Italy, 1959 &#8211; The Roads (Putevi)<\/li>\n\n\n\n<li>10th\u00a0Festival international du film documentaire et du court m\u00e9trage\u00a0de Venise, 1959 &#8211; The Roads (Putevi)<\/li>\n\n\n\n<li>Short Film Festival, Oberhausen Germany,1959 &#8211; The Roads (Putevi)<\/li>\n\n\n\n<li>6th\u00a0Pula Yugoslav Film Festival, 1959 &#8211;\u00a0The Roads (Putevi)<\/li>\n\n\n\n<li>Karlovy Vary International Festival, Czechoslovakia, July 1959 &#8211; Petar Dobrovi\u0107<\/li>\n\n\n\n<li>5th Pula Yugoslav Film Festival 1958 \u2013 Petar Dobrovi\u0107<\/li>\n\n\n\n<li>London Film Festival 1957- Flight Over The Swamp (Let nad mo\u010dvarom)<\/li>\n\n\n\n<li>Moscow Film Festival 1957- Flight Over The Swamp (Let nad mo\u010dvarom)<\/li>\n\n\n\n<li>Edinburgh Film Festival 1957- Flight Over The Swamp (Let nad mo\u010dvarom)<\/li>\n\n\n\n<li>4th Pula Yugoslav Film Festival 1957 &#8211; Flight Over The Swamp (Let nad mo\u010dvarom)<\/li>\n\n\n\n<li>Cannes International Film Festival 1957 &#8211; Flight Over The Swamp (Let nad mo\u010dvarom)<\/li>\n\n\n\n<li>3rd Pula Yugoslav Film Festival 1956 &#8211; Shoulder to shoulder (Uz druga je drug)<\/li>\n<\/ul>\n","protected":false},"excerpt":{"rendered":"","protected":false},"author":1,"featured_media":0,"parent":0,"menu_order":0,"comment_status":"closed","ping_status":"closed","template":"","meta":{"footnotes":""},"class_list":["post-884","page","type-page","status-publish","hentry"],"yoast_head":"<!-- This site is optimized with the Yoast SEO plugin v26.3 - https:\/\/yoast.com\/wordpress\/plugins\/seo\/ -->\n<title>Festivals - Aleksandar Petrovic<\/title>\n<meta name=\"robots\" content=\"index, follow, max-snippet:-1, max-image-preview:large, max-video-preview:-1\" \/>\n<link rel=\"canonical\" href=\"https:\/\/aleksandarpetrovic.org\/en\/festivals\/\" \/>\n<meta property=\"og:locale\" content=\"en_US\" \/>\n<meta property=\"og:type\" content=\"article\" \/>\n<meta property=\"og:title\" content=\"Festivals - Aleksandar Petrovic\" \/>\n<meta property=\"og:url\" content=\"https:\/\/aleksandarpetrovic.org\/en\/festivals\/\" \/>\n<meta property=\"og:site_name\" content=\"Aleksandar Petrovic\" \/>\n<meta property=\"article:modified_time\" content=\"2025-11-04T22:15:00+00:00\" \/>\n<meta name=\"twitter:card\" content=\"summary_large_image\" \/>\n<meta name=\"twitter:label1\" content=\"Est. reading time\" \/>\n\t<meta name=\"twitter:data1\" content=\"9 minutes\" \/>\n<script type=\"application\/ld+json\" class=\"yoast-schema-graph\">{\"@context\":\"https:\/\/schema.org\",\"@graph\":[{\"@type\":\"WebPage\",\"@id\":\"https:\/\/aleksandarpetrovic.org\/en\/festivals\/\",\"url\":\"https:\/\/aleksandarpetrovic.org\/en\/festivals\/\",\"name\":\"Festivals - Aleksandar Petrovic\",\"isPartOf\":{\"@id\":\"https:\/\/aleksandarpetrovic.org\/#website\"},\"datePublished\":\"2018-06-26T19:17:24+00:00\",\"dateModified\":\"2025-11-04T22:15:00+00:00\",\"breadcrumb\":{\"@id\":\"https:\/\/aleksandarpetrovic.org\/en\/festivals\/#breadcrumb\"},\"inLanguage\":\"en-US\",\"potentialAction\":[{\"@type\":\"ReadAction\",\"target\":[\"https:\/\/aleksandarpetrovic.org\/en\/festivals\/\"]}]},{\"@type\":\"BreadcrumbList\",\"@id\":\"https:\/\/aleksandarpetrovic.org\/en\/festivals\/#breadcrumb\",\"itemListElement\":[{\"@type\":\"ListItem\",\"position\":1,\"name\":\"Accueil\",\"item\":\"https:\/\/aleksandarpetrovic.org\/fr\/\"},{\"@type\":\"ListItem\",\"position\":2,\"name\":\"Festivals\"}]},{\"@type\":\"WebSite\",\"@id\":\"https:\/\/aleksandarpetrovic.org\/#website\",\"url\":\"https:\/\/aleksandarpetrovic.org\/\",\"name\":\"Aleksandar Petrovic\",\"description\":\"Film Director (Official Website)\\n\",\"potentialAction\":[{\"@type\":\"SearchAction\",\"target\":{\"@type\":\"EntryPoint\",\"urlTemplate\":\"https:\/\/aleksandarpetrovic.org\/?s={search_term_string}\"},\"query-input\":{\"@type\":\"PropertyValueSpecification\",\"valueRequired\":true,\"valueName\":\"search_term_string\"}}],\"inLanguage\":\"en-US\"}]}<\/script>\n<!-- \/ Yoast SEO plugin. -->","yoast_head_json":{"title":"Festivals - Aleksandar Petrovic","robots":{"index":"index","follow":"follow","max-snippet":"max-snippet:-1","max-image-preview":"max-image-preview:large","max-video-preview":"max-video-preview:-1"},"canonical":"https:\/\/aleksandarpetrovic.org\/en\/festivals\/","og_locale":"en_US","og_type":"article","og_title":"Festivals - Aleksandar Petrovic","og_url":"https:\/\/aleksandarpetrovic.org\/en\/festivals\/","og_site_name":"Aleksandar Petrovic","article_modified_time":"2025-11-04T22:15:00+00:00","twitter_card":"summary_large_image","twitter_misc":{"Est. reading time":"9 minutes"},"schema":{"@context":"https:\/\/schema.org","@graph":[{"@type":"WebPage","@id":"https:\/\/aleksandarpetrovic.org\/en\/festivals\/","url":"https:\/\/aleksandarpetrovic.org\/en\/festivals\/","name":"Festivals - Aleksandar Petrovic","isPartOf":{"@id":"https:\/\/aleksandarpetrovic.org\/#website"},"datePublished":"2018-06-26T19:17:24+00:00","dateModified":"2025-11-04T22:15:00+00:00","breadcrumb":{"@id":"https:\/\/aleksandarpetrovic.org\/en\/festivals\/#breadcrumb"},"inLanguage":"en-US","potentialAction":[{"@type":"ReadAction","target":["https:\/\/aleksandarpetrovic.org\/en\/festivals\/"]}]},{"@type":"BreadcrumbList","@id":"https:\/\/aleksandarpetrovic.org\/en\/festivals\/#breadcrumb","itemListElement":[{"@type":"ListItem","position":1,"name":"Accueil","item":"https:\/\/aleksandarpetrovic.org\/fr\/"},{"@type":"ListItem","position":2,"name":"Festivals"}]},{"@type":"WebSite","@id":"https:\/\/aleksandarpetrovic.org\/#website","url":"https:\/\/aleksandarpetrovic.org\/","name":"Aleksandar Petrovic","description":"Film Director (Official Website)\n","potentialAction":[{"@type":"SearchAction","target":{"@type":"EntryPoint","urlTemplate":"https:\/\/aleksandarpetrovic.org\/?s={search_term_string}"},"query-input":{"@type":"PropertyValueSpecification","valueRequired":true,"valueName":"search_term_string"}}],"inLanguage":"en-US"}]}},"_links":{"self":[{"href":"https:\/\/aleksandarpetrovic.org\/en\/wp-json\/wp\/v2\/pages\/884","targetHints":{"allow":["GET"]}}],"collection":[{"href":"https:\/\/aleksandarpetrovic.org\/en\/wp-json\/wp\/v2\/pages"}],"about":[{"href":"https:\/\/aleksandarpetrovic.org\/en\/wp-json\/wp\/v2\/types\/page"}],"author":[{"embeddable":true,"href":"https:\/\/aleksandarpetrovic.org\/en\/wp-json\/wp\/v2\/users\/1"}],"replies":[{"embeddable":true,"href":"https:\/\/aleksandarpetrovic.org\/en\/wp-json\/wp\/v2\/comments?post=884"}],"version-history":[{"count":1,"href":"https:\/\/aleksandarpetrovic.org\/en\/wp-json\/wp\/v2\/pages\/884\/revisions"}],"predecessor-version":[{"id":5179,"href":"https:\/\/aleksandarpetrovic.org\/en\/wp-json\/wp\/v2\/pages\/884\/revisions\/5179"}],"wp:attachment":[{"href":"https:\/\/aleksandarpetrovic.org\/en\/wp-json\/wp\/v2\/media?parent=884"}],"curies":[{"name":"wp","href":"https:\/\/api.w.org\/{rel}","templated":true}]}}