{"id":1625,"date":"2013-10-26T20:08:50","date_gmt":"2013-10-26T20:08:50","guid":{"rendered":"http:\/\/aleksandarpetrovic.org\/france\/?page_id=1625"},"modified":"2025-01-30T17:27:58","modified_gmt":"2025-01-30T22:27:58","slug":"un-cineaste-yougoslave-ramene-aux-allemands-leur-star-egaree-romy-schneider","status":"publish","type":"page","link":"https:\/\/aleksandarpetrovic.org\/fr\/filmographie\/longs-metrages\/portrait-de-groupe-avec-dame\/un-cineaste-yougoslave-ramene-aux-allemands-leur-star-egaree-romy-schneider\/","title":{"rendered":"Un  cin\u00e9aste  yougoslave  ram\u00e8ne  aux  Allemands  leur  star  \u00e9gar\u00e9e:  Romy Schneider"},"content":{"rendered":"<p>&nbsp;<\/p>\n<figure id=\"attachment_1626\" aria-describedby=\"caption-attachment-1626\" style=\"width: 1118px\" class=\"wp-caption aligncenter\"><a href=\"https:\/\/aleksandarpetrovic.org\/wp-content\/uploads\/2013\/10\/Aleksandar-Petrovic-Laurore-spetacles.jpg\"><img fetchpriority=\"high\" decoding=\"async\" class=\"aligncenter size-full wp-image-1733\" alt=\"Aleksandar Petrovic Laurore spetacles\" src=\"https:\/\/aleksandarpetrovic.org\/wp-content\/uploads\/2013\/10\/Aleksandar-Petrovic-Laurore-spetacles.jpg\" width=\"1118\" height=\"2245\" srcset=\"https:\/\/aleksandarpetrovic.org\/wp-content\/uploads\/2013\/10\/Aleksandar-Petrovic-Laurore-spetacles.jpg 1118w, https:\/\/aleksandarpetrovic.org\/wp-content\/uploads\/2013\/10\/Aleksandar-Petrovic-Laurore-spetacles-149x300.jpg 149w, https:\/\/aleksandarpetrovic.org\/wp-content\/uploads\/2013\/10\/Aleksandar-Petrovic-Laurore-spetacles-510x1024.jpg 510w, https:\/\/aleksandarpetrovic.org\/wp-content\/uploads\/2013\/10\/Aleksandar-Petrovic-Laurore-spetacles-768x1542.jpg 768w, https:\/\/aleksandarpetrovic.org\/wp-content\/uploads\/2013\/10\/Aleksandar-Petrovic-Laurore-spetacles-765x1536.jpg 765w, https:\/\/aleksandarpetrovic.org\/wp-content\/uploads\/2013\/10\/Aleksandar-Petrovic-Laurore-spetacles-1020x2048.jpg 1020w\" sizes=\"(max-width: 1118px) 100vw, 1118px\" \/><\/a><figcaption id=\"caption-attachment-1626\" class=\"wp-caption-text\">L&rsquo;AURORE Guy Teisseire 06 01 1977<\/figcaption><\/figure>\n<p>&nbsp;<\/p>\n<p>&nbsp;<\/p>\n","protected":false},"excerpt":{"rendered":"<p>&nbsp; &nbsp; &nbsp;<\/p>\n","protected":false},"author":1,"featured_media":0,"parent":377,"menu_order":0,"comment_status":"open","ping_status":"open","template":"","meta":{"footnotes":""},"class_list":["post-1625","page","type-page","status-publish","hentry"],"yoast_head":"<!-- This site is optimized with the Yoast SEO plugin v26.3 - https:\/\/yoast.com\/wordpress\/plugins\/seo\/ -->\n<title>Un cin\u00e9aste yougoslave ram\u00e8ne aux Allemands leur star \u00e9gar\u00e9e: Romy Schneider - Aleksandar Petrovic<\/title>\n<meta name=\"robots\" content=\"index, follow, max-snippet:-1, max-image-preview:large, max-video-preview:-1\" \/>\n<link rel=\"canonical\" href=\"https:\/\/aleksandarpetrovic.org\/fr\/filmographie\/longs-metrages\/portrait-de-groupe-avec-dame\/un-cineaste-yougoslave-ramene-aux-allemands-leur-star-egaree-romy-schneider\/\" \/>\n<meta property=\"og:locale\" content=\"fr_FR\" \/>\n<meta property=\"og:type\" content=\"article\" \/>\n<meta property=\"og:title\" content=\"Un cin\u00e9aste yougoslave ram\u00e8ne aux Allemands leur star \u00e9gar\u00e9e: Romy Schneider - Aleksandar Petrovic\" \/>\n<meta property=\"og:description\" content=\"&nbsp; &nbsp; &nbsp;\" \/>\n<meta property=\"og:url\" content=\"https:\/\/aleksandarpetrovic.org\/fr\/filmographie\/longs-metrages\/portrait-de-groupe-avec-dame\/un-cineaste-yougoslave-ramene-aux-allemands-leur-star-egaree-romy-schneider\/\" \/>\n<meta property=\"og:site_name\" content=\"Aleksandar Petrovic\" \/>\n<meta property=\"article:modified_time\" content=\"2025-01-30T22:27:58+00:00\" \/>\n<meta property=\"og:image\" content=\"https:\/\/aleksandarpetrovic.org\/wp-content\/uploads\/2013\/10\/Aleksandar-Petrovic-Laurore-spetacles.jpg\" \/>\n\t<meta property=\"og:image:width\" content=\"1118\" \/>\n\t<meta property=\"og:image:height\" content=\"2245\" \/>\n\t<meta property=\"og:image:type\" content=\"image\/jpeg\" \/>\n<meta name=\"twitter:card\" content=\"summary_large_image\" \/>\n<script type=\"application\/ld+json\" class=\"yoast-schema-graph\">{\"@context\":\"https:\/\/schema.org\",\"@graph\":[{\"@type\":\"WebPage\",\"@id\":\"https:\/\/aleksandarpetrovic.org\/fr\/filmographie\/longs-metrages\/portrait-de-groupe-avec-dame\/un-cineaste-yougoslave-ramene-aux-allemands-leur-star-egaree-romy-schneider\/\",\"url\":\"https:\/\/aleksandarpetrovic.org\/fr\/filmographie\/longs-metrages\/portrait-de-groupe-avec-dame\/un-cineaste-yougoslave-ramene-aux-allemands-leur-star-egaree-romy-schneider\/\",\"name\":\"Un cin\u00e9aste yougoslave ram\u00e8ne aux Allemands leur star \u00e9gar\u00e9e: Romy Schneider - Aleksandar Petrovic\",\"isPartOf\":{\"@id\":\"https:\/\/aleksandarpetrovic.org\/#website\"},\"primaryImageOfPage\":{\"@id\":\"https:\/\/aleksandarpetrovic.org\/fr\/filmographie\/longs-metrages\/portrait-de-groupe-avec-dame\/un-cineaste-yougoslave-ramene-aux-allemands-leur-star-egaree-romy-schneider\/#primaryimage\"},\"image\":{\"@id\":\"https:\/\/aleksandarpetrovic.org\/fr\/filmographie\/longs-metrages\/portrait-de-groupe-avec-dame\/un-cineaste-yougoslave-ramene-aux-allemands-leur-star-egaree-romy-schneider\/#primaryimage\"},\"thumbnailUrl\":\"https:\/\/aleksandarpetrovic.org\/wp-content\/uploads\/2013\/10\/Aleksandar-Petrovic-Laurore-spetacles.jpg\",\"datePublished\":\"2013-10-26T20:08:50+00:00\",\"dateModified\":\"2025-01-30T22:27:58+00:00\",\"breadcrumb\":{\"@id\":\"https:\/\/aleksandarpetrovic.org\/fr\/filmographie\/longs-metrages\/portrait-de-groupe-avec-dame\/un-cineaste-yougoslave-ramene-aux-allemands-leur-star-egaree-romy-schneider\/#breadcrumb\"},\"inLanguage\":\"fr-FR\",\"potentialAction\":[{\"@type\":\"ReadAction\",\"target\":[\"https:\/\/aleksandarpetrovic.org\/fr\/filmographie\/longs-metrages\/portrait-de-groupe-avec-dame\/un-cineaste-yougoslave-ramene-aux-allemands-leur-star-egaree-romy-schneider\/\"]}]},{\"@type\":\"ImageObject\",\"inLanguage\":\"fr-FR\",\"@id\":\"https:\/\/aleksandarpetrovic.org\/fr\/filmographie\/longs-metrages\/portrait-de-groupe-avec-dame\/un-cineaste-yougoslave-ramene-aux-allemands-leur-star-egaree-romy-schneider\/#primaryimage\",\"url\":\"https:\/\/aleksandarpetrovic.org\/wp-content\/uploads\/2013\/10\/Aleksandar-Petrovic-Laurore-spetacles.jpg\",\"contentUrl\":\"https:\/\/aleksandarpetrovic.org\/wp-content\/uploads\/2013\/10\/Aleksandar-Petrovic-Laurore-spetacles.jpg\"},{\"@type\":\"BreadcrumbList\",\"@id\":\"https:\/\/aleksandarpetrovic.org\/fr\/filmographie\/longs-metrages\/portrait-de-groupe-avec-dame\/un-cineaste-yougoslave-ramene-aux-allemands-leur-star-egaree-romy-schneider\/#breadcrumb\",\"itemListElement\":[{\"@type\":\"ListItem\",\"position\":1,\"name\":\"Accueil\",\"item\":\"https:\/\/aleksandarpetrovic.org\/fr\/\"},{\"@type\":\"ListItem\",\"position\":2,\"name\":\"Filmographie\",\"item\":\"https:\/\/aleksandarpetrovic.org\/fr\/filmographie\/\"},{\"@type\":\"ListItem\",\"position\":3,\"name\":\"Longs m\u00e9trages\",\"item\":\"https:\/\/aleksandarpetrovic.org\/fr\/filmographie\/longs-metrages\/\"},{\"@type\":\"ListItem\",\"position\":4,\"name\":\"Portrait de groupe avec dame\",\"item\":\"https:\/\/aleksandarpetrovic.org\/fr\/filmographie\/longs-metrages\/portrait-de-groupe-avec-dame\/\"},{\"@type\":\"ListItem\",\"position\":5,\"name\":\"Un cin\u00e9aste yougoslave ram\u00e8ne aux Allemands leur star \u00e9gar\u00e9e: Romy Schneider\"}]},{\"@type\":\"WebSite\",\"@id\":\"https:\/\/aleksandarpetrovic.org\/#website\",\"url\":\"https:\/\/aleksandarpetrovic.org\/\",\"name\":\"Aleksandar Petrovic\",\"description\":\"R\u00e9alisateur (site officiel)\",\"potentialAction\":[{\"@type\":\"SearchAction\",\"target\":{\"@type\":\"EntryPoint\",\"urlTemplate\":\"https:\/\/aleksandarpetrovic.org\/?s={search_term_string}\"},\"query-input\":{\"@type\":\"PropertyValueSpecification\",\"valueRequired\":true,\"valueName\":\"search_term_string\"}}],\"inLanguage\":\"fr-FR\"}]}<\/script>\n<!-- \/ Yoast SEO plugin. -->","yoast_head_json":{"title":"Un cin\u00e9aste yougoslave ram\u00e8ne aux Allemands leur star \u00e9gar\u00e9e: Romy Schneider - Aleksandar Petrovic","robots":{"index":"index","follow":"follow","max-snippet":"max-snippet:-1","max-image-preview":"max-image-preview:large","max-video-preview":"max-video-preview:-1"},"canonical":"https:\/\/aleksandarpetrovic.org\/fr\/filmographie\/longs-metrages\/portrait-de-groupe-avec-dame\/un-cineaste-yougoslave-ramene-aux-allemands-leur-star-egaree-romy-schneider\/","og_locale":"fr_FR","og_type":"article","og_title":"Un cin\u00e9aste yougoslave ram\u00e8ne aux Allemands leur star \u00e9gar\u00e9e: Romy Schneider - Aleksandar Petrovic","og_description":"&nbsp; &nbsp; &nbsp;","og_url":"https:\/\/aleksandarpetrovic.org\/fr\/filmographie\/longs-metrages\/portrait-de-groupe-avec-dame\/un-cineaste-yougoslave-ramene-aux-allemands-leur-star-egaree-romy-schneider\/","og_site_name":"Aleksandar Petrovic","article_modified_time":"2025-01-30T22:27:58+00:00","og_image":[{"width":1118,"height":2245,"url":"https:\/\/aleksandarpetrovic.org\/wp-content\/uploads\/2013\/10\/Aleksandar-Petrovic-Laurore-spetacles.jpg","type":"image\/jpeg"}],"twitter_card":"summary_large_image","schema":{"@context":"https:\/\/schema.org","@graph":[{"@type":"WebPage","@id":"https:\/\/aleksandarpetrovic.org\/fr\/filmographie\/longs-metrages\/portrait-de-groupe-avec-dame\/un-cineaste-yougoslave-ramene-aux-allemands-leur-star-egaree-romy-schneider\/","url":"https:\/\/aleksandarpetrovic.org\/fr\/filmographie\/longs-metrages\/portrait-de-groupe-avec-dame\/un-cineaste-yougoslave-ramene-aux-allemands-leur-star-egaree-romy-schneider\/","name":"Un cin\u00e9aste yougoslave ram\u00e8ne aux Allemands leur star \u00e9gar\u00e9e: Romy Schneider - Aleksandar Petrovic","isPartOf":{"@id":"https:\/\/aleksandarpetrovic.org\/#website"},"primaryImageOfPage":{"@id":"https:\/\/aleksandarpetrovic.org\/fr\/filmographie\/longs-metrages\/portrait-de-groupe-avec-dame\/un-cineaste-yougoslave-ramene-aux-allemands-leur-star-egaree-romy-schneider\/#primaryimage"},"image":{"@id":"https:\/\/aleksandarpetrovic.org\/fr\/filmographie\/longs-metrages\/portrait-de-groupe-avec-dame\/un-cineaste-yougoslave-ramene-aux-allemands-leur-star-egaree-romy-schneider\/#primaryimage"},"thumbnailUrl":"https:\/\/aleksandarpetrovic.org\/wp-content\/uploads\/2013\/10\/Aleksandar-Petrovic-Laurore-spetacles.jpg","datePublished":"2013-10-26T20:08:50+00:00","dateModified":"2025-01-30T22:27:58+00:00","breadcrumb":{"@id":"https:\/\/aleksandarpetrovic.org\/fr\/filmographie\/longs-metrages\/portrait-de-groupe-avec-dame\/un-cineaste-yougoslave-ramene-aux-allemands-leur-star-egaree-romy-schneider\/#breadcrumb"},"inLanguage":"fr-FR","potentialAction":[{"@type":"ReadAction","target":["https:\/\/aleksandarpetrovic.org\/fr\/filmographie\/longs-metrages\/portrait-de-groupe-avec-dame\/un-cineaste-yougoslave-ramene-aux-allemands-leur-star-egaree-romy-schneider\/"]}]},{"@type":"ImageObject","inLanguage":"fr-FR","@id":"https:\/\/aleksandarpetrovic.org\/fr\/filmographie\/longs-metrages\/portrait-de-groupe-avec-dame\/un-cineaste-yougoslave-ramene-aux-allemands-leur-star-egaree-romy-schneider\/#primaryimage","url":"https:\/\/aleksandarpetrovic.org\/wp-content\/uploads\/2013\/10\/Aleksandar-Petrovic-Laurore-spetacles.jpg","contentUrl":"https:\/\/aleksandarpetrovic.org\/wp-content\/uploads\/2013\/10\/Aleksandar-Petrovic-Laurore-spetacles.jpg"},{"@type":"BreadcrumbList","@id":"https:\/\/aleksandarpetrovic.org\/fr\/filmographie\/longs-metrages\/portrait-de-groupe-avec-dame\/un-cineaste-yougoslave-ramene-aux-allemands-leur-star-egaree-romy-schneider\/#breadcrumb","itemListElement":[{"@type":"ListItem","position":1,"name":"Accueil","item":"https:\/\/aleksandarpetrovic.org\/fr\/"},{"@type":"ListItem","position":2,"name":"Filmographie","item":"https:\/\/aleksandarpetrovic.org\/fr\/filmographie\/"},{"@type":"ListItem","position":3,"name":"Longs m\u00e9trages","item":"https:\/\/aleksandarpetrovic.org\/fr\/filmographie\/longs-metrages\/"},{"@type":"ListItem","position":4,"name":"Portrait de groupe avec dame","item":"https:\/\/aleksandarpetrovic.org\/fr\/filmographie\/longs-metrages\/portrait-de-groupe-avec-dame\/"},{"@type":"ListItem","position":5,"name":"Un cin\u00e9aste yougoslave ram\u00e8ne aux Allemands leur star \u00e9gar\u00e9e: Romy Schneider"}]},{"@type":"WebSite","@id":"https:\/\/aleksandarpetrovic.org\/#website","url":"https:\/\/aleksandarpetrovic.org\/","name":"Aleksandar Petrovic","description":"R\u00e9alisateur (site officiel)","potentialAction":[{"@type":"SearchAction","target":{"@type":"EntryPoint","urlTemplate":"https:\/\/aleksandarpetrovic.org\/?s={search_term_string}"},"query-input":{"@type":"PropertyValueSpecification","valueRequired":true,"valueName":"search_term_string"}}],"inLanguage":"fr-FR"}]}},"_links":{"self":[{"href":"https:\/\/aleksandarpetrovic.org\/fr\/wp-json\/wp\/v2\/pages\/1625","targetHints":{"allow":["GET"]}}],"collection":[{"href":"https:\/\/aleksandarpetrovic.org\/fr\/wp-json\/wp\/v2\/pages"}],"about":[{"href":"https:\/\/aleksandarpetrovic.org\/fr\/wp-json\/wp\/v2\/types\/page"}],"author":[{"embeddable":true,"href":"https:\/\/aleksandarpetrovic.org\/fr\/wp-json\/wp\/v2\/users\/1"}],"replies":[{"embeddable":true,"href":"https:\/\/aleksandarpetrovic.org\/fr\/wp-json\/wp\/v2\/comments?post=1625"}],"version-history":[{"count":1,"href":"https:\/\/aleksandarpetrovic.org\/fr\/wp-json\/wp\/v2\/pages\/1625\/revisions"}],"predecessor-version":[{"id":4532,"href":"https:\/\/aleksandarpetrovic.org\/fr\/wp-json\/wp\/v2\/pages\/1625\/revisions\/4532"}],"up":[{"embeddable":true,"href":"https:\/\/aleksandarpetrovic.org\/fr\/wp-json\/wp\/v2\/pages\/377"}],"wp:attachment":[{"href":"https:\/\/aleksandarpetrovic.org\/fr\/wp-json\/wp\/v2\/media?parent=1625"}],"curies":[{"name":"wp","href":"https:\/\/api.w.org\/{rel}","templated":true}]}}