{"id":1713,"date":"2013-11-01T22:38:41","date_gmt":"2013-11-01T22:38:41","guid":{"rendered":"http:\/\/aleksandarpetrovic.org\/france\/?page_id=1713"},"modified":"2013-11-01T22:38:41","modified_gmt":"2013-11-01T22:38:41","slug":"citations","status":"publish","type":"page","link":"https:\/\/aleksandarpetrovic.org\/fr\/citations\/","title":{"rendered":"Citations"},"content":{"rendered":"<table lang=\"padding-left:10px;\" border=\"0\" cellpadding=\"0\">\n<tbody>\n<tr>\n<td style=\"padding: 0em 0em 0em 10px; background-color: #d9d9d9;\"><span style=\"color: #a80407;\"><strong><em>Si\u00a0 l\u2019on\u00a0 n\u2019aime\u00a0 pas\u00a0 les\u00a0 hommes,\u00a0 on\u00a0 ne\u00a0 peut\u00a0 pas\u00a0 r\u00e9aliser\u00a0 de\u00a0 films.<\/em><\/strong> Aleksandar Petrovic<\/span><\/td>\n<\/tr>\n<tr>\n<td style=\"padding: 0em 0em 0em 10px; background-color: #858585;\"><span style=\"color: #a80407;\">\u00a0<\/span><\/td>\n<\/tr>\n<tr>\n<td style=\"padding: 0em 0em 0em 10px; background-color: #d9d9d9;\"><span style=\"color: #a80407;\"><strong><em>Le\u00a0 cin\u00e9matographe,\u00a0 c\u2019est\u00a0 comme\u00a0 la\u00a0 vie\u00a0 \u2013\u00a0 tout\u00a0 y\u00a0 est.\u00a0 Il\u00a0 faut\u00a0 seulement ouvrir les yeux<\/em>.<\/strong> Aleksandar Petrovic\u00a0<\/span><\/td>\n<\/tr>\n<tr>\n<td style=\"padding: 0em; background-color: #858585;\"><span style=\"color: #a80407;\">\u00a0<\/span><\/td>\n<\/tr>\n<tr>\n<td style=\"padding: 0em 0em 0em 10px; background-color: #d9d9d9;\"><span style=\"color: #a80407;\"><strong><em>Il n\u2019y pas de mensonge dans l\u2019art. L\u2019art ne connait que la v\u00e9rit\u00e9. Nous ne sommes\u00a0 pas\u00a0 des\u00a0 juges,\u00a0 ni\u00a0 des\u00a0 proph\u00e8tes\u00a0 ni\u00a0 des\u00a0 propagandistes.<\/em><\/strong> Aleksandar Petrovic<\/span><\/td>\n<\/tr>\n<tr>\n<td style=\"padding: 0em; background-color: #858585;\"><span style=\"color: #a80407;\">\u00a0<\/span><\/td>\n<\/tr>\n<tr>\n<td style=\"padding: 0em 0em 0em 10px; background-color: #d9d9d9;\"><span style=\"color: #a80407;\"><em>Lorsque\u00a0 j\u2019effectue\u00a0 le montage\u00a0 d\u2019un\u00a0 film\u00a0 et\u00a0 que\u00a0 j\u2019obtiens\u00a0 une\u00a0 harmonie entre\u00a0 l\u2019image,\u00a0 le\u00a0 son, la\u00a0 musique,\u00a0 les\u00a0 dialogues\u00a0 et\u00a0 la\u00a0 dramaturgie,\u00a0 je ressens\u00a0 le\u00a0 m\u00eame\u00a0 sentiment\u00a0 de\u00a0 rentrer\u00a0 dans\u00a0 l\u2019aura\u00a0 que\u00a0 quand\u00a0 je parviens \u00e0 imaginer un vers en quelques mots.<\/em> Aleksandar Petrovic<\/span><\/td>\n<\/tr>\n<tr>\n<td style=\"padding: 0em 0em 0em 10px; background-color: #858585;\"><span style=\"color: #a80407;\">\u00a0<\/span><\/td>\n<\/tr>\n<tr>\n<td style=\"padding: 0em 0em 0em 10px; background-color: #d9d9d9;\"><span style=\"color: #a80407;\"><em>On\u00a0 est\u00a0 \u00e9mu\u00a0 lorsque\u00a0 l\u2019aura\u00a0 appara\u00eet,\u00a0 lorsque\u00a0 le\u00a0 plaisir\u00a0 est\u00a0 l\u00e0.\u00a0 Il\u00a0 n\u2019y\u00a0 a aucun sentiment de sup\u00e9riorit\u00e9, c\u2019est plut\u00f4t de\u00a0 l\u2019amour\u2026 Puisque c\u2019est ainsi, pourquoi ferai-je un autre travail qui ne me procurerait jamais une telle satisfaction? <\/em>Aleksandar Petrovic\u00a0<\/span><\/td>\n<\/tr>\n<tr style=\"background-color: #858585;\">\n<td style=\"padding: 0em 0em 0em 10px; background-color: #858585;\"><span style=\"color: #a80407;\">\u00a0<\/span><\/td>\n<\/tr>\n<tr>\n<td style=\"padding: 0em 0em 0em 10px; background-color: #d9d9d9;\"><span style=\"color: #a80407;\"><strong><em>En ce qui me concerne,\u00a0 je suis certain que\u00a0 tous mes\u00a0 films sont\u00a0 le dialogue\u00a0 incessant\u00a0 entre\u00a0 l\u2019amour\u00a0 et\u00a0 la\u00a0 mort\u00a0 et\u00a0 que\u00a0 ces\u00a0 deux extr\u00eames\u00a0 du\u00a0 destin\u00a0 humain\u00a0 sont\u00a0 en\u00a0 corr\u00e9lation\u00a0 permanente. <\/em><\/strong>Aleksandar Petrovic\u00a0<em> <\/em><\/span><\/td>\n<\/tr>\n<tr>\n<td style=\"padding: 0em 0em 0em 10px; background-color: #858585;\"><span style=\"color: #a80407;\">\u00a0<\/span><\/td>\n<\/tr>\n<tr>\n<td style=\"padding: 0em 0em 0em 10px; background-color: #d9d9d9;\"><span style=\"color: #a80407;\"><em>Je\u00a0 n\u2019ai\u00a0 jamais\u00a0 eu\u00a0 pour\u00a0 but\u00a0 de\u00a0 cr\u00e9er\u00a0 quelque\u00a0 chose\u00a0 de\u00a0 pr\u00e9con\u00e7u mais seulement d\u2019exprimer ce que je ressens.<\/em> Aleksandar Petrovic<\/span><\/td>\n<\/tr>\n<tr>\n<td style=\"padding: 0em; background-color: #858585;\"><span style=\"color: #a80407;\">\u00a0<\/span><\/td>\n<\/tr>\n<tr>\n<td style=\"padding: 0em 0em 0em 10px; background-color: #d9d9d9;\"><span style=\"color: #a80407;\"><em>Je ne\u00a0 r\u00e9alise pas un\u00a0 film sur un acteur, ni m\u00eame sur\u00a0 la personne qu\u2019il repr\u00e9sente, mais sur une id\u00e9e ou une \u00e9motion. Pour moi, il est essentiel qu\u2019un\u00a0 film\u00a0 aujourd\u2019hui\u00a0 soit\u00a0 sinc\u00e8re\u00a0 et\u00a0 vrai,\u00a0 une\u00a0 confession\u00a0 en\u00a0 quelque sorte,\u00a0 l\u2019image\u00a0 de\u00a0 la\u00a0 vie\u00a0 vue\u00a0 de\u00a0 ses\u00a0 propres\u00a0 yeux,\u00a0 une\u00a0 partie\u00a0 de\u00a0 la conscience de l\u2019homme moderne.<\/em> Aleksandar Petrovic<\/span><\/td>\n<\/tr>\n<tr>\n<td style=\"padding: 0em; background-color: #858585;\"><span style=\"color: #a80407;\">\u00a0<\/span><\/td>\n<\/tr>\n<tr>\n<td style=\"padding: 0em 0em 0em 10px; background-color: #d9d9d9;\"><span style=\"color: #a80407;\"><em>Parfois\u00a0 une\u00a0 photographie\u00a0 ou\u00a0 une\u00a0 all\u00e9e\u00a0 d\u2019arbres\u00a0 peuvent mieux\u00a0 servir que\u00a0 cinq\u00a0 mille\u00a0 r\u00e9pliques.\u00a0 Pourquoi\u00a0 la\u00a0 psychologie\u00a0 d\u2019un\u00a0 personnage serait-t-elle mieux exprim\u00e9e par un visage ou une parole? L\u2019expressivit\u00e9 d\u2019un visage est surestim\u00e9e. <\/em>Aleksandar Petrovic<em> <\/em><\/span><\/td>\n<\/tr>\n<tr>\n<td style=\"padding: 0em 0em 0em 10px; background-color: #858585;\"><span style=\"color: #a80407;\">\u00a0<\/span><\/td>\n<\/tr>\n<tr>\n<td style=\"padding: 0em 0em 0em 10px; background-color: #d9d9d9;\"><span style=\"color: #a80407;\"><em>Personnellement,\u00a0 je\u00a0 consid\u00e8re\u00a0 que\u00a0 dans\u00a0 un\u00a0 film,\u00a0 chaque\u00a0 d\u00e9tail\u00a0 a\u00a0 son importance: on peut quelquefois exprimer par un geste et par un objet beaucoup plus que par des paroles. Le\u00a0 film cependant a aussi\u00a0 le droit de parler. <\/em>Aleksandar Petrovic\u00a0<em> <br \/><\/em><\/span><\/td>\n<\/tr>\n<tr>\n<td style=\"padding: 0em 0em 0em 10px; background-color: #858585;\"><span style=\"color: #a80407;\">\u00a0<\/span><\/td>\n<\/tr>\n<tr>\n<td style=\"padding: 0em 0em 0em 10px; background-color: #d9d9d9;\"><span style=\"color: #a80407;\"><em>Quand je tourne un film je m\u2019abandonne \u00e0 la vie. Je m\u2019efforce \u00e0 ce que mes\u00a0 intentions\u00a0 ne\u00a0 d\u00e9passent\u00a0 pas\u00a0 ce\u00a0 que\u00a0 j\u2019observe,\u00a0 ce\u00a0 vers\u00a0 quoi\u00a0 se tourne l\u2019\u0153il de la cam\u00e9ra, et \u00e9galement ce qui \u00e9veille en moi comme un sentiment de v\u00e9rit\u00e9 et de r\u00e9el.<\/em> Aleksandar Petrovic<\/span><\/td>\n<\/tr>\n<tr>\n<td style=\"padding: 0em; background-color: #858585;\"><span style=\"color: #a80407;\">\u00a0<\/span><\/td>\n<\/tr>\n<tr>\n<td style=\"padding: 0em 0em 0em 10px; background-color: #d9d9d9;\"><span style=\"color: #a80407;\"><strong><em>Les films qui ont une \u00ab th\u00e8se \u00bb et un \u00ab message \u00bb me font peur et je ne les comprends pas. Celui qui veut juger et sermonner n\u2019a qu\u2019\u00e0 devenir juge ou cur\u00e9. <\/em><\/strong>Aleksandar Petrovic<em> <\/em><\/span><\/td>\n<\/tr>\n<tr>\n<td style=\"padding: 0em 0em 0em 10px; background-color: #858585;\"><span style=\"color: #a80407;\">\u00a0<\/span><\/td>\n<\/tr>\n<tr>\n<td style=\"padding: 0em 0em 0em 10px; background-color: #d9d9d9;\"><span style=\"color: #a80407;\"><em>Il faut uniquement r\u00e9aliser un film lorsque l\u2019on ressent la n\u00e9cessit\u00e9 de dire quelque chose, et non quand un producteur nous en donne la chance. Le film doit \u00eatre le r\u00e9sultat de l\u2019obsession cr\u00e9ative, d\u2019une id\u00e9e, d\u2019un contenu, une partie d\u2019une exp\u00e9rience v\u00e9cue. <\/em>Aleksandar Petrovic<\/span><\/td>\n<\/tr>\n<tr>\n<td style=\"padding: 0em 0em 0em 10px; background-color: #858585;\"><span style=\"color: #a80407;\">\u00a0<\/span><\/td>\n<\/tr>\n<tr>\n<td style=\"padding: 0em 0em 0em 10px; background-color: #d9d9d9;\"><span style=\"color: #a80407;\"><em>On consid\u00e8re comme une critique majeure que les films d\u2019un auteur se ressemblent tous : \u00ab Encore lui ! Il se r\u00e9p\u00e8te\u2026 \u00bb. Le moyen le plus s\u00fbr de pallier \u00e0 ce probl\u00e8me : choisir des th\u00e8mes d\u2019un caract\u00e8re et d\u2019un lieu totalement diff\u00e9rents. <\/em>Aleksandar Petrovic<\/span><\/td>\n<\/tr>\n<tr>\n<td style=\"padding: 0em 0em 0em 10px; background-color: #858585;\"><span style=\"color: #a80407;\">\u00a0<\/span><\/td>\n<\/tr>\n<tr>\n<td style=\"padding: 0em 0em 0em 10px; background-color: #d9d9d9;\"><span style=\"color: #a80407;\"><em>Si nous sommes d\u2019accord que\u00a0 le\u00a0 film n\u2019est pas un art\u00a0 reproductif mais un\u00a0 art\u00a0 productif,\u00a0 nous\u00a0 devons\u00a0 alors\u00a0 lui\u00a0 reconna\u00eetre\u00a0 le\u00a0 droit\u00a0 du\u00a0 statut d\u2019auteur<\/em>. Aleksandar Petrovic<\/span><\/td>\n<\/tr>\n<tr>\n<td style=\"padding: 0em; background-color: #858585;\"><span style=\"color: #a80407;\">\u00a0<\/span><\/td>\n<\/tr>\n<tr>\n<td style=\"padding: 0em 0em 0em 10px; background-color: #d9d9d9;\"><span style=\"color: #a80407;\"><strong><em>M\u00eame les choses les plus compliqu\u00e9es peuvent \u00eatre dites explicitement et simplement.<\/em><\/strong> Aleksandar Petrovic\u00a0\u00a0<\/span><\/td>\n<\/tr>\n<tr>\n<td style=\"padding: 0em; background-color: #858585;\"><span style=\"color: #a80407;\">\u00a0<\/span><\/td>\n<\/tr>\n<tr>\n<td style=\"padding: 0em 0em 0em 10px; background-color: #d9d9d9;\"><span style=\"color: #a80407;\"><em><strong>Une des sp\u00e9cificit\u00e9 de la mise en sc\u00e8ne est la \u00abjuste mesure\u00bb: la capacit\u00e9\u00a0 de\u00a0 d\u00e9tecter\u00a0 l\u2019\u00e9l\u00e9ment\u00a0 essentiel\u00a0 qui\u00a0 sera\u00a0 utilis\u00e9\u00a0 et d\u00e9velopp\u00e9.<\/strong><\/em> Aleksandar Petrovic<\/span><\/td>\n<\/tr>\n<tr>\n<td style=\"padding: 0em; background-color: #858585;\"><span style=\"color: #a80407;\">\u00a0<\/span><\/td>\n<\/tr>\n<tr>\n<td style=\"padding: 0em 0em 0em 10px; background-color: #d9d9d9;\"><span style=\"color: #a80407;\"><em>Pour moi,\u00a0 l\u2019espace,\u00a0 les\u00a0 objets,\u00a0 l\u2019image\u00a0 ne\u00a0 sont\u00a0 que\u00a0 des\u00a0 outils\u00a0 qui me permettent\u00a0 de\u00a0 d\u00e9peindre\u00a0 les\u00a0 sentiments\u00a0 personnels,\u00a0 les\u00a0 dessins\u00a0 des \u00e9tats\u00a0 psychologiques,\u00a0 les\u00a0 images\u00a0 de\u00a0 l\u2019\u00e2me\u00a0 humaine.\u00a0 <\/em>Aleksandar Petrovic<em> <\/em><\/span><\/td>\n<\/tr>\n<tr>\n<td style=\"padding: 0em 0em 0em 10px; background-color: #858585;\"><span style=\"color: #a80407;\">\u00a0<\/span><\/td>\n<\/tr>\n<tr>\n<td style=\"padding: 0em 0em 0em 10px; background-color: #d9d9d9;\"><span style=\"color: #a80407;\"><em>Lorsque vous interpr\u00e9tez un livre, ou plus pr\u00e9cis\u00e9ment, lorsque vous cr\u00e9ez un livre, des passages entiers ne vous int\u00e9ressent pas\u2026 Cependant, quelques mots ouvriront un espace cin\u00e9matographique devant vous, profond, lointain, \u00e0 travers lequel il est \u00e9vident que vous devez bouger. <\/em>Aleksandar Petrovic\u00a0<em> <br \/><\/em><\/span><\/td>\n<\/tr>\n<tr>\n<td style=\"padding: 0em 0em 0em 10px; background-color: #858585;\"><span style=\"color: #a80407;\">\u00a0<\/span><\/td>\n<\/tr>\n<tr>\n<td style=\"padding: 0em 0em 0em 10px; background-color: #d9d9d9;\"><span style=\"color: #a80407;\"><em>Mes\u00a0 films\u00a0 documentaires\u00a0 sont\u00a0 r\u00e9alis\u00e9s\u00a0 sur\u00a0 les\u00a0 principes\u00a0 d\u2019un\u00a0 film\u00a0 de fiction,\u00a0 tandis\u00a0 qu\u2019\u00a0 \u00ab Elle\u00a0 et\u00a0 lui \u00bb\u00a0 a\u00a0 la\u00a0 facture\u00a0 d\u2019un\u00a0 documentaire.\u00a0 J\u2019en conclus que\u00a0 le cin\u00e9ma de\u00a0 fiction manque de vitalit\u00e9, mais que\u00a0 l\u2019aspect abstrait et narratif des films de fiction manque aux films documentaires.<\/em> Aleksandar Petrovic<\/span><\/td>\n<\/tr>\n<tr>\n<td style=\"padding: 0em; background-color: #858585;\"><span style=\"color: #a80407;\">\u00a0<\/span><\/td>\n<\/tr>\n<tr>\n<td style=\"padding: 0em 0em 0em 10px; background-color: #d9d9d9;\"><span style=\"color: #a80407;\"><em>Le mouvement dans\u00a0 le\u00a0 film n\u2019est aucunement\u00a0 limit\u00e9 au mouvement r\u00e9el des \u00eatres et des objets, au sein du \u00ab cadre \u00bb et du mouvement de la cam\u00e9ra. Le mouvement dans le film a une signification beaucoup\u00a0 plus\u00a0 importante,\u00a0 et\u00a0 le\u00a0 pouvoir\u00a0 d\u2019enregistrement\u00a0 du mouvement\u00a0 r\u00e9el\u00a0 que\u00a0 poss\u00e8dent\u00a0 les\u00a0 appareils\u00a0 cin\u00e9matographiques\u00a0 est seulement\u00a0 un\u00a0 des\u00a0 multiples\u00a0 champs\u00a0 d\u2019application\u00a0 du\u00a0 mouvement\u00a0 en g\u00e9n\u00e9ral dans le processus de la r\u00e9alisation de la cr\u00e9ation artistique.<\/em> Aleksandar Petrovic<\/span><\/td>\n<\/tr>\n<tr>\n<td style=\"padding: 0em; background-color: #858585;\"><span style=\"color: #a80407;\">\u00a0<\/span><\/td>\n<\/tr>\n<tr>\n<td style=\"padding: 0em 0em 0em 10px; background-color: #d9d9d9;\"><span style=\"color: #a80407;\"><strong><em>Je\u00a0 pars\u00a0 toujours\u00a0 d\u2019une\u00a0 exp\u00e9rience\u00a0 qui\u00a0 m\u2019a\u00a0 touch\u00e9e\u00a0 et\u00a0 inspir\u00e9e\u00a0 et\u00a0 je cherche la solution dans le mat\u00e9riel que j\u2019exploite.<\/em> <\/strong>Aleksandar Petrovic<\/span><\/td>\n<\/tr>\n<tr>\n<td style=\"padding: 0em; background-color: #858585;\"><span style=\"color: #a80407;\">\u00a0<\/span><\/td>\n<\/tr>\n<tr>\n<td style=\"padding: 0em 0em 0em 10px; background-color: #d9d9d9;\"><span style=\"color: #a80407;\"><strong><em>A propos de\u00a0 la\u00a0 censure : Les \u0153uvres d\u2019art ne\u00a0 sont pas des machines infernales\u00a0 ni\u00a0 des\u00a0 tonneaux\u00a0 de\u00a0 poison\u00a0 pour\u00a0 que\u00a0 des\u00a0 commissions\u00a0 de censure sp\u00e9ciales soient oblig\u00e9es de mesurer leur degr\u00e9 de dangerosit\u00e9 pour la soci\u00e9t\u00e9.<\/em><\/strong> Aleksandar Petrovic\u00a0<\/span><\/td>\n<\/tr>\n<tr>\n<td style=\"padding: 0em; background-color: #858585;\"><span style=\"color: #a80407;\">\u00a0<\/span><\/td>\n<\/tr>\n<tr>\n<td style=\"padding: 0em 0em 0em 10px; background-color: #d9d9d9;\"><span style=\"color: #a80407;\"><em>A propos de la censure : Le film n\u2019a pas besoin de mesures de censure mais de critiques analytiques.<\/em> Aleksandar Petrovic<\/span><\/td>\n<\/tr>\n<tr>\n<td style=\"padding: 0em; background-color: #858585;\"><span style=\"color: #a80407;\">\u00a0<\/span><\/td>\n<\/tr>\n<tr>\n<td style=\"padding: 0em 0em 0em 10px; background-color: #d9d9d9;\"><span style=\"color: #a80407;\"><em>L\u2019\u00e9volution\u00a0 logique\u00a0 de\u00a0 l\u2019art\u00a0 cin\u00e9matographique\u00a0 et\u00a0 le\u00a0 march\u00e9\u00a0 du\u00a0 film incitent \u00e0 faire des films \u00e0 la fois artistiques et commerciaux, ce qui est, je\u00a0 vous\u00a0 l\u2019assure,\u00a0 un\u00a0 travail\u00a0 extr\u00eamement\u00a0 difficile.\u00a0 Je\u00a0 pense\u00a0 qu\u2019il\u00a0 est\u00a0 \u00e0 pr\u00e9sent fondamental, dans le cadre de la cin\u00e9matographie mondiale, de s\u00e9parer\u00a0 l\u2019exhibitionnisme\u00a0 dilettante\u00a0 de\u00a0 l\u2019aventure\u00a0 po\u00e9tique\u00a0 r\u00e9elle. Lorsque nous aurons\u00a0 r\u00e9ussi \u00e0\u00a0 filtrer ces choses,\u00a0nous obtiendrons une cin\u00e9matographie d\u2019une valeur artistique bien sup\u00e9rieure, et\u00a0 le public se fera plus important.<\/em> Aleksandar Petrovic<\/span><\/td>\n<\/tr>\n<tr>\n<td style=\"padding: 0em; background-color: #858585;\"><span style=\"color: #a80407;\">\u00a0<\/span><\/td>\n<\/tr>\n<tr>\n<td style=\"padding: 0em 0em 0em 10px; background-color: #d9d9d9;\">\n<p><span style=\"color: #a80407;\"><strong><em>Encore\u00a0 enfant,\u00a0 j\u2019\u00e9tais\u00a0 conscient\u00a0 de\u00a0 l\u2019impossibilit\u00e9\u00a0 d\u2019expliquer l\u2019infini\u00a0 aussi\u00a0 bien\u00a0 que\u00a0 l\u2019\u00e9ternit\u00e9.\u00a0 Malgr\u00e9\u00a0 cela,\u00a0 personne\u00a0 n\u2019a\u00a0 pu m\u2019interdir de sentir cet\u00a0 infini et cette\u00a0\u00a0 \u00e9ternit\u00e9,\u00a0 et\u00a0 je ne permettrai pas qu\u2019on m\u2019enl\u00e8ve le droit de ressentir l\u2019irrationnel. <\/em><\/strong><\/span><\/p>\n<p><span style=\"color: #a80407;\"><strong><em>Sans ce moment irrationnel, il n\u2019y a pas d\u2019\u0153uvre, il n\u2019y a pas d\u2019art.<\/em><\/strong> Aleksandar Petrovic<\/span><\/p>\n<\/td>\n<\/tr>\n<tr>\n<td style=\"padding: 0em; background-color: #858585;\"><span style=\"color: #a80407;\">\u00a0<\/span><\/td>\n<\/tr>\n<tr>\n<td style=\"padding: 0em 0em 0em 10px; background-color: #d9d9d9;\"><span style=\"color: #a80407;\"><strong><em>A la question d\u2019un journaliste: \u201cQuelle est la cl\u00e9 d\u2019une bonne cin\u00e9matographie?\u201d Petrovic a r\u00e9pondu: \u201cDes talents\u2026 et les bonnes conditions pour leur d\u00e9veloppement.\u201d<\/em><\/strong>\u00a0Aleksandar Petrovic<\/span><\/td>\n<\/tr>\n<tr>\n<td style=\"padding: 0em; background-color: #858585;\"><span style=\"color: #a80407;\">\u00a0<\/span><\/td>\n<\/tr>\n<tr>\n<td style=\"padding: 0em 0em 0em 10px; background-color: #d9d9d9;\"><span style=\"color: #a80407;\"><strong><em>\u201cLa v\u00e9rit\u00e9 artistique est plus importante et profonde que la v\u00e9rit\u00e9 politique, en tout cas c\u2019est la plus durable. \u00a0\u00bb\u00a0 <\/em><\/strong>Aleksandar Petrovic<em> <\/em><\/span><\/td>\n<\/tr>\n<tr>\n<td style=\"padding: 0em 0em 0em 10px; background-color: #858585;\"><span style=\"color: #a80407;\">\u00a0<\/span><\/td>\n<\/tr>\n<tr>\n<td style=\"padding: 0em 0em 0em 10px; background-color: #d9d9d9;\"><span style=\"color: #a80407;\"><strong><em>Il faut \u00eatre contre la guerre, mais il faut l\u2019\u00eatre v\u00e9ritablement, contre tous ceux qui font la guerre; et contre ceux qui cr\u00e9ent des raisons pour la guerre. <\/em><\/strong>Aleksandar Petrovic\u00a0<em> <br \/><\/em><\/span><\/td>\n<\/tr>\n<tr>\n<td style=\"padding: 0em 0em 0em 10px; background-color: #858585;\"><span style=\"color: #a80407;\">\u00a0<\/span><\/td>\n<\/tr>\n<tr>\n<td style=\"padding: 0em 0em 0em 10px; background-color: #d9d9d9;\"><span style=\"color: #a80407;\"><em>Si\u00a0 les\u00a0 probl\u00e8mes\u00a0 n&rsquo;existaient\u00a0 pas,\u00a0 nous\u00a0 ne\u00a0 serions\u00a0 pas\u00a0 l\u00e0\u00a0 pour\u00a0 les montrer,\u00a0 nous\u00a0 qui\u00a0 \u00e9mettons\u00a0 de\u00a0 signaux\u00a0 artistiques\u00a0 et moraux.\u00a0 La\u00a0 vie n&rsquo;est pas seulement terrible, et elle n&rsquo;est pas seulement bonne. C&rsquo;est la toute notre chance. <strong>Si nous pouvions \u00e9tablir toutes\u00a0 les r\u00e8gles selon lesquelles\u00a0 r\u00e8gnerait\u00a0 seulement\u00a0 le\u00a0 Bien,\u00a0 est-ce\u00a0 que\u00a0 le\u00a0 Beau existerait? <\/strong><\/em>Aleksandar Petrovic<\/span><\/td>\n<\/tr>\n<tr>\n<td style=\"padding: 0em 0em 0em 10px; background-color: #858585;\"><span style=\"color: #a80407;\">\u00a0<\/span><\/td>\n<\/tr>\n<tr>\n<td style=\"padding: 0em 0em 0em 10px; background-color: #d9d9d9;\"><span style=\"color: #a80407;\"><strong><em>Vers la fin de ses jours, Aleksandar Petrovi\u0107 a \u00e9mis le souhait qu\u2019\u00ab un film soit toujours unique, authentique, proche de la vie, et compr\u00e9hensible de tous&#8230; La philosophie du cin\u00e9ma est la philosophie de la vie et c&rsquo;est pourquoi cr\u00e9er des films est autant une peine qu&rsquo;un plaisir infinis. Je sais que ma fin est arriv\u00e9e, mais je ne suis ni impatient, ni d\u00e9sesp\u00e9r\u00e9.\u00bb<\/em><\/strong> Aleksandar Petrovic<\/span><\/td>\n<\/tr>\n<tr>\n<td style=\"padding: 0em; background-color: #858585;\"><span style=\"color: #a80407;\">\u00a0<\/span><\/td>\n<\/tr>\n<\/tbody>\n<\/table>\n","protected":false},"excerpt":{"rendered":"<p>Si\u00a0 l\u2019on\u00a0 n\u2019aime\u00a0 pas\u00a0 les\u00a0 hommes,\u00a0 on\u00a0 ne\u00a0 peut\u00a0 pas\u00a0 r\u00e9aliser\u00a0 de\u00a0 films. Aleksandar Petrovic \u00a0 Le\u00a0 cin\u00e9matographe,\u00a0 c\u2019est\u00a0 comme\u00a0 la\u00a0 vie\u00a0 \u2013\u00a0 tout\u00a0 y\u00a0 est.\u00a0 Il\u00a0 faut\u00a0 seulement ouvrir les yeux. Aleksandar Petrovic\u00a0 \u00a0 Il n\u2019y pas de mensonge dans l\u2019art. L\u2019art ne connait que la v\u00e9rit\u00e9. Nous ne sommes\u00a0 pas\u00a0 des\u00a0 juges,\u00a0 ni\u00a0 [&hellip;]<\/p>\n","protected":false},"author":1,"featured_media":0,"parent":0,"menu_order":0,"comment_status":"open","ping_status":"open","template":"","meta":{"footnotes":""},"class_list":["post-1713","page","type-page","status-publish","hentry"],"yoast_head":"<!-- This site is optimized with the Yoast SEO plugin v26.3 - https:\/\/yoast.com\/wordpress\/plugins\/seo\/ -->\n<title>Citations - Aleksandar Petrovic<\/title>\n<meta name=\"robots\" content=\"index, follow, max-snippet:-1, max-image-preview:large, max-video-preview:-1\" \/>\n<link rel=\"canonical\" href=\"https:\/\/aleksandarpetrovic.org\/citations\/\" \/>\n<meta property=\"og:locale\" content=\"fr_FR\" \/>\n<meta property=\"og:type\" content=\"article\" \/>\n<meta property=\"og:title\" content=\"Citations - Aleksandar Petrovic\" \/>\n<meta property=\"og:description\" content=\"Si\u00a0 l\u2019on\u00a0 n\u2019aime\u00a0 pas\u00a0 les\u00a0 hommes,\u00a0 on\u00a0 ne\u00a0 peut\u00a0 pas\u00a0 r\u00e9aliser\u00a0 de\u00a0 films. Aleksandar Petrovic \u00a0 Le\u00a0 cin\u00e9matographe,\u00a0 c\u2019est\u00a0 comme\u00a0 la\u00a0 vie\u00a0 \u2013\u00a0 tout\u00a0 y\u00a0 est.\u00a0 Il\u00a0 faut\u00a0 seulement ouvrir les yeux. Aleksandar Petrovic\u00a0 \u00a0 Il n\u2019y pas de mensonge dans l\u2019art. L\u2019art ne connait que la v\u00e9rit\u00e9. Nous ne sommes\u00a0 pas\u00a0 des\u00a0 juges,\u00a0 ni\u00a0 [&hellip;]\" \/>\n<meta property=\"og:url\" content=\"https:\/\/aleksandarpetrovic.org\/citations\/\" \/>\n<meta property=\"og:site_name\" content=\"Aleksandar Petrovic\" \/>\n<meta name=\"twitter:card\" content=\"summary_large_image\" \/>\n<meta name=\"twitter:label1\" content=\"Dur\u00e9e de lecture estim\u00e9e\" \/>\n\t<meta name=\"twitter:data1\" content=\"7 minutes\" \/>\n<script type=\"application\/ld+json\" class=\"yoast-schema-graph\">{\"@context\":\"https:\/\/schema.org\",\"@graph\":[{\"@type\":\"WebPage\",\"@id\":\"https:\/\/aleksandarpetrovic.org\/citations\/\",\"url\":\"https:\/\/aleksandarpetrovic.org\/citations\/\",\"name\":\"Citations - Aleksandar Petrovic\",\"isPartOf\":{\"@id\":\"https:\/\/aleksandarpetrovic.org\/#website\"},\"datePublished\":\"2013-11-01T22:38:41+00:00\",\"breadcrumb\":{\"@id\":\"https:\/\/aleksandarpetrovic.org\/citations\/#breadcrumb\"},\"inLanguage\":\"fr-FR\",\"potentialAction\":[{\"@type\":\"ReadAction\",\"target\":[\"https:\/\/aleksandarpetrovic.org\/citations\/\"]}]},{\"@type\":\"BreadcrumbList\",\"@id\":\"https:\/\/aleksandarpetrovic.org\/citations\/#breadcrumb\",\"itemListElement\":[{\"@type\":\"ListItem\",\"position\":1,\"name\":\"Accueil\",\"item\":\"https:\/\/aleksandarpetrovic.org\/fr\/\"},{\"@type\":\"ListItem\",\"position\":2,\"name\":\"Citations\"}]},{\"@type\":\"WebSite\",\"@id\":\"https:\/\/aleksandarpetrovic.org\/#website\",\"url\":\"https:\/\/aleksandarpetrovic.org\/\",\"name\":\"Aleksandar Petrovic\",\"description\":\"R\u00e9alisateur (site officiel)\",\"potentialAction\":[{\"@type\":\"SearchAction\",\"target\":{\"@type\":\"EntryPoint\",\"urlTemplate\":\"https:\/\/aleksandarpetrovic.org\/?s={search_term_string}\"},\"query-input\":{\"@type\":\"PropertyValueSpecification\",\"valueRequired\":true,\"valueName\":\"search_term_string\"}}],\"inLanguage\":\"fr-FR\"}]}<\/script>\n<!-- \/ Yoast SEO plugin. -->","yoast_head_json":{"title":"Citations - Aleksandar Petrovic","robots":{"index":"index","follow":"follow","max-snippet":"max-snippet:-1","max-image-preview":"max-image-preview:large","max-video-preview":"max-video-preview:-1"},"canonical":"https:\/\/aleksandarpetrovic.org\/citations\/","og_locale":"fr_FR","og_type":"article","og_title":"Citations - Aleksandar Petrovic","og_description":"Si\u00a0 l\u2019on\u00a0 n\u2019aime\u00a0 pas\u00a0 les\u00a0 hommes,\u00a0 on\u00a0 ne\u00a0 peut\u00a0 pas\u00a0 r\u00e9aliser\u00a0 de\u00a0 films. Aleksandar Petrovic \u00a0 Le\u00a0 cin\u00e9matographe,\u00a0 c\u2019est\u00a0 comme\u00a0 la\u00a0 vie\u00a0 \u2013\u00a0 tout\u00a0 y\u00a0 est.\u00a0 Il\u00a0 faut\u00a0 seulement ouvrir les yeux. Aleksandar Petrovic\u00a0 \u00a0 Il n\u2019y pas de mensonge dans l\u2019art. L\u2019art ne connait que la v\u00e9rit\u00e9. Nous ne sommes\u00a0 pas\u00a0 des\u00a0 juges,\u00a0 ni\u00a0 [&hellip;]","og_url":"https:\/\/aleksandarpetrovic.org\/citations\/","og_site_name":"Aleksandar Petrovic","twitter_card":"summary_large_image","twitter_misc":{"Dur\u00e9e de lecture estim\u00e9e":"7 minutes"},"schema":{"@context":"https:\/\/schema.org","@graph":[{"@type":"WebPage","@id":"https:\/\/aleksandarpetrovic.org\/citations\/","url":"https:\/\/aleksandarpetrovic.org\/citations\/","name":"Citations - Aleksandar Petrovic","isPartOf":{"@id":"https:\/\/aleksandarpetrovic.org\/#website"},"datePublished":"2013-11-01T22:38:41+00:00","breadcrumb":{"@id":"https:\/\/aleksandarpetrovic.org\/citations\/#breadcrumb"},"inLanguage":"fr-FR","potentialAction":[{"@type":"ReadAction","target":["https:\/\/aleksandarpetrovic.org\/citations\/"]}]},{"@type":"BreadcrumbList","@id":"https:\/\/aleksandarpetrovic.org\/citations\/#breadcrumb","itemListElement":[{"@type":"ListItem","position":1,"name":"Accueil","item":"https:\/\/aleksandarpetrovic.org\/fr\/"},{"@type":"ListItem","position":2,"name":"Citations"}]},{"@type":"WebSite","@id":"https:\/\/aleksandarpetrovic.org\/#website","url":"https:\/\/aleksandarpetrovic.org\/","name":"Aleksandar Petrovic","description":"R\u00e9alisateur (site officiel)","potentialAction":[{"@type":"SearchAction","target":{"@type":"EntryPoint","urlTemplate":"https:\/\/aleksandarpetrovic.org\/?s={search_term_string}"},"query-input":{"@type":"PropertyValueSpecification","valueRequired":true,"valueName":"search_term_string"}}],"inLanguage":"fr-FR"}]}},"_links":{"self":[{"href":"https:\/\/aleksandarpetrovic.org\/fr\/wp-json\/wp\/v2\/pages\/1713","targetHints":{"allow":["GET"]}}],"collection":[{"href":"https:\/\/aleksandarpetrovic.org\/fr\/wp-json\/wp\/v2\/pages"}],"about":[{"href":"https:\/\/aleksandarpetrovic.org\/fr\/wp-json\/wp\/v2\/types\/page"}],"author":[{"embeddable":true,"href":"https:\/\/aleksandarpetrovic.org\/fr\/wp-json\/wp\/v2\/users\/1"}],"replies":[{"embeddable":true,"href":"https:\/\/aleksandarpetrovic.org\/fr\/wp-json\/wp\/v2\/comments?post=1713"}],"version-history":[{"count":0,"href":"https:\/\/aleksandarpetrovic.org\/fr\/wp-json\/wp\/v2\/pages\/1713\/revisions"}],"wp:attachment":[{"href":"https:\/\/aleksandarpetrovic.org\/fr\/wp-json\/wp\/v2\/media?parent=1713"}],"curies":[{"name":"wp","href":"https:\/\/api.w.org\/{rel}","templated":true}]}}