{"id":1761,"date":"2013-11-06T22:17:13","date_gmt":"2013-11-06T22:17:13","guid":{"rendered":"http:\/\/aleksandarpetrovic.org\/france\/?page_id=1761"},"modified":"2025-11-25T09:31:46","modified_gmt":"2025-11-25T14:31:46","slug":"politique","status":"publish","type":"page","link":"https:\/\/aleksandarpetrovic.org\/fr\/autres-activites\/politique\/","title":{"rendered":"Politique"},"content":{"rendered":"\n<p>La politique, la guerre et le communisme ont jou\u00e9 un r\u00f4le fondamental dans la carri\u00e8re d\u2019Aleksandar Petrovic. Dans son autobiographie \u00ab&nbsp;Tous mes amours &#8211; les p\u00e9riscopes aveugles \u00bb (1994, non traduit en fran\u00e7ais), Aleksandar Petrovic narre ses souvenirs d\u2019enfance et d\u2019adolescence. Notamment, il d\u00e9crit les ann\u00e9es d\u2019occupation Nazie pendant la Seconde Guerre Mondiale, les exodes r\u00e9p\u00e9t\u00e9s vers les villages proches de Belgrade, la scolarit\u00e9 d\u00e9cousue, la cr\u00e9ation d\u2019un journal au caract\u00e8re satyrique avec sa bande de copains. La Guerre et ses traumatismes furent une exp\u00e9rience formative qui a inspir\u00e9 les th\u00e8mes qu\u2019il a d\u00e9velopp\u00e9s dans pratiquement tous ses films.<\/p>\n\n\n\n<p>En janvier 1994, lors des menaces de bombardement de Belgrade pendant le conflit en ex-Yougoslavie, Aleksandar Petrovic adresse une lettre ouverte \u00e0 Bill Clinton, Pr\u00e9sident des Etats-Unis. Son titre : <br>\u00ab On ne l\u00e2che pas de bombes sur ses amis \u00bb <br>\u00ab Monsieur le Pr\u00e9sident Clinton, messieurs du Congr\u00e8s, Monsieur Christopher, il est temps que vous cessiez de menacer les Serbes et la Serbie de bombardements a\u00e9riens. <br>Le bombardement des villes et le massacre des populations civiles par des attaques a\u00e9riennes sont interdits par la Convention de Gen\u00e8ve. <br>Le dix-sept Avril 1944, jour des P\u00e2ques orthodoxes, les avions am\u00e9ricains ont l\u00e2ch\u00e9 une bombe d&rsquo;une tonne sur un immeuble \u00e0 Belgrade, au 36 de la rue Nemanjina que j&rsquo;habitais avec ma famille. La bombe a enti\u00e8rement d\u00e9truit une partie de cet immeuble de six \u00e9tages. Avec les voisins, je suis rest\u00e9 plus d&rsquo;une heure enseveli dans la cave et dans une obscurit\u00e9 totale sous les d\u00e9combres fumants. <br>Pour donner une id\u00e9e de ce que fut ce spectacle, j&rsquo;ai introduit plus tard cette sc\u00e8ne dans mon film \u00ab\u00a0Portrait de groupe avec dame\u00a0\u00bb, d&rsquo;apr\u00e8s le roman de mon ami le grand \u00e9crivain et humaniste allemand Heinrich B\u00f6ll. Seulement dans le film, j&rsquo;ai substitu\u00e9 Cologne \u00e0 Belgrade. Mais cela ne change rien \u00e0 la chose &#8211; les avions am\u00e9ricains d\u00e9truisaient aussi implacablement les immeubles d&rsquo;habitation et tuaient la population civile de Cologne. \u00bb\u2026. \u00ab Au mois de Mai 1944, sur les trottoirs de la rue du Prince h\u00e9ritier Pierre, \u00e9taient align\u00e9s les corps des Belgradois. Ces hommes, femmes et enfants ont p\u00e9ri des bombes de l&rsquo;aviation alli\u00e9e. Il n&rsquo;y avait aucun objectif militaire sur des kilom\u00e8tres \u00e0 la ronde&#8230; Courant printemps 1944, les bombardements alli\u00e9s de Belgrade ont fait sept mille victimes civiles contre, affirme-t-on, seulement onze soldats allemands! \u00bb\u2026<\/p>\n\n\n\n<p><strong>Le Figaro Magazine-10-04-1999- Jean-Christophe Buisson <\/strong><\/p>\n\n\n\n<p>Aleksandar Petrovic assiste \u00e0 la lib\u00e9ration de Belgrade par l\u2019arm\u00e9e sovi\u00e9tique. \u00c0 la fin de la guerre, en 1944, \u00e0 l\u2019\u00e2ge de quinze ans, il s\u2019enfuit de la maison pour rejoindre les Partisans de Tito, plus par go\u00fbt d\u2019aventure que par conviction politique.<\/p>\n\n\n\n<h3 class=\"wp-block-heading\"><a href=\"https:\/\/aleksandarpetrovic.org\/france\/balkans-les-serbes-sont-ils-fous\/\">Balkans: les Serbes sont-ils fous?<\/a><\/h3>\n\n\n\n<h4 class=\"wp-block-heading\"><strong>Le Figaro Magazine-10-04-1999- Jean-Christophe Buisson<\/strong><\/h4>\n\n\n\n<p>Dans ses souvenirs il \u00e9voque la Save recouverte des corps de Serbes, Juifs, Tziganes, communistes de toutes nationalit\u00e9s, assassin\u00e9s dans l\u2019Etat Ind\u00e9pendant&nbsp;de Croatie et&nbsp;jet\u00e9s intentionnellement dans le fleuve pour flotter en aval, avec souvent des petites pancartes autour de leurs cous indiquant la raison de leur ex\u00e9cution. Il parle aussi de l\u2019ex\u00e9cution, cette fois-ci par les \u00ab bons \u00bb Partisans, de 450 prisonniers mont\u00e9n\u00e9grins, des Tchetniks. Apr\u00e8s une simple v\u00e9rification d\u2019identit\u00e9, les Partisans de Tito les avaient fusill\u00e9s cinq par cinq. Pas de jugement. Beaucoup d\u2019autres sc\u00e8nes de guerre sont rentr\u00e9es dans sa m\u00e9moire pour ressurgirent, plus tard, dans ses films \u00ab Tri \u00bb et \u00ab Portrait de groupe avec dame \u00bb. Le front avait \u00e9t\u00e9 un carnage : tous les lyc\u00e9ens et les \u00e9tudiants mobilis\u00e9s par les Partisans communistes, se sont fait d\u00e9cimer. A la lib\u00e9ration de Belgrade en octobre 1944, une g\u00e9n\u00e9ration avait disparu. De retour du front, Aleksandar Petrovic, d\u00e9go\u00fbt\u00e9, arr\u00eate toute activit\u00e9 politique et d\u00e9cide de poursuivre ses \u00e9tudes. <br>Durant toute sa carri\u00e8re, Alexandre Petrovic a explor\u00e9 dans ses films des th\u00e8mes&nbsp;politiques et sociaux, et a fr\u00e9quemment \u00e9t\u00e9 la cible de reproches du parti communiste yougoslave. <strong><em>Il pleut dans mon village<\/em><\/strong> est tr\u00e8s rapidement retir\u00e9 des salles de cin\u00e9ma yougoslave, jug\u00e9 non conforme \u00e0 l\u2019id\u00e9ologie communiste. Les dirigeants du Comit\u00e9 central du parti Communiste ont vivement condamn\u00e9 le film en le traitant du \u00ab Film noir \u00bb. Ils affirmaient que les propos que Petrovic tenait dans le film \u00e9taient formellement contraires au programme et \u00e0 l\u2019id\u00e9ologie de l\u2019Union Communiste. <br>Aleksandar Petrovi\u0107 commente: <em>\u00abMa prise de position, d\u00e8s le d\u00e9part, n\u2019\u00e9tait pas politique mais po\u00e9tique. Les implications politiques qui en d\u00e9coulent sont le r\u00e9sultat de la projection de l\u2019oeuvre artistique dans les sph\u00e8res sociales\u00bb <\/em><br>Apr\u00e8s avoir rafl\u00e9 trois grands prix au festival de Pula, <em><strong>Le Ma\u00eetre et Marguerite<\/strong><\/em> est pr\u00e9sent\u00e9 au public de Belgrade. Il est qualifi\u00e9 de film anticommuniste. Deux jours apr\u00e8s le d\u00e9but de la distribution en salle, le coproducteur yougoslave l\u2019interdit. C\u2019est le d\u00e9but d\u2019une longue p\u00e9riode de r\u00e9pression dans la culture. <br>Aleksandar Petrovi\u0107 est accus\u00e9 de crime contre l\u2019Etat et contre le Peuple. Le pr\u00e9texte futile est l\u2019affaire \u00abPlasti\u010dni Isus\u00bb (J\u00e9sus en plastique), film r\u00e9alis\u00e9 par son \u00e9tudiant Lazar Stojanovi\u0107. Petrovi\u0107 a autoris\u00e9 son \u00e9tudiant \u00e0 pr\u00e9senter son film de fin d\u2019\u00e9tudes au jury sous condition de supprimer les passages contenant des images et des dialogues s\u2019attaquant \u00e0 Tito et son r\u00e9gime. Malheureusement pour Stojanovi\u0107 (il a \u00e9t\u00e9 condamn\u00e9 \u00e0 un an de prison) et pour son professeur, il ne suit pas son conseil. N\u00e9anmoins, il obtient la meilleure note par le jury de l\u2019Acad\u00e9mie du Cin\u00e9ma. Le film est visionn\u00e9 par les autorit\u00e9s et jug\u00e9 d\u2019une extr\u00eame provocation politique.<\/p>\n\n\n\n<p>En&nbsp; 1973&nbsp; Alexandre&nbsp; Petrovi\u0107&nbsp; est&nbsp; renvoy\u00e9&nbsp; de&nbsp; l\u2019Acad\u00e9mie&nbsp; du&nbsp; Cin\u00e9ma&nbsp; et&nbsp; son passeport lui est confisqu\u00e9. Il rentre alors dans une p\u00e9riode de disgr\u00e2ce en Yougoslavie qui durera dix-huit ans. Il est consid\u00e9r\u00e9 comme une personne dangereuse et g\u00eanante pour le r\u00e9gime. Ce n\u2019est que dans les ann\u00e9es 90 que le Tribunal lui donnera officiellement raison en concluant qu\u2019il s\u2019agissait d\u2019une \u00ab inacceptable disqualification politique \u00bb. Son statut d\u2019enseignant sera r\u00e9tabli.<\/p>\n\n\n\n<p>Aleksandar Petrovi\u0107 pr\u00e9cisera que c\u2019\u00e9tait une machination politique qui le visait personnellement. Il disait <em>\u00ab Tout pouvoir, surtout le pouvoir communiste, souhaite s\u2019approprier des personnes poss\u00e9dant un renom international. Ma situation \u00e9tait litt\u00e9ralement grotesque: les communistes me d\u00e9cernaient tous les prix possibles, grands prix au festivals de Pula, Prix d\u2019Octobre de la ville de Belgrade, Prix du 7 Juillet, Prix AVNOJ, et en m\u00eame temps les m\u00eames individus m\u2019emp\u00eachaient de travailler.<\/em><em>\u00bb <\/em><br>La pers\u00e9cution d\u2019Aleksandar Petrovi\u0107 par le r\u00e9gime totalitaire communiste de Tito ressemble \u00e9norm\u00e9ment \u00e0 celle d\u00e9crite dans l\u2019excellent film allemand \u00ab La vie des autres \u00bb de Florian Henckel von Donnersmarck. Cependant, contrairement \u00e0 la Stasi qui a rendus publics ses dossiers publics, le dossier Aleksandar Petrovi\u0107 est toujours secret en 2013.<\/p>\n\n\n\n<figure class=\"wp-block-image alignleft\"><a href=\"https:\/\/aleksandarpetrovic.org\/wp-content\/uploads\/2013\/11\/politika.png\"><img decoding=\"async\" width=\"122\" height=\"155\" src=\"https:\/\/aleksandarpetrovic.org\/wp-content\/uploads\/2013\/11\/politika.png\" alt=\"politika\" class=\"wp-image-1766\"\/><\/a><\/figure>\n\n\n\n<p><\/p>\n\n\n\n<p><b>Vlastimir Sudar <\/b>s\u2019est pench\u00e9 sur l\u2019\u0153uvre et sur la difficile route sur laquelle s\u2019\u00e9tait engag\u00e9 Aleksandre Petrovic et a \u00e9crit un pr\u00e9cieux document:\u00a0<br>Portrait de l\u2019artiste en tant que dissident politique:\u00a0La vie et l\u2019\u0153uvre d\u2019Aleksandar Petrovic (<strong>The life and work of Aleksandar Petrovic: A portrait of the artist as a political dissident<\/strong>\u00a0\u2013 INTELLECT, Bristol, INTELLECT, Chicago 2013, <a href=\"https:\/\/www.intellectbooks.com\/a-portrait-of-the-artist-as-a-political-dissident\" target=\"_blank\" rel=\"noreferrer noopener\">http<\/a>) <br>Travail tr\u00e8s bien document\u00e9 sous forme d\u2019\u00e9tude de la carri\u00e8re mouvement\u00e9e du cin\u00e9aste yougoslave,\u00a0portrait de l\u2019artiste en tant que dissident politique explore la mani\u00e8re dont Petrovic a d\u00e9velopp\u00e9 les th\u00e8mes politiques et sociaux dans ses films en r\u00e9ponse aux al\u00e9as politiques de son temps, ces vues antidogmatiques sont par la suite devenues une signature de son \u0153uvre.<\/p>\n\n\n\n<p>Aleksandar Petrovi\u0107 a \u00e9t\u00e9 un des premiers intellectuels serbes \u00e0 s\u2019opposer \u00e0 Slobodan Milosevi\u0107. Il a fond\u00e9 le parti lib\u00e9ral au d\u00e9but des ann\u00e9es 1990, dont il est rest\u00e9 vice-pr\u00e9sident jusqu&rsquo;\u00e0 sa mort. Il se voulait \u00ab\u00a0lib\u00e9ral-d\u00e9mocrate\u00a0\u00bb et \u00e9tait oppos\u00e9 aux exc\u00e8s nationalistes et \u00e0 la guerre. A Belgrade, il prenait la parole sur les places publiques et appelait le peuple \u00e0 combattre la \u00ab bourgeoisie rouge \u00bb.<\/p>\n\n\n\n<p>Jusqu\u2019\u00e0 la fin de sa vie, il a sans cesse combattu pour la v\u00e9rit\u00e9. <br>Il a laiss\u00e9 en t\u00e9moignage d\u2019innombrables textes non seulement dans le domaine du film, mais aussi des articles politiques. Les derni\u00e8res ann\u00e9es (les ann\u00e9es de guerre en Yougoslavie) il prenait la parole, \u00e0 chaque occasion qui se pr\u00e9sentait, pour denoncer le r\u00e9gime de Milo\u0161evic, Izetbegovi\u0107 (Bosnie), Ku\u010dan (Slov\u00e9nie), Tu\u0111man et Mesi\u0107 (Croatie) et autres dirigeants qui se disaient d\u00e9mocrates mes tous anciens communistes proches du r\u00e9gime de Tito.<\/p>\n\n\n\n<h3 class=\"wp-block-heading\">Jean-Michel Frodon<\/h3>\n\n\n\n<h4 class=\"wp-block-heading\">Le Monde 08\/08\/1991&nbsp;<\/h4>\n\n\n\n<h3 class=\"wp-block-heading\"><a href=\"https:\/\/aleksandarpetrovic.org\/wp-content\/uploads\/2013\/11\/cahiers-du-cinema.jpg\">Cahiers du Cin\u00e9ma \u00ab Ceux qui filment \u00bb&#8230; Sacha Petrovic<\/a><\/h3>\n\n\n\n<h4 class=\"wp-block-heading\">Isabelle Huppert, r\u00e9dactrice d\u2019une \u00e9dition sp\u00e9ciale des Cahiers du Cin\u00e9ma (n\u02da477), publie la lettre qu\u2019Aleksandar Petrovi\u0107 lui avait adress\u00e9e au sujet de la mort de son pays, la Yougoslavie.<\/h4>\n\n\n\n<p>Vers la fin de sa vie, Aleksandar Petrovi\u0107 a particip\u00e9 \u00e0 de nombreuses discussions politiques \u00e0 la t\u00e9l\u00e9vision et la radio fran\u00e7aises. Il souffrait de l\u2019incompr\u00e9hension des m\u00e9dias et \u00e9tait bless\u00e9 par le m\u00e9pris pour les Serbes de certains intellectuels et politiciens fran\u00e7ais. A sa mort \u00e0 Paris, en ao\u00fbt 1994, loin du pays dans lequel il avait cr\u00e9\u00e9 la majorit\u00e9 de son \u0153uvre, les journalistes internationaux ont souvent soulign\u00e9 l\u2019origine serbe d\u2019Aleksandar Petrovic, mais qu\u2019il \u00e9tait oppos\u00e9 politiquement au r\u00e9gime de Slobodan Milosevi\u0107. De fait, son opposition \u00e0 Milosevi\u0107 a souvent \u00e9clips\u00e9 la mention de ses films dans les n\u00e9crologies dans les journaux,d\u00e9montrant que m\u00eame dans la mort, la politique continuait \u00e0 porter une ombre noire sur sa carri\u00e8re et son travail (Vlastimir Sudar).<\/p>\n\n\n\n<h3 class=\"wp-block-heading\"><a href=\"https:\/\/www.lemonde.fr\/archives\/article\/1994\/08\/23\/la-mort-d-alexandre-petrovic-le-dernier-cineaste-yougoslave_3818523_1819218.html\">Mort du r\u00e9alisateur franco-yougoslave Aleksandar Petrovic Paris, 20 ao\u00fbt (Le Monde)<\/a><\/h3>\n\n\n\n<p>Sous un r\u00e9gime autre et meilleur dans son pays d\u2019origine, le destin d\u2019 Aleksandar Petrovic aurait \u00e9t\u00e9 autre et meilleur. Aleksandar Petrovic a justement lutt\u00e9 pour l&rsquo;av\u00e8nement d&rsquo;un monde meilleur.<\/p>\n\n\n\n<p>&nbsp;<\/p>\n","protected":false},"excerpt":{"rendered":"<p>La politique, la guerre et le communisme ont jou\u00e9 un r\u00f4le fondamental dans la carri\u00e8re d\u2019Aleksandar Petrovic. Dans son autobiographie \u00ab&nbsp;Tous mes amours &#8211; les p\u00e9riscopes aveugles \u00bb (1994, non traduit en fran\u00e7ais), Aleksandar Petrovic narre ses souvenirs d\u2019enfance et d\u2019adolescence. Notamment, il d\u00e9crit les ann\u00e9es d\u2019occupation Nazie pendant la Seconde Guerre Mondiale, les exodes [&hellip;]<\/p>\n","protected":false},"author":1,"featured_media":0,"parent":1812,"menu_order":0,"comment_status":"closed","ping_status":"open","template":"","meta":{"footnotes":""},"class_list":["post-1761","page","type-page","status-publish","hentry"],"yoast_head":"<!-- This site is optimized with the Yoast SEO plugin v26.3 - https:\/\/yoast.com\/wordpress\/plugins\/seo\/ -->\n<title>Politique - Aleksandar Petrovic<\/title>\n<meta name=\"robots\" content=\"index, follow, max-snippet:-1, max-image-preview:large, max-video-preview:-1\" \/>\n<link rel=\"canonical\" href=\"https:\/\/aleksandarpetrovic.org\/fr\/autres-activites\/politique\/\" \/>\n<meta property=\"og:locale\" content=\"fr_FR\" \/>\n<meta property=\"og:type\" content=\"article\" \/>\n<meta property=\"og:title\" content=\"Politique - Aleksandar Petrovic\" \/>\n<meta property=\"og:description\" content=\"La politique, la guerre et le communisme ont jou\u00e9 un r\u00f4le fondamental dans la carri\u00e8re d\u2019Aleksandar Petrovic. Dans son autobiographie \u00ab&nbsp;Tous mes amours &#8211; les p\u00e9riscopes aveugles \u00bb (1994, non traduit en fran\u00e7ais), Aleksandar Petrovic narre ses souvenirs d\u2019enfance et d\u2019adolescence. Notamment, il d\u00e9crit les ann\u00e9es d\u2019occupation Nazie pendant la Seconde Guerre Mondiale, les exodes [&hellip;]\" \/>\n<meta property=\"og:url\" content=\"https:\/\/aleksandarpetrovic.org\/fr\/autres-activites\/politique\/\" \/>\n<meta property=\"og:site_name\" content=\"Aleksandar Petrovic\" \/>\n<meta property=\"article:modified_time\" content=\"2025-11-25T14:31:46+00:00\" \/>\n<meta property=\"og:image\" content=\"https:\/\/aleksandarpetrovic.org\/wp-content\/uploads\/2013\/11\/politika.png\" \/>\n\t<meta property=\"og:image:width\" content=\"122\" \/>\n\t<meta property=\"og:image:height\" content=\"155\" \/>\n\t<meta property=\"og:image:type\" content=\"image\/png\" \/>\n<meta name=\"twitter:card\" content=\"summary_large_image\" \/>\n<meta name=\"twitter:label1\" content=\"Dur\u00e9e de lecture estim\u00e9e\" \/>\n\t<meta name=\"twitter:data1\" content=\"9 minutes\" \/>\n<script type=\"application\/ld+json\" class=\"yoast-schema-graph\">{\"@context\":\"https:\/\/schema.org\",\"@graph\":[{\"@type\":\"WebPage\",\"@id\":\"https:\/\/aleksandarpetrovic.org\/fr\/autres-activites\/politique\/\",\"url\":\"https:\/\/aleksandarpetrovic.org\/fr\/autres-activites\/politique\/\",\"name\":\"Politique - Aleksandar Petrovic\",\"isPartOf\":{\"@id\":\"https:\/\/aleksandarpetrovic.org\/#website\"},\"primaryImageOfPage\":{\"@id\":\"https:\/\/aleksandarpetrovic.org\/fr\/autres-activites\/politique\/#primaryimage\"},\"image\":{\"@id\":\"https:\/\/aleksandarpetrovic.org\/fr\/autres-activites\/politique\/#primaryimage\"},\"thumbnailUrl\":\"https:\/\/aleksandarpetrovic.org\/wp-content\/uploads\/2013\/11\/politika.png\",\"datePublished\":\"2013-11-06T22:17:13+00:00\",\"dateModified\":\"2025-11-25T14:31:46+00:00\",\"breadcrumb\":{\"@id\":\"https:\/\/aleksandarpetrovic.org\/fr\/autres-activites\/politique\/#breadcrumb\"},\"inLanguage\":\"fr-FR\",\"potentialAction\":[{\"@type\":\"ReadAction\",\"target\":[\"https:\/\/aleksandarpetrovic.org\/fr\/autres-activites\/politique\/\"]}]},{\"@type\":\"ImageObject\",\"inLanguage\":\"fr-FR\",\"@id\":\"https:\/\/aleksandarpetrovic.org\/fr\/autres-activites\/politique\/#primaryimage\",\"url\":\"https:\/\/aleksandarpetrovic.org\/wp-content\/uploads\/2013\/11\/politika.png\",\"contentUrl\":\"https:\/\/aleksandarpetrovic.org\/wp-content\/uploads\/2013\/11\/politika.png\"},{\"@type\":\"BreadcrumbList\",\"@id\":\"https:\/\/aleksandarpetrovic.org\/fr\/autres-activites\/politique\/#breadcrumb\",\"itemListElement\":[{\"@type\":\"ListItem\",\"position\":1,\"name\":\"Accueil\",\"item\":\"https:\/\/aleksandarpetrovic.org\/fr\/\"},{\"@type\":\"ListItem\",\"position\":2,\"name\":\"Autres activit\u00e9s\",\"item\":\"https:\/\/aleksandarpetrovic.org\/fr\/autres-activites\/\"},{\"@type\":\"ListItem\",\"position\":3,\"name\":\"Politique\"}]},{\"@type\":\"WebSite\",\"@id\":\"https:\/\/aleksandarpetrovic.org\/#website\",\"url\":\"https:\/\/aleksandarpetrovic.org\/\",\"name\":\"Aleksandar Petrovic\",\"description\":\"R\u00e9alisateur (site officiel)\",\"potentialAction\":[{\"@type\":\"SearchAction\",\"target\":{\"@type\":\"EntryPoint\",\"urlTemplate\":\"https:\/\/aleksandarpetrovic.org\/?s={search_term_string}\"},\"query-input\":{\"@type\":\"PropertyValueSpecification\",\"valueRequired\":true,\"valueName\":\"search_term_string\"}}],\"inLanguage\":\"fr-FR\"}]}<\/script>\n<!-- \/ Yoast SEO plugin. -->","yoast_head_json":{"title":"Politique - Aleksandar Petrovic","robots":{"index":"index","follow":"follow","max-snippet":"max-snippet:-1","max-image-preview":"max-image-preview:large","max-video-preview":"max-video-preview:-1"},"canonical":"https:\/\/aleksandarpetrovic.org\/fr\/autres-activites\/politique\/","og_locale":"fr_FR","og_type":"article","og_title":"Politique - Aleksandar Petrovic","og_description":"La politique, la guerre et le communisme ont jou\u00e9 un r\u00f4le fondamental dans la carri\u00e8re d\u2019Aleksandar Petrovic. Dans son autobiographie \u00ab&nbsp;Tous mes amours &#8211; les p\u00e9riscopes aveugles \u00bb (1994, non traduit en fran\u00e7ais), Aleksandar Petrovic narre ses souvenirs d\u2019enfance et d\u2019adolescence. Notamment, il d\u00e9crit les ann\u00e9es d\u2019occupation Nazie pendant la Seconde Guerre Mondiale, les exodes [&hellip;]","og_url":"https:\/\/aleksandarpetrovic.org\/fr\/autres-activites\/politique\/","og_site_name":"Aleksandar Petrovic","article_modified_time":"2025-11-25T14:31:46+00:00","og_image":[{"width":122,"height":155,"url":"https:\/\/aleksandarpetrovic.org\/wp-content\/uploads\/2013\/11\/politika.png","type":"image\/png"}],"twitter_card":"summary_large_image","twitter_misc":{"Dur\u00e9e de lecture estim\u00e9e":"9 minutes"},"schema":{"@context":"https:\/\/schema.org","@graph":[{"@type":"WebPage","@id":"https:\/\/aleksandarpetrovic.org\/fr\/autres-activites\/politique\/","url":"https:\/\/aleksandarpetrovic.org\/fr\/autres-activites\/politique\/","name":"Politique - Aleksandar Petrovic","isPartOf":{"@id":"https:\/\/aleksandarpetrovic.org\/#website"},"primaryImageOfPage":{"@id":"https:\/\/aleksandarpetrovic.org\/fr\/autres-activites\/politique\/#primaryimage"},"image":{"@id":"https:\/\/aleksandarpetrovic.org\/fr\/autres-activites\/politique\/#primaryimage"},"thumbnailUrl":"https:\/\/aleksandarpetrovic.org\/wp-content\/uploads\/2013\/11\/politika.png","datePublished":"2013-11-06T22:17:13+00:00","dateModified":"2025-11-25T14:31:46+00:00","breadcrumb":{"@id":"https:\/\/aleksandarpetrovic.org\/fr\/autres-activites\/politique\/#breadcrumb"},"inLanguage":"fr-FR","potentialAction":[{"@type":"ReadAction","target":["https:\/\/aleksandarpetrovic.org\/fr\/autres-activites\/politique\/"]}]},{"@type":"ImageObject","inLanguage":"fr-FR","@id":"https:\/\/aleksandarpetrovic.org\/fr\/autres-activites\/politique\/#primaryimage","url":"https:\/\/aleksandarpetrovic.org\/wp-content\/uploads\/2013\/11\/politika.png","contentUrl":"https:\/\/aleksandarpetrovic.org\/wp-content\/uploads\/2013\/11\/politika.png"},{"@type":"BreadcrumbList","@id":"https:\/\/aleksandarpetrovic.org\/fr\/autres-activites\/politique\/#breadcrumb","itemListElement":[{"@type":"ListItem","position":1,"name":"Accueil","item":"https:\/\/aleksandarpetrovic.org\/fr\/"},{"@type":"ListItem","position":2,"name":"Autres activit\u00e9s","item":"https:\/\/aleksandarpetrovic.org\/fr\/autres-activites\/"},{"@type":"ListItem","position":3,"name":"Politique"}]},{"@type":"WebSite","@id":"https:\/\/aleksandarpetrovic.org\/#website","url":"https:\/\/aleksandarpetrovic.org\/","name":"Aleksandar Petrovic","description":"R\u00e9alisateur (site officiel)","potentialAction":[{"@type":"SearchAction","target":{"@type":"EntryPoint","urlTemplate":"https:\/\/aleksandarpetrovic.org\/?s={search_term_string}"},"query-input":{"@type":"PropertyValueSpecification","valueRequired":true,"valueName":"search_term_string"}}],"inLanguage":"fr-FR"}]}},"_links":{"self":[{"href":"https:\/\/aleksandarpetrovic.org\/fr\/wp-json\/wp\/v2\/pages\/1761","targetHints":{"allow":["GET"]}}],"collection":[{"href":"https:\/\/aleksandarpetrovic.org\/fr\/wp-json\/wp\/v2\/pages"}],"about":[{"href":"https:\/\/aleksandarpetrovic.org\/fr\/wp-json\/wp\/v2\/types\/page"}],"author":[{"embeddable":true,"href":"https:\/\/aleksandarpetrovic.org\/fr\/wp-json\/wp\/v2\/users\/1"}],"replies":[{"embeddable":true,"href":"https:\/\/aleksandarpetrovic.org\/fr\/wp-json\/wp\/v2\/comments?post=1761"}],"version-history":[{"count":4,"href":"https:\/\/aleksandarpetrovic.org\/fr\/wp-json\/wp\/v2\/pages\/1761\/revisions"}],"predecessor-version":[{"id":5248,"href":"https:\/\/aleksandarpetrovic.org\/fr\/wp-json\/wp\/v2\/pages\/1761\/revisions\/5248"}],"up":[{"embeddable":true,"href":"https:\/\/aleksandarpetrovic.org\/fr\/wp-json\/wp\/v2\/pages\/1812"}],"wp:attachment":[{"href":"https:\/\/aleksandarpetrovic.org\/fr\/wp-json\/wp\/v2\/media?parent=1761"}],"curies":[{"name":"wp","href":"https:\/\/api.w.org\/{rel}","templated":true}]}}