{"id":1813,"date":"2013-11-11T21:04:08","date_gmt":"2013-11-11T21:04:08","guid":{"rendered":"http:\/\/aleksandarpetrovic.org\/france\/?page_id=1813"},"modified":"2025-11-25T09:32:48","modified_gmt":"2025-11-25T14:32:48","slug":"dans-le-cinema","status":"publish","type":"page","link":"https:\/\/aleksandarpetrovic.org\/fr\/autres-activites\/dans-le-cinema\/","title":{"rendered":"Dans le cin\u00e9ma"},"content":{"rendered":"\n<figure class=\"wp-block-table\"><table class=\"has-fixed-layout\"><tbody><tr><td>\n<h3>1962&nbsp; &#8211;&nbsp; Aleksandar&nbsp; Petrovi\u0107&nbsp; est&nbsp; nomm\u00e9&nbsp; professeur&nbsp; \u00e0 l&rsquo;Acad\u00e9mie de cin\u00e9ma, Th\u00e9\u00e2tre et T\u00e9l\u00e9vision de Belgrade. Il tient la chaire de la mise en sc\u00e8ne.<\/h3>\n<\/td><\/tr><\/tbody><\/table><\/figure>\n\n\n\n<p>En <strong>1973<\/strong> Aleksandar Petrovi\u0107 est renvoy\u00e9 pour ses \u00ab vues \u00bb non conformes au Parti communiste.&nbsp; La&nbsp; p\u00e9riode&nbsp; de&nbsp; disgr\u00e2ce&nbsp; en&nbsp; Yougoslavie&nbsp; durera&nbsp; dix-huit&nbsp; ans.&nbsp; Il&nbsp; \u00e9tait&nbsp; consid\u00e9r\u00e9 une personne dangereuse et g\u00eanante pour&nbsp; le&nbsp; r\u00e9gime. Ce n\u2019est que dans les&nbsp; ann\u00e9es&nbsp; 90&nbsp; que&nbsp; le&nbsp; Tribunal&nbsp; lui&nbsp; donnera&nbsp; officiellement&nbsp; raison&nbsp; en&nbsp; concluant&nbsp; qu\u2019il s\u2019agissait&nbsp; d\u2019une&nbsp; \u00ab inacceptable&nbsp; disqualification&nbsp; politique \u00bb;&nbsp; Aleksandar&nbsp; Petrovi\u0107 pr\u00e9cisera&nbsp; que&nbsp; c\u2019\u00e9tait&nbsp; une machination&nbsp; politique&nbsp; qui&nbsp; le&nbsp; visait&nbsp; personnellement.&nbsp; Son&nbsp; statut d\u2019enseignant sera r\u00e9tabli.<\/p>\n\n\n\n<p>A part sa principale activit\u00e9 de&nbsp; r\u00e9alisateur dans&nbsp; le cin\u00e9ma et&nbsp; le&nbsp; th\u00e9\u00e2tre,&nbsp; l&rsquo;\u00e9criture et l\u2019enseignement,&nbsp; Aleksandar&nbsp; Petrovi\u0107&nbsp; a&nbsp; activement \u0153uvr\u00e9&nbsp; et&nbsp; \u00e9t\u00e9&nbsp; pr\u00e9sent&nbsp; dans&nbsp; de nombreux&nbsp; \u00e9v\u00e9nements&nbsp; cin\u00e9matographiques&nbsp; et&nbsp; culturels.&nbsp; Il&nbsp; a&nbsp; souvent&nbsp; occup\u00e9&nbsp; des fonctions de haute responsabilit\u00e9.&nbsp;&nbsp;<\/p>\n\n\n\n<figure class=\"wp-block-table\"><table class=\"has-fixed-layout\"><tbody><tr><td>\n<h3>Pendant de nombreuses&nbsp; ann\u00e9es&nbsp; il&nbsp; a&nbsp; \u00e9t\u00e9&nbsp; le Pr\u00e9sident de l\u2019association des cin\u00e9astes yougoslaves.<\/h3>\n<\/td><\/tr><\/tbody><\/table><\/figure>\n\n\n\n<p>&nbsp;<\/p>\n\n\n\n<figure class=\"wp-block-table\"><table class=\"has-fixed-layout\"><tbody><tr><td>\n<h3>&nbsp;Il a \u00e9galement \u00e9t\u00e9 un des fondateurs et membre de l&rsquo;Acad\u00e9mie europ\u00e9enne du Cin\u00e9ma et de la T\u00e9l\u00e9vision<\/h3>\n<\/td><\/tr><\/tbody><\/table><\/figure>\n\n\n\n<p>&nbsp;<\/p>\n\n\n\n<h3 class=\"wp-block-heading\">Extrait du bulletin d\u2019Information <br>QUESTIONS \u2013 REPONSES&nbsp;<\/h3>\n\n\n\n<figure class=\"wp-block-image aligncenter\"><a href=\"https:\/\/aleksandarpetrovic.org\/wp-content\/uploads\/2013\/11\/acanews.png\"><img fetchpriority=\"high\" decoding=\"async\" width=\"730\" height=\"756\" src=\"https:\/\/aleksandarpetrovic.org\/wp-content\/uploads\/2013\/11\/acanews.png\" alt=\"acanews\" class=\"wp-image-1831\" srcset=\"https:\/\/aleksandarpetrovic.org\/wp-content\/uploads\/2013\/11\/acanews.png 730w, https:\/\/aleksandarpetrovic.org\/wp-content\/uploads\/2013\/11\/acanews-290x300.png 290w\" sizes=\"(max-width: 730px) 100vw, 730px\" \/><\/a><\/figure>\n\n\n\n<p>&nbsp;<\/p>\n\n\n\n<figure class=\"wp-block-image aligncenter\"><a href=\"https:\/\/aleksandarpetrovic.org\/wp-content\/uploads\/2013\/11\/acanews2.png\"><img decoding=\"async\" width=\"762\" height=\"696\" src=\"https:\/\/aleksandarpetrovic.org\/wp-content\/uploads\/2013\/11\/acanews2.png\" alt=\"acanews2\" class=\"wp-image-1832\" srcset=\"https:\/\/aleksandarpetrovic.org\/wp-content\/uploads\/2013\/11\/acanews2.png 762w, https:\/\/aleksandarpetrovic.org\/wp-content\/uploads\/2013\/11\/acanews2-300x274.png 300w\" sizes=\"(max-width: 762px) 100vw, 762px\" \/><\/a><\/figure>\n\n\n\n<p><\/p>\n\n\n\n<figure class=\"wp-block-table\"><table class=\"has-fixed-layout\"><tbody><tr><td>\n<h3>Membre&nbsp; de&nbsp; la&nbsp; SACD&nbsp; (Soci\u00e9t\u00e9&nbsp; des&nbsp; Auteurs&nbsp; et Compositeurs Dramatiques &#8211; Paris, Bruxelles, Montr\u00e9al).<\/h3>\n<\/td><\/tr><\/tbody><\/table><\/figure>\n\n\n\n<p>&nbsp;<\/p>\n\n\n\n<figure class=\"wp-block-table\"><table class=\"has-fixed-layout\"><tbody><tr><td>\n<h3>Il&nbsp; a&nbsp; \u00e9t\u00e9 un des&nbsp; fondateurs de&nbsp; l\u2019Acad\u00e9mie des&nbsp; arts&nbsp; et des sciences&nbsp; du&nbsp; cin\u00e9ma&nbsp; (AFUN-Akademija&nbsp; za&nbsp; Filmsku Umetnost i Nauku).<\/h3>\n<\/td><\/tr><\/tbody><\/table><\/figure>\n\n\n\n<p>&nbsp;<\/p>\n\n\n\n<figure class=\"wp-block-table\"><table class=\"has-fixed-layout\"><tbody><tr><td>\n<h3>Il&nbsp; a&nbsp; \u00e9t\u00e9&nbsp; un&nbsp; des&nbsp; fondateurs&nbsp; et&nbsp; le&nbsp; Pr\u00e9sident&nbsp; du&nbsp; \u00ab\u00a0FEST\u00a0\u00bb&nbsp; (le Festival des meilleurs films \u00e9trangers de Belgrade).<\/h3>\n<\/td><\/tr><\/tbody><\/table><\/figure>\n\n\n\n<p>&nbsp;<\/p>\n\n\n\n<figure class=\"wp-block-table\"><table class=\"has-fixed-layout\"><tbody><tr><td>\n<h3>Aleksandar Petrovi\u0107 \u00e9tait&nbsp; le pr\u00e9sident ou membre du&nbsp; jury de nombreux festivals nationaux&nbsp; et internationaux.<\/h3>\n<\/td><\/tr><\/tbody><\/table><\/figure>\n\n\n\n<p>Les films d\u2019Aleksandar Petrovi\u0107 ont \u00e9t\u00e9 pr\u00e9sent\u00e9s dans les plus importants&nbsp; Festivals internationaux:&nbsp; Cannes,&nbsp; Venise,&nbsp; Karlovi-Vari,&nbsp; Pula,&nbsp; Acapulco,&nbsp; New-York,&nbsp; San Francisco,&nbsp; Chicago,&nbsp; Taormina,&nbsp; Berlin,&nbsp; Vienne,&nbsp; Edinburgh,&nbsp; Madrid,&nbsp; Montr\u00e9al,&nbsp; Le Caire,&nbsp; Monte-Carlo&nbsp; etc\u2026&nbsp; A&nbsp; Cannes,&nbsp; ses&nbsp; films&nbsp; ont&nbsp; fait&nbsp; partie&nbsp; cinq&nbsp; fois&nbsp; de&nbsp; la comp\u00e9tition officielle. En France, outre&nbsp; le Festival de Cannes,&nbsp;&nbsp; Avoriaz, La Baule et Cognac.<\/p>\n\n\n\n<figure class=\"wp-block-image aligncenter\"><a href=\"https:\/\/aleksandarpetrovic.org\/wp-content\/uploads\/2013\/11\/avoriaz.png\"><img decoding=\"async\" width=\"430\" height=\"592\" src=\"https:\/\/aleksandarpetrovic.org\/wp-content\/uploads\/2013\/11\/avoriaz.png\" alt=\"avoriaz\" class=\"wp-image-1844\" srcset=\"https:\/\/aleksandarpetrovic.org\/wp-content\/uploads\/2013\/11\/avoriaz.png 430w, https:\/\/aleksandarpetrovic.org\/wp-content\/uploads\/2013\/11\/avoriaz-218x300.png 218w\" sizes=\"(max-width: 430px) 100vw, 430px\" \/><\/a><\/figure>\n\n\n\n<p>&nbsp;<\/p>\n\n\n\n<figure class=\"wp-block-image aligncenter\"><a href=\"https:\/\/aleksandarpetrovic.org\/wp-content\/uploads\/2013\/11\/aleksandar-petrovic-2.png\"><img loading=\"lazy\" decoding=\"async\" width=\"877\" height=\"618\" src=\"https:\/\/aleksandarpetrovic.org\/wp-content\/uploads\/2013\/11\/aleksandar-petrovic-2.png\" alt=\"aleksandar petrovic 2\" class=\"wp-image-1837\" srcset=\"https:\/\/aleksandarpetrovic.org\/wp-content\/uploads\/2013\/11\/aleksandar-petrovic-2.png 877w, https:\/\/aleksandarpetrovic.org\/wp-content\/uploads\/2013\/11\/aleksandar-petrovic-2-300x211.png 300w, https:\/\/aleksandarpetrovic.org\/wp-content\/uploads\/2013\/11\/aleksandar-petrovic-2-768x541.png 768w\" sizes=\"(max-width: 877px) 100vw, 877px\" \/><\/a><\/figure>\n\n\n\n<p><\/p>\n\n\n\n<p>Des&nbsp; r\u00e9trospectives&nbsp; \u00ab\u00a0hommage \u00e0&nbsp; l&rsquo;oeuvre d&rsquo;Alexandre Petrovi\u0107&nbsp; \u00a0\u00bb ont eu&nbsp; lieu \u00e0 Paris, New-York, Gen\u00e8ve, Zurich, Londres, Moscou, Tbilissi&#8230;<\/p>\n\n\n\n<p>Les films d&rsquo;Alexandre Petrovi\u0107 ont \u00e9t\u00e9 projet\u00e9s dans les salles de cin\u00e9ma du monde entier. Les m\u00e9dias internationaux les plus prestigieux&nbsp; ont \u00e9crit et parl\u00e9 de ses films. L\u2019\u0153uvre&nbsp; cin\u00e9matographique&nbsp; d&rsquo;Alexandre&nbsp; Petrovi\u0107&nbsp; fait&nbsp; toujours&nbsp; l\u2019objet&nbsp; de&nbsp; th\u00e8ses universitaires&nbsp; et&nbsp; ouvrages&nbsp; sp\u00e9cialis\u00e9s&nbsp; dans&nbsp; le&nbsp; cin\u00e9ma.&nbsp; Le&nbsp; dernier&nbsp; livre&nbsp; en&nbsp; date&nbsp; est \u00ab The life and work of Aleksandar Petrovi\u0107 &#8211; A portrait of the artist as a political dissident \u00bb &#8211; Vlastimir Sudar- 2013- Intellect books.<\/p>\n\n\n\n<figure class=\"wp-block-table\"><table class=\"has-fixed-layout\"><tbody><tr><td>\n<h3>Le Grand Prix du Festival des films d\u2019Auteurs de Belgrade (FAF), cr\u00e9\u00e9 en 1995 en son honneur, porte le nom du Grand Prix Aleksandar Sa\u0161a Petrovi\u0107.<\/h3>\n<\/td><\/tr><\/tbody><\/table><\/figure>\n\n\n\n<h3 class=\"wp-block-heading\"><figure><a href=\"https:\/\/aleksandarpetrovic.org\/wp-content\/uploads\/2013\/11\/aleksandar-petrovic-1.png\"><img loading=\"lazy\" decoding=\"async\" class=\"aligncenter size-full wp-image-1835\" src=\"https:\/\/aleksandarpetrovic.org\/wp-content\/uploads\/2013\/11\/aleksandar-petrovic-1.png\" alt=\"aleksandar petrovic 1\" width=\"964\" height=\"714\" srcset=\"https:\/\/aleksandarpetrovic.org\/wp-content\/uploads\/2013\/11\/aleksandar-petrovic-1.png 964w, https:\/\/aleksandarpetrovic.org\/wp-content\/uploads\/2013\/11\/aleksandar-petrovic-1-300x222.png 300w, https:\/\/aleksandarpetrovic.org\/wp-content\/uploads\/2013\/11\/aleksandar-petrovic-1-768x569.png 768w\" sizes=\"(max-width: 964px) 100vw, 964px\" \/><\/a><\/figure><\/h3>\n\n\n\n<p><em>\u00ab\u00a0Oh mon Dieu, <\/em><\/p>\n\n\n\n<p><em>si tu m&rsquo;incarnes encore une fois apr\u00e8s ma mort, <\/em><\/p>\n\n\n\n<p><em>laisse-moi \u00eatre Tzigane. <\/em><br><em>Laisse-moi choisir moi-m\u00eame l&rsquo;un des chemins. <\/em><br><em>Celui de la joie qui fera de moi un homme heureux <\/em><br><em>ou celui de la mort et une nouvelle rencontre avec toi.\u00a0\u00bb<\/em><\/p>\n\n\n\n<p><em>Aleksandar Petrovi\u0107<\/em><\/p>\n\n\n\n<p>Aleksandar Sasa Petrovi\u0107&nbsp; (1929-1994)&nbsp; \u00e9tait&nbsp; le&nbsp; chef&nbsp; de&nbsp; file&nbsp; du&nbsp; nouveau film&nbsp; yougoslave,&nbsp; r\u00e9alisateur,&nbsp; sc\u00e9nariste,&nbsp; essayiste&nbsp; et&nbsp; th\u00e9oricien&nbsp; du cin\u00e9ma.&nbsp; Dans&nbsp; une&nbsp; cin\u00e9matographie&nbsp; qui&nbsp; \u00e9tait&nbsp; jusque-l\u00e0&nbsp; asservie&nbsp; \u00e0&nbsp; des conventions&nbsp; id\u00e9ologiques, en&nbsp; litt\u00e9rature&nbsp; comme au&nbsp; th\u00e9\u00e2tre,&nbsp; il a&nbsp; introduit une&nbsp; expression&nbsp; moderne&nbsp; et&nbsp; une&nbsp; nouvelle&nbsp; sensibilit\u00e9,&nbsp; en&nbsp; utilisant&nbsp; une m\u00e9taphore&nbsp; ouverte,&nbsp; une&nbsp; forte&nbsp; expression&nbsp; po\u00e9tique,&nbsp;&nbsp;&nbsp; un&nbsp; langage cin\u00e9matographique&nbsp; et&nbsp; la&nbsp; r\u00e9flexivit\u00e9.&nbsp; Il&nbsp; a&nbsp; connu&nbsp; un&nbsp; succ\u00e8s mondial&nbsp; avec ses&nbsp; films :&nbsp; Tri&nbsp; (1965&nbsp; \u2013&nbsp; Grand&nbsp; prix&nbsp; \u00e0&nbsp; Karlovy&nbsp; Vary,&nbsp; nomination&nbsp; aux Oscars), J\u2019ai m\u00eame rencontr\u00e9 des Tziganes heureux (1967 \u2013 Grand prix sp\u00e9cial&nbsp; du&nbsp; Jury&nbsp; \u00e0 Cannes,&nbsp; nomination&nbsp; aux Oscars),&nbsp; Il&nbsp; pleut&nbsp; dans mon village (1968) et Ma\u00eetre et Marguerite (1972).<\/p>\n\n\n\n<p>Le Grand Prix du Festival des films d\u2019Auteurs de Belgrade (FAF), cr\u00e9\u00e9 en 1995 en son honneur, porte le nom du Grand Prix Aleksandar Sa\u0161a Petrovi\u0107.<\/p>\n\n\n\n<h3 class=\"wp-block-heading\">Encyclop\u00e9dies<\/h3>\n\n\n\n<p>Le&nbsp; nom&nbsp; d&rsquo;Alexandre&nbsp; Petrovi\u0107&nbsp; figure&nbsp; dans&nbsp; de&nbsp; nombreuses&nbsp; encyclop\u00e9dies cin\u00e9matographiques et autres.<\/p>\n\n\n\n<figure class=\"wp-block-image aligncenter\"><a href=\"https:\/\/aleksandarpetrovic.org\/wp-content\/uploads\/2013\/11\/aleksandar-petrovic-3.png\"><img loading=\"lazy\" decoding=\"async\" width=\"730\" height=\"694\" src=\"https:\/\/aleksandarpetrovic.org\/wp-content\/uploads\/2013\/11\/aleksandar-petrovic-3.png\" alt=\"aleksandar petrovic 3\" class=\"wp-image-1838\" srcset=\"https:\/\/aleksandarpetrovic.org\/wp-content\/uploads\/2013\/11\/aleksandar-petrovic-3.png 730w, https:\/\/aleksandarpetrovic.org\/wp-content\/uploads\/2013\/11\/aleksandar-petrovic-3-300x285.png 300w\" sizes=\"(max-width: 730px) 100vw, 730px\" \/><\/a><\/figure>\n\n\n\n<p><\/p>\n","protected":false},"excerpt":{"rendered":"<p>1962&nbsp; &#8211;&nbsp; Aleksandar&nbsp; Petrovi\u0107&nbsp; est&nbsp; nomm\u00e9&nbsp; professeur&nbsp; \u00e0 l&rsquo;Acad\u00e9mie de cin\u00e9ma, Th\u00e9\u00e2tre et T\u00e9l\u00e9vision de Belgrade. Il tient la chaire de la mise en sc\u00e8ne. En 1973 Aleksandar Petrovi\u0107 est renvoy\u00e9 pour ses \u00ab vues \u00bb non conformes au Parti communiste.&nbsp; La&nbsp; p\u00e9riode&nbsp; de&nbsp; disgr\u00e2ce&nbsp; en&nbsp; Yougoslavie&nbsp; durera&nbsp; dix-huit&nbsp; ans.&nbsp; Il&nbsp; \u00e9tait&nbsp; consid\u00e9r\u00e9 une personne [&hellip;]<\/p>\n","protected":false},"author":1,"featured_media":0,"parent":1812,"menu_order":0,"comment_status":"closed","ping_status":"open","template":"","meta":{"footnotes":""},"class_list":["post-1813","page","type-page","status-publish","hentry"],"yoast_head":"<!-- This site is optimized with the Yoast SEO plugin v26.3 - https:\/\/yoast.com\/wordpress\/plugins\/seo\/ -->\n<title>Dans le cin\u00e9ma - Aleksandar Petrovic<\/title>\n<meta name=\"robots\" content=\"index, follow, max-snippet:-1, max-image-preview:large, max-video-preview:-1\" \/>\n<link rel=\"canonical\" href=\"https:\/\/aleksandarpetrovic.org\/fr\/autres-activites\/dans-le-cinema\/\" \/>\n<meta property=\"og:locale\" content=\"fr_FR\" \/>\n<meta property=\"og:type\" content=\"article\" \/>\n<meta property=\"og:title\" content=\"Dans le cin\u00e9ma - Aleksandar Petrovic\" \/>\n<meta property=\"og:description\" content=\"1962&nbsp; &#8211;&nbsp; Aleksandar&nbsp; Petrovi\u0107&nbsp; est&nbsp; nomm\u00e9&nbsp; professeur&nbsp; \u00e0 l&rsquo;Acad\u00e9mie de cin\u00e9ma, Th\u00e9\u00e2tre et T\u00e9l\u00e9vision de Belgrade. Il tient la chaire de la mise en sc\u00e8ne. En 1973 Aleksandar Petrovi\u0107 est renvoy\u00e9 pour ses \u00ab vues \u00bb non conformes au Parti communiste.&nbsp; La&nbsp; p\u00e9riode&nbsp; de&nbsp; disgr\u00e2ce&nbsp; en&nbsp; Yougoslavie&nbsp; durera&nbsp; dix-huit&nbsp; ans.&nbsp; Il&nbsp; \u00e9tait&nbsp; consid\u00e9r\u00e9 une personne [&hellip;]\" \/>\n<meta property=\"og:url\" content=\"https:\/\/aleksandarpetrovic.org\/fr\/autres-activites\/dans-le-cinema\/\" \/>\n<meta property=\"og:site_name\" content=\"Aleksandar Petrovic\" \/>\n<meta property=\"article:modified_time\" content=\"2025-11-25T14:32:48+00:00\" \/>\n<meta property=\"og:image\" content=\"https:\/\/aleksandarpetrovic.org\/wp-content\/uploads\/2013\/11\/acanews.png\" \/>\n\t<meta property=\"og:image:width\" content=\"730\" \/>\n\t<meta property=\"og:image:height\" content=\"756\" \/>\n\t<meta property=\"og:image:type\" content=\"image\/png\" \/>\n<meta name=\"twitter:card\" content=\"summary_large_image\" \/>\n<meta name=\"twitter:label1\" content=\"Dur\u00e9e de lecture estim\u00e9e\" \/>\n\t<meta name=\"twitter:data1\" content=\"5 minutes\" \/>\n<script type=\"application\/ld+json\" class=\"yoast-schema-graph\">{\"@context\":\"https:\/\/schema.org\",\"@graph\":[{\"@type\":\"WebPage\",\"@id\":\"https:\/\/aleksandarpetrovic.org\/fr\/autres-activites\/dans-le-cinema\/\",\"url\":\"https:\/\/aleksandarpetrovic.org\/fr\/autres-activites\/dans-le-cinema\/\",\"name\":\"Dans le cin\u00e9ma - Aleksandar Petrovic\",\"isPartOf\":{\"@id\":\"https:\/\/aleksandarpetrovic.org\/#website\"},\"primaryImageOfPage\":{\"@id\":\"https:\/\/aleksandarpetrovic.org\/fr\/autres-activites\/dans-le-cinema\/#primaryimage\"},\"image\":{\"@id\":\"https:\/\/aleksandarpetrovic.org\/fr\/autres-activites\/dans-le-cinema\/#primaryimage\"},\"thumbnailUrl\":\"https:\/\/aleksandarpetrovic.org\/wp-content\/uploads\/2013\/11\/acanews.png\",\"datePublished\":\"2013-11-11T21:04:08+00:00\",\"dateModified\":\"2025-11-25T14:32:48+00:00\",\"breadcrumb\":{\"@id\":\"https:\/\/aleksandarpetrovic.org\/fr\/autres-activites\/dans-le-cinema\/#breadcrumb\"},\"inLanguage\":\"fr-FR\",\"potentialAction\":[{\"@type\":\"ReadAction\",\"target\":[\"https:\/\/aleksandarpetrovic.org\/fr\/autres-activites\/dans-le-cinema\/\"]}]},{\"@type\":\"ImageObject\",\"inLanguage\":\"fr-FR\",\"@id\":\"https:\/\/aleksandarpetrovic.org\/fr\/autres-activites\/dans-le-cinema\/#primaryimage\",\"url\":\"https:\/\/aleksandarpetrovic.org\/wp-content\/uploads\/2013\/11\/acanews.png\",\"contentUrl\":\"https:\/\/aleksandarpetrovic.org\/wp-content\/uploads\/2013\/11\/acanews.png\"},{\"@type\":\"BreadcrumbList\",\"@id\":\"https:\/\/aleksandarpetrovic.org\/fr\/autres-activites\/dans-le-cinema\/#breadcrumb\",\"itemListElement\":[{\"@type\":\"ListItem\",\"position\":1,\"name\":\"Accueil\",\"item\":\"https:\/\/aleksandarpetrovic.org\/fr\/\"},{\"@type\":\"ListItem\",\"position\":2,\"name\":\"Autres activit\u00e9s\",\"item\":\"https:\/\/aleksandarpetrovic.org\/fr\/autres-activites\/\"},{\"@type\":\"ListItem\",\"position\":3,\"name\":\"Dans le cin\u00e9ma\"}]},{\"@type\":\"WebSite\",\"@id\":\"https:\/\/aleksandarpetrovic.org\/#website\",\"url\":\"https:\/\/aleksandarpetrovic.org\/\",\"name\":\"Aleksandar Petrovic\",\"description\":\"R\u00e9alisateur (site officiel)\",\"potentialAction\":[{\"@type\":\"SearchAction\",\"target\":{\"@type\":\"EntryPoint\",\"urlTemplate\":\"https:\/\/aleksandarpetrovic.org\/?s={search_term_string}\"},\"query-input\":{\"@type\":\"PropertyValueSpecification\",\"valueRequired\":true,\"valueName\":\"search_term_string\"}}],\"inLanguage\":\"fr-FR\"}]}<\/script>\n<!-- \/ Yoast SEO plugin. -->","yoast_head_json":{"title":"Dans le cin\u00e9ma - Aleksandar Petrovic","robots":{"index":"index","follow":"follow","max-snippet":"max-snippet:-1","max-image-preview":"max-image-preview:large","max-video-preview":"max-video-preview:-1"},"canonical":"https:\/\/aleksandarpetrovic.org\/fr\/autres-activites\/dans-le-cinema\/","og_locale":"fr_FR","og_type":"article","og_title":"Dans le cin\u00e9ma - Aleksandar Petrovic","og_description":"1962&nbsp; &#8211;&nbsp; Aleksandar&nbsp; Petrovi\u0107&nbsp; est&nbsp; nomm\u00e9&nbsp; professeur&nbsp; \u00e0 l&rsquo;Acad\u00e9mie de cin\u00e9ma, Th\u00e9\u00e2tre et T\u00e9l\u00e9vision de Belgrade. Il tient la chaire de la mise en sc\u00e8ne. En 1973 Aleksandar Petrovi\u0107 est renvoy\u00e9 pour ses \u00ab vues \u00bb non conformes au Parti communiste.&nbsp; La&nbsp; p\u00e9riode&nbsp; de&nbsp; disgr\u00e2ce&nbsp; en&nbsp; Yougoslavie&nbsp; durera&nbsp; dix-huit&nbsp; ans.&nbsp; Il&nbsp; \u00e9tait&nbsp; consid\u00e9r\u00e9 une personne [&hellip;]","og_url":"https:\/\/aleksandarpetrovic.org\/fr\/autres-activites\/dans-le-cinema\/","og_site_name":"Aleksandar Petrovic","article_modified_time":"2025-11-25T14:32:48+00:00","og_image":[{"width":730,"height":756,"url":"https:\/\/aleksandarpetrovic.org\/wp-content\/uploads\/2013\/11\/acanews.png","type":"image\/png"}],"twitter_card":"summary_large_image","twitter_misc":{"Dur\u00e9e de lecture estim\u00e9e":"5 minutes"},"schema":{"@context":"https:\/\/schema.org","@graph":[{"@type":"WebPage","@id":"https:\/\/aleksandarpetrovic.org\/fr\/autres-activites\/dans-le-cinema\/","url":"https:\/\/aleksandarpetrovic.org\/fr\/autres-activites\/dans-le-cinema\/","name":"Dans le cin\u00e9ma - Aleksandar Petrovic","isPartOf":{"@id":"https:\/\/aleksandarpetrovic.org\/#website"},"primaryImageOfPage":{"@id":"https:\/\/aleksandarpetrovic.org\/fr\/autres-activites\/dans-le-cinema\/#primaryimage"},"image":{"@id":"https:\/\/aleksandarpetrovic.org\/fr\/autres-activites\/dans-le-cinema\/#primaryimage"},"thumbnailUrl":"https:\/\/aleksandarpetrovic.org\/wp-content\/uploads\/2013\/11\/acanews.png","datePublished":"2013-11-11T21:04:08+00:00","dateModified":"2025-11-25T14:32:48+00:00","breadcrumb":{"@id":"https:\/\/aleksandarpetrovic.org\/fr\/autres-activites\/dans-le-cinema\/#breadcrumb"},"inLanguage":"fr-FR","potentialAction":[{"@type":"ReadAction","target":["https:\/\/aleksandarpetrovic.org\/fr\/autres-activites\/dans-le-cinema\/"]}]},{"@type":"ImageObject","inLanguage":"fr-FR","@id":"https:\/\/aleksandarpetrovic.org\/fr\/autres-activites\/dans-le-cinema\/#primaryimage","url":"https:\/\/aleksandarpetrovic.org\/wp-content\/uploads\/2013\/11\/acanews.png","contentUrl":"https:\/\/aleksandarpetrovic.org\/wp-content\/uploads\/2013\/11\/acanews.png"},{"@type":"BreadcrumbList","@id":"https:\/\/aleksandarpetrovic.org\/fr\/autres-activites\/dans-le-cinema\/#breadcrumb","itemListElement":[{"@type":"ListItem","position":1,"name":"Accueil","item":"https:\/\/aleksandarpetrovic.org\/fr\/"},{"@type":"ListItem","position":2,"name":"Autres activit\u00e9s","item":"https:\/\/aleksandarpetrovic.org\/fr\/autres-activites\/"},{"@type":"ListItem","position":3,"name":"Dans le cin\u00e9ma"}]},{"@type":"WebSite","@id":"https:\/\/aleksandarpetrovic.org\/#website","url":"https:\/\/aleksandarpetrovic.org\/","name":"Aleksandar Petrovic","description":"R\u00e9alisateur (site officiel)","potentialAction":[{"@type":"SearchAction","target":{"@type":"EntryPoint","urlTemplate":"https:\/\/aleksandarpetrovic.org\/?s={search_term_string}"},"query-input":{"@type":"PropertyValueSpecification","valueRequired":true,"valueName":"search_term_string"}}],"inLanguage":"fr-FR"}]}},"_links":{"self":[{"href":"https:\/\/aleksandarpetrovic.org\/fr\/wp-json\/wp\/v2\/pages\/1813","targetHints":{"allow":["GET"]}}],"collection":[{"href":"https:\/\/aleksandarpetrovic.org\/fr\/wp-json\/wp\/v2\/pages"}],"about":[{"href":"https:\/\/aleksandarpetrovic.org\/fr\/wp-json\/wp\/v2\/types\/page"}],"author":[{"embeddable":true,"href":"https:\/\/aleksandarpetrovic.org\/fr\/wp-json\/wp\/v2\/users\/1"}],"replies":[{"embeddable":true,"href":"https:\/\/aleksandarpetrovic.org\/fr\/wp-json\/wp\/v2\/comments?post=1813"}],"version-history":[{"count":2,"href":"https:\/\/aleksandarpetrovic.org\/fr\/wp-json\/wp\/v2\/pages\/1813\/revisions"}],"predecessor-version":[{"id":5249,"href":"https:\/\/aleksandarpetrovic.org\/fr\/wp-json\/wp\/v2\/pages\/1813\/revisions\/5249"}],"up":[{"embeddable":true,"href":"https:\/\/aleksandarpetrovic.org\/fr\/wp-json\/wp\/v2\/pages\/1812"}],"wp:attachment":[{"href":"https:\/\/aleksandarpetrovic.org\/fr\/wp-json\/wp\/v2\/media?parent=1813"}],"curies":[{"name":"wp","href":"https:\/\/api.w.org\/{rel}","templated":true}]}}