{"id":1843,"date":"2013-11-13T21:17:07","date_gmt":"2013-11-13T21:17:07","guid":{"rendered":"http:\/\/aleksandarpetrovic.org\/france\/?page_id=1843"},"modified":"2025-01-30T16:38:04","modified_gmt":"2025-01-30T21:38:04","slug":"avoriaz","status":"publish","type":"page","link":"https:\/\/aleksandarpetrovic.org\/fr\/avoriaz\/","title":{"rendered":"Avoriaz"},"content":{"rendered":"<table style=\"width: 100%; background-color: #dcdcdc;\" border=\"0\">\n<tbody>\n<tr>\n<td>\n<h3>Aleksandar Petrovi\u0107 \u00e9tait\u00a0 le pr\u00e9sident ou membre du\u00a0 jury de nombreux festivals nationaux\u00a0 et internationaux.<\/h3>\n<\/td>\n<\/tr>\n<\/tbody>\n<\/table>\n<p>Les films d\u2019Aleksandar Petrovi\u0107 ont \u00e9t\u00e9 pr\u00e9sent\u00e9s dans les plus importants\u00a0 Festivals internationaux:\u00a0 Cannes,\u00a0 Venise,\u00a0 Karlovi-Vari,\u00a0 Pula,\u00a0 Acapulco,\u00a0 New-York,\u00a0 San Francisco,\u00a0 Chicago,\u00a0 Taormina,\u00a0 Berlin,\u00a0 Vienne,\u00a0 Edinburgh,\u00a0 Madrid,\u00a0 Montr\u00e9al,\u00a0 Le Caire,\u00a0 Monte-Carlo\u00a0 etc\u2026\u00a0 A\u00a0 Cannes,\u00a0 ses\u00a0 films\u00a0 ont\u00a0 fait\u00a0 partie\u00a0 cinq\u00a0 fois\u00a0 de\u00a0 la comp\u00e9tition officielle. En France, outre\u00a0 le Festival de Cannes,\u00a0\u00a0 Avoriaz, La Baule et Cognac.<\/p>\n<p><a href=\"https:\/\/aleksandarpetrovic.org\/wp-content\/uploads\/2013\/11\/avoriaz.png\"><img fetchpriority=\"high\" decoding=\"async\" class=\"aligncenter size-full wp-image-1844\" alt=\"avoriaz\" src=\"https:\/\/aleksandarpetrovic.org\/wp-content\/uploads\/2013\/11\/avoriaz.png\" width=\"430\" height=\"592\" srcset=\"https:\/\/aleksandarpetrovic.org\/wp-content\/uploads\/2013\/11\/avoriaz.png 430w, https:\/\/aleksandarpetrovic.org\/wp-content\/uploads\/2013\/11\/avoriaz-218x300.png 218w\" sizes=\"(max-width: 430px) 100vw, 430px\" \/><\/a><\/p>\n","protected":false},"excerpt":{"rendered":"<p>Aleksandar Petrovi\u0107 \u00e9tait\u00a0 le pr\u00e9sident ou membre du\u00a0 jury de nombreux festivals nationaux\u00a0 et internationaux. Les films d\u2019Aleksandar Petrovi\u0107 ont \u00e9t\u00e9 pr\u00e9sent\u00e9s dans les plus importants\u00a0 Festivals internationaux:\u00a0 Cannes,\u00a0 Venise,\u00a0 Karlovi-Vari,\u00a0 Pula,\u00a0 Acapulco,\u00a0 New-York,\u00a0 San Francisco,\u00a0 Chicago,\u00a0 Taormina,\u00a0 Berlin,\u00a0 Vienne,\u00a0 Edinburgh,\u00a0 Madrid,\u00a0 Montr\u00e9al,\u00a0 Le Caire,\u00a0 Monte-Carlo\u00a0 etc\u2026\u00a0 A\u00a0 Cannes,\u00a0 ses\u00a0 films\u00a0 ont\u00a0 fait\u00a0 partie\u00a0 cinq\u00a0 [&hellip;]<\/p>\n","protected":false},"author":1,"featured_media":0,"parent":0,"menu_order":0,"comment_status":"open","ping_status":"open","template":"","meta":{"footnotes":""},"class_list":["post-1843","page","type-page","status-publish","hentry"],"yoast_head":"<!-- This site is optimized with the Yoast SEO plugin v26.3 - https:\/\/yoast.com\/wordpress\/plugins\/seo\/ -->\n<title>Avoriaz - Aleksandar Petrovic<\/title>\n<meta name=\"robots\" content=\"index, follow, max-snippet:-1, max-image-preview:large, max-video-preview:-1\" \/>\n<link rel=\"canonical\" href=\"https:\/\/aleksandarpetrovic.org\/fr\/avoriaz\/\" \/>\n<meta property=\"og:locale\" content=\"fr_FR\" \/>\n<meta property=\"og:type\" content=\"article\" \/>\n<meta property=\"og:title\" content=\"Avoriaz - Aleksandar Petrovic\" \/>\n<meta property=\"og:description\" content=\"Aleksandar Petrovi\u0107 \u00e9tait\u00a0 le pr\u00e9sident ou membre du\u00a0 jury de nombreux festivals nationaux\u00a0 et internationaux. Les films d\u2019Aleksandar Petrovi\u0107 ont \u00e9t\u00e9 pr\u00e9sent\u00e9s dans les plus importants\u00a0 Festivals internationaux:\u00a0 Cannes,\u00a0 Venise,\u00a0 Karlovi-Vari,\u00a0 Pula,\u00a0 Acapulco,\u00a0 New-York,\u00a0 San Francisco,\u00a0 Chicago,\u00a0 Taormina,\u00a0 Berlin,\u00a0 Vienne,\u00a0 Edinburgh,\u00a0 Madrid,\u00a0 Montr\u00e9al,\u00a0 Le Caire,\u00a0 Monte-Carlo\u00a0 etc\u2026\u00a0 A\u00a0 Cannes,\u00a0 ses\u00a0 films\u00a0 ont\u00a0 fait\u00a0 partie\u00a0 cinq\u00a0 [&hellip;]\" \/>\n<meta property=\"og:url\" content=\"https:\/\/aleksandarpetrovic.org\/fr\/avoriaz\/\" \/>\n<meta property=\"og:site_name\" content=\"Aleksandar Petrovic\" \/>\n<meta property=\"article:modified_time\" content=\"2025-01-30T21:38:04+00:00\" \/>\n<meta property=\"og:image\" content=\"https:\/\/aleksandarpetrovic.org\/wp-content\/uploads\/2013\/11\/avoriaz.png\" \/>\n\t<meta property=\"og:image:width\" content=\"430\" \/>\n\t<meta property=\"og:image:height\" content=\"592\" \/>\n\t<meta property=\"og:image:type\" content=\"image\/png\" \/>\n<meta name=\"twitter:card\" content=\"summary_large_image\" \/>\n<script type=\"application\/ld+json\" class=\"yoast-schema-graph\">{\"@context\":\"https:\/\/schema.org\",\"@graph\":[{\"@type\":\"WebPage\",\"@id\":\"https:\/\/aleksandarpetrovic.org\/fr\/avoriaz\/\",\"url\":\"https:\/\/aleksandarpetrovic.org\/fr\/avoriaz\/\",\"name\":\"Avoriaz - Aleksandar Petrovic\",\"isPartOf\":{\"@id\":\"https:\/\/aleksandarpetrovic.org\/#website\"},\"primaryImageOfPage\":{\"@id\":\"https:\/\/aleksandarpetrovic.org\/fr\/avoriaz\/#primaryimage\"},\"image\":{\"@id\":\"https:\/\/aleksandarpetrovic.org\/fr\/avoriaz\/#primaryimage\"},\"thumbnailUrl\":\"https:\/\/aleksandarpetrovic.org\/wp-content\/uploads\/2013\/11\/avoriaz.png\",\"datePublished\":\"2013-11-13T21:17:07+00:00\",\"dateModified\":\"2025-01-30T21:38:04+00:00\",\"breadcrumb\":{\"@id\":\"https:\/\/aleksandarpetrovic.org\/fr\/avoriaz\/#breadcrumb\"},\"inLanguage\":\"fr-FR\",\"potentialAction\":[{\"@type\":\"ReadAction\",\"target\":[\"https:\/\/aleksandarpetrovic.org\/fr\/avoriaz\/\"]}]},{\"@type\":\"ImageObject\",\"inLanguage\":\"fr-FR\",\"@id\":\"https:\/\/aleksandarpetrovic.org\/fr\/avoriaz\/#primaryimage\",\"url\":\"https:\/\/aleksandarpetrovic.org\/wp-content\/uploads\/2013\/11\/avoriaz.png\",\"contentUrl\":\"https:\/\/aleksandarpetrovic.org\/wp-content\/uploads\/2013\/11\/avoriaz.png\"},{\"@type\":\"BreadcrumbList\",\"@id\":\"https:\/\/aleksandarpetrovic.org\/fr\/avoriaz\/#breadcrumb\",\"itemListElement\":[{\"@type\":\"ListItem\",\"position\":1,\"name\":\"Accueil\",\"item\":\"https:\/\/aleksandarpetrovic.org\/fr\/\"},{\"@type\":\"ListItem\",\"position\":2,\"name\":\"Avoriaz\"}]},{\"@type\":\"WebSite\",\"@id\":\"https:\/\/aleksandarpetrovic.org\/#website\",\"url\":\"https:\/\/aleksandarpetrovic.org\/\",\"name\":\"Aleksandar Petrovic\",\"description\":\"R\u00e9alisateur (site officiel)\",\"potentialAction\":[{\"@type\":\"SearchAction\",\"target\":{\"@type\":\"EntryPoint\",\"urlTemplate\":\"https:\/\/aleksandarpetrovic.org\/?s={search_term_string}\"},\"query-input\":{\"@type\":\"PropertyValueSpecification\",\"valueRequired\":true,\"valueName\":\"search_term_string\"}}],\"inLanguage\":\"fr-FR\"}]}<\/script>\n<!-- \/ Yoast SEO plugin. -->","yoast_head_json":{"title":"Avoriaz - Aleksandar Petrovic","robots":{"index":"index","follow":"follow","max-snippet":"max-snippet:-1","max-image-preview":"max-image-preview:large","max-video-preview":"max-video-preview:-1"},"canonical":"https:\/\/aleksandarpetrovic.org\/fr\/avoriaz\/","og_locale":"fr_FR","og_type":"article","og_title":"Avoriaz - Aleksandar Petrovic","og_description":"Aleksandar Petrovi\u0107 \u00e9tait\u00a0 le pr\u00e9sident ou membre du\u00a0 jury de nombreux festivals nationaux\u00a0 et internationaux. Les films d\u2019Aleksandar Petrovi\u0107 ont \u00e9t\u00e9 pr\u00e9sent\u00e9s dans les plus importants\u00a0 Festivals internationaux:\u00a0 Cannes,\u00a0 Venise,\u00a0 Karlovi-Vari,\u00a0 Pula,\u00a0 Acapulco,\u00a0 New-York,\u00a0 San Francisco,\u00a0 Chicago,\u00a0 Taormina,\u00a0 Berlin,\u00a0 Vienne,\u00a0 Edinburgh,\u00a0 Madrid,\u00a0 Montr\u00e9al,\u00a0 Le Caire,\u00a0 Monte-Carlo\u00a0 etc\u2026\u00a0 A\u00a0 Cannes,\u00a0 ses\u00a0 films\u00a0 ont\u00a0 fait\u00a0 partie\u00a0 cinq\u00a0 [&hellip;]","og_url":"https:\/\/aleksandarpetrovic.org\/fr\/avoriaz\/","og_site_name":"Aleksandar Petrovic","article_modified_time":"2025-01-30T21:38:04+00:00","og_image":[{"width":430,"height":592,"url":"https:\/\/aleksandarpetrovic.org\/wp-content\/uploads\/2013\/11\/avoriaz.png","type":"image\/png"}],"twitter_card":"summary_large_image","schema":{"@context":"https:\/\/schema.org","@graph":[{"@type":"WebPage","@id":"https:\/\/aleksandarpetrovic.org\/fr\/avoriaz\/","url":"https:\/\/aleksandarpetrovic.org\/fr\/avoriaz\/","name":"Avoriaz - Aleksandar Petrovic","isPartOf":{"@id":"https:\/\/aleksandarpetrovic.org\/#website"},"primaryImageOfPage":{"@id":"https:\/\/aleksandarpetrovic.org\/fr\/avoriaz\/#primaryimage"},"image":{"@id":"https:\/\/aleksandarpetrovic.org\/fr\/avoriaz\/#primaryimage"},"thumbnailUrl":"https:\/\/aleksandarpetrovic.org\/wp-content\/uploads\/2013\/11\/avoriaz.png","datePublished":"2013-11-13T21:17:07+00:00","dateModified":"2025-01-30T21:38:04+00:00","breadcrumb":{"@id":"https:\/\/aleksandarpetrovic.org\/fr\/avoriaz\/#breadcrumb"},"inLanguage":"fr-FR","potentialAction":[{"@type":"ReadAction","target":["https:\/\/aleksandarpetrovic.org\/fr\/avoriaz\/"]}]},{"@type":"ImageObject","inLanguage":"fr-FR","@id":"https:\/\/aleksandarpetrovic.org\/fr\/avoriaz\/#primaryimage","url":"https:\/\/aleksandarpetrovic.org\/wp-content\/uploads\/2013\/11\/avoriaz.png","contentUrl":"https:\/\/aleksandarpetrovic.org\/wp-content\/uploads\/2013\/11\/avoriaz.png"},{"@type":"BreadcrumbList","@id":"https:\/\/aleksandarpetrovic.org\/fr\/avoriaz\/#breadcrumb","itemListElement":[{"@type":"ListItem","position":1,"name":"Accueil","item":"https:\/\/aleksandarpetrovic.org\/fr\/"},{"@type":"ListItem","position":2,"name":"Avoriaz"}]},{"@type":"WebSite","@id":"https:\/\/aleksandarpetrovic.org\/#website","url":"https:\/\/aleksandarpetrovic.org\/","name":"Aleksandar Petrovic","description":"R\u00e9alisateur (site officiel)","potentialAction":[{"@type":"SearchAction","target":{"@type":"EntryPoint","urlTemplate":"https:\/\/aleksandarpetrovic.org\/?s={search_term_string}"},"query-input":{"@type":"PropertyValueSpecification","valueRequired":true,"valueName":"search_term_string"}}],"inLanguage":"fr-FR"}]}},"_links":{"self":[{"href":"https:\/\/aleksandarpetrovic.org\/fr\/wp-json\/wp\/v2\/pages\/1843","targetHints":{"allow":["GET"]}}],"collection":[{"href":"https:\/\/aleksandarpetrovic.org\/fr\/wp-json\/wp\/v2\/pages"}],"about":[{"href":"https:\/\/aleksandarpetrovic.org\/fr\/wp-json\/wp\/v2\/types\/page"}],"author":[{"embeddable":true,"href":"https:\/\/aleksandarpetrovic.org\/fr\/wp-json\/wp\/v2\/users\/1"}],"replies":[{"embeddable":true,"href":"https:\/\/aleksandarpetrovic.org\/fr\/wp-json\/wp\/v2\/comments?post=1843"}],"version-history":[{"count":1,"href":"https:\/\/aleksandarpetrovic.org\/fr\/wp-json\/wp\/v2\/pages\/1843\/revisions"}],"predecessor-version":[{"id":4500,"href":"https:\/\/aleksandarpetrovic.org\/fr\/wp-json\/wp\/v2\/pages\/1843\/revisions\/4500"}],"wp:attachment":[{"href":"https:\/\/aleksandarpetrovic.org\/fr\/wp-json\/wp\/v2\/media?parent=1843"}],"curies":[{"name":"wp","href":"https:\/\/api.w.org\/{rel}","templated":true}]}}