{"id":2077,"date":"2018-06-26T19:17:24","date_gmt":"2018-06-26T23:17:24","guid":{"rendered":"http:\/\/aleksandarpetrovic.org\/france\/?page_id=2077"},"modified":"2025-11-04T17:14:06","modified_gmt":"2025-11-04T22:14:06","slug":"festivals","status":"publish","type":"page","link":"https:\/\/aleksandarpetrovic.org\/fr\/festivals\/","title":{"rendered":"Festivals"},"content":{"rendered":"\n<ul class=\"wp-block-list\">\n<li>Auch Festival du film avril 2018, &#8211; J\u2019ai m\u00eame rencontr\u00e9 des\u00a0Tziganes heureux<\/li>\n\n\n\n<li>Festival Culture(s) m\u00e9tiss\u00e9e \u00e0 Alen\u00e7on, France &#8211; f\u00e9vrier 2018 &#8211; J\u2019ai m\u00eame rencontr\u00e9 des\u00a0Tziganes heureux<\/li>\n\n\n\n<li>Arras Film Festival &#8211; Novembre\u00a02017\u00a0&#8211; Classiques Restaur\u00e9s &#8211;\u00a0J\u2019ai m\u00eame rencontr\u00e9 des\u00a0Tziganes heureux<\/li>\n\n\n\n<li>Grand Lyon Film Festival Lumi\u00e8re 2017, 14-22 Octobre, Ressorties &#8211; J\u2019ai m\u00eame rencontr\u00e9 des\u00a0Tziganes heureux<\/li>\n\n\n\n<li>46 e Festival de Sopot SOFEST, Sopot Serbie, juillet 2017 &#8211; J\u2019ai m\u00eame rencontr\u00e9 des\u00a0Tziganes heureux (Skuplja\u010di perja)<\/li>\n\n\n\n<li>70 \u00e8me Festival de Cannes 2017, Official selection Cannes Classics, mai 2017 &#8211; J\u2019ai\u00a0m\u00eame rencontr\u00e9 des Tziganes heureux (Skuplja\u010di perja)<\/li>\n\n\n\n<li>Festival l\u2019Europe autour de l\u2019Europe, Paris 28 mars 2017 \u2013 Migrations<\/li>\n\n\n\n<li>45 \u00e8me FEST Festival international du film de Belgrade \u00ab\u00a0Fest klasik\u00a0\u00bb mars 2017 J\u2019ai\u00a0m\u00eame rencontr\u00e9 des Tziganes heureux (Skuplja\u010di perja)<\/li>\n\n\n\n<li>55 \u00e8me Rencontre de cin\u00e9ma de P\u00e9zenas, f\u00e9vrier 2017 &#8211; J\u2019ai m\u00eame rencontr\u00e9 des\u00a0Tziganes heureux (Skuplja\u010di perja)<\/li>\n\n\n\n<li>Nottingham Contemporary Museum: Yugoslav Black wave in the 60s and 70s, f\u00e9vrier\u00a02016, Angleterre &#8211; J\u2019ai m\u00eame rencontr\u00e9 des Tziganes heureux (Skuplja\u010di perja)<\/li>\n\n\n\n<li>Festival Cin\u00e9pause \u00e0 Donzy, France 2016 &#8211; J\u2019ai m\u00eame rencontr\u00e9 des Tziganes\u00a0heureux (Skuplja\u010di perja)<\/li>\n\n\n\n<li>Revija filma Banja Kovilja\u010da Serbie 2016 &#8211; Ma\u00eetre et Marguerite (Majstor i Margarita)<\/li>\n\n\n\n<li>Revija filma Banja Kovilja\u010da Serbie 2015 &#8211; Elle et lui (Dvoje), J\u2019ai m\u00eame rencontr\u00e9\u00a0des Tziganes heureux (Skuplja\u010di perja), Il pleut dans mon village (Bi\u0107e skoro propast\u00a0sveta nek propadne nije \u0161teta)<\/li>\n\n\n\n<li>16 e International Film Festival IFF de Bratislava, Slovaquie 07-14 Novembre 2014 &#8211; Il\u00a0pleut dans mon village (Bi\u0107e skoro propast sveta nek propadne nije \u0161teta)<\/li>\n\n\n\n<li>Imagineria International Film Festival Madrid 2014 &#8211; J\u2019ai m\u00eame rencontr\u00e9 des\u00a0Tziganes heureux (Skuplja\u010di perja)<\/li>\n\n\n\n<li>MuCEM Marseille 2013 &#8211; J\u2019ai m\u00eame rencontr\u00e9 des Tziganes heureux (Skuplja\u010di\u00a0perja)<\/li>\n\n\n\n<li>36 e Festival de films de Douarnenez ao\u00fbt 2013 &#8211; J\u2019ai m\u00eame rencontr\u00e9 des Tziganes\u00a0heureux (Skuplja\u010di perja), Il pleut dans mon village (Bi\u0107e skoro propast sveta nek\u00a0propadne nije \u0161teta)<\/li>\n\n\n\n<li>Festival R\u00e9sistances de Foix en Ari\u00e8ge, juillet 2013 &#8211; J\u2019ai m\u00eame rencontr\u00e9 des\u00a0Tziganes heureux (Skuplja\u010di perja)<\/li>\n\n\n\n<li>Festival l\u2019Europe autour de l\u2019Europe, Paris mars 2013 &#8211; J\u2019ai m\u00eame rencontr\u00e9 des\u00a0Tziganes heureux (Skuplja\u010di perja)<\/li>\n\n\n\n<li>5 \u00e8me Festival de cin\u00e9ma europ\u00e9en des Arcs- 2013 &#8211; J\u2019ai m\u00eame rencontr\u00e9 des\u00a0Tziganes heureux (Skuplja\u010di perja<\/li>\n\n\n\n<li>60 e Festival de film documentaire et du court m\u00e9trage de Belgrade, avril 2013 &#8211;\u00a0\u00a0Kermesses (Sabori)<\/li>\n\n\n\n<li>Vague noire &#8211; Les enfants terribles du cin\u00e9ma yougoslave &#8211; Universit\u00e9 de Gen\u00e8ve\u00a02012 &#8211; J\u2019ai m\u00eame rencontr\u00e9 des Tziganes heureux (Skuplja\u010di perja<\/li>\n\n\n\n<li>Cin\u00e9math\u00e8que fran\u00e7aise Paris 2012 &#8211; J\u2019ai m\u00eame rencontr\u00e9 des Tziganes heureux\u00a0(Skuplja\u010di perja)<\/li>\n\n\n\n<li>Festival l\u2019Europe autour de l\u2019Europe, Paris mars 2012 &#8211; Il pleut dans mon village\u00a0(Bi\u0107e skoro propast sveta nek propadne nije \u0161teta)<\/li>\n\n\n\n<li>Festival l\u2019Europe autour de l\u2019Europe, Paris mars 2011 &#8211; Entre le ciel et le marais (Let\u00a0nad mo\u010dvarom), Les chemins (Putevi), J\u2019ai m\u00eame rencontr\u00e9 des Tziganes heureux\u00a0(Skuplja\u010di perja)<\/li>\n\n\n\n<li>International Films Festival\u00a0Cinema City, Novi Sad, Serbie,\u00a02009 &#8211; Hommage \u00e0\u00a0Aleksandar Sacha Petrovi\u0107\u00a0: Elle et lui (Dvoje), Les jours (Dani), Tri, J\u2019ai m\u00eame\u00a0rencontr\u00e9 des Tziganes heureux (Skuplja\u010di perja), Il pleut dans mon village (Bi\u0107e\u00a0skoro propast sveta nek propadne nije \u0161teta), Le Ma\u00eetre et Marguerite (Majstor i\u00a0Margarita), Portrait de groupe avec dame (Grupni portret sa damom), Seobe\u00a0Festival \u00ab\u00a0Aleksandar Sacha Petrovi\u0107\u00a0\u00bb\u00a0<\/li>\n\n\n\n<li>Banja Kovilja\u010da, Serbie, Ao\u00fbt 2009 -Tri\u00a0Un \u00e9tat du monde et &#8230;.du cin\u00e9ma &#8211; Forum des images &#8211; Paris 2011 &#8211; J\u2019ai m\u00eame\u00a0rencontr\u00e9 des Tziganes heureux (Skuplja\u010di perja)Colloque Tziganes, Nomades- un malentendu europ\u00e9en Paris, 6-9 octobre 2011 &#8211;\u00a0J\u2019ai m\u00eame rencontr\u00e9 des Tziganes heureux (Skuplja\u010di perja)<\/li>\n\n\n\n<li>Festival l\u2019Europe autour de l\u2019Europe, Paris 2010 &#8211; Le Ma\u00eetre et Marguerite (Majstor i\u00a0Margarita)Festival l\u2019Europe autour de l\u2019Europe, Paris 2009 \u2013 Tri, Migrations (Seobe)<\/li>\n\n\n\n<li>Festival l\u2019Europe autour de l\u2019Europe, Paris 2008 \u2013 Trois (Tri), Les jours (Dani), Elle et\u00a0lui (Dvoje)<\/li>\n\n\n\n<li>Festival l\u2019Europe autour de l\u2019Europe, Evreux, Normandie &#8211; mars 2007- Les chemins\u00a0(Putevi), Kermesses (Sabori), J\u2019ai m\u00eame rencontr\u00e9 des Tziganes heureux (Skuplja\u010di\u00a0perja)<\/li>\n\n\n\n<li>Festival du film Serbe, Paris, Normandie, 2006\u00a0&#8211; Tri, Le Ma\u00eetre et Marguerite (Majstor\u00a0i Margarita)<\/li>\n\n\n\n<li>Festival\u00a0\u00ab\u00a0Bretagne et Cin\u00e9ma\u00a0\u00bb Douarnenez France, 2006 &#8211; J\u2019ai m\u00eame rencontr\u00e9\u00a0des Tziganes heureux (Skuplja\u010di perja)<\/li>\n\n\n\n<li>IV e\u00a0 Festival de La Roulotte, Chamb\u00e9ry 2006 &#8211; J\u2019ai m\u00eame rencontr\u00e9 des Tziganes\u00a0heureux (Skuplja\u010di perja)<\/li>\n\n\n\n<li>XII e\u00a0 Festival international du film et de la musique de Gen\u00e8ve, octobre\u00a01996 &#8211; J\u2019ai\u00a0m\u00eame rencontr\u00e9 des Tziganes heureux (Skuplja\u010di perja)<\/li>\n\n\n\n<li>Festival de films d\u2019auteur, de Belgrade (FAF). Le FAF\u00a0a \u00e9t\u00e9 cr\u00e9\u00e9 en 1995 en\u00a0l\u2019honneur d\u2019 Aleksandar Petrovi\u0107. Le Grand Prix porte le nom \u00abAleksandar Sa\u0161a\u00a0Petrovi\u0107\u00bb<\/li>\n\n\n\n<li>IIIe\u00a0Festival du film Arena &#8211; Novi Sad, Serbie, septembre 1994 \u2013 Seobe\u00a0(Migrations)<\/li>\n\n\n\n<li>XXVII e \u00a0Festival du film Yougoslave &#8211; Aran\u0111elovac, Serbie, 1994 \u2013 Seobe\u00a0(Migrations)<\/li>\n\n\n\n<li>XXIX e \u00a0Festival du film \u2013 Rencontres de com\u00e9diens, Ni\u0161, Serbie, ao\u00fbt1994 \u2013\u00a0Seobe (Migrations)<\/li>\n\n\n\n<li>Festival du film international de Montr\u00e9al, Canada, ao\u00fbt 1994. (hors comp\u00e9tition)\u00a0\u2013 Seobe (Migrations)<\/li>\n\n\n\n<li>Festival du sc\u00e9nario de film de Vrnja\u010dka banja, Serbie, ao\u00fbt 1994 \u2013 Seobe\u00a0(Migrations)<\/li>\n\n\n\n<li>VIII e \u00a0Festival du film Yougoslave de Herceg Novi, Mont\u00e9n\u00e9gro, ao\u00fbt\u00a01994. (hors\u00a0comp\u00e9tition) \u2013 Seobe (Migrations)<\/li>\n\n\n\n<li>Festival du film international de Pali\u0107, Serbie, juillet 1994 \u2013 Seobe (Migrations)<\/li>\n\n\n\n<li>XXIII e \u00a0Festival du film de Sopot, Serbie, juillet1994 &#8211; Seobe (Migrations)<\/li>\n\n\n\n<li>Festival international du livre et du film Etonnants Voyageurs de Saint Malo, mai\u00a01993 &#8211; J\u2019ai m\u00eame rencontr\u00e9 des Tziganes heureux (Skuplja\u010di perja), Migrations\u00a0(Seobe)<\/li>\n\n\n\n<li>Festival des premiers films Paris, 1992 &#8211; Les jours (Dani), Kermesses (Sabori), Trois (Tri), J\u2019ai m\u00eame rencontr\u00e9 des Tziganes heureux\u00a0(Skuplja\u010di perja), Il pleut dans mon village (Bi\u0107e skoro propast sveta nek propadne nije \u0161teta), Le Ma\u00eetre et Marguerite (Majstor i Margarita), Portrait de groupe avec\u00a0dame (Grupni portret sa damom)<\/li>\n\n\n\n<li>Festival de films documentaires de Rennes, (Programme sp\u00e9cial)\u00a01992 &#8211; Entre le cielet le marais (Let nad mo\u010dvarom), Les chemins (Putevi), Proc\u00e8s verbal (Zapisnik),<\/li>\n\n\n\n<li>IX e \u00a0Festival international d\u2019Istanbul, (dans le programme \u00ab Le choix\u00a0des films\u00a0yougoslaves \u00bb) 1990\u00a0\u2013Tri, Le Ma\u00eetre et Marguerite (Majstor i Margarita)<\/li>\n\n\n\n<li>V e\u00a0 Festival des films de la culture de la M\u00e9diterran\u00e9e de Bastia &#8211;\u00a0Corse, 1989 &#8211; J\u2019ai\u00a0m\u00eame rencontr\u00e9 des Tziganes heureux (Skuplja\u010di perja), Il pleut dans mon village\u00a0(Bi\u0107e skoro propast sveta nek propadne nije \u0161teta)<\/li>\n\n\n\n<li>FEST Festival International du film de Belgrade 1987 &#8211; Portrait de groupe avec dame\u00a0(Grupni portret sa damom)<\/li>\n\n\n\n<li>Festival International du film de La Rochelle 1986 &#8211; Elle et lui (Dvoje), Les jours\u00a0(Dani)<\/li>\n\n\n\n<li>Centre Georges Pompidou, Paris, Le Cin\u00e9ma\u00a0yougoslave, 1986 &#8211; Entre le ciel et\u00a0le marais (Let nad mo\u010dvarom), Elle et lui (Dvoje), Les jours (Dani), Tri, J\u2019ai m\u00eame\u00a0rencontr\u00e9 des Tziganes heureux (Skuplja\u010di perja), Il pleut dans mon village (Bi\u0107e\u00a0skoro propast sveta nek propadne nije \u0161teta), Le Ma\u00eetre et Marguerite (Majstor i\u00a0Margarita)<\/li>\n\n\n\n<li>Festival du film de Vrnja\u010dka Banja (Serbie), 1981 \u2013 La vengeance du faucon\u00a0(Banovi\u0107 Strahinja)<\/li>\n\n\n\n<li>Centre Georges Pompidou, Paris, 1980 \u2013 Tri<\/li>\n\n\n\n<li>Festival du film \u00ab Les droits de l\u2019homme \u00bb Chicago, 1980 \u2013 Tri, J\u2019ai m\u00eame rencontr\u00e9\u00a0des Tziganes heureux (Skuplja\u010di perja), Il pleut dans mon village (Bi\u0107e skoro propast\u00a0sveta nek propadne nije \u0161teta), Portrait de groupe avec dame (Grupni portret sa\u00a0damom)<\/li>\n\n\n\n<li>XXX e \u00a0Festival de Cannes, 1977 Nomination Palme d\u2019or (Meilleur film) \u2013 Portrait de\u00a0groupe avec dame (Grupni portret sa damom)<\/li>\n\n\n\n<li>Festival du film de Sorrento, Italie, 1975\u00a0\u2013 Tri<\/li>\n\n\n\n<li>Les films d\u2019Art Ville de Pau (France) juin 1974 &#8211; Le Ma\u00eetre et Marguerite (Majstor i\u00a0Margarita)<\/li>\n\n\n\n<li>Les rencontres de cin\u00e9ma de Ni\u0161, Yougoslavie 1973 &#8211; Le Ma\u00eetre et Marguerite\u00a0(Majstor i Margarita)<\/li>\n\n\n\n<li>Mini Festival de Rouen (France), octobre 1973 &#8211; Le Ma\u00eetre et Marguerite (Majstor\u00a0i Margarita)<\/li>\n\n\n\n<li>Vienale 73, Vienne 1973 : Le Ma\u00eetre et Marguerite (Majstor i Margarita)<\/li>\n\n\n\n<li>XXVI e \u00a0Festival de Cannes, 1973 (hors comp\u00e9tition) &#8211; Le Ma\u00eetre et Marguerite\u00a0(Majstor i Margarita)<\/li>\n\n\n\n<li>Festival international du film de Los Angeles, novembre 1972 &#8211; Le Ma\u00eetre et\u00a0Marguerite (Majstor i Margarita)<\/li>\n\n\n\n<li>Festival international du film de Denia Espagne, novembre 1972 &#8211; Le Ma\u00eetre et\u00a0Marguerite (Majstor i Margarita)<\/li>\n\n\n\n<li>Festival international du film Africain de Carthage, Tunisie, octobre 1972 &#8211; Le\u00a0Ma\u00eetre et Marguerite (Majstor i Margarita)<\/li>\n\n\n\n<li>VIII e \u00a0Festival international du film de\u00a0Chicago, novembre 1972 &#8211; Le Ma\u00eetre et\u00a0Marguerite (Majstor i Margarita)<\/li>\n\n\n\n<li>XXXIII e \u00a0Festival du film de\u00a0Venise\u00a0ao\u00fbt 1972 &#8211; Le Ma\u00eetre et Marguerite (Majstor i\u00a0Margarita)<\/li>\n\n\n\n<li>XX e \u00a0Festival de Pula (Yougoslavie), 1972 \u2013 Le Ma\u00eetre et Marguerite (Majstor i\u00a0Margarita)<\/li>\n\n\n\n<li>Festival des nations de Messine, Italie, juillet- ao\u00fbt 1970 &#8211; Il pleut dans mon\u00a0village (Bi\u0107e skoro propast sveta nek propadne nije \u0161teta)<\/li>\n\n\n\n<li>Festival de Taormina, Italie, juillet 1970 &#8211; Il pleut dans mon village (Bi\u0107e skoro\u00a0propast sveta nek propadne nije \u0161teta)<\/li>\n\n\n\n<li>Festival international des films folkloriques, Kranj, Slov\u00e9nie 1970 &#8211; Kermesses\u00a0(Sabori)<\/li>\n\n\n\n<li>Festival de l\u2019\u00e9t\u00e9 de Martini, Suisse, 1969 &#8211; J\u2019ai m\u00eame rencontr\u00e9 des Tziganes\u00a0heureux (Skuplja\u010di perja)<\/li>\n\n\n\n<li>XVI e \u00a0Festival de Pula (Yougoslavie), 1969 &#8211; Il pleut dans mon village (Bi\u0107e skoro\u00a0propast sveta nek propadne nije \u0161teta)<\/li>\n\n\n\n<li>XXII e \u00a0Festival de Cannes, 1969 &#8211; Il pleut dans mon village (Bi\u0107e skoro propast\u00a0sveta nek propadne nije \u0161teta)<\/li>\n\n\n\n<li>26 e C\u00e9r\u00e9monie des Golden Globes 1969 \u2013 Golden Globes du meilleur film en langue\u00a0\u00e9trang\u00e8re en 1968 &#8211; J\u2019ai m\u00eame rencontr\u00e9 des Tziganes heureux (Skuplja\u010di perja)<\/li>\n\n\n\n<li>Hollywood Foreign Press Association 1968 &#8211; Meilleur film \u00e9tranger\u00a0: J\u2019ai m\u00eame\u00a0rencontr\u00e9 des Tziganes heureux (Skuplja\u010di perja)<\/li>\n\n\n\n<li>40 e c\u00e9r\u00e9monie des Oscars 1968\u00a0: Nomination \u00e0 Oscar du meilleur film en langue\u00a0\u00e9trang\u00e8re en 1967\u2013 J\u2019ai m\u00eame rencontr\u00e9 des Tziganes heureux (Skuplja\u010di perja)<\/li>\n\n\n\n<li>V e\u00a0 Festival du film \u00e0 New York, 1967 &#8211; J\u2019ai m\u00eame rencontr\u00e9 des Tziganes heureux\u00a0(Skuplja\u010di perja)<\/li>\n\n\n\n<li>Festival des festivals de San Francisco 1967 &#8211; J\u2019ai m\u00eame rencontr\u00e9 des Tziganes\u00a0heureux (Skuplja\u010di perja)<\/li>\n\n\n\n<li>Festival du film de San Diego 1967 &#8211; J\u2019ai m\u00eame rencontr\u00e9 des Tziganes heureux\u00a0(Skuplja\u010di perja)<\/li>\n\n\n\n<li>X e\u00a0 Festival des\u00a0meilleurs films d\u2019Acapulco, 1967 \u2013 J\u2019ai m\u00eame rencontr\u00e9 des\u00a0Tziganes heureux (Skuplja\u010di perja)<\/li>\n\n\n\n<li>Festival international de Montr\u00e9al, 1967 &#8211; J\u2019ai m\u00eame rencontr\u00e9 des Tziganes\u00a0heureux (Skuplja\u010di perja)<\/li>\n\n\n\n<li>XIV e\u00a0 Festival de Pula (Yougoslavie), 1967 &#8211; J\u2019ai m\u00eame rencontr\u00e9 des Tziganes\u00a0heureux (Skuplja\u010di perja)<\/li>\n\n\n\n<li>XX e\u00a0 Festival de Cannes, 1967- J\u2019ai m\u00eame rencontr\u00e9 des Tziganes heureux (Skuplja\u010di\u00a0perja)<\/li>\n\n\n\n<li>39 e c\u00e9r\u00e9monie des Oscars 1967\u00a0: Nomination \u00e0 Oscar du meilleur film en langue\u00a0\u00e9trang\u00e8re en 1966\u2013 Trois (Tri)<\/li>\n\n\n\n<li>Festival du peuple de Florence, Italie, 1966 &#8211; Kermesses (Sabori)<\/li>\n\n\n\n<li>IV e \u00a0Mostra Internazionale del Cinema Libero, Poretta Terme, 1966 \u2013 Kermesses\u00a0(Sabori), Elle et lui (Dvoje), Les jours (Dani), Trois (Tri)<\/li>\n\n\n\n<li>V e\u00a0 Festival du film de New York, septembre 1966 \u2013\u00a0Trois (Tri)<\/li>\n\n\n\n<li>Festival du n\u00e9or\u00e9alisme italien \u2013 Avellino, 1966 \u2013 Trois (Tri)<\/li>\n\n\n\n<li>IX e \u00a0Festival des\u00a0meilleurs films d\u2019Acapulco, novembre 1966 \u2013 Trois (Tri)<\/li>\n\n\n\n<li>XV e Festival international de Karlovy Vary (Karlsbad), juillet 1966- Trois (Tri)<\/li>\n\n\n\n<li>XII e \u00a0Festival des films yougoslaves de Pula 1965 \u2013 Trois (Tri)<\/li>\n\n\n\n<li>XII e\u00a0 Festival du court m\u00e9trage yougoslave de Belgrade, mars 1965 \u2013 Proc\u00e8s-verbal\u00a0(Zapisnik)<\/li>\n\n\n\n<li>X e \u00a0Festival des films yougoslaves de Pula 1963 \u2013 Les jours (Dani)<\/li>\n\n\n\n<li>Festival de Cannes, mai 1962 &#8211; Elle et lui (Dvoje)<\/li>\n\n\n\n<li>Semaine International du film de Mannheim (Allemagne), 1961- Elle et lui (Dvoje)<\/li>\n\n\n\n<li>VIII e \u00a0Festival des films yougoslaves de Pula 1961 &#8211; Elle et lui (Dvoje)<\/li>\n\n\n\n<li>Biennale de l\u2019Art, Paris 1961 &#8211; Petar Dobrovi\u0107, Les chemins (Putevi)<\/li>\n\n\n\n<li>Festival du court-m\u00e9trage yougoslave de Belgrade mars 1960 &#8211; Entre le ciel et le\u00a0marais (Let nad mo\u010dvarom), Petar Dobrovi\u0107<\/li>\n\n\n\n<li>V e\u00a0 Festival international du film documentaire de Tours, d\u00e9cembre 1959 \u2013 Les\u00a0chemins (Putevi)<\/li>\n\n\n\n<li>Festival de Bergamo, Italie, 1959 &#8211; Les chemins (Putevi)<\/li>\n\n\n\n<li>X e\u00a0 Festival international du film documentaire et du court m\u00e9trage\u00a0de Venise, 1959\u00a0&#8211; Les chemins (Putevi)<\/li>\n\n\n\n<li>Festival du court m\u00e9trage d\u2019Oberhausen,1959 &#8211; Les chemins (Putevi)<\/li>\n\n\n\n<li>VI e \u00a0Festival des films yougoslaves de Pula, 1959 &#8211; Les chemins (Putevi)<\/li>\n\n\n\n<li>Festival de Karlovy Vary, Tch\u00e9coslovaquie, juillet 1959 &#8211; Petar Dobrovi\u0107<\/li>\n\n\n\n<li>V e\u00a0 Festival des films yougoslaves de Pula 1958 \u2013 Petar Dobrovi\u0107<\/li>\n\n\n\n<li>Festival des festivals de Londres, 1957 &#8211; Entre le ciel et le marais (Let nad\u00a0mo\u010dvarom)<\/li>\n\n\n\n<li>Festival de Moscou, 1957 &#8211; Entre le ciel et le marais (Let nad mo\u010dvarom)<\/li>\n\n\n\n<li>Festival d\u2019Edimbourg, 1957 &#8211; Entre le ciel et le marais (Let nad mo\u010dvarom)<\/li>\n\n\n\n<li>IV e \u00a0Festival des films yougoslaves de Pula 1957 &#8211; Entre le ciel et le marais (Let\u00a0nad mo\u010dvarom)<\/li>\n\n\n\n<li>Festival International de Cannes 1957 &#8211; Entre le ciel et le marais (Let nad mo\u010dvarom)<\/li>\n\n\n\n<li>III e Festival des films yougoslaves de Pula, 1956 \u2013 C\u00f4te \u00e0 c\u00f4te (Uz druga je drug)<\/li>\n<\/ul>\n","protected":false},"excerpt":{"rendered":"","protected":false},"author":1,"featured_media":0,"parent":0,"menu_order":0,"comment_status":"closed","ping_status":"closed","template":"","meta":{"footnotes":""},"class_list":["post-2077","page","type-page","status-publish","hentry"],"yoast_head":"<!-- This site is optimized with the Yoast SEO plugin v26.3 - https:\/\/yoast.com\/wordpress\/plugins\/seo\/ -->\n<title>Festivals - Aleksandar Petrovic<\/title>\n<meta name=\"robots\" content=\"index, follow, max-snippet:-1, max-image-preview:large, max-video-preview:-1\" \/>\n<link rel=\"canonical\" href=\"https:\/\/aleksandarpetrovic.org\/fr\/festivals\/\" \/>\n<meta property=\"og:locale\" content=\"fr_FR\" \/>\n<meta property=\"og:type\" content=\"article\" \/>\n<meta property=\"og:title\" content=\"Festivals - Aleksandar Petrovic\" \/>\n<meta property=\"og:url\" content=\"https:\/\/aleksandarpetrovic.org\/fr\/festivals\/\" \/>\n<meta property=\"og:site_name\" content=\"Aleksandar Petrovic\" \/>\n<meta property=\"article:modified_time\" content=\"2025-11-04T22:14:06+00:00\" \/>\n<meta name=\"twitter:card\" content=\"summary_large_image\" \/>\n<meta name=\"twitter:label1\" content=\"Dur\u00e9e de lecture estim\u00e9e\" \/>\n\t<meta name=\"twitter:data1\" content=\"10 minutes\" \/>\n<script type=\"application\/ld+json\" class=\"yoast-schema-graph\">{\"@context\":\"https:\/\/schema.org\",\"@graph\":[{\"@type\":\"WebPage\",\"@id\":\"https:\/\/aleksandarpetrovic.org\/fr\/festivals\/\",\"url\":\"https:\/\/aleksandarpetrovic.org\/fr\/festivals\/\",\"name\":\"Festivals - Aleksandar Petrovic\",\"isPartOf\":{\"@id\":\"https:\/\/aleksandarpetrovic.org\/#website\"},\"datePublished\":\"2018-06-26T23:17:24+00:00\",\"dateModified\":\"2025-11-04T22:14:06+00:00\",\"breadcrumb\":{\"@id\":\"https:\/\/aleksandarpetrovic.org\/fr\/festivals\/#breadcrumb\"},\"inLanguage\":\"fr-FR\",\"potentialAction\":[{\"@type\":\"ReadAction\",\"target\":[\"https:\/\/aleksandarpetrovic.org\/fr\/festivals\/\"]}]},{\"@type\":\"BreadcrumbList\",\"@id\":\"https:\/\/aleksandarpetrovic.org\/fr\/festivals\/#breadcrumb\",\"itemListElement\":[{\"@type\":\"ListItem\",\"position\":1,\"name\":\"Accueil\",\"item\":\"https:\/\/aleksandarpetrovic.org\/fr\/\"},{\"@type\":\"ListItem\",\"position\":2,\"name\":\"Festivals\"}]},{\"@type\":\"WebSite\",\"@id\":\"https:\/\/aleksandarpetrovic.org\/#website\",\"url\":\"https:\/\/aleksandarpetrovic.org\/\",\"name\":\"Aleksandar Petrovic\",\"description\":\"R\u00e9alisateur (site officiel)\",\"potentialAction\":[{\"@type\":\"SearchAction\",\"target\":{\"@type\":\"EntryPoint\",\"urlTemplate\":\"https:\/\/aleksandarpetrovic.org\/?s={search_term_string}\"},\"query-input\":{\"@type\":\"PropertyValueSpecification\",\"valueRequired\":true,\"valueName\":\"search_term_string\"}}],\"inLanguage\":\"fr-FR\"}]}<\/script>\n<!-- \/ Yoast SEO plugin. -->","yoast_head_json":{"title":"Festivals - Aleksandar Petrovic","robots":{"index":"index","follow":"follow","max-snippet":"max-snippet:-1","max-image-preview":"max-image-preview:large","max-video-preview":"max-video-preview:-1"},"canonical":"https:\/\/aleksandarpetrovic.org\/fr\/festivals\/","og_locale":"fr_FR","og_type":"article","og_title":"Festivals - Aleksandar Petrovic","og_url":"https:\/\/aleksandarpetrovic.org\/fr\/festivals\/","og_site_name":"Aleksandar Petrovic","article_modified_time":"2025-11-04T22:14:06+00:00","twitter_card":"summary_large_image","twitter_misc":{"Dur\u00e9e de lecture estim\u00e9e":"10 minutes"},"schema":{"@context":"https:\/\/schema.org","@graph":[{"@type":"WebPage","@id":"https:\/\/aleksandarpetrovic.org\/fr\/festivals\/","url":"https:\/\/aleksandarpetrovic.org\/fr\/festivals\/","name":"Festivals - Aleksandar Petrovic","isPartOf":{"@id":"https:\/\/aleksandarpetrovic.org\/#website"},"datePublished":"2018-06-26T23:17:24+00:00","dateModified":"2025-11-04T22:14:06+00:00","breadcrumb":{"@id":"https:\/\/aleksandarpetrovic.org\/fr\/festivals\/#breadcrumb"},"inLanguage":"fr-FR","potentialAction":[{"@type":"ReadAction","target":["https:\/\/aleksandarpetrovic.org\/fr\/festivals\/"]}]},{"@type":"BreadcrumbList","@id":"https:\/\/aleksandarpetrovic.org\/fr\/festivals\/#breadcrumb","itemListElement":[{"@type":"ListItem","position":1,"name":"Accueil","item":"https:\/\/aleksandarpetrovic.org\/fr\/"},{"@type":"ListItem","position":2,"name":"Festivals"}]},{"@type":"WebSite","@id":"https:\/\/aleksandarpetrovic.org\/#website","url":"https:\/\/aleksandarpetrovic.org\/","name":"Aleksandar Petrovic","description":"R\u00e9alisateur (site officiel)","potentialAction":[{"@type":"SearchAction","target":{"@type":"EntryPoint","urlTemplate":"https:\/\/aleksandarpetrovic.org\/?s={search_term_string}"},"query-input":{"@type":"PropertyValueSpecification","valueRequired":true,"valueName":"search_term_string"}}],"inLanguage":"fr-FR"}]}},"_links":{"self":[{"href":"https:\/\/aleksandarpetrovic.org\/fr\/wp-json\/wp\/v2\/pages\/2077","targetHints":{"allow":["GET"]}}],"collection":[{"href":"https:\/\/aleksandarpetrovic.org\/fr\/wp-json\/wp\/v2\/pages"}],"about":[{"href":"https:\/\/aleksandarpetrovic.org\/fr\/wp-json\/wp\/v2\/types\/page"}],"author":[{"embeddable":true,"href":"https:\/\/aleksandarpetrovic.org\/fr\/wp-json\/wp\/v2\/users\/1"}],"replies":[{"embeddable":true,"href":"https:\/\/aleksandarpetrovic.org\/fr\/wp-json\/wp\/v2\/comments?post=2077"}],"version-history":[{"count":1,"href":"https:\/\/aleksandarpetrovic.org\/fr\/wp-json\/wp\/v2\/pages\/2077\/revisions"}],"predecessor-version":[{"id":5178,"href":"https:\/\/aleksandarpetrovic.org\/fr\/wp-json\/wp\/v2\/pages\/2077\/revisions\/5178"}],"wp:attachment":[{"href":"https:\/\/aleksandarpetrovic.org\/fr\/wp-json\/wp\/v2\/media?parent=2077"}],"curies":[{"name":"wp","href":"https:\/\/api.w.org\/{rel}","templated":true}]}}