{"id":28,"date":"2013-03-16T23:54:59","date_gmt":"2013-03-16T23:54:59","guid":{"rendered":"http:\/\/aleksandarpetrovic.org\/france\/?page_id=28"},"modified":"2025-05-13T10:57:12","modified_gmt":"2025-05-13T14:57:12","slug":"longs-metrages","status":"publish","type":"page","link":"https:\/\/aleksandarpetrovic.org\/fr\/filmographie\/longs-metrages\/","title":{"rendered":"Longs m\u00e9trages"},"content":{"rendered":"\n<figure class=\"wp-block-table\"><table class=\"has-fixed-layout\"><tbody><tr><td><span style=\"font-size: medium;\"><figure><a href=\"https:\/\/aleksandarpetrovic.org\/wp-content\/uploads\/2013\/03\/jedini-izlaz.png\"><img decoding=\"async\" class=\"aligncenter\" src=\"https:\/\/aleksandarpetrovic.org\/wp-content\/uploads\/2013\/03\/jedini-izlaz.png\" alt=\"\" width=\"250\" height=\"188\"><\/a><\/figure><\/span><\/td><td><span style=\"font-size: medium;\"><strong>1958 <a title=\"La seule issue\" href=\"https:\/\/aleksandarpetrovic.org\/france\/filmographie\/longs-metrages\/la-seule-issue\/\">LA SEULE ISSUE (JEDINI IZLAZ)<\/a><\/strong> <span style=\"line-height: 19px;\">Film de&nbsp; guerre.&nbsp; Long-m\u00e9trage:&nbsp; 2.330,&nbsp; 35 mm,&nbsp; couleur. Production Zastava&nbsp; Film.&nbsp; Mise&nbsp; en&nbsp; sc\u00e8ne&nbsp; Aleksandar&nbsp; Petrovi\u0107,&nbsp; Vicko Raspor.&nbsp; Sc\u00e9nario&nbsp; Antonije&nbsp; Isakovi\u0107,&nbsp; Stjepan&nbsp; Zaninovi\u0107, musique&nbsp; Ivo Tijardovi\u0107.<\/span><\/span><\/td><\/tr><\/tbody><\/table><\/figure>\n\n\n\n<figure class=\"wp-block-table\"><table class=\"has-fixed-layout\"><tbody><tr><td><span style=\"font-size: medium;\"><figure><a href=\"https:\/\/aleksandarpetrovic.org\/wp-content\/uploads\/2013\/03\/dvoje11.png\"><img fetchpriority=\"high\" decoding=\"async\" class=\"aligncenter\" src=\"https:\/\/aleksandarpetrovic.org\/wp-content\/uploads\/2013\/03\/dvoje11.png\" alt=\"\" width=\"250\" height=\"350\"><\/a><\/figure><\/span><\/td><td><span style=\"font-size: medium;\"><strong>1961&nbsp;<a href=\"https:\/\/aleksandarpetrovic.org\/france\/filmographie\/longs-metrages\/elle-et-lui\/\">ELLE ET LUI (DVOJE)<\/a><\/strong> <span style=\"line-height: 19px;\">Drame.&nbsp; Long-m\u00e9trage. Dur\u00e9e&nbsp; 88 min,&nbsp; 35 mm,&nbsp; n\/b.&nbsp; Production&nbsp; Avala&nbsp; Film. Auteur,&nbsp; sc\u00e9nario,&nbsp; choix&nbsp; de&nbsp; la&nbsp; musique&nbsp; et&nbsp; mise&nbsp; en&nbsp; sc\u00e8ne Aleksandar Petrovi\u0107.<\/span><\/span><\/td><\/tr><\/tbody><\/table><\/figure>\n\n\n\n<figure class=\"wp-block-table\"><table class=\"has-fixed-layout\"><tbody><tr><td><span style=\"font-size: medium;\"><figure><a href=\"https:\/\/aleksandarpetrovic.org\/wp-content\/uploads\/2013\/03\/dani11.png\"><img decoding=\"async\" class=\"aligncenter\" src=\"https:\/\/aleksandarpetrovic.org\/wp-content\/uploads\/2013\/03\/dani11.png\" alt=\"\" width=\"250\" height=\"161\"><\/a><\/figure><\/span><\/td><td><span style=\"font-size: medium;\"><strong>1963&nbsp;<a href=\"https:\/\/aleksandarpetrovic.org\/france\/filmographie\/longs-metrages\/les-jours\/\">LES JOURS (DANI)<\/a><\/strong> <span style=\"line-height: 19px;\">Drame.&nbsp; Long-m\u00e9trage. Dur\u00e9e&nbsp; 79&nbsp; minutes,&nbsp; 35&nbsp; mm,&nbsp; n\/b.&nbsp; Production&nbsp; Avala&nbsp; Film. Sc\u00e9nario&nbsp; Aleksandar&nbsp; Petrovi\u0107,&nbsp; Bora&nbsp; \u0106osi\u0107,&nbsp; Du\u0161an&nbsp; Mati\u0107, Du\u0161an Stojanovi\u0107, mise en sc\u00e8ne Aleksandar Petrovi\u0107.&nbsp;<\/span><\/span><\/td><\/tr><\/tbody><\/table><\/figure>\n\n\n\n<figure class=\"wp-block-table\"><table class=\"has-fixed-layout\"><tbody><tr><td><span style=\"font-size: medium;\"><figure><a href=\"https:\/\/aleksandarpetrovic.org\/wp-content\/uploads\/2013\/03\/Tri-FR.png\"><img loading=\"lazy\" decoding=\"async\" class=\"aligncenter size-medium wp-image-845\" src=\"https:\/\/aleksandarpetrovic.org\/wp-content\/uploads\/2013\/03\/Tri-FR-204x300.png\" alt=\"Tri FR\" width=\"250\" height=\"370\"><\/a><\/figure><\/span><\/td><td><span style=\"font-size: medium;\"><strong>1965&nbsp;<a href=\"https:\/\/aleksandarpetrovic.org\/france\/filmographie\/longs-metrages\/trois\/\">TROIS (TRI)<\/a> <\/strong><span style=\"line-height: 19px;\">Drame, Guerre. Long-m\u00e9trage. Dur\u00e9e 80 minutes, n\/b. Production Avala Film. Sc\u00e9nario d\u2019Aleksandar Petrovi\u0107 et Antonije Isakovi\u0107 inspir\u00e9 des motifs d\u2019un recueil de contes de&nbsp; l\u2019\u00e9crivain yougoslave Antonije&nbsp; Isakovi\u0107. Choix de&nbsp; la musique et mise en sc\u00e8ne d\u2019Aleksandar Petrovi\u0107.&nbsp; <strong><br><\/strong><\/span><strong><br><\/strong><br><\/span><\/td><\/tr><\/tbody><\/table><\/figure>\n\n\n\n<figure class=\"wp-block-table\"><table class=\"has-fixed-layout\"><tbody><tr><td><span style=\"font-size: medium;\"><figure><a href=\"https:\/\/aleksandarpetrovic.org\/wp-content\/uploads\/2013\/03\/skupljaci-perja-igrani.png\"><img loading=\"lazy\" decoding=\"async\" class=\"aligncenter\" src=\"https:\/\/aleksandarpetrovic.org\/wp-content\/uploads\/2013\/03\/skupljaci-perja-igrani.png\" alt=\"\" width=\"250\" height=\"339\"><\/a><\/figure><\/span><\/td><td><span style=\"font-size: medium;\"><strong>1967&nbsp;<a href=\"https:\/\/aleksandarpetrovic.org\/france\/filmographie\/longs-metrages\/jai-meme-renocontre-des-tziganes-heureux\/\">J&rsquo;AI MEME RENCONTRE DES TZIGANES HEUREUX (SKUPLJA\u010cI PERJA)<\/a><\/strong> <span style=\"line-height: 19px;\">Drame. Long-m\u00e9trage. Dur\u00e9e 94 minutes, couleur. Production Avala Film. Auteur,&nbsp; sc\u00e9nario,&nbsp; choix de&nbsp; la musique et mise en sc\u00e8ne \u2013 Aleksandar Petrovi\u0107.<\/span><\/span><\/td><\/tr><\/tbody><\/table><\/figure>\n\n\n\n<figure class=\"wp-block-table\"><table class=\"has-fixed-layout\"><tbody><tr><td><span style=\"font-size: medium;\"><figure><a style=\"line-height: 19px;\" href=\"https:\/\/aleksandarpetrovic.org\/wp-content\/uploads\/2013\/03\/Bice-skoro-propast-sveta-FR.png\"><img loading=\"lazy\" decoding=\"async\" class=\"aligncenter size-medium wp-image-846\" src=\"https:\/\/aleksandarpetrovic.org\/wp-content\/uploads\/2013\/03\/Bice-skoro-propast-sveta-FR-218x300.png\" alt=\"Bice skoro propast sveta FR\" width=\"250\" height=\"345\" srcset=\"https:\/\/aleksandarpetrovic.org\/wp-content\/uploads\/2013\/03\/Bice-skoro-propast-sveta-FR-218x300.png 218w, https:\/\/aleksandarpetrovic.org\/wp-content\/uploads\/2013\/03\/Bice-skoro-propast-sveta-FR.png 269w\" sizes=\"(max-width: 250px) 100vw, 250px\" \/><\/a><\/figure><\/span><\/td><td><span style=\"font-size: medium;\"><strong>1968&nbsp;<a href=\"https:\/\/aleksandarpetrovic.org\/france\/filmographie\/longs-metrages\/il-pleut-dans-mon-village\/\">IL PLEUT DANS MON VILLAGE &#8211; LA FIN DU MONDE EST PROCHE (BI\u0106E SKORO PROPAST SVETA NEK PROPADNE NIJE \u0160TETA)<\/a> <\/strong><span style=\"line-height: 19px;\">Drame. Long-m\u00e9trage. Dur\u00e9e 84 minutes, 35 mm, couleur. Auteur, sc\u00e9nario, choix de&nbsp; la musique et mise en&nbsp; sc\u00e8ne&nbsp; \u2013 Aleksandar Petrovi\u0107. Co-production :&nbsp; Avala&nbsp; film&nbsp; Beograd,&nbsp; Les&nbsp; Productions&nbsp; artistes associ\u00e9s S.A. Paris. <strong><br><\/strong><\/span><strong><br><\/strong><br><\/span><\/td><\/tr><\/tbody><\/table><\/figure>\n\n\n\n<figure class=\"wp-block-table\"><table class=\"has-fixed-layout\"><tbody><tr><td><span style=\"font-size: medium;\"><figure><a style=\"line-height: 19px;\" href=\"https:\/\/aleksandarpetrovic.org\/wp-content\/uploads\/2013\/03\/Majstor-i-margarita-FR.png\"><img loading=\"lazy\" decoding=\"async\" class=\"aligncenter size-medium wp-image-847\" src=\"https:\/\/aleksandarpetrovic.org\/wp-content\/uploads\/2013\/03\/Majstor-i-margarita-FR-219x300.png\" alt=\"Majstor i margarita FR\" width=\"250\" height=\"343\" srcset=\"https:\/\/aleksandarpetrovic.org\/wp-content\/uploads\/2013\/03\/Majstor-i-margarita-FR-219x300.png 219w, https:\/\/aleksandarpetrovic.org\/wp-content\/uploads\/2013\/03\/Majstor-i-margarita-FR.png 274w\" sizes=\"(max-width: 250px) 100vw, 250px\" \/><\/a><\/figure><\/span><\/td><td><span style=\"font-size: medium;\"><strong>1972&nbsp;<a href=\"https:\/\/aleksandarpetrovic.org\/france\/filmographie\/longs-metrages\/le-maitre-et-marguerite\/\">LE MAITRE ET MARGUERITE (MAJSTOR I MARGARITA)<\/a><\/strong> <span style=\"line-height: 19px;\">Drame,&nbsp; Long-m\u00e9trage. Dur\u00e9e&nbsp; 95&nbsp; minutes,&nbsp; couleur.&nbsp; D\u2019apr\u00e8s&nbsp; le&nbsp; roman&nbsp; de&nbsp; Mikha\u00efl Boulgakov. Mise en sc\u00e8ne, cosc\u00e9nariste en collaboration avec Barbara&nbsp; Alberti&nbsp; et&nbsp; Amedeo&nbsp; Pagani,&nbsp; choix&nbsp; de&nbsp; la&nbsp; musique&nbsp; \u2013 Aleksandar Petrovi\u0107. Co-production : Dunav film Beograd, Euro International Film S.P.A., Rome.<\/span><\/span><\/td><\/tr><\/tbody><\/table><\/figure>\n\n\n\n<figure class=\"wp-block-table\"><table class=\"has-fixed-layout\"><tbody><tr><td><span style=\"font-size: medium;\"><figure><a href=\"https:\/\/aleksandarpetrovic.org\/wp-content\/uploads\/2013\/03\/grupni-portret-s-damom-igrani.png\"><img loading=\"lazy\" decoding=\"async\" class=\"aligncenter\" src=\"https:\/\/aleksandarpetrovic.org\/wp-content\/uploads\/2013\/03\/grupni-portret-s-damom-igrani.png\" alt=\"\" width=\"250\" height=\"341\"><\/a><\/figure><\/span><\/td><td><span style=\"font-size: medium;\"><strong>1977&nbsp;<a href=\"https:\/\/aleksandarpetrovic.org\/france\/filmographie\/longs-metrages\/portrait-de-groupe-avec-dame\/\">PORTRAIT DE GROUPE AVEC DAME<\/a><\/strong> <span style=\"line-height: 19px;\">Drame, Guerre. Long-m\u00e9trage.&nbsp;&nbsp; Dur\u00e9e 107 minutes, couleur. D\u2019apr\u00e8s&nbsp; le roman du prix Nobel Heinrich B\u00f6ll. Sc\u00e9nario Aleksandar Petrovi\u0107 avec la&nbsp; collaboration&nbsp; de&nbsp; J\u00fcrgen&nbsp; Kolbe.&nbsp; Mise&nbsp; en&nbsp; sc\u00e8ne,&nbsp; dialogues, choix&nbsp; de&nbsp; la&nbsp; musique&nbsp; &#8211;&nbsp; Aleksandar&nbsp; Petrovi\u0107.&nbsp; Co-production: Stella-Film M\u00fcnchen, Les Artistes Associes, Paris, Cin\u00e8ma 77 Betelinguns GMBH &amp; Co., 4 Produktions KG, ZDH, MAINZ.&nbsp;<\/span><\/span><\/td><\/tr><\/tbody><\/table><\/figure>\n\n\n\n<figure class=\"wp-block-table\"><table class=\"has-fixed-layout\"><tbody><tr><td><span style=\"font-size: medium;\"><figure><a href=\"https:\/\/aleksandarpetrovic.org\/wp-content\/uploads\/2013\/03\/falconFR.png\"><img loading=\"lazy\" decoding=\"async\" class=\"aligncenter size-full wp-image-1986\" src=\"https:\/\/aleksandarpetrovic.org\/wp-content\/uploads\/2013\/03\/falconFR.png\" alt=\"falconFR\" width=\"251\" height=\"350\" srcset=\"https:\/\/aleksandarpetrovic.org\/wp-content\/uploads\/2013\/03\/falconFR.png 424w, https:\/\/aleksandarpetrovic.org\/wp-content\/uploads\/2013\/03\/falconFR-216x300.png 216w\" sizes=\"(max-width: 251px) 100vw, 251px\" \/><\/a><\/figure><\/span><\/td><td><span style=\"font-size: medium;\"><strong>1981 LA VENGEANCE DU FAUCON (BANOVI\u0106 STRAHINJA)<\/strong> <span style=\"line-height: 19px;\">sc\u00e9nario&nbsp; \u2013&nbsp; Co-production: Jadran&nbsp; Film,&nbsp; Zagreb,&nbsp; CFS&nbsp; Ko\u0161utnjak&nbsp; \u2013&nbsp; OOUR&nbsp; Avala&nbsp; film, Beograd, R. von Hirschberger \/R. Kalmowitz Filmproduk OHG\u2013 Neue&nbsp; Tele-Contact&nbsp; Filmproduktion, M\u00fcnchen;&nbsp; FRZ,&nbsp; Zagreb, Avala&nbsp; pro-film,&nbsp; Beograd&nbsp; i&nbsp; Zvezda&nbsp; film,&nbsp; Novi&nbsp; Sad,&nbsp; sc\u00e9nario Aleksandar&nbsp; Petrovi\u0107,&nbsp; Vatroslav&nbsp; Mimica,&nbsp; mise&nbsp; en&nbsp; sc\u00e8ne Vatroslav Mimica.<\/span><\/span><\/td><\/tr><\/tbody><\/table><\/figure>\n\n\n\n<figure class=\"wp-block-table\"><table class=\"has-fixed-layout\"><tbody><tr><td><span style=\"font-size: medium;\"><figure><a href=\"https:\/\/aleksandarpetrovic.org\/wp-content\/uploads\/2013\/03\/seobe-FR.png\"><img loading=\"lazy\" decoding=\"async\" class=\"aligncenter size-medium wp-image-848\" src=\"https:\/\/aleksandarpetrovic.org\/wp-content\/uploads\/2013\/03\/seobe-FR-239x300.png\" alt=\"seobe FR\" width=\"251\" height=\"318\"><\/a><\/figure><\/span><\/td><td><span style=\"font-size: medium;\"><strong>1989-1994&nbsp;<a href=\"https:\/\/aleksandarpetrovic.org\/france\/filmographie\/longs-metrages\/migrations\/\">MIGRATIONS &#8211; La guerre la plus glorieuse<\/a><\/strong> <span style=\"line-height: 19px;\">Drame, Historique.&nbsp; Long-m\u00e9trage.&nbsp;&nbsp;&nbsp; Dur\u00e9e&nbsp; 118&nbsp; minutes,&nbsp; couleur.<br>D\u2019apr\u00e8s&nbsp; le&nbsp; roman&nbsp; de Milo\u0161 Tsernianski. Sc\u00e9nario: Aleksandar Petrovi\u0107&nbsp; avec&nbsp; la&nbsp; collaboration&nbsp; de Jacques&nbsp; Doniol-Valcroze. Mise&nbsp; en&nbsp; sc\u00e8ne&nbsp; Aleksandar&nbsp; Petrovi\u0107.&nbsp; Co-production:&nbsp; Radio Televizija Srbije, M\u00e9diterran\u00e9e Cin\u00e9ma, Obadia BAMC Paris.<\/span><\/span><\/td><\/tr><\/tbody><\/table><\/figure>\n","protected":false},"excerpt":{"rendered":"<p>1958 LA SEULE ISSUE (JEDINI IZLAZ) Film de&nbsp; guerre.&nbsp; Long-m\u00e9trage:&nbsp; 2.330,&nbsp; 35 mm,&nbsp; couleur. Production Zastava&nbsp; Film.&nbsp; Mise&nbsp; en&nbsp; sc\u00e8ne&nbsp; Aleksandar&nbsp; Petrovi\u0107,&nbsp; Vicko Raspor.&nbsp; Sc\u00e9nario&nbsp; Antonije&nbsp; Isakovi\u0107,&nbsp; Stjepan&nbsp; Zaninovi\u0107, musique&nbsp; Ivo Tijardovi\u0107. 1961&nbsp;ELLE ET LUI (DVOJE) Drame.&nbsp; Long-m\u00e9trage. Dur\u00e9e&nbsp; 88 min,&nbsp; 35 mm,&nbsp; n\/b.&nbsp; Production&nbsp; Avala&nbsp; Film. Auteur,&nbsp; sc\u00e9nario,&nbsp; choix&nbsp; de&nbsp; la&nbsp; musique&nbsp; et&nbsp; mise&nbsp; [&hellip;]<\/p>\n","protected":false},"author":1,"featured_media":0,"parent":26,"menu_order":0,"comment_status":"closed","ping_status":"open","template":"","meta":{"footnotes":""},"class_list":["post-28","page","type-page","status-publish","hentry"],"yoast_head":"<!-- This site is optimized with the Yoast SEO plugin v26.3 - https:\/\/yoast.com\/wordpress\/plugins\/seo\/ -->\n<title>Longs m\u00e9trages - Aleksandar Petrovic<\/title>\n<meta name=\"robots\" content=\"index, follow, max-snippet:-1, max-image-preview:large, max-video-preview:-1\" \/>\n<link rel=\"canonical\" href=\"https:\/\/aleksandarpetrovic.org\/fr\/filmographie\/longs-metrages\/\" \/>\n<meta property=\"og:locale\" content=\"fr_FR\" \/>\n<meta property=\"og:type\" content=\"article\" \/>\n<meta property=\"og:title\" content=\"Longs m\u00e9trages - Aleksandar Petrovic\" \/>\n<meta property=\"og:description\" content=\"1958 LA SEULE ISSUE (JEDINI IZLAZ) Film de&nbsp; guerre.&nbsp; Long-m\u00e9trage:&nbsp; 2.330,&nbsp; 35 mm,&nbsp; couleur. Production Zastava&nbsp; Film.&nbsp; Mise&nbsp; en&nbsp; sc\u00e8ne&nbsp; Aleksandar&nbsp; Petrovi\u0107,&nbsp; Vicko Raspor.&nbsp; Sc\u00e9nario&nbsp; Antonije&nbsp; Isakovi\u0107,&nbsp; Stjepan&nbsp; Zaninovi\u0107, musique&nbsp; Ivo Tijardovi\u0107. 1961&nbsp;ELLE ET LUI (DVOJE) Drame.&nbsp; Long-m\u00e9trage. Dur\u00e9e&nbsp; 88 min,&nbsp; 35 mm,&nbsp; n\/b.&nbsp; Production&nbsp; Avala&nbsp; Film. Auteur,&nbsp; sc\u00e9nario,&nbsp; choix&nbsp; de&nbsp; la&nbsp; musique&nbsp; et&nbsp; mise&nbsp; [&hellip;]\" \/>\n<meta property=\"og:url\" content=\"https:\/\/aleksandarpetrovic.org\/fr\/filmographie\/longs-metrages\/\" \/>\n<meta property=\"og:site_name\" content=\"Aleksandar Petrovic\" \/>\n<meta property=\"article:modified_time\" content=\"2025-05-13T14:57:12+00:00\" \/>\n<meta property=\"og:image\" content=\"https:\/\/aleksandarpetrovic.org\/wp-content\/uploads\/2013\/03\/jedini-izlaz.png\" \/>\n<meta name=\"twitter:card\" content=\"summary_large_image\" \/>\n<meta name=\"twitter:label1\" content=\"Dur\u00e9e de lecture estim\u00e9e\" \/>\n\t<meta name=\"twitter:data1\" content=\"5 minutes\" \/>\n<script type=\"application\/ld+json\" class=\"yoast-schema-graph\">{\"@context\":\"https:\/\/schema.org\",\"@graph\":[{\"@type\":\"WebPage\",\"@id\":\"https:\/\/aleksandarpetrovic.org\/fr\/filmographie\/longs-metrages\/\",\"url\":\"https:\/\/aleksandarpetrovic.org\/fr\/filmographie\/longs-metrages\/\",\"name\":\"Longs m\u00e9trages - Aleksandar Petrovic\",\"isPartOf\":{\"@id\":\"https:\/\/aleksandarpetrovic.org\/#website\"},\"primaryImageOfPage\":{\"@id\":\"https:\/\/aleksandarpetrovic.org\/fr\/filmographie\/longs-metrages\/#primaryimage\"},\"image\":{\"@id\":\"https:\/\/aleksandarpetrovic.org\/fr\/filmographie\/longs-metrages\/#primaryimage\"},\"thumbnailUrl\":\"https:\/\/aleksandarpetrovic.org\/wp-content\/uploads\/2013\/03\/jedini-izlaz.png\",\"datePublished\":\"2013-03-16T23:54:59+00:00\",\"dateModified\":\"2025-05-13T14:57:12+00:00\",\"breadcrumb\":{\"@id\":\"https:\/\/aleksandarpetrovic.org\/fr\/filmographie\/longs-metrages\/#breadcrumb\"},\"inLanguage\":\"fr-FR\",\"potentialAction\":[{\"@type\":\"ReadAction\",\"target\":[\"https:\/\/aleksandarpetrovic.org\/fr\/filmographie\/longs-metrages\/\"]}]},{\"@type\":\"ImageObject\",\"inLanguage\":\"fr-FR\",\"@id\":\"https:\/\/aleksandarpetrovic.org\/fr\/filmographie\/longs-metrages\/#primaryimage\",\"url\":\"https:\/\/aleksandarpetrovic.org\/wp-content\/uploads\/2013\/03\/jedini-izlaz.png\",\"contentUrl\":\"https:\/\/aleksandarpetrovic.org\/wp-content\/uploads\/2013\/03\/jedini-izlaz.png\"},{\"@type\":\"BreadcrumbList\",\"@id\":\"https:\/\/aleksandarpetrovic.org\/fr\/filmographie\/longs-metrages\/#breadcrumb\",\"itemListElement\":[{\"@type\":\"ListItem\",\"position\":1,\"name\":\"Accueil\",\"item\":\"https:\/\/aleksandarpetrovic.org\/fr\/\"},{\"@type\":\"ListItem\",\"position\":2,\"name\":\"Filmographie\",\"item\":\"https:\/\/aleksandarpetrovic.org\/fr\/filmographie\/\"},{\"@type\":\"ListItem\",\"position\":3,\"name\":\"Longs m\u00e9trages\"}]},{\"@type\":\"WebSite\",\"@id\":\"https:\/\/aleksandarpetrovic.org\/#website\",\"url\":\"https:\/\/aleksandarpetrovic.org\/\",\"name\":\"Aleksandar Petrovic\",\"description\":\"R\u00e9alisateur (site officiel)\",\"potentialAction\":[{\"@type\":\"SearchAction\",\"target\":{\"@type\":\"EntryPoint\",\"urlTemplate\":\"https:\/\/aleksandarpetrovic.org\/?s={search_term_string}\"},\"query-input\":{\"@type\":\"PropertyValueSpecification\",\"valueRequired\":true,\"valueName\":\"search_term_string\"}}],\"inLanguage\":\"fr-FR\"}]}<\/script>\n<!-- \/ Yoast SEO plugin. -->","yoast_head_json":{"title":"Longs m\u00e9trages - Aleksandar Petrovic","robots":{"index":"index","follow":"follow","max-snippet":"max-snippet:-1","max-image-preview":"max-image-preview:large","max-video-preview":"max-video-preview:-1"},"canonical":"https:\/\/aleksandarpetrovic.org\/fr\/filmographie\/longs-metrages\/","og_locale":"fr_FR","og_type":"article","og_title":"Longs m\u00e9trages - Aleksandar Petrovic","og_description":"1958 LA SEULE ISSUE (JEDINI IZLAZ) Film de&nbsp; guerre.&nbsp; Long-m\u00e9trage:&nbsp; 2.330,&nbsp; 35 mm,&nbsp; couleur. Production Zastava&nbsp; Film.&nbsp; Mise&nbsp; en&nbsp; sc\u00e8ne&nbsp; Aleksandar&nbsp; Petrovi\u0107,&nbsp; Vicko Raspor.&nbsp; Sc\u00e9nario&nbsp; Antonije&nbsp; Isakovi\u0107,&nbsp; Stjepan&nbsp; Zaninovi\u0107, musique&nbsp; Ivo Tijardovi\u0107. 1961&nbsp;ELLE ET LUI (DVOJE) Drame.&nbsp; Long-m\u00e9trage. Dur\u00e9e&nbsp; 88 min,&nbsp; 35 mm,&nbsp; n\/b.&nbsp; Production&nbsp; Avala&nbsp; Film. Auteur,&nbsp; sc\u00e9nario,&nbsp; choix&nbsp; de&nbsp; la&nbsp; musique&nbsp; et&nbsp; mise&nbsp; [&hellip;]","og_url":"https:\/\/aleksandarpetrovic.org\/fr\/filmographie\/longs-metrages\/","og_site_name":"Aleksandar Petrovic","article_modified_time":"2025-05-13T14:57:12+00:00","og_image":[{"url":"https:\/\/aleksandarpetrovic.org\/wp-content\/uploads\/2013\/03\/jedini-izlaz.png","type":"","width":"","height":""}],"twitter_card":"summary_large_image","twitter_misc":{"Dur\u00e9e de lecture estim\u00e9e":"5 minutes"},"schema":{"@context":"https:\/\/schema.org","@graph":[{"@type":"WebPage","@id":"https:\/\/aleksandarpetrovic.org\/fr\/filmographie\/longs-metrages\/","url":"https:\/\/aleksandarpetrovic.org\/fr\/filmographie\/longs-metrages\/","name":"Longs m\u00e9trages - Aleksandar Petrovic","isPartOf":{"@id":"https:\/\/aleksandarpetrovic.org\/#website"},"primaryImageOfPage":{"@id":"https:\/\/aleksandarpetrovic.org\/fr\/filmographie\/longs-metrages\/#primaryimage"},"image":{"@id":"https:\/\/aleksandarpetrovic.org\/fr\/filmographie\/longs-metrages\/#primaryimage"},"thumbnailUrl":"https:\/\/aleksandarpetrovic.org\/wp-content\/uploads\/2013\/03\/jedini-izlaz.png","datePublished":"2013-03-16T23:54:59+00:00","dateModified":"2025-05-13T14:57:12+00:00","breadcrumb":{"@id":"https:\/\/aleksandarpetrovic.org\/fr\/filmographie\/longs-metrages\/#breadcrumb"},"inLanguage":"fr-FR","potentialAction":[{"@type":"ReadAction","target":["https:\/\/aleksandarpetrovic.org\/fr\/filmographie\/longs-metrages\/"]}]},{"@type":"ImageObject","inLanguage":"fr-FR","@id":"https:\/\/aleksandarpetrovic.org\/fr\/filmographie\/longs-metrages\/#primaryimage","url":"https:\/\/aleksandarpetrovic.org\/wp-content\/uploads\/2013\/03\/jedini-izlaz.png","contentUrl":"https:\/\/aleksandarpetrovic.org\/wp-content\/uploads\/2013\/03\/jedini-izlaz.png"},{"@type":"BreadcrumbList","@id":"https:\/\/aleksandarpetrovic.org\/fr\/filmographie\/longs-metrages\/#breadcrumb","itemListElement":[{"@type":"ListItem","position":1,"name":"Accueil","item":"https:\/\/aleksandarpetrovic.org\/fr\/"},{"@type":"ListItem","position":2,"name":"Filmographie","item":"https:\/\/aleksandarpetrovic.org\/fr\/filmographie\/"},{"@type":"ListItem","position":3,"name":"Longs m\u00e9trages"}]},{"@type":"WebSite","@id":"https:\/\/aleksandarpetrovic.org\/#website","url":"https:\/\/aleksandarpetrovic.org\/","name":"Aleksandar Petrovic","description":"R\u00e9alisateur (site officiel)","potentialAction":[{"@type":"SearchAction","target":{"@type":"EntryPoint","urlTemplate":"https:\/\/aleksandarpetrovic.org\/?s={search_term_string}"},"query-input":{"@type":"PropertyValueSpecification","valueRequired":true,"valueName":"search_term_string"}}],"inLanguage":"fr-FR"}]}},"_links":{"self":[{"href":"https:\/\/aleksandarpetrovic.org\/fr\/wp-json\/wp\/v2\/pages\/28","targetHints":{"allow":["GET"]}}],"collection":[{"href":"https:\/\/aleksandarpetrovic.org\/fr\/wp-json\/wp\/v2\/pages"}],"about":[{"href":"https:\/\/aleksandarpetrovic.org\/fr\/wp-json\/wp\/v2\/types\/page"}],"author":[{"embeddable":true,"href":"https:\/\/aleksandarpetrovic.org\/fr\/wp-json\/wp\/v2\/users\/1"}],"replies":[{"embeddable":true,"href":"https:\/\/aleksandarpetrovic.org\/fr\/wp-json\/wp\/v2\/comments?post=28"}],"version-history":[{"count":2,"href":"https:\/\/aleksandarpetrovic.org\/fr\/wp-json\/wp\/v2\/pages\/28\/revisions"}],"predecessor-version":[{"id":4956,"href":"https:\/\/aleksandarpetrovic.org\/fr\/wp-json\/wp\/v2\/pages\/28\/revisions\/4956"}],"up":[{"embeddable":true,"href":"https:\/\/aleksandarpetrovic.org\/fr\/wp-json\/wp\/v2\/pages\/26"}],"wp:attachment":[{"href":"https:\/\/aleksandarpetrovic.org\/fr\/wp-json\/wp\/v2\/media?parent=28"}],"curies":[{"name":"wp","href":"https:\/\/api.w.org\/{rel}","templated":true}]}}