{"id":4485,"date":"2025-01-30T13:00:59","date_gmt":"2025-01-30T18:00:59","guid":{"rendered":"https:\/\/aleksandarpetrovic.org\/?page_id=4485"},"modified":"2026-03-04T15:37:06","modified_gmt":"2026-03-04T20:37:06","slug":"accueil","status":"publish","type":"page","link":"https:\/\/aleksandarpetrovic.org\/fr\/","title":{"rendered":"Accueil"},"content":{"rendered":"\t\t<div data-elementor-type=\"wp-page\" data-elementor-id=\"4485\" class=\"elementor elementor-4485 elementor-3599\">\n\t\t\t\t<div class=\"elementor-element elementor-element-4b25c84 e-flex e-con-boxed e-con e-parent\" data-id=\"4b25c84\" data-element_type=\"container\">\n\t\t\t\t\t<div class=\"e-con-inner\">\n\t\t<div class=\"elementor-element elementor-element-e7f8221 e-con-full e-flex e-con e-child\" data-id=\"e7f8221\" data-element_type=\"container\" data-settings=\"{&quot;background_background&quot;:&quot;classic&quot;}\">\n\t\t\t\t<div class=\"elementor-element elementor-element-069377e elementor-widget elementor-widget-heading\" data-id=\"069377e\" data-element_type=\"widget\" data-widget_type=\"heading.default\">\n\t\t\t\t<div class=\"elementor-widget-container\">\n\t\t\t\t\t<h1 class=\"elementor-heading-title elementor-size-default\">Aleksandar Petrovi\u0107 <\/h1>\t\t\t\t<\/div>\n\t\t\t\t<\/div>\n\t\t\t\t<div class=\"elementor-element elementor-element-1a04c80 elementor-widget elementor-widget-heading\" data-id=\"1a04c80\" data-element_type=\"widget\" data-widget_type=\"heading.default\">\n\t\t\t\t<div class=\"elementor-widget-container\">\n\t\t\t\t\t<h2 class=\"elementor-heading-title elementor-size-default\">R\u00e9alisateur <\/h2>\t\t\t\t<\/div>\n\t\t\t\t<\/div>\n\t\t\t\t<div class=\"elementor-element elementor-element-586654f elementor-widget__width-initial elementor-widget elementor-widget-testimonial\" data-id=\"586654f\" data-element_type=\"widget\" data-widget_type=\"testimonial.default\">\n\t\t\t\t<div class=\"elementor-widget-container\">\n\t\t\t\t\t\t\t<div class=\"elementor-testimonial-wrapper\">\n\t\t\t\t\t\t\t<div class=\"elementor-testimonial-content\">\"Figure de proue de la nouvelle vague yougoslave avec Trois (1965), r\u00e9compens\u00e9 \u00e0 Cannes et f\u00eat\u00e9 dans le monde entier pour J'ai m\u00eame rencontr\u00e9 des Tziganes Heureux, prim\u00e9 \u00e0 Venise avec le Ma\u00eetre et Marguerite, Alexandre Petrovic est la principale figure du cin\u00e9ma yougoslave....\" \" <\/div>\n\t\t\t\n\t\t\t\t\t\t<div class=\"elementor-testimonial-meta\">\n\t\t\t\t<div class=\"elementor-testimonial-meta-inner\">\n\t\t\t\t\t\n\t\t\t\t\t\t\t\t\t\t<div class=\"elementor-testimonial-details\">\n\t\t\t\t\t\t\t\t\t\t\t\t\t\t<div class=\"elementor-testimonial-name\">Jean-Michel Frodon dans LE MONDE<\/div>\n\t\t\t\t\t\t\t\t\t\t\t\t\t\t\t\t\t\t\t<\/div>\n\t\t\t\t\t\t\t\t\t<\/div>\n\t\t\t<\/div>\n\t\t\t\t\t<\/div>\n\t\t\t\t\t\t<\/div>\n\t\t\t\t<\/div>\n\t\t\t\t<div class=\"elementor-element elementor-element-d9133d4 elementor-align-center elementor-widget elementor-widget-button\" data-id=\"d9133d4\" data-element_type=\"widget\" data-widget_type=\"button.default\">\n\t\t\t\t<div class=\"elementor-widget-container\">\n\t\t\t\t\t\t\t\t\t<div class=\"elementor-button-wrapper\">\n\t\t\t\t\t<a class=\"elementor-button elementor-button-link elementor-size-sm\" href=\"\/fr\/biographie\/\">\n\t\t\t\t\t\t<span class=\"elementor-button-content-wrapper\">\n\t\t\t\t\t\t\t\t\t<span class=\"elementor-button-text\">Biographie <\/span>\n\t\t\t\t\t<\/span>\n\t\t\t\t\t<\/a>\n\t\t\t\t<\/div>\n\t\t\t\t\t\t\t\t<\/div>\n\t\t\t\t<\/div>\n\t\t\t\t<div class=\"elementor-element elementor-element-f08c977 elementor-widget elementor-widget-image\" data-id=\"f08c977\" data-element_type=\"widget\" data-widget_type=\"image.default\">\n\t\t\t\t<div class=\"elementor-widget-container\">\n\t\t\t\t\t\t\t\t\t\t\t\t\t\t\t<img fetchpriority=\"high\" decoding=\"async\" width=\"438\" height=\"372\" src=\"https:\/\/aleksandarpetrovic.org\/wp-content\/uploads\/2025\/01\/Aleksandar_petrovic.png\" class=\"attachment-full size-full wp-image-4476\" alt=\"\" srcset=\"https:\/\/aleksandarpetrovic.org\/wp-content\/uploads\/2025\/01\/Aleksandar_petrovic.png 438w, https:\/\/aleksandarpetrovic.org\/wp-content\/uploads\/2025\/01\/Aleksandar_petrovic-300x255.png 300w\" sizes=\"(max-width: 438px) 100vw, 438px\" \/>\t\t\t\t\t\t\t\t\t\t\t\t\t\t\t<\/div>\n\t\t\t\t<\/div>\n\t\t\t\t<\/div>\n\t\t<div class=\"elementor-element elementor-element-13435e8 e-con-full e-flex e-con e-child\" data-id=\"13435e8\" data-element_type=\"container\">\n\t\t<div class=\"elementor-element elementor-element-a026aac e-con-full e-flex e-con e-child\" data-id=\"a026aac\" data-element_type=\"container\" data-settings=\"{&quot;background_background&quot;:&quot;classic&quot;}\">\n\t\t\t\t<div class=\"elementor-element elementor-element-c195840 elementor-widget elementor-widget-heading\" data-id=\"c195840\" data-element_type=\"widget\" data-widget_type=\"heading.default\">\n\t\t\t\t<div class=\"elementor-widget-container\">\n\t\t\t\t\t<p class=\"elementor-heading-title elementor-size-default\">\u00c9v\u00e9nements \u00e0 venir&nbsp;:<\/p>\t\t\t\t<\/div>\n\t\t\t\t<\/div>\n\t\t\t\t<div class=\"elementor-element elementor-element-d70c57e elementor-widget elementor-widget-text-editor\" data-id=\"d70c57e\" data-element_type=\"widget\" data-widget_type=\"text-editor.default\">\n\t\t\t\t<div class=\"elementor-widget-container\">\n\t\t\t\t\t\t\t\t\t<p><strong>Paris : 11 au 15 mars 2026<\/strong><\/p><p>Festival de la Cin\u00e9math\u00e8que :<\/p><p><strong>Hommage \u00e0 Aleksandar Petrovi\u0107 &#8211; Cycle de 6 films<\/strong><\/p><p><a href=\"https:\/\/www.cinematheque.fr\/cycle\/festival-de-la-cinematheque-13e-edition-1550.html\" target=\"_blank\" rel=\"noopener\">Voir le programme complet<\/a><\/p>\t\t\t\t\t\t\t\t<\/div>\n\t\t\t\t<\/div>\n\t\t\t\t<\/div>\n\t\t<div class=\"elementor-element elementor-element-dd8573e e-con-full e-flex e-con e-child\" data-id=\"dd8573e\" data-element_type=\"container\" data-settings=\"{&quot;background_background&quot;:&quot;classic&quot;}\">\n\t\t\t\t<div class=\"elementor-element elementor-element-8aed973 elementor-widget elementor-widget-image\" data-id=\"8aed973\" data-element_type=\"widget\" data-widget_type=\"image.default\">\n\t\t\t\t<div class=\"elementor-widget-container\">\n\t\t\t\t\t\t\t\t\t\t\t\t\t\t\t<img decoding=\"async\" width=\"300\" height=\"222\" src=\"https:\/\/aleksandarpetrovic.org\/wp-content\/uploads\/2025\/01\/olivera-katarina1.png\" class=\"attachment-large size-large wp-image-4470\" alt=\"\" \/>\t\t\t\t\t\t\t\t\t\t\t\t\t\t\t<\/div>\n\t\t\t\t<\/div>\n\t\t\t\t<div class=\"elementor-element elementor-element-e00888d elementor-widget elementor-widget-html\" data-id=\"e00888d\" data-element_type=\"widget\" data-widget_type=\"html.default\">\n\t\t\t\t<div class=\"elementor-widget-container\">\n\t\t\t\t\t<audio width=\"200\" height=\"20\" controls=\"controls\"><source src=\"https:\/\/aleksandarpetrovic.org\/wp-content\/mp3\/Djelem,Djelem.mp3\" type=\"audio\/mpeg\"> Your browser does not support the audio element. <\/audio>\t\t\t\t<\/div>\n\t\t\t\t<\/div>\n\t\t\t\t<\/div>\n\t\t<div class=\"elementor-element elementor-element-e5abf2f e-con-full e-flex e-con e-child\" data-id=\"e5abf2f\" data-element_type=\"container\" data-settings=\"{&quot;background_background&quot;:&quot;classic&quot;}\">\n\t\t\t\t<div class=\"elementor-element elementor-element-a0f02bc elementor-widget elementor-widget-video\" data-id=\"a0f02bc\" data-element_type=\"widget\" data-settings=\"{&quot;youtube_url&quot;:&quot;https:\\\/\\\/youtu.be\\\/-LvWY6hT4y0&quot;,&quot;video_type&quot;:&quot;youtube&quot;,&quot;controls&quot;:&quot;yes&quot;}\" data-widget_type=\"video.default\">\n\t\t\t\t<div class=\"elementor-widget-container\">\n\t\t\t\t\t\t\t<div class=\"elementor-wrapper elementor-open-inline\">\n\t\t\t<div class=\"elementor-video\"><\/div>\t\t<\/div>\n\t\t\t\t\t\t<\/div>\n\t\t\t\t<\/div>\n\t\t\t\t<\/div>\n\t\t\t\t<\/div>\n\t\t\t\t\t<\/div>\n\t\t\t\t<\/div>\n\t\t\t\t<\/div>\n\t\t","protected":false},"excerpt":{"rendered":"<p>Aleksandar Petrovi\u0107 R\u00e9alisateur \u00ab\u00a0Figure de proue de la nouvelle vague yougoslave avec Trois (1965), r\u00e9compens\u00e9 \u00e0 Cannes et f\u00eat\u00e9 dans le monde entier pour J&rsquo;ai m\u00eame rencontr\u00e9 des Tziganes Heureux, prim\u00e9 \u00e0 Venise avec le Ma\u00eetre et Marguerite, Alexandre Petrovic est la principale figure du cin\u00e9ma yougoslave&#8230;.\u00a0\u00bb \u00ab\u00a0 Jean-Michel Frodon dans LE MONDE Biographie \u00c9v\u00e9nements [&hellip;]<\/p>\n","protected":false},"author":1,"featured_media":0,"parent":0,"menu_order":0,"comment_status":"closed","ping_status":"closed","template":"elementor_header_footer","meta":{"footnotes":""},"class_list":["post-4485","page","type-page","status-publish","hentry"],"yoast_head":"<!-- This site is optimized with the Yoast SEO plugin v26.3 - https:\/\/yoast.com\/wordpress\/plugins\/seo\/ -->\n<title>Accueil - Aleksandar Petrovic<\/title>\n<meta name=\"robots\" content=\"index, follow, max-snippet:-1, max-image-preview:large, max-video-preview:-1\" \/>\n<link rel=\"canonical\" href=\"https:\/\/aleksandarpetrovic.org\/fr\/\" \/>\n<meta property=\"og:locale\" content=\"fr_FR\" \/>\n<meta property=\"og:type\" content=\"article\" \/>\n<meta property=\"og:title\" content=\"Accueil - Aleksandar Petrovic\" \/>\n<meta property=\"og:description\" content=\"Aleksandar Petrovi\u0107 R\u00e9alisateur \u00ab\u00a0Figure de proue de la nouvelle vague yougoslave avec Trois (1965), r\u00e9compens\u00e9 \u00e0 Cannes et f\u00eat\u00e9 dans le monde entier pour J&rsquo;ai m\u00eame rencontr\u00e9 des Tziganes Heureux, prim\u00e9 \u00e0 Venise avec le Ma\u00eetre et Marguerite, Alexandre Petrovic est la principale figure du cin\u00e9ma yougoslave&#8230;.\u00a0\u00bb \u00ab\u00a0 Jean-Michel Frodon dans LE MONDE Biographie \u00c9v\u00e9nements [&hellip;]\" \/>\n<meta property=\"og:url\" content=\"https:\/\/aleksandarpetrovic.org\/fr\/\" \/>\n<meta property=\"og:site_name\" content=\"Aleksandar Petrovic\" \/>\n<meta property=\"article:modified_time\" content=\"2026-03-04T20:37:06+00:00\" \/>\n<meta property=\"og:image\" content=\"https:\/\/aleksandarpetrovic.org\/wp-content\/uploads\/2025\/01\/Aleksandar_petrovic.png\" \/>\n\t<meta property=\"og:image:width\" content=\"438\" \/>\n\t<meta property=\"og:image:height\" content=\"372\" \/>\n\t<meta property=\"og:image:type\" content=\"image\/png\" \/>\n<meta name=\"twitter:card\" content=\"summary_large_image\" \/>\n<meta name=\"twitter:label1\" content=\"Dur\u00e9e de lecture estim\u00e9e\" \/>\n\t<meta name=\"twitter:data1\" content=\"1 minute\" \/>\n<script type=\"application\/ld+json\" class=\"yoast-schema-graph\">{\"@context\":\"https:\/\/schema.org\",\"@graph\":[{\"@type\":\"WebPage\",\"@id\":\"https:\/\/aleksandarpetrovic.org\/fr\/\",\"url\":\"https:\/\/aleksandarpetrovic.org\/fr\/\",\"name\":\"Accueil - Aleksandar Petrovic\",\"isPartOf\":{\"@id\":\"https:\/\/aleksandarpetrovic.org\/#website\"},\"primaryImageOfPage\":{\"@id\":\"https:\/\/aleksandarpetrovic.org\/fr\/#primaryimage\"},\"image\":{\"@id\":\"https:\/\/aleksandarpetrovic.org\/fr\/#primaryimage\"},\"thumbnailUrl\":\"https:\/\/aleksandarpetrovic.org\/wp-content\/uploads\/2025\/01\/Aleksandar_petrovic.png\",\"datePublished\":\"2025-01-30T18:00:59+00:00\",\"dateModified\":\"2026-03-04T20:37:06+00:00\",\"breadcrumb\":{\"@id\":\"https:\/\/aleksandarpetrovic.org\/fr\/#breadcrumb\"},\"inLanguage\":\"fr-FR\",\"potentialAction\":[{\"@type\":\"ReadAction\",\"target\":[\"https:\/\/aleksandarpetrovic.org\/fr\/\"]}]},{\"@type\":\"ImageObject\",\"inLanguage\":\"fr-FR\",\"@id\":\"https:\/\/aleksandarpetrovic.org\/fr\/#primaryimage\",\"url\":\"https:\/\/aleksandarpetrovic.org\/wp-content\/uploads\/2025\/01\/Aleksandar_petrovic.png\",\"contentUrl\":\"https:\/\/aleksandarpetrovic.org\/wp-content\/uploads\/2025\/01\/Aleksandar_petrovic.png\"},{\"@type\":\"BreadcrumbList\",\"@id\":\"https:\/\/aleksandarpetrovic.org\/fr\/#breadcrumb\",\"itemListElement\":[{\"@type\":\"ListItem\",\"position\":1,\"name\":\"Accueil\",\"item\":\"https:\/\/aleksandarpetrovic.org\/fr\/\"},{\"@type\":\"ListItem\",\"position\":2,\"name\":\"Accueil\"}]},{\"@type\":\"WebSite\",\"@id\":\"https:\/\/aleksandarpetrovic.org\/#website\",\"url\":\"https:\/\/aleksandarpetrovic.org\/\",\"name\":\"Aleksandar Petrovic\",\"description\":\"R\u00e9alisateur (site officiel)\",\"potentialAction\":[{\"@type\":\"SearchAction\",\"target\":{\"@type\":\"EntryPoint\",\"urlTemplate\":\"https:\/\/aleksandarpetrovic.org\/?s={search_term_string}\"},\"query-input\":{\"@type\":\"PropertyValueSpecification\",\"valueRequired\":true,\"valueName\":\"search_term_string\"}}],\"inLanguage\":\"fr-FR\"}]}<\/script>\n<!-- \/ Yoast SEO plugin. -->","yoast_head_json":{"title":"Accueil - Aleksandar Petrovic","robots":{"index":"index","follow":"follow","max-snippet":"max-snippet:-1","max-image-preview":"max-image-preview:large","max-video-preview":"max-video-preview:-1"},"canonical":"https:\/\/aleksandarpetrovic.org\/fr\/","og_locale":"fr_FR","og_type":"article","og_title":"Accueil - Aleksandar Petrovic","og_description":"Aleksandar Petrovi\u0107 R\u00e9alisateur \u00ab\u00a0Figure de proue de la nouvelle vague yougoslave avec Trois (1965), r\u00e9compens\u00e9 \u00e0 Cannes et f\u00eat\u00e9 dans le monde entier pour J&rsquo;ai m\u00eame rencontr\u00e9 des Tziganes Heureux, prim\u00e9 \u00e0 Venise avec le Ma\u00eetre et Marguerite, Alexandre Petrovic est la principale figure du cin\u00e9ma yougoslave&#8230;.\u00a0\u00bb \u00ab\u00a0 Jean-Michel Frodon dans LE MONDE Biographie \u00c9v\u00e9nements [&hellip;]","og_url":"https:\/\/aleksandarpetrovic.org\/fr\/","og_site_name":"Aleksandar Petrovic","article_modified_time":"2026-03-04T20:37:06+00:00","og_image":[{"width":438,"height":372,"url":"https:\/\/aleksandarpetrovic.org\/wp-content\/uploads\/2025\/01\/Aleksandar_petrovic.png","type":"image\/png"}],"twitter_card":"summary_large_image","twitter_misc":{"Dur\u00e9e de lecture estim\u00e9e":"1 minute"},"schema":{"@context":"https:\/\/schema.org","@graph":[{"@type":"WebPage","@id":"https:\/\/aleksandarpetrovic.org\/fr\/","url":"https:\/\/aleksandarpetrovic.org\/fr\/","name":"Accueil - Aleksandar Petrovic","isPartOf":{"@id":"https:\/\/aleksandarpetrovic.org\/#website"},"primaryImageOfPage":{"@id":"https:\/\/aleksandarpetrovic.org\/fr\/#primaryimage"},"image":{"@id":"https:\/\/aleksandarpetrovic.org\/fr\/#primaryimage"},"thumbnailUrl":"https:\/\/aleksandarpetrovic.org\/wp-content\/uploads\/2025\/01\/Aleksandar_petrovic.png","datePublished":"2025-01-30T18:00:59+00:00","dateModified":"2026-03-04T20:37:06+00:00","breadcrumb":{"@id":"https:\/\/aleksandarpetrovic.org\/fr\/#breadcrumb"},"inLanguage":"fr-FR","potentialAction":[{"@type":"ReadAction","target":["https:\/\/aleksandarpetrovic.org\/fr\/"]}]},{"@type":"ImageObject","inLanguage":"fr-FR","@id":"https:\/\/aleksandarpetrovic.org\/fr\/#primaryimage","url":"https:\/\/aleksandarpetrovic.org\/wp-content\/uploads\/2025\/01\/Aleksandar_petrovic.png","contentUrl":"https:\/\/aleksandarpetrovic.org\/wp-content\/uploads\/2025\/01\/Aleksandar_petrovic.png"},{"@type":"BreadcrumbList","@id":"https:\/\/aleksandarpetrovic.org\/fr\/#breadcrumb","itemListElement":[{"@type":"ListItem","position":1,"name":"Accueil","item":"https:\/\/aleksandarpetrovic.org\/fr\/"},{"@type":"ListItem","position":2,"name":"Accueil"}]},{"@type":"WebSite","@id":"https:\/\/aleksandarpetrovic.org\/#website","url":"https:\/\/aleksandarpetrovic.org\/","name":"Aleksandar Petrovic","description":"R\u00e9alisateur (site officiel)","potentialAction":[{"@type":"SearchAction","target":{"@type":"EntryPoint","urlTemplate":"https:\/\/aleksandarpetrovic.org\/?s={search_term_string}"},"query-input":{"@type":"PropertyValueSpecification","valueRequired":true,"valueName":"search_term_string"}}],"inLanguage":"fr-FR"}]}},"_links":{"self":[{"href":"https:\/\/aleksandarpetrovic.org\/fr\/wp-json\/wp\/v2\/pages\/4485","targetHints":{"allow":["GET"]}}],"collection":[{"href":"https:\/\/aleksandarpetrovic.org\/fr\/wp-json\/wp\/v2\/pages"}],"about":[{"href":"https:\/\/aleksandarpetrovic.org\/fr\/wp-json\/wp\/v2\/types\/page"}],"author":[{"embeddable":true,"href":"https:\/\/aleksandarpetrovic.org\/fr\/wp-json\/wp\/v2\/users\/1"}],"replies":[{"embeddable":true,"href":"https:\/\/aleksandarpetrovic.org\/fr\/wp-json\/wp\/v2\/comments?post=4485"}],"version-history":[{"count":26,"href":"https:\/\/aleksandarpetrovic.org\/fr\/wp-json\/wp\/v2\/pages\/4485\/revisions"}],"predecessor-version":[{"id":5530,"href":"https:\/\/aleksandarpetrovic.org\/fr\/wp-json\/wp\/v2\/pages\/4485\/revisions\/5530"}],"wp:attachment":[{"href":"https:\/\/aleksandarpetrovic.org\/fr\/wp-json\/wp\/v2\/media?parent=4485"}],"curies":[{"name":"wp","href":"https:\/\/api.w.org\/{rel}","templated":true}]}}