{"id":711,"date":"2018-06-26T19:22:05","date_gmt":"2018-06-26T23:22:05","guid":{"rendered":"http:\/\/aleksandarpetrovic.org\/france\/?page_id=711"},"modified":"2025-02-01T12:17:26","modified_gmt":"2025-02-01T17:17:26","slug":"prix","status":"publish","type":"page","link":"https:\/\/aleksandarpetrovic.org\/fr\/prix\/","title":{"rendered":"Prix"},"content":{"rendered":"<table style=\"width: 100%;\" border=\"0\">\n<tbody>\n<tr>\n<td style=\"width: 150px;\"><a href=\"https:\/\/aleksandarpetrovic.org\/wp-content\/uploads\/2013\/02\/uz-druga-je-drug.png\"><img decoding=\"async\" src=\"https:\/\/aleksandarpetrovic.org\/wp-content\/uploads\/2013\/02\/uz-druga-je-drug.png\" alt=\"\" width=\"150\" height=\"113\" \/><\/a><\/td>\n<td style=\"background-color: #d9d9d9;\">\n<h3><b><span style=\"color: #ff0000;\"><b>1955<\/b> C\u00d4TE \u00c0 C\u00d4TE (UZ DRUGA JE DRUG)<\/span><br \/>\n<\/b><\/h3>\n<ul>\n<li><b>2 \u00e8me prix de la mise en sc\u00e8ne \u00a0<\/b>(Aleksandar Petrovi\u0107,\u00a0Vicko Raspor)<\/li>\n<li><strong>Prix Arena<\/strong>&#8211;\u00a0III Festival du film yougoslave de Pula, 1956<\/li>\n<\/ul>\n<\/td>\n<\/tr>\n<\/tbody>\n<\/table>\n<table style=\"width: 100%;\" border=\"0\">\n<tbody>\n<tr>\n<td style=\"width: 150px;\">\u00a0<img decoding=\"async\" class=\"aligncenter\" src=\"https:\/\/aleksandarpetrovic.org\/wp-content\/uploads\/2013\/02\/let-nad-mocvarom.png\" alt=\"\" width=\"150\" height=\"115\" \/><\/td>\n<td style=\"background-color: #d9d9d9;\">\n<h3><span style=\"color: #ff0000;\">1957 ENTRE CIEL ET MARAIS (LET NAD MO\u010cVAROM)<br \/>\n<\/span><\/h3>\n<ul>\n<li><strong>Prix de la critique<\/strong> &#8211; IV<sup>e<\/sup>\u00a0Festival du film de Pula<\/li>\n<\/ul>\n<\/td>\n<\/tr>\n<\/tbody>\n<\/table>\n<table style=\"width: 100%;\" border=\"0\">\n<tbody>\n<tr>\n<td style=\"width: 150px;\">\u00a0<img decoding=\"async\" class=\"aligncenter\" src=\"https:\/\/aleksandarpetrovic.org\/wp-content\/uploads\/2013\/02\/putevi.png\" alt=\"\" width=\"150\" height=\"115\" \/><\/td>\n<td style=\"background-color: #d9d9d9;\">\n<h3><span style=\"color: #ff0000;\">1958 LES CHEMINS (PUTEVI)<\/span><\/h3>\n<ul>\n<li><strong>Grand Prix (Glavna Nagrada) de la mise en sc\u00e8ne<\/strong> &#8211; VI<sup>e<\/sup> Festival du\u00a0film yougoslave de Pula 1959.<\/li>\n<li><strong>Grand prix (Velika nagrada)<\/strong> &#8211; V<sup>e<\/sup>\u00a0Festival international du film\u00a0documentaire \u00e0 Tours, d\u00e9cembre 1959.<\/li>\n<\/ul>\n<\/td>\n<\/tr>\n<\/tbody>\n<\/table>\n<table style=\"width: 100%;\" border=\"0\">\n<tbody>\n<tr>\n<td style=\"width: 150px;\">\u00a0<img loading=\"lazy\" decoding=\"async\" class=\"aligncenter\" src=\"https:\/\/aleksandarpetrovic.org\/wp-content\/uploads\/2013\/03\/dvoje11.png\" alt=\"\" width=\"150\" height=\"210\" \/><\/td>\n<td style=\"background-color: #d9d9d9;\">\n<h3><span style=\"color: #ff0000;\">1961 ELLE ET LUI (DVOJE)<br \/>\n<\/span><\/h3>\n<ul>\n<li><strong>PRIX D&rsquo;OCTOBRE de la ville de Belgrade<\/strong>, 1961<\/li>\n<\/ul>\n<\/td>\n<\/tr>\n<\/tbody>\n<\/table>\n<table style=\"width: 100%;\" border=\"0\">\n<tbody>\n<tr>\n<td style=\"width: 150px;\"><img loading=\"lazy\" decoding=\"async\" class=\"aligncenter\" src=\"https:\/\/aleksandarpetrovic.org\/wp-content\/uploads\/2013\/03\/tri-poster.jpg\" alt=\"\" width=\"150\" height=\"210\" \/><\/td>\n<td style=\"background-color: #d9d9d9;\">\n<h3><span style=\"color: #ff0000;\">1965 TROIS (TRI)<\/span><\/h3>\n<ul>\n<li><strong>Oscars<\/strong> \u2013 Nomination pour meilleur film \u00e9tranger 1967.<\/li>\n<li><strong>GRAND PRIX (Velika zlatna arena) du meilleur film<\/strong>, XII<sup>e<\/sup> Festival de\u00a0Pula (Yougoslavie), 1965<\/li>\n<li><strong>GRAND PRIX (zlatna arena) de la mise en sc\u00e8ne<\/strong>, XII<sup>e<\/sup> Festival de\u00a0Pula, 1965<\/li>\n<li><strong>PRIX des critiques \u00ab\u00a0Milton Manaki\u00a0\u00bb<\/strong>, XII<sup>e<\/sup>\u00a0Festival de Pula, 1965<\/li>\n<li><strong>Plaquette de bronze (Bronzana Plaketa) \u00abBuvinova vrata\u00bb<\/strong>, Prix\u00a0Yougoslave 1965<\/li>\n<li><strong>PREMIER GRAND PRIX du meilleur film (Hlavna Cena I)<\/strong>, XV<sup>e<\/sup> Festival international \u00e0 Karlovy Vary (Karlsbad), juillet 1966<\/li>\n<li><strong>Prix Cabeza de Palenque (La t\u00eate Inca en Or)<\/strong>, IX<sup>e<\/sup>\u00a0Festival des\u00a0meilleurs films \u00e0 Acapulco, Mexique novembre 1966<\/li>\n<li><strong>Prix Laceno d\u2019oro<\/strong> &#8211; Festival du n\u00e9or\u00e9alisme italien, Avellino, 1966<\/li>\n<li><strong>Le meilleur film de l\u2019ann\u00e9e<\/strong> &#8211; Enqu\u00eate du journal \u00ab Oslobodjenje \u00bb par\u00a0les critiques yougoslaves.<\/li>\n<li><strong>Deuxi\u00e8me place<\/strong>, juste derri\u00e8re la premi\u00e8re place d\u00e9cern\u00e9e au film \u00ab J\u2019ai m\u00eame rencontr\u00e9 les tziganes heureux \u00bb , dans l\u2019enqu\u00eate men\u00e9e\u00a0par l\u2019Institut du Film par les critiques et les artistes yougoslaves en 1979.<\/li>\n<\/ul>\n<\/td>\n<\/tr>\n<\/tbody>\n<\/table>\n<table style=\"width: 100%;\" border=\"0\">\n<tbody>\n<tr>\n<td style=\"width: 150px;\"><img loading=\"lazy\" decoding=\"async\" class=\"aligncenter\" src=\"https:\/\/aleksandarpetrovic.org\/wp-content\/uploads\/2013\/03\/skupljaci-perja-igrani.png\" alt=\"\" width=\"150\" height=\"203\" \/><\/td>\n<td style=\"background-color: #d9d9d9;\">\n<h3><span style=\"color: #ff0000;\">1967 J\u2019AI M\u00caME RENCONTR\u00c9 DES TZIGANES HEUREUX (SKUPLJA\u010cI PERJA)<\/span><\/h3>\n<ul>\n<li><strong>Grand prix sp\u00e9cial du Jury<\/strong> &#8211; XX<sup>e\u00a0<\/sup>Festival du film \u00e0 Cannes, 1967<\/li>\n<li><strong>Prix de la mise en sc\u00e8ne<\/strong> \u2013 Nomination XXe Festival du film \u00e0 <strong>Cannes, 1967<\/strong><\/li>\n<li><strong>FIPRESCI &#8211; Prix international de la critique du meilleur film du\u00a0festival<\/strong> &#8211; XX<sup>e<\/sup>\u00a0Festival du film \u00e0 Cannes, 1967<\/li>\n<li><strong>Oscars<\/strong> &#8211; Nomination pour meilleur film \u00e9tranger de l\u2019ann\u00e9e 1967 (40\u00a0c\u00e9r\u00e9monie des Oscars- avril 1968).<\/li>\n<li><strong>Golden Globes<\/strong> &#8211; Nomination, cat\u00e9gorie meilleur film de langue\u00a0\u00e9trang\u00e8re 1968.<\/li>\n<li><strong>Meilleur film \u00e9tranger<\/strong> &#8211; Nomination par la \u00ab Hollywood Foreign Press\u00a0Association \u00bb 1968.<\/li>\n<li><strong>GRAND PRIX (Velika zlatna arena) du meilleur film<\/strong> &#8211; XIV\u00a0Festival de\u00a0Pula (Yougoslavie), 1967.<\/li>\n<li><strong>GRAND PRIX de la mise en sc\u00e8ne<\/strong> &#8211; XIV festival de Pula\u00a0(Yougoslavie), 1967.<\/li>\n<li><strong>Prix Cabeza de Palenque (La t\u00eate Inca en Or)<\/strong> &#8211; X<sup>e\u00a0<\/sup>Festival des<strong>\u00a0meilleurs films \u00e0 Acapulco<\/strong>, novembre 1967<\/li>\n<li><strong>Prix de la critique du meilleur film \u00e9tranger<\/strong>, Tch\u00e9coslovaquie, 1969<\/li>\n<li><strong>Prix AURA<\/strong> pour le film \u00e9tranger pour 1968 \u2013 soci\u00e9t\u00e9 des cin\u00e9astes,\u00a0producteurs et critiques &#8211; Finlande<\/li>\n<li><strong>Meilleur film de l\u2019histoire du cin\u00e9ma Yougoslave le film\u00a0\u00ab J\u2019ai m\u00eame rencontr\u00e9 les Tziganes heureux \u00bb de\u00a0Aleksandar Petrovi\u0107<\/strong>\u00a0&#8211; distinction decern\u00e9e en 1979, suite \u00e0 l\u2019enqu\u00eate men\u00e9e par les critiques et les artistes yougoslaves (enqu\u00eate\u00a0men\u00e9e par l\u2019Institut du Film yougoslave).<\/li>\n<\/ul>\n<\/td>\n<\/tr>\n<\/tbody>\n<\/table>\n<table style=\"width: 100%;\" border=\"0\">\n<tbody>\n<tr>\n<td style=\"width: 150px;\">\u00a0<img loading=\"lazy\" decoding=\"async\" class=\"aligncenter\" src=\"https:\/\/aleksandarpetrovic.org\/wp-content\/uploads\/2013\/03\/Bice-skoro-propast-sveta-FR-218x300.png\" alt=\"\" width=\"150\" height=\"207\" \/><\/td>\n<td style=\"background-color: #d9d9d9;\">\n<h3><span style=\"color: #ff0000;\">1968 IL PLEUT DANS MON VILLAGE (BI\u0106E SKORO PROPAST SVETA NEK PROPADNE NIJE \u0160TETA)<\/span><\/h3>\n<ul>\n<li><strong>M\u00e9daille de bronze (Velika bronzana arena) pour le film<\/strong> &#8211; XVI<sup>e<\/sup> Festival de Pula (Yougoslavie), 1969<\/li>\n<li><strong>M\u00e9daille de bronze (Velika bronzana arena) pour la mise en sc\u00e8ne<\/strong> &#8211; XVI<sup>e<\/sup>\u00a0Festival de Pula (Yougoslavie), 1969<\/li>\n<li><strong>Grand Prix<\/strong> &#8211; Nomination XXII<sup>e<\/sup>\u00a0Festival du film \u00e0 Cannes, 1969<\/li>\n<li><strong>Prix du Jury<\/strong> &#8211; Nomination XXII<sup>e<\/sup>\u00a0Festival du film \u00e0 Cannes, 1969<\/li>\n<li><strong>Prix du Jury, Prix de mise en sc\u00e8ne<\/strong> \u2013 Nomination XXII<sup>e<\/sup> Festival du\u00a0film \u00e0 Cannes, 1969<\/li>\n<\/ul>\n<\/td>\n<\/tr>\n<\/tbody>\n<\/table>\n<table style=\"width: 100%;\" border=\"0\">\n<tbody>\n<tr>\n<td style=\"width: 150px;\">\u00a0<img loading=\"lazy\" decoding=\"async\" class=\"alignnone\" src=\"https:\/\/aleksandarpetrovic.org\/wp-content\/uploads\/2013\/03\/Majstor-i-margarita-FR-219x300.png\" alt=\"\" width=\"150\" height=\"206\" \/><\/td>\n<td style=\"background-color: #d9d9d9;\">\n<h3><span style=\"color: #ff0000;\">1972 LE MAITRE ET MARGUERITE (MAJSTOR I MARGARITA)<\/span><\/h3>\n<ul>\n<li><strong>GRAND PRIX (Velika zlatna arena) du meilleur film<\/strong> &#8211; XX<sup>e<\/sup> Festival\u00a0de Pula (Yougoslavie), 1972<\/li>\n<li><strong>GRAND PRIX (zlatna arena) de la mise en sc\u00e8ne<\/strong> &#8211; XX<sup>e<\/sup> Festival de\u00a0Pula (Yougoslavie), 1972<\/li>\n<li><strong>PRIX GRANDE PORTE D\u2019OR (zlatna vrata Pule) du meilleur film<\/strong> &#8211;\u00a0XX<sup>e<\/sup>\u00a0Festival de Pula (Yougoslavie), 1972<\/li>\n<li><strong>GRAND PRIX (zlatna arena) du meilleur d\u00e9cor<\/strong> &#8211; XX<sup>e<\/sup> Festival de\u00a0Pula (Yougoslavie), 1972.<\/li>\n<li><strong>GRAND PRIX (zlatna arena) de la meilleure interpr\u00e9tation\u00a0masculine<\/strong> &#8211; XX<sup>e<\/sup>\u00a0Festival de Pula (Yougoslavie), 1972.<\/li>\n<li><strong>Leone d\u2019argento<\/strong> &#8211; XXXIII<sup>e<\/sup>\u00a0Festival du film de Venise, ao\u00fbt 1972.<\/li>\n<li><strong>PRIX CIDALC<\/strong> pour la meilleure interpr\u00e9tation \u00e0 l\u2019\u00e9cran de l\u2019\u0153uvre litt\u00e9raire &#8211; XXXIII Festival du film de <strong>Venise<\/strong>, ao\u00fbt 1972.<\/li>\n<li><strong>Placa d\u2019oro San Marco<\/strong> &#8211; XXXIII Festival du film de Venise ao\u00fbt 1972.<\/li>\n<li><strong>Prix Hugo d\u2019argent<\/strong> &#8211; VIII Festival international du film Chicago, 03-\u00a023.11.1972. D\u00e9cern\u00e9 pour l&rsquo;adaptation et la transposition visuelle du\u00a0th\u00e8me de Boulgakov.<\/li>\n<li><strong>Prix Hugo d\u2019argent<\/strong> &#8211; VIII Festival international du film Chicago,\u00a01972. D\u00e9cern\u00e9 pour la performance d&rsquo;acteur d&rsquo;Alain Cuny dans le\u00a0r\u00f4le de Satan).<\/li>\n<li><strong>Prix Viennale<\/strong> \u2013 Vienna International Film Festival 1973: (s\u00e9lection\u00a0pour les meilleurs films de l&rsquo;ann\u00e9e).<\/li>\n<li><strong>GRAND PRIX du meilleur film<\/strong> &#8211; Les rencontres de cin\u00e9ma \u00e0 Ni\u0161,\u00a0Yougoslavie 1973.<\/li>\n<li><strong>GRANDE M\u00c9DAILLE \u00ab Edelweiss d\u2019argent \u00bb de la Ville de Pau<\/strong> &#8211;\u00a0Les films d\u2019Art Ville de Pau (France) juin 1974.<\/li>\n<li><strong>GRANDE M\u00c9DAILLE D\u2019ARGENT HENRI IV de la Ville de Pau<\/strong><\/li>\n<li><strong>GRAND PRIX CINEMA 73-74 \u00ab\u00a0ELLE\u00a0\u00bb<\/strong> (enqu\u00eate faite par le journal aupr\u00e8s des lecteurs-pour le meilleur film de l&rsquo;ann\u00e9e).<\/li>\n<li><strong>Meilleur film de l\u2019ann\u00e9e 1972<\/strong> (enqu\u00eate faite aupr\u00e8s du public<\/li>\n<\/ul>\n<\/td>\n<\/tr>\n<\/tbody>\n<\/table>\n<table style=\"width: 100%;\" border=\"0\">\n<tbody>\n<tr>\n<td style=\"width: 150px;\">\u00a0<img loading=\"lazy\" decoding=\"async\" class=\"aligncenter\" src=\"https:\/\/aleksandarpetrovic.org\/wp-content\/uploads\/2013\/03\/grupni-portret-s-damom-igrani.png\" alt=\"\" width=\"150\" height=\"205\" \/><\/td>\n<td style=\"background-color: #d9d9d9;\">\n<h3><span style=\"color: #ff0000;\">1977 PORTRAIT DE GROUPE AVEC DAME (GRUPPENBILD MIT\u00a0DAME)<\/span><\/h3>\n<ul>\n<li><strong>Romy Schneider a re\u00e7u le Prix Bobine d\u2019or<\/strong> &#8211; German Film\u00a0Awards prix du gouvernement allemand de la meilleure actrice\u00a0allemande.<\/li>\n<li><strong>Prix Bobine d\u2019argent pour le film<\/strong> &#8211; German Film Awards prix du\u00a0gouvernement allemand.<\/li>\n<li><b>Palme d&rsquo;or <\/b>\u2013 Nomination XXX<sup>e<\/sup> Festival du film \u00e0 Cannes, 1977<\/li>\n<li><b>Prix du Jury Oecum\u00e9nique <\/b>\u2013 Nomination XXX<sup>e<\/sup> Festival du film \u00e0 Cannes, 1977<\/li>\n<\/ul>\n<\/td>\n<\/tr>\n<\/tbody>\n<\/table>\n<table style=\"width: 100%;\" border=\"0\">\n<tbody>\n<tr>\n<td style=\"width: 150px;\">\u00a0<img loading=\"lazy\" decoding=\"async\" class=\"aligncenter\" src=\"https:\/\/aleksandarpetrovic.org\/wp-content\/uploads\/2013\/03\/seobe-FR-239x300.png\" alt=\"\" width=\"150\" height=\"189\" \/><\/td>\n<td style=\"background-color: #d9d9d9;\">\n<h3><span style=\"color: #ff0000;\">1994 MIGRATIONS &#8211; SEOBE (version serbe)\u00a0<\/span><\/h3>\n<ul>\n<li><strong>Prix Kosmaj<\/strong> &#8211; XXIII<sup>e<\/sup>\u00a0Festival du film de Sopot (Yougoslavie),\u00a0jullet1994.<\/li>\n<li><strong>ARENE D&rsquo;HONNEUR<\/strong> -\u2028 III<sup>e<\/sup>\u00a0Festival du film \u00abNovosadska arena\u00bb 94,\u00a0septembre 1994.<\/li>\n<\/ul>\n<\/td>\n<\/tr>\n<\/tbody>\n<\/table>\n","protected":false},"excerpt":{"rendered":"<p>1955 C\u00d4TE \u00c0 C\u00d4TE (UZ DRUGA JE DRUG) 2 \u00e8me prix de la mise en sc\u00e8ne \u00a0(Aleksandar Petrovi\u0107,\u00a0Vicko Raspor) Prix Arena&#8211;\u00a0III Festival du film yougoslave de Pula, 1956 \u00a0 1957 ENTRE CIEL ET MARAIS (LET NAD MO\u010cVAROM) Prix de la critique &#8211; IVe\u00a0Festival du film de Pula \u00a0 1958 LES CHEMINS (PUTEVI) Grand Prix (Glavna [&hellip;]<\/p>\n","protected":false},"author":1,"featured_media":0,"parent":0,"menu_order":0,"comment_status":"closed","ping_status":"closed","template":"","meta":{"footnotes":""},"class_list":["post-711","page","type-page","status-publish","hentry"],"yoast_head":"<!-- This site is optimized with the Yoast SEO plugin v26.3 - https:\/\/yoast.com\/wordpress\/plugins\/seo\/ -->\n<title>Prix - Aleksandar Petrovic<\/title>\n<meta name=\"description\" content=\"Aleksandar Petrovic :: Prix\" \/>\n<meta name=\"robots\" content=\"index, follow, max-snippet:-1, max-image-preview:large, max-video-preview:-1\" \/>\n<link rel=\"canonical\" href=\"https:\/\/aleksandarpetrovic.org\/fr\/prix\/\" \/>\n<meta property=\"og:locale\" content=\"fr_FR\" \/>\n<meta property=\"og:type\" content=\"article\" \/>\n<meta property=\"og:title\" content=\"Prix - Aleksandar Petrovic\" \/>\n<meta property=\"og:description\" content=\"Aleksandar Petrovic :: Prix\" \/>\n<meta property=\"og:url\" content=\"https:\/\/aleksandarpetrovic.org\/fr\/prix\/\" \/>\n<meta property=\"og:site_name\" content=\"Aleksandar Petrovic\" \/>\n<meta property=\"article:modified_time\" content=\"2025-02-01T17:17:26+00:00\" \/>\n<meta property=\"og:image\" content=\"https:\/\/aleksandarpetrovic.org\/wp-content\/uploads\/2013\/02\/uz-druga-je-drug.png\" \/>\n<meta name=\"twitter:card\" content=\"summary_large_image\" \/>\n<meta name=\"twitter:label1\" content=\"Dur\u00e9e de lecture estim\u00e9e\" \/>\n\t<meta name=\"twitter:data1\" content=\"7 minutes\" \/>\n<script type=\"application\/ld+json\" class=\"yoast-schema-graph\">{\"@context\":\"https:\/\/schema.org\",\"@graph\":[{\"@type\":\"WebPage\",\"@id\":\"https:\/\/aleksandarpetrovic.org\/fr\/prix\/\",\"url\":\"https:\/\/aleksandarpetrovic.org\/fr\/prix\/\",\"name\":\"Prix - Aleksandar Petrovic\",\"isPartOf\":{\"@id\":\"https:\/\/aleksandarpetrovic.org\/#website\"},\"primaryImageOfPage\":{\"@id\":\"https:\/\/aleksandarpetrovic.org\/fr\/prix\/#primaryimage\"},\"image\":{\"@id\":\"https:\/\/aleksandarpetrovic.org\/fr\/prix\/#primaryimage\"},\"thumbnailUrl\":\"https:\/\/aleksandarpetrovic.org\/wp-content\/uploads\/2013\/02\/uz-druga-je-drug.png\",\"datePublished\":\"2018-06-26T23:22:05+00:00\",\"dateModified\":\"2025-02-01T17:17:26+00:00\",\"description\":\"Aleksandar Petrovic :: Prix\",\"breadcrumb\":{\"@id\":\"https:\/\/aleksandarpetrovic.org\/fr\/prix\/#breadcrumb\"},\"inLanguage\":\"fr-FR\",\"potentialAction\":[{\"@type\":\"ReadAction\",\"target\":[\"https:\/\/aleksandarpetrovic.org\/fr\/prix\/\"]}]},{\"@type\":\"ImageObject\",\"inLanguage\":\"fr-FR\",\"@id\":\"https:\/\/aleksandarpetrovic.org\/fr\/prix\/#primaryimage\",\"url\":\"https:\/\/aleksandarpetrovic.org\/wp-content\/uploads\/2013\/02\/uz-druga-je-drug.png\",\"contentUrl\":\"https:\/\/aleksandarpetrovic.org\/wp-content\/uploads\/2013\/02\/uz-druga-je-drug.png\"},{\"@type\":\"BreadcrumbList\",\"@id\":\"https:\/\/aleksandarpetrovic.org\/fr\/prix\/#breadcrumb\",\"itemListElement\":[{\"@type\":\"ListItem\",\"position\":1,\"name\":\"Accueil\",\"item\":\"https:\/\/aleksandarpetrovic.org\/fr\/\"},{\"@type\":\"ListItem\",\"position\":2,\"name\":\"Prix\"}]},{\"@type\":\"WebSite\",\"@id\":\"https:\/\/aleksandarpetrovic.org\/#website\",\"url\":\"https:\/\/aleksandarpetrovic.org\/\",\"name\":\"Aleksandar Petrovic\",\"description\":\"R\u00e9alisateur (site officiel)\",\"potentialAction\":[{\"@type\":\"SearchAction\",\"target\":{\"@type\":\"EntryPoint\",\"urlTemplate\":\"https:\/\/aleksandarpetrovic.org\/?s={search_term_string}\"},\"query-input\":{\"@type\":\"PropertyValueSpecification\",\"valueRequired\":true,\"valueName\":\"search_term_string\"}}],\"inLanguage\":\"fr-FR\"}]}<\/script>\n<!-- \/ Yoast SEO plugin. -->","yoast_head_json":{"title":"Prix - Aleksandar Petrovic","description":"Aleksandar Petrovic :: Prix","robots":{"index":"index","follow":"follow","max-snippet":"max-snippet:-1","max-image-preview":"max-image-preview:large","max-video-preview":"max-video-preview:-1"},"canonical":"https:\/\/aleksandarpetrovic.org\/fr\/prix\/","og_locale":"fr_FR","og_type":"article","og_title":"Prix - Aleksandar Petrovic","og_description":"Aleksandar Petrovic :: Prix","og_url":"https:\/\/aleksandarpetrovic.org\/fr\/prix\/","og_site_name":"Aleksandar Petrovic","article_modified_time":"2025-02-01T17:17:26+00:00","og_image":[{"url":"https:\/\/aleksandarpetrovic.org\/wp-content\/uploads\/2013\/02\/uz-druga-je-drug.png","type":"","width":"","height":""}],"twitter_card":"summary_large_image","twitter_misc":{"Dur\u00e9e de lecture estim\u00e9e":"7 minutes"},"schema":{"@context":"https:\/\/schema.org","@graph":[{"@type":"WebPage","@id":"https:\/\/aleksandarpetrovic.org\/fr\/prix\/","url":"https:\/\/aleksandarpetrovic.org\/fr\/prix\/","name":"Prix - Aleksandar Petrovic","isPartOf":{"@id":"https:\/\/aleksandarpetrovic.org\/#website"},"primaryImageOfPage":{"@id":"https:\/\/aleksandarpetrovic.org\/fr\/prix\/#primaryimage"},"image":{"@id":"https:\/\/aleksandarpetrovic.org\/fr\/prix\/#primaryimage"},"thumbnailUrl":"https:\/\/aleksandarpetrovic.org\/wp-content\/uploads\/2013\/02\/uz-druga-je-drug.png","datePublished":"2018-06-26T23:22:05+00:00","dateModified":"2025-02-01T17:17:26+00:00","description":"Aleksandar Petrovic :: Prix","breadcrumb":{"@id":"https:\/\/aleksandarpetrovic.org\/fr\/prix\/#breadcrumb"},"inLanguage":"fr-FR","potentialAction":[{"@type":"ReadAction","target":["https:\/\/aleksandarpetrovic.org\/fr\/prix\/"]}]},{"@type":"ImageObject","inLanguage":"fr-FR","@id":"https:\/\/aleksandarpetrovic.org\/fr\/prix\/#primaryimage","url":"https:\/\/aleksandarpetrovic.org\/wp-content\/uploads\/2013\/02\/uz-druga-je-drug.png","contentUrl":"https:\/\/aleksandarpetrovic.org\/wp-content\/uploads\/2013\/02\/uz-druga-je-drug.png"},{"@type":"BreadcrumbList","@id":"https:\/\/aleksandarpetrovic.org\/fr\/prix\/#breadcrumb","itemListElement":[{"@type":"ListItem","position":1,"name":"Accueil","item":"https:\/\/aleksandarpetrovic.org\/fr\/"},{"@type":"ListItem","position":2,"name":"Prix"}]},{"@type":"WebSite","@id":"https:\/\/aleksandarpetrovic.org\/#website","url":"https:\/\/aleksandarpetrovic.org\/","name":"Aleksandar Petrovic","description":"R\u00e9alisateur (site officiel)","potentialAction":[{"@type":"SearchAction","target":{"@type":"EntryPoint","urlTemplate":"https:\/\/aleksandarpetrovic.org\/?s={search_term_string}"},"query-input":{"@type":"PropertyValueSpecification","valueRequired":true,"valueName":"search_term_string"}}],"inLanguage":"fr-FR"}]}},"_links":{"self":[{"href":"https:\/\/aleksandarpetrovic.org\/fr\/wp-json\/wp\/v2\/pages\/711","targetHints":{"allow":["GET"]}}],"collection":[{"href":"https:\/\/aleksandarpetrovic.org\/fr\/wp-json\/wp\/v2\/pages"}],"about":[{"href":"https:\/\/aleksandarpetrovic.org\/fr\/wp-json\/wp\/v2\/types\/page"}],"author":[{"embeddable":true,"href":"https:\/\/aleksandarpetrovic.org\/fr\/wp-json\/wp\/v2\/users\/1"}],"replies":[{"embeddable":true,"href":"https:\/\/aleksandarpetrovic.org\/fr\/wp-json\/wp\/v2\/comments?post=711"}],"version-history":[{"count":3,"href":"https:\/\/aleksandarpetrovic.org\/fr\/wp-json\/wp\/v2\/pages\/711\/revisions"}],"predecessor-version":[{"id":4577,"href":"https:\/\/aleksandarpetrovic.org\/fr\/wp-json\/wp\/v2\/pages\/711\/revisions\/4577"}],"wp:attachment":[{"href":"https:\/\/aleksandarpetrovic.org\/fr\/wp-json\/wp\/v2\/media?parent=711"}],"curies":[{"name":"wp","href":"https:\/\/api.w.org\/{rel}","templated":true}]}}