{"id":718,"date":"2013-05-13T21:03:34","date_gmt":"2013-05-13T21:03:34","guid":{"rendered":"http:\/\/aleksandarpetrovic.org\/france\/?page_id=718"},"modified":"2025-02-01T12:47:01","modified_gmt":"2025-02-01T17:47:01","slug":"distinctions","status":"publish","type":"page","link":"https:\/\/aleksandarpetrovic.org\/fr\/prix\/distinctions\/","title":{"rendered":"Distinctions"},"content":{"rendered":"<h3>Chevalier des Arts et des Lettres:<\/h3>\n<p style=\"text-align: justify;\">En <strong>1969<\/strong>, Aleksandar Petrovi\u0107 re\u00e7oit la m\u00e9daille de l\u2019ordre de Chevalier\u00a0des Arts et des Lettres du gouvernement fran\u00e7ais de la main d\u2019Andr\u00e9\u00a0Malraux, Ministre de la Culture. Ce fut la premi\u00e8re fois qu\u2019un cin\u00e9aste\u00a0yougoslave \u00e9tait ainsi reconnu.<\/p>\n<h3>Distinctions yougoslaves:<\/h3>\n<p style=\"text-align: justify;\"><strong>\u2022 Oktobarska nagrada grada Beograda, (Prix Octobre de la ville\u00a0de Belgrade) 1961.\u00a0<\/strong><br \/>\n<strong>\u2022 Sedmojulska nagrada (Prix du 7 juillet), 1967.<\/strong><br \/>\n<strong>\u2022 Nagrada AVNOJ-a (Plus Haute distinction Yougoslave,\u00a0\u00e9quivalent de la L\u00e9gion d&rsquo;Honneur), 1987.<\/strong><br \/>\nLe gouvernement yougoslave a d\u00e9cern\u00e9 les plus hautes r\u00e9compenses\u00a0\u00e0 Alexandre Petrovic. En 1990, il les a toutes rendues en signe de\u00a0protestation contre le gouvernement communiste.<\/p>\n<p><strong>A propos du pouvoir et de l&rsquo;interdiction<\/strong><\/p>\n<p style=\"text-align: justify;\"><strong>Pogledi \u2013SA\u0160A PETROVI\u0106<\/strong> d\u00e9cembre 1990<br \/>\nTout pouvoir, surtout le pouvoir communiste, souhaite s&rsquo;approprier des\u00a0personnes poss\u00e9dant une r\u00e9nom\u00e9e internationale. Ma situation \u00e9tait\u00a0litt\u00e9ralement grotesque: les communistes me d\u00e9cernaient tous les prix\u00a0possibles, grands prix au festivals de Pula, Prix d&rsquo;Octobre de la ville de\u00a0Belgrade, Prix du 7 Juillet, Prix AVNOJ, et en m\u00eame temps les m\u00eames\u00a0individus m&#8217;emp\u00eachaient de travailler.<\/p>\n<h3 style=\"text-align: justify;\">Hommages posthumes:<\/h3>\n<p style=\"text-align: justify;\"><strong>Le Festival de films d\u2019auteurs de Belgrade (FAF) a \u00e9t\u00e9 cr\u00e9\u00e9 en 1995\u00a0en l\u2019honneur d\u2019 Aleksandar Petrovi\u0107. Le grand prix porte son nom.\u00a0<\/strong><\/p>\n<h3 style=\"text-align: justify;\">Grand Prix \u00abAleksandar Sa\u0161a Petrovi\u0107<b>\u00bb<\/b><\/h3>\n<h3 style=\"text-align: justify;\">Etoile Aleksandar Petrovi\u0107<\/h3>\n<p><a href=\"https:\/\/aleksandarpetrovic.org\/wp-content\/uploads\/2013\/05\/zvezda.png\"><img fetchpriority=\"high\" decoding=\"async\" class=\"aligncenter size-medium wp-image-720\" src=\"https:\/\/aleksandarpetrovic.org\/wp-content\/uploads\/2013\/05\/zvezda-300x200.png\" alt=\"zvezda\" width=\"300\" height=\"200\" srcset=\"https:\/\/aleksandarpetrovic.org\/wp-content\/uploads\/2013\/05\/zvezda-300x200.png 300w, https:\/\/aleksandarpetrovic.org\/wp-content\/uploads\/2013\/05\/zvezda.png 640w\" sizes=\"(max-width: 300px) 100vw, 300px\" \/><\/a><\/p>\n<p><strong>27 novembre 2009. Inauguration d&rsquo;une \u00e9toile d\u00e9di\u00e9e \u00e0 Aleksandar Sa\u0161a Petrovi\u0107,\u00a0<b>incrust\u00e9e <\/b> dans le trottoir devant le cin\u00e9ma Balkan, centre de\u00a0Belgrade.<\/strong><\/p>\n<p><a href=\"https:\/\/aleksandarpetrovic.org\/wp-content\/uploads\/2013\/05\/2.png\"><img decoding=\"async\" class=\"aligncenter size-medium wp-image-721\" src=\"https:\/\/aleksandarpetrovic.org\/wp-content\/uploads\/2013\/05\/2-300x200.png\" alt=\"2\" width=\"300\" height=\"200\" srcset=\"https:\/\/aleksandarpetrovic.org\/wp-content\/uploads\/2013\/05\/2-300x200.png 300w, https:\/\/aleksandarpetrovic.org\/wp-content\/uploads\/2013\/05\/2.png 320w\" sizes=\"(max-width: 300px) 100vw, 300px\" \/><\/a><\/p>\n<h3>Plaque comm\u00e9morative\u00a0Aleksandar Sacha Petrovi\u0107<\/h3>\n<p style=\"text-align: justify;\">Dans ce b\u00e2timent a v\u00e9cu Aleksandar-Sa\u0161a Petrovi\u0107 (1929-1994),\u00a0r\u00e9alisateur, \u00e9crivain et th\u00e9oricien de cin\u00e9ma. En 1967, il a obtenu le\u00a0Grand prix du Jury du festival de Cannes pour son film: \u00abJ&rsquo;ai m\u00eame\u00a0rencontr\u00e9 des tziganes heureux\u00bb. La plaque comm\u00e9morative est\u00a0install\u00e9e par les citoyens de la municipalit\u00e9 de Vra\u010dar.<\/p>\n<p><a href=\"https:\/\/aleksandarpetrovic.org\/wp-content\/uploads\/2013\/05\/3.png\"><img decoding=\"async\" class=\"aligncenter size-medium wp-image-722\" src=\"https:\/\/aleksandarpetrovic.org\/wp-content\/uploads\/2013\/05\/3-224x300.png\" alt=\"3\" width=\"224\" height=\"300\" srcset=\"https:\/\/aleksandarpetrovic.org\/wp-content\/uploads\/2013\/05\/3-224x300.png 224w, https:\/\/aleksandarpetrovic.org\/wp-content\/uploads\/2013\/05\/3.png 557w\" sizes=\"(max-width: 224px) 100vw, 224px\" \/><\/a><\/p>\n<p>Il a v\u00e9cu une quinzaine d&rsquo;ann\u00e9es au 43 Sime Milo\u0161evi\u0107a, aujourd&rsquo;hui Novopazarska.<\/p>\n","protected":false},"excerpt":{"rendered":"<p>Chevalier des Arts et des Lettres: En 1969, Aleksandar Petrovi\u0107 re\u00e7oit la m\u00e9daille de l\u2019ordre de Chevalier\u00a0des Arts et des Lettres du gouvernement fran\u00e7ais de la main d\u2019Andr\u00e9\u00a0Malraux, Ministre de la Culture. Ce fut la premi\u00e8re fois qu\u2019un cin\u00e9aste\u00a0yougoslave \u00e9tait ainsi reconnu. Distinctions yougoslaves: \u2022 Oktobarska nagrada grada Beograda, (Prix Octobre de la ville\u00a0de Belgrade) [&hellip;]<\/p>\n","protected":false},"author":1,"featured_media":0,"parent":711,"menu_order":0,"comment_status":"closed","ping_status":"open","template":"","meta":{"footnotes":""},"class_list":["post-718","page","type-page","status-publish","hentry"],"yoast_head":"<!-- This site is optimized with the Yoast SEO plugin v26.3 - https:\/\/yoast.com\/wordpress\/plugins\/seo\/ -->\n<title>Distinctions - Aleksandar Petrovic<\/title>\n<meta name=\"description\" content=\"Aleksandar Petrovic R\u00e9alisateur :: Distinctions\" \/>\n<meta name=\"robots\" content=\"index, follow, max-snippet:-1, max-image-preview:large, max-video-preview:-1\" \/>\n<link rel=\"canonical\" href=\"https:\/\/aleksandarpetrovic.org\/fr\/prix\/distinctions\/\" \/>\n<meta property=\"og:locale\" content=\"fr_FR\" \/>\n<meta property=\"og:type\" content=\"article\" \/>\n<meta property=\"og:title\" content=\"Distinctions - Aleksandar Petrovic\" \/>\n<meta property=\"og:description\" content=\"Aleksandar Petrovic R\u00e9alisateur :: Distinctions\" \/>\n<meta property=\"og:url\" content=\"https:\/\/aleksandarpetrovic.org\/fr\/prix\/distinctions\/\" \/>\n<meta property=\"og:site_name\" content=\"Aleksandar Petrovic\" \/>\n<meta property=\"article:modified_time\" content=\"2025-02-01T17:47:01+00:00\" \/>\n<meta property=\"og:image\" content=\"https:\/\/aleksandarpetrovic.org\/wp-content\/uploads\/2013\/05\/zvezda.png\" \/>\n\t<meta property=\"og:image:width\" content=\"640\" \/>\n\t<meta property=\"og:image:height\" content=\"426\" \/>\n\t<meta property=\"og:image:type\" content=\"image\/png\" \/>\n<meta name=\"twitter:card\" content=\"summary_large_image\" \/>\n<meta name=\"twitter:label1\" content=\"Dur\u00e9e de lecture estim\u00e9e\" \/>\n\t<meta name=\"twitter:data1\" content=\"3 minutes\" \/>\n<script type=\"application\/ld+json\" class=\"yoast-schema-graph\">{\"@context\":\"https:\/\/schema.org\",\"@graph\":[{\"@type\":\"WebPage\",\"@id\":\"https:\/\/aleksandarpetrovic.org\/fr\/prix\/distinctions\/\",\"url\":\"https:\/\/aleksandarpetrovic.org\/fr\/prix\/distinctions\/\",\"name\":\"Distinctions - Aleksandar Petrovic\",\"isPartOf\":{\"@id\":\"https:\/\/aleksandarpetrovic.org\/#website\"},\"primaryImageOfPage\":{\"@id\":\"https:\/\/aleksandarpetrovic.org\/fr\/prix\/distinctions\/#primaryimage\"},\"image\":{\"@id\":\"https:\/\/aleksandarpetrovic.org\/fr\/prix\/distinctions\/#primaryimage\"},\"thumbnailUrl\":\"https:\/\/aleksandarpetrovic.org\/wp-content\/uploads\/2013\/05\/zvezda-300x200.png\",\"datePublished\":\"2013-05-13T21:03:34+00:00\",\"dateModified\":\"2025-02-01T17:47:01+00:00\",\"description\":\"Aleksandar Petrovic R\u00e9alisateur :: Distinctions\",\"breadcrumb\":{\"@id\":\"https:\/\/aleksandarpetrovic.org\/fr\/prix\/distinctions\/#breadcrumb\"},\"inLanguage\":\"fr-FR\",\"potentialAction\":[{\"@type\":\"ReadAction\",\"target\":[\"https:\/\/aleksandarpetrovic.org\/fr\/prix\/distinctions\/\"]}]},{\"@type\":\"ImageObject\",\"inLanguage\":\"fr-FR\",\"@id\":\"https:\/\/aleksandarpetrovic.org\/fr\/prix\/distinctions\/#primaryimage\",\"url\":\"https:\/\/aleksandarpetrovic.org\/wp-content\/uploads\/2013\/05\/zvezda-300x200.png\",\"contentUrl\":\"https:\/\/aleksandarpetrovic.org\/wp-content\/uploads\/2013\/05\/zvezda-300x200.png\"},{\"@type\":\"BreadcrumbList\",\"@id\":\"https:\/\/aleksandarpetrovic.org\/fr\/prix\/distinctions\/#breadcrumb\",\"itemListElement\":[{\"@type\":\"ListItem\",\"position\":1,\"name\":\"Accueil\",\"item\":\"https:\/\/aleksandarpetrovic.org\/fr\/\"},{\"@type\":\"ListItem\",\"position\":2,\"name\":\"Prix\",\"item\":\"https:\/\/aleksandarpetrovic.org\/fr\/prix\/\"},{\"@type\":\"ListItem\",\"position\":3,\"name\":\"Distinctions\"}]},{\"@type\":\"WebSite\",\"@id\":\"https:\/\/aleksandarpetrovic.org\/#website\",\"url\":\"https:\/\/aleksandarpetrovic.org\/\",\"name\":\"Aleksandar Petrovic\",\"description\":\"R\u00e9alisateur (site officiel)\",\"potentialAction\":[{\"@type\":\"SearchAction\",\"target\":{\"@type\":\"EntryPoint\",\"urlTemplate\":\"https:\/\/aleksandarpetrovic.org\/?s={search_term_string}\"},\"query-input\":{\"@type\":\"PropertyValueSpecification\",\"valueRequired\":true,\"valueName\":\"search_term_string\"}}],\"inLanguage\":\"fr-FR\"}]}<\/script>\n<!-- \/ Yoast SEO plugin. -->","yoast_head_json":{"title":"Distinctions - Aleksandar Petrovic","description":"Aleksandar Petrovic R\u00e9alisateur :: Distinctions","robots":{"index":"index","follow":"follow","max-snippet":"max-snippet:-1","max-image-preview":"max-image-preview:large","max-video-preview":"max-video-preview:-1"},"canonical":"https:\/\/aleksandarpetrovic.org\/fr\/prix\/distinctions\/","og_locale":"fr_FR","og_type":"article","og_title":"Distinctions - Aleksandar Petrovic","og_description":"Aleksandar Petrovic R\u00e9alisateur :: Distinctions","og_url":"https:\/\/aleksandarpetrovic.org\/fr\/prix\/distinctions\/","og_site_name":"Aleksandar Petrovic","article_modified_time":"2025-02-01T17:47:01+00:00","og_image":[{"width":640,"height":426,"url":"https:\/\/aleksandarpetrovic.org\/wp-content\/uploads\/2013\/05\/zvezda.png","type":"image\/png"}],"twitter_card":"summary_large_image","twitter_misc":{"Dur\u00e9e de lecture estim\u00e9e":"3 minutes"},"schema":{"@context":"https:\/\/schema.org","@graph":[{"@type":"WebPage","@id":"https:\/\/aleksandarpetrovic.org\/fr\/prix\/distinctions\/","url":"https:\/\/aleksandarpetrovic.org\/fr\/prix\/distinctions\/","name":"Distinctions - Aleksandar Petrovic","isPartOf":{"@id":"https:\/\/aleksandarpetrovic.org\/#website"},"primaryImageOfPage":{"@id":"https:\/\/aleksandarpetrovic.org\/fr\/prix\/distinctions\/#primaryimage"},"image":{"@id":"https:\/\/aleksandarpetrovic.org\/fr\/prix\/distinctions\/#primaryimage"},"thumbnailUrl":"https:\/\/aleksandarpetrovic.org\/wp-content\/uploads\/2013\/05\/zvezda-300x200.png","datePublished":"2013-05-13T21:03:34+00:00","dateModified":"2025-02-01T17:47:01+00:00","description":"Aleksandar Petrovic R\u00e9alisateur :: Distinctions","breadcrumb":{"@id":"https:\/\/aleksandarpetrovic.org\/fr\/prix\/distinctions\/#breadcrumb"},"inLanguage":"fr-FR","potentialAction":[{"@type":"ReadAction","target":["https:\/\/aleksandarpetrovic.org\/fr\/prix\/distinctions\/"]}]},{"@type":"ImageObject","inLanguage":"fr-FR","@id":"https:\/\/aleksandarpetrovic.org\/fr\/prix\/distinctions\/#primaryimage","url":"https:\/\/aleksandarpetrovic.org\/wp-content\/uploads\/2013\/05\/zvezda-300x200.png","contentUrl":"https:\/\/aleksandarpetrovic.org\/wp-content\/uploads\/2013\/05\/zvezda-300x200.png"},{"@type":"BreadcrumbList","@id":"https:\/\/aleksandarpetrovic.org\/fr\/prix\/distinctions\/#breadcrumb","itemListElement":[{"@type":"ListItem","position":1,"name":"Accueil","item":"https:\/\/aleksandarpetrovic.org\/fr\/"},{"@type":"ListItem","position":2,"name":"Prix","item":"https:\/\/aleksandarpetrovic.org\/fr\/prix\/"},{"@type":"ListItem","position":3,"name":"Distinctions"}]},{"@type":"WebSite","@id":"https:\/\/aleksandarpetrovic.org\/#website","url":"https:\/\/aleksandarpetrovic.org\/","name":"Aleksandar Petrovic","description":"R\u00e9alisateur (site officiel)","potentialAction":[{"@type":"SearchAction","target":{"@type":"EntryPoint","urlTemplate":"https:\/\/aleksandarpetrovic.org\/?s={search_term_string}"},"query-input":{"@type":"PropertyValueSpecification","valueRequired":true,"valueName":"search_term_string"}}],"inLanguage":"fr-FR"}]}},"_links":{"self":[{"href":"https:\/\/aleksandarpetrovic.org\/fr\/wp-json\/wp\/v2\/pages\/718","targetHints":{"allow":["GET"]}}],"collection":[{"href":"https:\/\/aleksandarpetrovic.org\/fr\/wp-json\/wp\/v2\/pages"}],"about":[{"href":"https:\/\/aleksandarpetrovic.org\/fr\/wp-json\/wp\/v2\/types\/page"}],"author":[{"embeddable":true,"href":"https:\/\/aleksandarpetrovic.org\/fr\/wp-json\/wp\/v2\/users\/1"}],"replies":[{"embeddable":true,"href":"https:\/\/aleksandarpetrovic.org\/fr\/wp-json\/wp\/v2\/comments?post=718"}],"version-history":[{"count":2,"href":"https:\/\/aleksandarpetrovic.org\/fr\/wp-json\/wp\/v2\/pages\/718\/revisions"}],"predecessor-version":[{"id":4595,"href":"https:\/\/aleksandarpetrovic.org\/fr\/wp-json\/wp\/v2\/pages\/718\/revisions\/4595"}],"up":[{"embeddable":true,"href":"https:\/\/aleksandarpetrovic.org\/fr\/wp-json\/wp\/v2\/pages\/711"}],"wp:attachment":[{"href":"https:\/\/aleksandarpetrovic.org\/fr\/wp-json\/wp\/v2\/media?parent=718"}],"curies":[{"name":"wp","href":"https:\/\/api.w.org\/{rel}","templated":true}]}}