{"id":725,"date":"2013-05-14T19:33:20","date_gmt":"2013-05-14T19:33:20","guid":{"rendered":"http:\/\/aleksandarpetrovic.org\/france\/?page_id=725"},"modified":"2025-01-30T16:43:19","modified_gmt":"2025-01-30T21:43:19","slug":"documentaires-et-courts-metrages","status":"publish","type":"page","link":"https:\/\/aleksandarpetrovic.org\/fr\/filmographie\/documentaires-et-courts-metrages\/","title":{"rendered":"Documentaires et courts m\u00e9trages"},"content":{"rendered":"<table border=\"0\">\n<tbody>\n<tr>\n<td style=\"width: 250px;\"><span style=\"font-size: medium;\"><a href=\"https:\/\/aleksandarpetrovic.org\/wp-content\/uploads\/2013\/02\/uz-druga-je-drug.png\"><img decoding=\"async\" class=\"aligncenter\" alt=\"\" src=\"https:\/\/aleksandarpetrovic.org\/wp-content\/uploads\/2013\/02\/uz-druga-je-drug.png\" width=\"250\" height=\"189\" \/><\/a><\/span><\/td>\n<td style=\"background-color: #d9d9d9;\"><span style=\"font-size: medium;\"><strong>1955 <a title=\"C\u00f4te \u00e0 c\u00f4te\" href=\"https:\/\/aleksandarpetrovic.org\/france\/filmographie\/documentaires-et-courts-metrages\/cote-a-cote\/\">C\u00d4TE \u00c0\u00a0C\u00d4TE (UZ DRUGA JE DRUG)<\/a><\/strong> <span style=\"line-height: 19px;\">Documentaire,\u00a0 m\u00e9t:\u00a0 1.124,\u00a0 35\u00a0 mm,\u00a0 n\/b.\u00a0 Production\u00a0 Zastava Film.\u00a0\u00a0 R\u00e9alisation\u00a0 du\u00a0 film, Aleksandar Petrovi\u0107\u00a0 conjointement avec Vicko Raspor. Scenario Nusret Seferovi\u0107, Vicko Raspor.<\/span><\/span><\/td>\n<\/tr>\n<\/tbody>\n<\/table>\n<p>&nbsp;<\/p>\n<table border=\"0\">\n<tbody>\n<tr>\n<td style=\"width: 250px;\"><span style=\"font-size: medium;\"><a href=\"https:\/\/aleksandarpetrovic.org\/wp-content\/uploads\/2013\/02\/let-nad-mocvarom.png\"><img decoding=\"async\" class=\"aligncenter\" alt=\"\" src=\"https:\/\/aleksandarpetrovic.org\/wp-content\/uploads\/2013\/02\/let-nad-mocvarom.png\" width=\"250\" height=\"194\" \/><\/a><\/span><\/td>\n<td style=\"background-color: #d9d9d9;\"><span style=\"font-size: medium;\"><strong>1956-57 <a title=\"Entre le ciel et le marais\" href=\"https:\/\/aleksandarpetrovic.org\/france\/filmographie\/documentaires-et-courts-metrages\/entre-le-ciel-et-le-marais\/\">ENTRE CIEL ET MARAIS (LET NAD MO\u010cVAROM)<\/a><\/strong> <span style=\"line-height: 19px;\">Court-m\u00e9trage, m\u00e9t:\u00a0 445,\u00a0 35 mm, n\/b.\u00a0 Production\u00a0 Slavija\u00a0 film.\u00a0 Auteur,\u00a0 sc\u00e9nario\u00a0 Aleksandar Petrovi\u0107, Vicko Raspor, choix de la musique et mise en sc\u00e8ne Aleksandar Petrovi\u0107.\u00a0<\/span><\/span><\/td>\n<\/tr>\n<\/tbody>\n<\/table>\n<p>&nbsp;<\/p>\n<table border=\"0\">\n<tbody>\n<tr>\n<td style=\"width: 250px;\"><span style=\"font-size: medium;\"><a href=\"https:\/\/aleksandarpetrovic.org\/wp-content\/uploads\/2013\/02\/petar-dobrovic.png\"><img decoding=\"async\" class=\"aligncenter\" alt=\"\" src=\"https:\/\/aleksandarpetrovic.org\/wp-content\/uploads\/2013\/02\/petar-dobrovic.png\" width=\"249\" height=\"190\" \/><\/a><\/span><\/td>\n<td style=\"background-color: #d9d9d9;\"><span style=\"font-size: medium;\"><strong>1957 <a href=\"https:\/\/aleksandarpetrovic.org\/france\/filmographie\/documentaires-et-courts-metrages\/petar-dobrovic\/\">PETAR DOBROVI\u0106<\/a><\/strong> <span style=\"line-height: 19px;\">Court-m\u00e9trage, Dur\u00e9e\u00a0 16 minutes, m\u00e9t:\u00a0 421,\u00a0 35 mm,\u00a0 couleur.\u00a0 Production\u00a0 Zagreb\u00a0 film, Zagreb.\u00a0 Auteur,\u00a0 sc\u00e9nario\u00a0 Miroslav\u00a0 Krle\u017ea,\u00a0 mise\u00a0 en\u00a0 sc\u00e8ne Aleksandar Petrovi\u0107<\/span><\/span><\/td>\n<\/tr>\n<\/tbody>\n<\/table>\n<p>&nbsp;<\/p>\n<table border=\"0\">\n<tbody>\n<tr>\n<td style=\"width: 250px;\"><span style=\"font-size: medium;\"><a href=\"https:\/\/aleksandarpetrovic.org\/wp-content\/uploads\/2013\/02\/putevi.png\"><img loading=\"lazy\" decoding=\"async\" class=\"aligncenter\" alt=\"\" src=\"https:\/\/aleksandarpetrovic.org\/wp-content\/uploads\/2013\/02\/putevi.png\" width=\"250\" height=\"193\" \/><\/a><\/span><\/td>\n<td style=\"background-color: #d9d9d9;\"><span style=\"font-size: medium;\"><strong>1958 <a title=\"Les Chemins\" href=\"https:\/\/aleksandarpetrovic.org\/france\/filmographie\/documentaires-et-courts-metrages\/les-chemins\/\">LES CHEMINS (PUTEVI)<\/a> <\/strong>Court-m\u00e9trage, met:\u00a0 485,\u00a0 35\u00a0 mm,\u00a0 couleur.\u00a0 Production\u00a0 Avala\u00a0 Film.\u00a0 Auteur, sc\u00e9nario, mise en sc\u00e8ne Aleksandar Petrovi\u0107.\u00a0<em id=\"__mceDel\" style=\"line-height: 19px;\"><br \/> <\/em><strong><\/strong><br \/> <\/span><\/td>\n<\/tr>\n<\/tbody>\n<\/table>\n<p>&nbsp;<\/p>\n<table border=\"0\">\n<tbody>\n<tr>\n<td style=\"width: 250px;\"><span style=\"font-size: medium;\"><a href=\"https:\/\/aleksandarpetrovic.org\/wp-content\/uploads\/2013\/02\/rat-ratu.png\"><img loading=\"lazy\" decoding=\"async\" class=\"aligncenter\" alt=\"\" src=\"https:\/\/aleksandarpetrovic.org\/wp-content\/uploads\/2013\/02\/rat-ratu.png\" width=\"250\" height=\"196\" \/><\/a><\/span><\/td>\n<td style=\"background-color: #d9d9d9;\"><span style=\"font-size: medium;\"><strong>1960 <a title=\"La guerre \u00e0 la guerre\" href=\"https:\/\/aleksandarpetrovic.org\/france\/filmographie\/documentaires-et-courts-metrages\/la-guerre-a-la-guerre\/\">LA GUERRE A LA GUERRE (RAT RATU)<\/a><\/strong> <span style=\"line-height: 19px;\">Documentaire,\u00a0 met:\u00a0 612,\u00a0 35\u00a0 mm,\u00a0 n\/b.\u00a0 Production Avala\u00a0 Film.\u00a0 Sc\u00e9nario\u00a0 Seferovi\u0107,\u00a0 mise\u00a0 en\u00a0 sc\u00e8ne\u00a0 Aleksandar Petrovi\u0107.<\/span><\/span><\/td>\n<\/tr>\n<\/tbody>\n<\/table>\n<p>&nbsp;<\/p>\n<table border=\"0\">\n<tbody>\n<tr>\n<td style=\"width: 250px;\"><span style=\"font-size: medium;\"><a href=\"https:\/\/aleksandarpetrovic.org\/wp-content\/uploads\/2013\/02\/zapisnik.png\"><img loading=\"lazy\" decoding=\"async\" class=\"aligncenter\" alt=\"\" src=\"https:\/\/aleksandarpetrovic.org\/wp-content\/uploads\/2013\/02\/zapisnik.png\" width=\"250\" height=\"194\" \/><\/a><\/span><\/td>\n<td style=\"background-color: #d9d9d9;\"><span style=\"font-size: medium;\"><strong>1964 <a title=\"Proc\u00e8s verbal\" href=\"https:\/\/aleksandarpetrovic.org\/france\/filmographie\/documentaires-et-courts-metrages\/proces-verbal\/\">LE PROCES VERBAL (ZAPISNIK)<\/a><\/strong> <span style=\"line-height: 19px;\">Documentaire, met: 442, 35 mm, n\/b.\u00a0\u00a0 Production Dunav\u00a0 film, Beograd.\u00a0 Auteur,\u00a0 sc\u00e9nario,\u00a0 choix\u00a0 de\u00a0 la\u00a0 musique\u00a0 et\u00a0 mise\u00a0 en sc\u00e8ne Aleksandar Petrovi\u0107.<\/span><\/span><\/td>\n<\/tr>\n<\/tbody>\n<\/table>\n<p>&nbsp;<\/p>\n<table border=\"0\">\n<tbody>\n<tr>\n<td style=\"width: 250px;\"><span style=\"font-size: medium;\"><a href=\"https:\/\/aleksandarpetrovic.org\/wp-content\/uploads\/2013\/02\/sabori.png\"><img loading=\"lazy\" decoding=\"async\" class=\"aligncenter\" alt=\"\" src=\"https:\/\/aleksandarpetrovic.org\/wp-content\/uploads\/2013\/02\/sabori.png\" width=\"250\" height=\"194\" \/><\/a><\/span><\/td>\n<td style=\"background-color: #d9d9d9;\"><span style=\"font-size: medium;\"><strong>1965 <a href=\"https:\/\/aleksandarpetrovic.org\/france\/filmographie\/documentaires-et-courts-metrages\/kermesses\/\">KERMESSES (SABORI)<\/a><\/strong> <span style=\"line-height: 19px;\">Court-m\u00e9trage, met: 350,\u00a0 35\u00a0 mm,\u00a0 n\/b.\u00a0 Production\u00a0 Dunav\u00a0 film,\u00a0 Beograd.\u00a0 Auteur, sc\u00e9nario,\u00a0 choix\u00a0 de\u00a0 la musique\u00a0 et mise\u00a0 en\u00a0 sc\u00e8ne\u00a0 Aleksandar Petrovi\u0107.<\/span><\/span><\/td>\n<\/tr>\n<\/tbody>\n<\/table>\n","protected":false},"excerpt":{"rendered":"<p>1955 C\u00d4TE \u00c0\u00a0C\u00d4TE (UZ DRUGA JE DRUG) Documentaire,\u00a0 m\u00e9t:\u00a0 1.124,\u00a0 35\u00a0 mm,\u00a0 n\/b.\u00a0 Production\u00a0 Zastava Film.\u00a0\u00a0 R\u00e9alisation\u00a0 du\u00a0 film, Aleksandar Petrovi\u0107\u00a0 conjointement avec Vicko Raspor. Scenario Nusret Seferovi\u0107, Vicko Raspor. &nbsp; 1956-57 ENTRE CIEL ET MARAIS (LET NAD MO\u010cVAROM) Court-m\u00e9trage, m\u00e9t:\u00a0 445,\u00a0 35 mm, n\/b.\u00a0 Production\u00a0 Slavija\u00a0 film.\u00a0 Auteur,\u00a0 sc\u00e9nario\u00a0 Aleksandar Petrovi\u0107, Vicko Raspor, choix [&hellip;]<\/p>\n","protected":false},"author":1,"featured_media":0,"parent":26,"menu_order":0,"comment_status":"closed","ping_status":"open","template":"","meta":{"footnotes":""},"class_list":["post-725","page","type-page","status-publish","hentry"],"yoast_head":"<!-- This site is optimized with the Yoast SEO plugin v26.3 - https:\/\/yoast.com\/wordpress\/plugins\/seo\/ -->\n<title>Documentaires et courts m\u00e9trages - Aleksandar Petrovic<\/title>\n<meta name=\"robots\" content=\"index, follow, max-snippet:-1, max-image-preview:large, max-video-preview:-1\" \/>\n<link rel=\"canonical\" href=\"https:\/\/aleksandarpetrovic.org\/fr\/filmographie\/documentaires-et-courts-metrages\/\" \/>\n<meta property=\"og:locale\" content=\"fr_FR\" \/>\n<meta property=\"og:type\" content=\"article\" \/>\n<meta property=\"og:title\" content=\"Documentaires et courts m\u00e9trages - Aleksandar Petrovic\" \/>\n<meta property=\"og:description\" content=\"1955 C\u00d4TE \u00c0\u00a0C\u00d4TE (UZ DRUGA JE DRUG) Documentaire,\u00a0 m\u00e9t:\u00a0 1.124,\u00a0 35\u00a0 mm,\u00a0 n\/b.\u00a0 Production\u00a0 Zastava Film.\u00a0\u00a0 R\u00e9alisation\u00a0 du\u00a0 film, Aleksandar Petrovi\u0107\u00a0 conjointement avec Vicko Raspor. Scenario Nusret Seferovi\u0107, Vicko Raspor. &nbsp; 1956-57 ENTRE CIEL ET MARAIS (LET NAD MO\u010cVAROM) Court-m\u00e9trage, m\u00e9t:\u00a0 445,\u00a0 35 mm, n\/b.\u00a0 Production\u00a0 Slavija\u00a0 film.\u00a0 Auteur,\u00a0 sc\u00e9nario\u00a0 Aleksandar Petrovi\u0107, Vicko Raspor, choix [&hellip;]\" \/>\n<meta property=\"og:url\" content=\"https:\/\/aleksandarpetrovic.org\/fr\/filmographie\/documentaires-et-courts-metrages\/\" \/>\n<meta property=\"og:site_name\" content=\"Aleksandar Petrovic\" \/>\n<meta property=\"article:modified_time\" content=\"2025-01-30T21:43:19+00:00\" \/>\n<meta property=\"og:image\" content=\"https:\/\/aleksandarpetrovic.org\/wp-content\/uploads\/2013\/02\/uz-druga-je-drug.png\" \/>\n<meta name=\"twitter:card\" content=\"summary_large_image\" \/>\n<meta name=\"twitter:label1\" content=\"Dur\u00e9e de lecture estim\u00e9e\" \/>\n\t<meta name=\"twitter:data1\" content=\"3 minutes\" \/>\n<script type=\"application\/ld+json\" class=\"yoast-schema-graph\">{\"@context\":\"https:\/\/schema.org\",\"@graph\":[{\"@type\":\"WebPage\",\"@id\":\"https:\/\/aleksandarpetrovic.org\/fr\/filmographie\/documentaires-et-courts-metrages\/\",\"url\":\"https:\/\/aleksandarpetrovic.org\/fr\/filmographie\/documentaires-et-courts-metrages\/\",\"name\":\"Documentaires et courts m\u00e9trages - Aleksandar Petrovic\",\"isPartOf\":{\"@id\":\"https:\/\/aleksandarpetrovic.org\/#website\"},\"primaryImageOfPage\":{\"@id\":\"https:\/\/aleksandarpetrovic.org\/fr\/filmographie\/documentaires-et-courts-metrages\/#primaryimage\"},\"image\":{\"@id\":\"https:\/\/aleksandarpetrovic.org\/fr\/filmographie\/documentaires-et-courts-metrages\/#primaryimage\"},\"thumbnailUrl\":\"https:\/\/aleksandarpetrovic.org\/wp-content\/uploads\/2013\/02\/uz-druga-je-drug.png\",\"datePublished\":\"2013-05-14T19:33:20+00:00\",\"dateModified\":\"2025-01-30T21:43:19+00:00\",\"breadcrumb\":{\"@id\":\"https:\/\/aleksandarpetrovic.org\/fr\/filmographie\/documentaires-et-courts-metrages\/#breadcrumb\"},\"inLanguage\":\"fr-FR\",\"potentialAction\":[{\"@type\":\"ReadAction\",\"target\":[\"https:\/\/aleksandarpetrovic.org\/fr\/filmographie\/documentaires-et-courts-metrages\/\"]}]},{\"@type\":\"ImageObject\",\"inLanguage\":\"fr-FR\",\"@id\":\"https:\/\/aleksandarpetrovic.org\/fr\/filmographie\/documentaires-et-courts-metrages\/#primaryimage\",\"url\":\"https:\/\/aleksandarpetrovic.org\/wp-content\/uploads\/2013\/02\/uz-druga-je-drug.png\",\"contentUrl\":\"https:\/\/aleksandarpetrovic.org\/wp-content\/uploads\/2013\/02\/uz-druga-je-drug.png\"},{\"@type\":\"BreadcrumbList\",\"@id\":\"https:\/\/aleksandarpetrovic.org\/fr\/filmographie\/documentaires-et-courts-metrages\/#breadcrumb\",\"itemListElement\":[{\"@type\":\"ListItem\",\"position\":1,\"name\":\"Accueil\",\"item\":\"https:\/\/aleksandarpetrovic.org\/fr\/\"},{\"@type\":\"ListItem\",\"position\":2,\"name\":\"Filmographie\",\"item\":\"https:\/\/aleksandarpetrovic.org\/fr\/filmographie\/\"},{\"@type\":\"ListItem\",\"position\":3,\"name\":\"Documentaires et courts m\u00e9trages\"}]},{\"@type\":\"WebSite\",\"@id\":\"https:\/\/aleksandarpetrovic.org\/#website\",\"url\":\"https:\/\/aleksandarpetrovic.org\/\",\"name\":\"Aleksandar Petrovic\",\"description\":\"R\u00e9alisateur (site officiel)\",\"potentialAction\":[{\"@type\":\"SearchAction\",\"target\":{\"@type\":\"EntryPoint\",\"urlTemplate\":\"https:\/\/aleksandarpetrovic.org\/?s={search_term_string}\"},\"query-input\":{\"@type\":\"PropertyValueSpecification\",\"valueRequired\":true,\"valueName\":\"search_term_string\"}}],\"inLanguage\":\"fr-FR\"}]}<\/script>\n<!-- \/ Yoast SEO plugin. -->","yoast_head_json":{"title":"Documentaires et courts m\u00e9trages - Aleksandar Petrovic","robots":{"index":"index","follow":"follow","max-snippet":"max-snippet:-1","max-image-preview":"max-image-preview:large","max-video-preview":"max-video-preview:-1"},"canonical":"https:\/\/aleksandarpetrovic.org\/fr\/filmographie\/documentaires-et-courts-metrages\/","og_locale":"fr_FR","og_type":"article","og_title":"Documentaires et courts m\u00e9trages - Aleksandar Petrovic","og_description":"1955 C\u00d4TE \u00c0\u00a0C\u00d4TE (UZ DRUGA JE DRUG) Documentaire,\u00a0 m\u00e9t:\u00a0 1.124,\u00a0 35\u00a0 mm,\u00a0 n\/b.\u00a0 Production\u00a0 Zastava Film.\u00a0\u00a0 R\u00e9alisation\u00a0 du\u00a0 film, Aleksandar Petrovi\u0107\u00a0 conjointement avec Vicko Raspor. Scenario Nusret Seferovi\u0107, Vicko Raspor. &nbsp; 1956-57 ENTRE CIEL ET MARAIS (LET NAD MO\u010cVAROM) Court-m\u00e9trage, m\u00e9t:\u00a0 445,\u00a0 35 mm, n\/b.\u00a0 Production\u00a0 Slavija\u00a0 film.\u00a0 Auteur,\u00a0 sc\u00e9nario\u00a0 Aleksandar Petrovi\u0107, Vicko Raspor, choix [&hellip;]","og_url":"https:\/\/aleksandarpetrovic.org\/fr\/filmographie\/documentaires-et-courts-metrages\/","og_site_name":"Aleksandar Petrovic","article_modified_time":"2025-01-30T21:43:19+00:00","og_image":[{"url":"https:\/\/aleksandarpetrovic.org\/wp-content\/uploads\/2013\/02\/uz-druga-je-drug.png","type":"","width":"","height":""}],"twitter_card":"summary_large_image","twitter_misc":{"Dur\u00e9e de lecture estim\u00e9e":"3 minutes"},"schema":{"@context":"https:\/\/schema.org","@graph":[{"@type":"WebPage","@id":"https:\/\/aleksandarpetrovic.org\/fr\/filmographie\/documentaires-et-courts-metrages\/","url":"https:\/\/aleksandarpetrovic.org\/fr\/filmographie\/documentaires-et-courts-metrages\/","name":"Documentaires et courts m\u00e9trages - Aleksandar Petrovic","isPartOf":{"@id":"https:\/\/aleksandarpetrovic.org\/#website"},"primaryImageOfPage":{"@id":"https:\/\/aleksandarpetrovic.org\/fr\/filmographie\/documentaires-et-courts-metrages\/#primaryimage"},"image":{"@id":"https:\/\/aleksandarpetrovic.org\/fr\/filmographie\/documentaires-et-courts-metrages\/#primaryimage"},"thumbnailUrl":"https:\/\/aleksandarpetrovic.org\/wp-content\/uploads\/2013\/02\/uz-druga-je-drug.png","datePublished":"2013-05-14T19:33:20+00:00","dateModified":"2025-01-30T21:43:19+00:00","breadcrumb":{"@id":"https:\/\/aleksandarpetrovic.org\/fr\/filmographie\/documentaires-et-courts-metrages\/#breadcrumb"},"inLanguage":"fr-FR","potentialAction":[{"@type":"ReadAction","target":["https:\/\/aleksandarpetrovic.org\/fr\/filmographie\/documentaires-et-courts-metrages\/"]}]},{"@type":"ImageObject","inLanguage":"fr-FR","@id":"https:\/\/aleksandarpetrovic.org\/fr\/filmographie\/documentaires-et-courts-metrages\/#primaryimage","url":"https:\/\/aleksandarpetrovic.org\/wp-content\/uploads\/2013\/02\/uz-druga-je-drug.png","contentUrl":"https:\/\/aleksandarpetrovic.org\/wp-content\/uploads\/2013\/02\/uz-druga-je-drug.png"},{"@type":"BreadcrumbList","@id":"https:\/\/aleksandarpetrovic.org\/fr\/filmographie\/documentaires-et-courts-metrages\/#breadcrumb","itemListElement":[{"@type":"ListItem","position":1,"name":"Accueil","item":"https:\/\/aleksandarpetrovic.org\/fr\/"},{"@type":"ListItem","position":2,"name":"Filmographie","item":"https:\/\/aleksandarpetrovic.org\/fr\/filmographie\/"},{"@type":"ListItem","position":3,"name":"Documentaires et courts m\u00e9trages"}]},{"@type":"WebSite","@id":"https:\/\/aleksandarpetrovic.org\/#website","url":"https:\/\/aleksandarpetrovic.org\/","name":"Aleksandar Petrovic","description":"R\u00e9alisateur (site officiel)","potentialAction":[{"@type":"SearchAction","target":{"@type":"EntryPoint","urlTemplate":"https:\/\/aleksandarpetrovic.org\/?s={search_term_string}"},"query-input":{"@type":"PropertyValueSpecification","valueRequired":true,"valueName":"search_term_string"}}],"inLanguage":"fr-FR"}]}},"_links":{"self":[{"href":"https:\/\/aleksandarpetrovic.org\/fr\/wp-json\/wp\/v2\/pages\/725","targetHints":{"allow":["GET"]}}],"collection":[{"href":"https:\/\/aleksandarpetrovic.org\/fr\/wp-json\/wp\/v2\/pages"}],"about":[{"href":"https:\/\/aleksandarpetrovic.org\/fr\/wp-json\/wp\/v2\/types\/page"}],"author":[{"embeddable":true,"href":"https:\/\/aleksandarpetrovic.org\/fr\/wp-json\/wp\/v2\/users\/1"}],"replies":[{"embeddable":true,"href":"https:\/\/aleksandarpetrovic.org\/fr\/wp-json\/wp\/v2\/comments?post=725"}],"version-history":[{"count":1,"href":"https:\/\/aleksandarpetrovic.org\/fr\/wp-json\/wp\/v2\/pages\/725\/revisions"}],"predecessor-version":[{"id":3512,"href":"https:\/\/aleksandarpetrovic.org\/fr\/wp-json\/wp\/v2\/pages\/725\/revisions\/3512"}],"up":[{"embeddable":true,"href":"https:\/\/aleksandarpetrovic.org\/fr\/wp-json\/wp\/v2\/pages\/26"}],"wp:attachment":[{"href":"https:\/\/aleksandarpetrovic.org\/fr\/wp-json\/wp\/v2\/media?parent=725"}],"curies":[{"name":"wp","href":"https:\/\/api.w.org\/{rel}","templated":true}]}}