{"id":761,"date":"2014-02-15T21:23:50","date_gmt":"2014-02-16T02:23:50","guid":{"rendered":"http:\/\/aleksandarpetrovic.org\/france\/?page_id=761"},"modified":"2025-11-04T10:05:57","modified_gmt":"2025-11-04T15:05:57","slug":"petar-dobrovic","status":"publish","type":"page","link":"https:\/\/aleksandarpetrovic.org\/fr\/filmographie\/documentaires-et-courts-metrages\/petar-dobrovic\/","title":{"rendered":"Petar Dobrovi\u0107"},"content":{"rendered":"\n<p>Film documentaire sur la vie et l\u2019\u0153uvre du peintre serbe <strong><em>Petar&nbsp;Dobrovi\u0107<\/em><\/strong>.<\/p>\n\n\n\n<figure class=\"wp-block-table\"><table><tbody><tr><td>Producteur:<\/td><td>Zagreb film, Zagreb,&nbsp;<strong>1957.<\/strong><\/td><\/tr><tr><td>Sc\u00e9nario:<\/td><td>Miroslav Krle\u017ea<\/td><\/tr><tr><td>R\u00e9alisateurs:<\/td><td>Aleksandar Petrovi\u0107,&nbsp;Vicko Raspor<\/td><\/tr><tr><td>Cam\u00e9raman:<\/td><td>J. Jovanovi\u0107,&nbsp;Nikola Majdak<\/td><\/tr><tr><td>Son:<\/td><td>Ing. A. Pregernik<\/td><\/tr><tr><td>Montage:<\/td><td>K. Harisijades<\/td><\/tr><tr><td>Organisation du&nbsp;tournage:<\/td><td>M. Borota<\/td><\/tr><tr><td>Assistant cam\u00e9raman:<\/td><td>L. Keki\u0107<\/td><\/tr><tr><td rowspan=\"3\">Consultant:<\/td><td rowspan=\"3\">O. Dobrovi\u0107<\/td><\/tr><\/tbody><\/table><\/figure>\n\n\n\n<figure class=\"wp-block-image aligncenter\"><a href=\"https:\/\/aleksandarpetrovic.org\/wp-content\/uploads\/2013\/03\/petar-dobrovic.png\"><img decoding=\"async\" src=\"https:\/\/aleksandarpetrovic.org\/wp-content\/uploads\/2013\/03\/petar-dobrovic.png\" alt=\"\"\/><\/a><\/figure>\n\n\n\n<p>&nbsp;<\/p>\n\n\n\n<h3 class=\"wp-block-heading\">Festivals:<\/h3>\n\n\n\n<ul class=\"wp-block-list\">\n<li>V<sup>e\u00a0<\/sup>Festival du film yougoslave \u00e0 Pula 1958<\/li>\n\n\n\n<li>Festival de Karlovy Vary, Tch\u00e9coslovaquie, juillet 1959<\/li>\n\n\n\n<li>Festival du court m\u00e9trage yougoslave de Belgrade, mars 1960<\/li>\n\n\n\n<li>Biennale de l\u2019Art, Paris 1961<\/li>\n<\/ul>\n\n\n\n<h3 class=\"wp-block-heading\">Critiques:<\/h3>\n\n\n\n<p><em>\u00abLe film fait partie des oeuvres qui aident \u00e0 p\u00e9n\u00e9trer dans la cr\u00e9ation des&nbsp;grands peintres. De tous les films de ce genre il est assurement l&rsquo;un des&nbsp;meilleurs. Son film, parfois dans l&rsquo;esprit de Gauguin, est convaincant. Le&nbsp;r\u00e9alisateur utilise habilement les outils cin\u00e9matographiques en ne&nbsp;s&rsquo;imposant pas. Sa pr\u00e9sentation a laiss\u00e9 une joyeuse impression.\u00bb<\/em><br>Milutin \u010coli\u0107, \u00ab Politika \u00bb, 1959<\/p>\n\n\n\n<p><em>\u00ab Petrovi\u0107 veut dire que les couleurs de Dobrovi\u0107 sont sonores. Il aurait&nbsp;pu l\u2019exprimer de la bouche d\u2019un speaker mais ne voulait pas cela. A la&nbsp;place il nous montre les images des clochers abandonn\u00e9s. Les si\u00e8cles&nbsp;ont aval\u00e9 les clochers, la pierre a uniquement entour\u00e9 le vide par lequel&nbsp;s\u2019ouvre le ciel. Mais le moment d\u2019apr\u00e8s, la couleur \u00e9clatante d\u2019un buisson <\/em><em>ou des fleurs explose et une cloche se met \u00e0 sonner. C\u2019est ainsi qu\u2019un&nbsp;artiste, avec l\u2019image et la m\u00e9taphore, ex\u00e9cute une analyse esth\u00e9tique et&nbsp;litt\u00e9raire de l\u2019oeuvre artistique du peintre. \u00bb&nbsp;<\/em>Du\u0161an Makavejev, 1958<\/p>\n\n\n\n<h3 class=\"wp-block-heading\">Aleksandar Petrovi\u0107 \u00e0 propos du film <em>Petar Dobrovi\u0107<\/em>:<\/h3>\n\n\n\n<p><strong>Les notes en bordure de la bobine <\/strong><br><strong>FILM DANAS &#8211; 1950-1965 NOVI FILM<\/strong> (Editeur Institut za film Beograd)<\/p>\n\n\n\n<p>\u00abPour moi, dans la p\u00e9riode pr\u00e9paratoire du film <em><strong>Petar Dobrovi\u0107<\/strong><\/em> la donn\u00e9e&nbsp;essentielle d\u2019\u00e9tude de probl\u00e9matique esth\u00e9tique, \u00e9tait le fait que Dobrovi\u0107&nbsp;\u00e9tait fondamentalement un peintre fauviste, donc d\u00e9nu\u00e9 d\u2019anecdote: non&nbsp;seulement que sur ses tableaux les repr\u00e9sentations sc\u00e9nique sont&nbsp;pratiquement inexistantes mais les motifs figuratifs et architecturaux sont&nbsp;trait\u00e9s uniquement comme des \u00e9l\u00e9ments subjectifs des visions&nbsp;graphiques et chromatiques\u2026 \u00bb<br>Poursuivant l\u2019id\u00e9e de Miroslav Krle\u017ea pour le sc\u00e9nario \u00abJ\u2019\u00e9tais alors&nbsp;oblig\u00e9 de pencher pour une m\u00e9thode de la mise en sc\u00e8ne qui me&nbsp;permettrait de d\u00e9couvrir la substance du processus dramatique de&nbsp;formation de l\u2019art de Dobrovi\u0107. Sur un fond de courant de dramaturgie&nbsp;g\u00e9n\u00e9rale du projet, il fallait trouver des solutions de mise en sc\u00e8ne qui&nbsp;d\u00e9couvriraient \u00able mouvement int\u00e9rieur\u00bb de ce sujet artistique&nbsp;autochtone\u2026 Dans le cas du film <em><strong>Petar Dobrovi\u0107<\/strong><\/em> il fallait d\u00e9couvrir le&nbsp;processus de l\u2019\u00e9mancipation chromatique de l\u2019art de Dobrovi\u0107\u2026<br>Dans le film documentaire, il est impossible de chercher les solutions&nbsp;\u00abd\u2019avance\u00bb. Dans le cas de Dobrovi\u0107 tout particuli\u00e8rement il \u00e9tait m\u00eame&nbsp;impossible de l\u2019essayer, car le fil conducteur de dramaturgie se faisait justement sur le lien des tableaux de Dobrovi\u0107 avec son entourage et le&nbsp;paysage qui l\u2019inspirait\u2026 Finalement, le travail sur le film <em><strong>Petar Dobrovi\u0107<\/strong><\/em>&nbsp;m\u2019a encore confort\u00e9 dans une conclusion: il existe quelque chose que&nbsp;j\u2019appelle \u00abla valeur dramatique\u00bb, l\u2019importance de l\u2019objet, ce qui est d\u00e9fini&nbsp;par le \u00abpoids\u00bb d\u2019un certain moment du film, la composition g\u00e9n\u00e9rale de&nbsp;l\u2019\u00e9volution du la th\u00e9matique. Il est sp\u00e9cialement important de garder le&nbsp;contr\u00f4le absolu de l\u2019importance du th\u00e8me.<\/p>\n\n\n\n<p><em id=\"__mceDel\"><em id=\"__mceDel\"><em id=\"__mceDel\">&nbsp;<\/em><\/em><\/em><\/p>\n\n\n\n<p><em id=\"__mceDel\">&nbsp;<\/em><\/p>\n","protected":false},"excerpt":{"rendered":"<p>Film documentaire sur la vie et l\u2019\u0153uvre du peintre serbe Petar&nbsp;Dobrovi\u0107. Producteur: Zagreb film, Zagreb,&nbsp;1957. Sc\u00e9nario: Miroslav Krle\u017ea R\u00e9alisateurs: Aleksandar Petrovi\u0107,&nbsp;Vicko Raspor Cam\u00e9raman: J. Jovanovi\u0107,&nbsp;Nikola Majdak Son: Ing. A. Pregernik Montage: K. Harisijades Organisation du&nbsp;tournage: M. Borota Assistant cam\u00e9raman: L. Keki\u0107 Consultant: O. Dobrovi\u0107 &nbsp; Festivals: Critiques: \u00abLe film fait partie des oeuvres qui aident [&hellip;]<\/p>\n","protected":false},"author":1,"featured_media":0,"parent":725,"menu_order":0,"comment_status":"closed","ping_status":"open","template":"","meta":{"footnotes":""},"class_list":["post-761","page","type-page","status-publish","hentry"],"yoast_head":"<!-- This site is optimized with the Yoast SEO plugin v26.3 - https:\/\/yoast.com\/wordpress\/plugins\/seo\/ -->\n<title>Petar Dobrovi\u0107 - Aleksandar Petrovic<\/title>\n<meta name=\"description\" content=\"Aleksandar Petrovi\u0107 :: Petar Dobrovi\u0107\" \/>\n<meta name=\"robots\" content=\"index, follow, max-snippet:-1, max-image-preview:large, max-video-preview:-1\" \/>\n<link rel=\"canonical\" href=\"https:\/\/aleksandarpetrovic.org\/fr\/filmographie\/documentaires-et-courts-metrages\/petar-dobrovic\/\" \/>\n<meta property=\"og:locale\" content=\"fr_FR\" \/>\n<meta property=\"og:type\" content=\"article\" \/>\n<meta property=\"og:title\" content=\"Petar Dobrovi\u0107 - Aleksandar Petrovic\" \/>\n<meta property=\"og:description\" content=\"Aleksandar Petrovi\u0107 :: Petar Dobrovi\u0107\" \/>\n<meta property=\"og:url\" content=\"https:\/\/aleksandarpetrovic.org\/fr\/filmographie\/documentaires-et-courts-metrages\/petar-dobrovic\/\" \/>\n<meta property=\"og:site_name\" content=\"Aleksandar Petrovic\" \/>\n<meta property=\"article:modified_time\" content=\"2025-11-04T15:05:57+00:00\" \/>\n<meta property=\"og:image\" content=\"https:\/\/aleksandarpetrovic.org\/wp-content\/uploads\/2013\/03\/petar-dobrovic.png\" \/>\n<meta name=\"twitter:card\" content=\"summary_large_image\" \/>\n<meta name=\"twitter:label1\" content=\"Dur\u00e9e de lecture estim\u00e9e\" \/>\n\t<meta name=\"twitter:data1\" content=\"3 minutes\" \/>\n<script type=\"application\/ld+json\" class=\"yoast-schema-graph\">{\"@context\":\"https:\/\/schema.org\",\"@graph\":[{\"@type\":\"WebPage\",\"@id\":\"https:\/\/aleksandarpetrovic.org\/fr\/filmographie\/documentaires-et-courts-metrages\/petar-dobrovic\/\",\"url\":\"https:\/\/aleksandarpetrovic.org\/fr\/filmographie\/documentaires-et-courts-metrages\/petar-dobrovic\/\",\"name\":\"Petar Dobrovi\u0107 - Aleksandar Petrovic\",\"isPartOf\":{\"@id\":\"https:\/\/aleksandarpetrovic.org\/#website\"},\"primaryImageOfPage\":{\"@id\":\"https:\/\/aleksandarpetrovic.org\/fr\/filmographie\/documentaires-et-courts-metrages\/petar-dobrovic\/#primaryimage\"},\"image\":{\"@id\":\"https:\/\/aleksandarpetrovic.org\/fr\/filmographie\/documentaires-et-courts-metrages\/petar-dobrovic\/#primaryimage\"},\"thumbnailUrl\":\"https:\/\/aleksandarpetrovic.org\/wp-content\/uploads\/2013\/03\/petar-dobrovic.png\",\"datePublished\":\"2014-02-16T02:23:50+00:00\",\"dateModified\":\"2025-11-04T15:05:57+00:00\",\"description\":\"Aleksandar Petrovi\u0107 :: Petar Dobrovi\u0107\",\"breadcrumb\":{\"@id\":\"https:\/\/aleksandarpetrovic.org\/fr\/filmographie\/documentaires-et-courts-metrages\/petar-dobrovic\/#breadcrumb\"},\"inLanguage\":\"fr-FR\",\"potentialAction\":[{\"@type\":\"ReadAction\",\"target\":[\"https:\/\/aleksandarpetrovic.org\/fr\/filmographie\/documentaires-et-courts-metrages\/petar-dobrovic\/\"]}]},{\"@type\":\"ImageObject\",\"inLanguage\":\"fr-FR\",\"@id\":\"https:\/\/aleksandarpetrovic.org\/fr\/filmographie\/documentaires-et-courts-metrages\/petar-dobrovic\/#primaryimage\",\"url\":\"https:\/\/aleksandarpetrovic.org\/wp-content\/uploads\/2013\/03\/petar-dobrovic.png\",\"contentUrl\":\"https:\/\/aleksandarpetrovic.org\/wp-content\/uploads\/2013\/03\/petar-dobrovic.png\"},{\"@type\":\"BreadcrumbList\",\"@id\":\"https:\/\/aleksandarpetrovic.org\/fr\/filmographie\/documentaires-et-courts-metrages\/petar-dobrovic\/#breadcrumb\",\"itemListElement\":[{\"@type\":\"ListItem\",\"position\":1,\"name\":\"Accueil\",\"item\":\"https:\/\/aleksandarpetrovic.org\/fr\/\"},{\"@type\":\"ListItem\",\"position\":2,\"name\":\"Filmographie\",\"item\":\"https:\/\/aleksandarpetrovic.org\/fr\/filmographie\/\"},{\"@type\":\"ListItem\",\"position\":3,\"name\":\"Documentaires et courts m\u00e9trages\",\"item\":\"https:\/\/aleksandarpetrovic.org\/fr\/filmographie\/documentaires-et-courts-metrages\/\"},{\"@type\":\"ListItem\",\"position\":4,\"name\":\"Petar Dobrovi\u0107\"}]},{\"@type\":\"WebSite\",\"@id\":\"https:\/\/aleksandarpetrovic.org\/#website\",\"url\":\"https:\/\/aleksandarpetrovic.org\/\",\"name\":\"Aleksandar Petrovic\",\"description\":\"R\u00e9alisateur (site officiel)\",\"potentialAction\":[{\"@type\":\"SearchAction\",\"target\":{\"@type\":\"EntryPoint\",\"urlTemplate\":\"https:\/\/aleksandarpetrovic.org\/?s={search_term_string}\"},\"query-input\":{\"@type\":\"PropertyValueSpecification\",\"valueRequired\":true,\"valueName\":\"search_term_string\"}}],\"inLanguage\":\"fr-FR\"}]}<\/script>\n<!-- \/ Yoast SEO plugin. -->","yoast_head_json":{"title":"Petar Dobrovi\u0107 - Aleksandar Petrovic","description":"Aleksandar Petrovi\u0107 :: Petar Dobrovi\u0107","robots":{"index":"index","follow":"follow","max-snippet":"max-snippet:-1","max-image-preview":"max-image-preview:large","max-video-preview":"max-video-preview:-1"},"canonical":"https:\/\/aleksandarpetrovic.org\/fr\/filmographie\/documentaires-et-courts-metrages\/petar-dobrovic\/","og_locale":"fr_FR","og_type":"article","og_title":"Petar Dobrovi\u0107 - Aleksandar Petrovic","og_description":"Aleksandar Petrovi\u0107 :: Petar Dobrovi\u0107","og_url":"https:\/\/aleksandarpetrovic.org\/fr\/filmographie\/documentaires-et-courts-metrages\/petar-dobrovic\/","og_site_name":"Aleksandar Petrovic","article_modified_time":"2025-11-04T15:05:57+00:00","og_image":[{"url":"https:\/\/aleksandarpetrovic.org\/wp-content\/uploads\/2013\/03\/petar-dobrovic.png","type":"","width":"","height":""}],"twitter_card":"summary_large_image","twitter_misc":{"Dur\u00e9e de lecture estim\u00e9e":"3 minutes"},"schema":{"@context":"https:\/\/schema.org","@graph":[{"@type":"WebPage","@id":"https:\/\/aleksandarpetrovic.org\/fr\/filmographie\/documentaires-et-courts-metrages\/petar-dobrovic\/","url":"https:\/\/aleksandarpetrovic.org\/fr\/filmographie\/documentaires-et-courts-metrages\/petar-dobrovic\/","name":"Petar Dobrovi\u0107 - Aleksandar Petrovic","isPartOf":{"@id":"https:\/\/aleksandarpetrovic.org\/#website"},"primaryImageOfPage":{"@id":"https:\/\/aleksandarpetrovic.org\/fr\/filmographie\/documentaires-et-courts-metrages\/petar-dobrovic\/#primaryimage"},"image":{"@id":"https:\/\/aleksandarpetrovic.org\/fr\/filmographie\/documentaires-et-courts-metrages\/petar-dobrovic\/#primaryimage"},"thumbnailUrl":"https:\/\/aleksandarpetrovic.org\/wp-content\/uploads\/2013\/03\/petar-dobrovic.png","datePublished":"2014-02-16T02:23:50+00:00","dateModified":"2025-11-04T15:05:57+00:00","description":"Aleksandar Petrovi\u0107 :: Petar Dobrovi\u0107","breadcrumb":{"@id":"https:\/\/aleksandarpetrovic.org\/fr\/filmographie\/documentaires-et-courts-metrages\/petar-dobrovic\/#breadcrumb"},"inLanguage":"fr-FR","potentialAction":[{"@type":"ReadAction","target":["https:\/\/aleksandarpetrovic.org\/fr\/filmographie\/documentaires-et-courts-metrages\/petar-dobrovic\/"]}]},{"@type":"ImageObject","inLanguage":"fr-FR","@id":"https:\/\/aleksandarpetrovic.org\/fr\/filmographie\/documentaires-et-courts-metrages\/petar-dobrovic\/#primaryimage","url":"https:\/\/aleksandarpetrovic.org\/wp-content\/uploads\/2013\/03\/petar-dobrovic.png","contentUrl":"https:\/\/aleksandarpetrovic.org\/wp-content\/uploads\/2013\/03\/petar-dobrovic.png"},{"@type":"BreadcrumbList","@id":"https:\/\/aleksandarpetrovic.org\/fr\/filmographie\/documentaires-et-courts-metrages\/petar-dobrovic\/#breadcrumb","itemListElement":[{"@type":"ListItem","position":1,"name":"Accueil","item":"https:\/\/aleksandarpetrovic.org\/fr\/"},{"@type":"ListItem","position":2,"name":"Filmographie","item":"https:\/\/aleksandarpetrovic.org\/fr\/filmographie\/"},{"@type":"ListItem","position":3,"name":"Documentaires et courts m\u00e9trages","item":"https:\/\/aleksandarpetrovic.org\/fr\/filmographie\/documentaires-et-courts-metrages\/"},{"@type":"ListItem","position":4,"name":"Petar Dobrovi\u0107"}]},{"@type":"WebSite","@id":"https:\/\/aleksandarpetrovic.org\/#website","url":"https:\/\/aleksandarpetrovic.org\/","name":"Aleksandar Petrovic","description":"R\u00e9alisateur (site officiel)","potentialAction":[{"@type":"SearchAction","target":{"@type":"EntryPoint","urlTemplate":"https:\/\/aleksandarpetrovic.org\/?s={search_term_string}"},"query-input":{"@type":"PropertyValueSpecification","valueRequired":true,"valueName":"search_term_string"}}],"inLanguage":"fr-FR"}]}},"_links":{"self":[{"href":"https:\/\/aleksandarpetrovic.org\/fr\/wp-json\/wp\/v2\/pages\/761","targetHints":{"allow":["GET"]}}],"collection":[{"href":"https:\/\/aleksandarpetrovic.org\/fr\/wp-json\/wp\/v2\/pages"}],"about":[{"href":"https:\/\/aleksandarpetrovic.org\/fr\/wp-json\/wp\/v2\/types\/page"}],"author":[{"embeddable":true,"href":"https:\/\/aleksandarpetrovic.org\/fr\/wp-json\/wp\/v2\/users\/1"}],"replies":[{"embeddable":true,"href":"https:\/\/aleksandarpetrovic.org\/fr\/wp-json\/wp\/v2\/comments?post=761"}],"version-history":[{"count":3,"href":"https:\/\/aleksandarpetrovic.org\/fr\/wp-json\/wp\/v2\/pages\/761\/revisions"}],"predecessor-version":[{"id":5139,"href":"https:\/\/aleksandarpetrovic.org\/fr\/wp-json\/wp\/v2\/pages\/761\/revisions\/5139"}],"up":[{"embeddable":true,"href":"https:\/\/aleksandarpetrovic.org\/fr\/wp-json\/wp\/v2\/pages\/725"}],"wp:attachment":[{"href":"https:\/\/aleksandarpetrovic.org\/fr\/wp-json\/wp\/v2\/media?parent=761"}],"curies":[{"name":"wp","href":"https:\/\/api.w.org\/{rel}","templated":true}]}}