{"id":771,"date":"2013-05-15T20:15:56","date_gmt":"2013-05-15T20:15:56","guid":{"rendered":"http:\/\/aleksandarpetrovic.org\/france\/?page_id=771"},"modified":"2025-11-04T10:16:37","modified_gmt":"2025-11-04T15:16:37","slug":"les-chemins","status":"publish","type":"page","link":"https:\/\/aleksandarpetrovic.org\/fr\/filmographie\/documentaires-et-courts-metrages\/les-chemins\/","title":{"rendered":"Les Chemins"},"content":{"rendered":"\n<h2 class=\"wp-block-heading\">(Putevi)<\/h2>\n\n\n\n<h4 class=\"wp-block-heading\"><em><strong>\u00ab J\u2019ai trouv\u00e9 mon chemin, est-ce le bon, c\u2019est \u00e0 vous de&nbsp;juger\u00bb<\/strong> <\/em><\/h4>\n\n\n\n<h4 class=\"wp-block-heading\"><em>Sava \u0160umanovi\u0107<\/em><\/h4>\n\n\n\n<figure class=\"wp-block-table\"><table><tbody><tr><td>Production:<\/td><td>Avala film, Beograd,&nbsp;<strong>1958.<\/strong><\/td><\/tr><tr><td>Sc\u00e9nario:<\/td><td>Aleksandar Petrovi\u0107<\/td><\/tr><tr><td>R\u00e9alisateur:<\/td><td>Aleksandar Petrovi\u0107<\/td><\/tr><tr><td>Consultant couleur:<\/td><td>Danica Staji\u0107<\/td><\/tr><tr><td>Cam\u00e9raman:<\/td><td>Nikola Majdak<\/td><\/tr><tr><td>Montage:<\/td><td>N. Habi\u0107<\/td><\/tr><tr><td>Assistant r\u00e9alisateur:<\/td><td>M. Borota<\/td><\/tr><tr><td>Assistant cam\u00e9raman:<\/td><td>L. Keki\u0107<\/td><\/tr><tr><td>Collaboration musique:<\/td><td>Lj. Popovi\u0107<\/td><\/tr><tr><td>Directeur du film:<\/td><td>Vlastimir Jovanovi\u0107<\/td><\/tr><\/tbody><\/table><\/figure>\n\n\n\n<figure class=\"wp-block-image aligncenter\"><a href=\"https:\/\/aleksandarpetrovic.org\/wp-content\/uploads\/2013\/03\/putevi1.png\"><img decoding=\"async\" src=\"https:\/\/aleksandarpetrovic.org\/wp-content\/uploads\/2013\/03\/putevi1.png\" alt=\"\"\/><\/a><\/figure>\n\n\n\n<p><\/p>\n\n\n\n<p>Film sur la vie et l\u2019\u0153uvre du grand peintre yougoslave Sava \u0160umanovi\u0107,&nbsp;arr\u00eat\u00e9 car ethniquement serbe et ex\u00e9cut\u00e9 par les fascistes croates en&nbsp;1942. Le film commence par un bref entretien avec la m\u00e8re de l\u2019artiste&nbsp;qui se souvient du matin o\u00f9 la police du NDH (Etat Ind\u00e9pendant Croate, \u00e9tat fantoche de l\u2019Etat allemand nazi) est venue arr\u00eater son fils et l\u2019emmener par son chemin favori, qu\u2019il peignait sans cesse, inspirant le&nbsp;titre du film, <em><strong>Les chemins<\/strong><\/em>.<\/p>\n\n\n\n<h3 class=\"wp-block-heading\">Prix, distinctions, festivals:<\/h3>\n\n\n\n<figure class=\"wp-block-table aligncenter\"><table><tbody><tr><td>\n<ul>\n<li><strong>Grand Prix<\/strong>&nbsp;pour la r\u00e9alisation au VI<sup>e&nbsp;<\/sup>Festival du film yougoslave&nbsp;de Pula, 1959<\/li>\n<li><strong>Grand Prix<\/strong>&nbsp;du V<sup>e&nbsp;<\/sup>Festival international du film documentaire \u00e0&nbsp;Tours, d\u00e9cembre 1959<\/li>\n<li>Festival du court m\u00e9trage d\u2019 Oberhausen,.1959<\/li>\n<li>X<sup>e&nbsp;<\/sup>Festival international du film documentaire et du court m\u00e9trage&nbsp;de Venise, 1959.<\/li>\n<li>Festival de Bergamo, Italie, 1959<\/li>\n<li>Biennale de l\u2019art, Paris 29.09 &#8211; 05.11.1961<\/li>\n<li>Festival du film documentaire de Rennes, novembre 1992 (programme sp\u00e9cial)<\/li>\n<li><a href=\"http:\/\/evropafilmakt.com\/2013\/\" target=\"_blank\" rel=\"noopener noreferrer\">Festival l\u2019Europe autour de l\u2019Europe<\/a>, Paris-Normandie, 2007<\/li>\n<li><a href=\"http:\/\/evropafilmakt.com\/2013\/\" target=\"_blank\" rel=\"noopener noreferrer\">Festival l\u2019Europe autour de l\u2019Europe<\/a>, Paris-Normandie, H\u00e9ros et Antih\u00e9ros, 2011<\/li>\n<\/ul>\n<\/td><td><figure class=\"wp-block-image alignright\"><a href=\"https:\/\/aleksandarpetrovic.org\/wp-content\/uploads\/2013\/03\/0-page-Aleksandar-Petrovic-Sasa-2007-ok.jpeg\"><img decoding=\"async\" width=\"150\" height=\"150\" src=\"https:\/\/aleksandarpetrovic.org\/wp-content\/uploads\/2013\/03\/0-page-Aleksandar-Petrovic-Sasa-2007-ok-150x150.jpeg\" alt=\"Festival l\u2019Europe autour de l\u2019Europ\" class=\"wp-image-567\"><\/a><figcaption class=\"wp-element-caption\">Festival l\u2019Europe autour de l\u2019Europ<\/figcaption><\/figure>\n<\/td><\/tr><\/tbody><\/table><\/figure>\n\n\n\n<p>Ce film retrace l&rsquo;\u0153uvre et la vie tragique du peintre serbe Sava&nbsp;\u0160umanovi\u0107. Cet artiste peu connu en France est un des grands ma\u00eetres&nbsp;de la peinture yougoslave de l\u2019entre-deux-guerres. Par son \u0153uvre, \u0160umanovi\u0107 a \u00e9tabli un pont entre l\u2019art yougoslave et les plus importants&nbsp;\u00e9v\u00e8nements artistiques de cette \u00e9poque, notamment le cubisme. Apr\u00e8s&nbsp;un bref s\u00e9jour \u00e0 Paris, il se retire dans sa ville natale \u0160id. Ses peintures,&nbsp;qui constituent le summum de l\u2019art yougoslave de l\u2019\u00e9poque, figurent&nbsp;parmi les meilleures oeuvres de l\u2019art europ\u00e9en. En 1942, les oustachis fascistes&nbsp; enl\u00e8vent \u0160umanovi\u0107 et l\u2019emm\u00e8nent \u00e0 l\u2019ex\u00e9cution par le chemin qu\u2019il repr\u00e9sentait dans de nombreux tableaux.<br>Aleksandar Petrovi\u0107 tourne <em><strong>Les chemins<\/strong><\/em> pour faire conna\u00eetre au monde&nbsp;ce grand peintre rest\u00e9 m\u00e9connu qui, retranch\u00e9 dans sa solitude et sa&nbsp;trag\u00e9die intime au c\u0153ur de la plaine pannonienne, a cr\u00e9\u00e9 une c\u0153uvre d\u2019une valeur artistique inestimable. Aleksandar Petrovi\u0107 avait un dipl\u00f4me d\u2019Histoire de l\u2019Art et a \u00e9t\u00e9 critique d\u2019art pendant plusieurs ann\u00e9es. Ses&nbsp;connaissances et sa passion pour l\u2019art pictural lui ont permis d\u2019exprimer&nbsp;son sujet d\u2019une mani\u00e8re authentique, propre \u00e0 lui-m\u00eame.<\/p>\n\n\n\n<h3 class=\"wp-block-heading\">Critiques:<\/h3>\n\n\n\n<p><em>\u00ab En quinze minutes du film nous voyons plus, nous ressentons plus, nous d\u00e9couvrons bien plus du peintre dont nous voyons les tableaux,&nbsp;qu\u2019en une journ\u00e9e d\u2019\u00e9tude du texte didactique du catalogue d\u2019une&nbsp;exposition. Ce film est un enchantement des mains d\u2019un ma\u00eetre. \u00bb<\/em>&nbsp;Du\u0161an&nbsp;Makavejev \u00ab Sre\u0107na \u0161etnja \u00bb Politika 22 mars 1959<\/p>\n\n\n\n<h3 class=\"wp-block-heading\">Aleksandar Petrovi\u0107 \u00e0 propos du film <em>Les chemins<\/em><\/h3>\n\n\n\n<h4 class=\"wp-block-heading\"><em>Les notes en bordure de la bobine<\/em><\/h4>\n\n\n\n<p><em><em> <strong> FILM DANAS &#8211; <\/strong><\/em><\/em><strong>1950-1965 NOVI FILM<\/strong> (Editeur Institut za film Beograd)&nbsp;\u00abOn dit que c&rsquo;est tr\u00e8s mauvais que les films d&rsquo;un r\u00e9alisateur se&nbsp;ressemblent: \u00abencore lui! Il se r\u00e9p\u00e8te&#8230;\u00bb. Le moyen le plus simple d&rsquo;y&nbsp;rem\u00e9dier est de choisir des th\u00e8mes vari\u00e9s d&rsquo;un caract\u00e8re et d&rsquo;un lieu&nbsp;totalement diff\u00e9rents. Il arrive cependant que la mati\u00e8re avec laquelle&nbsp;vous vous battez vous \u00e9veille; qu&rsquo;il vous semble que vous n&rsquo;avez pas&nbsp;encore suffisamment d\u00e9couvert son myst\u00e8re.<\/p>\n\n\n\n<p>C&rsquo;est ainsi qu\u2019a vu le jour le film <em>Les Chemins<\/em>.<\/p>\n\n\n\n<p>Je serais n\u00e9anmoins injuste si je liais la continuit\u00e9 (la suite) de mon travail \u00e0 mon seul int\u00e9ressement \u00e0 ce genre de cin\u00e9ma.<\/p>\n\n\n\n<p>Je serais, n\u00e9anmoins, injuste si je liais la continuit\u00e9 (la suite) de mon travail \u00e0 mon seul int\u00e9ressement \u00e0 ce genre de cin\u00e9ma.<br>Il est vrai que la peinture de Sava \u0160umanovi\u0107, l&rsquo;homme s\u00e9rieux et&nbsp;tragique et le peintre, m&rsquo;avait s\u00e9duit depuis longtemps. Il y a peu&nbsp;d&rsquo;exemples dans l&rsquo;histoire de l&rsquo;art o\u00f9 l&rsquo;on retrouve dans le personnage et&nbsp;son destin autant de ressemblance avec le drame humain d&rsquo;artiste et&nbsp;d&rsquo;art. Je prends peut \u00eatre une grande libert\u00e9, mais je pense que je ne&nbsp;serai pas si loin de la v\u00e9rit\u00e9 si je dis qu\u2019il y a quelque chose de Faust&nbsp;dans cette trag\u00e9die personnelle et artistique de \u0160umanovi\u0107.<br>Cet homme qui a brul\u00e9 son propre cerveau pour \u00eatre capable de&nbsp;\u00abpeindre la peinture\u00bb afin de nous procurer \u00abl&rsquo;\u00e9ternel plaisir et joie pour&nbsp;les yeux\u00bb (comme il le disait), est mort d\u2019une fa\u00e7on insens\u00e9e. Sa&nbsp;disparition a \u00e9t\u00e9 absurde comme la poussi\u00e8re et le nuage. L&rsquo;objet de&nbsp;mon film \u00e9tait de montrer que ces yeux ouverts qui ont disparu dans la&nbsp;plaine de Srem, sont vivants et perdurent \u00e0 travers la beaut\u00e9 qu&rsquo;ils nous ont r\u00e9v\u00e9l\u00e9e. J\u2019avais donc une profonde raison humaine d\u2019aborder la&nbsp;r\u00e9alisation de ce film\u2026<br>Cet homme avec du temp\u00e9rament, mais discret et sensible, a eu dans sa&nbsp;vie personnelle, dans le drame humain subjectif, toutes sortes d\u2019\u00e9cueils&nbsp;sur son chemin artistique. La vie et l\u2019art, dans ce cas pr\u00e9cis devenaient&nbsp;et duraient comme une chose unique. C\u2019est justement cela que je voulais&nbsp;mettre dans le focus de mon film. Dans <em><strong>Les chemins<\/strong><\/em>&nbsp;l\u2019\u00e9volution de la&nbsp;destin\u00e9e de \u0160umanovi\u0107 \u00e9tait primordiale pour la compr\u00e9hension de son \u0153uvre artistique\u2026<br>\u2026Ce qui est le plus important : la cam\u00e9ra permet de d\u00e9couvrir au sein des particularit\u00e9s artistiques propres des tableaux, et le montage permet d\u2019organiser&nbsp;les d\u00e9tails qui r\u00e9v\u00e8leront une partie de la biographie et de la conscience&nbsp;de l\u2019artiste\u2026<\/p>\n\n\n\n<p><em id=\"__mceDel\">Il n\u2019est pas rare de voir dans les tableaux de \u0160umanovi\u0107 le motif des&nbsp;chemins et des arbres, comme \u00e9galement quelques miroirs. De m\u00eame, dans le centre d\u2019un tableau peint en 1928, soit au d\u00e9but de sa maladie, et sans que cela ait un lien particulier avec le sujet \u2013 un paysage-&nbsp; il peint un chien noir en train de courir.<br>Il est ind\u00e9niable que ces quelques motifs ont une racine psychologique&nbsp;en \u0160umanovi\u0107. Pour moi, il est \u00e9vident que toute la vie de \u0160umanovi\u0107&nbsp;\u00e9tait un voyage vers des contr\u00e9es ensoleill\u00e9s, un \u00e9den des plus beaux&nbsp;paysages de \u0160id, et de m\u00eame, que les lignes de ses voyages personnels&nbsp;et artistiques \u00e9taient \u00e9troitement li\u00e9es. Etait-ce par hasard que Sava&nbsp;\u0160umanovi\u0107 se promenait le long d&rsquo;un chemin bord\u00e9 d&rsquo;arbres et restait&nbsp;des heures tout seul dans ses moments de crises nerveuses? Combien&nbsp;de symbolique path\u00e9tique dans le fait que c&rsquo;est justement par ces &nbsp;chemins de \u0160id qu&rsquo;il a \u00e9t\u00e9 amen\u00e9 \u00e0 la mort en 1942 ? Ainsi, dans mon film, il m\u2019a paru tr\u00e8s logique de tenter de d\u00e9couvrir un sens documentaire plus profond de ces chemins des tableaux de \u0160umanovi\u0107 par le biais dramaturgique et par l&rsquo;organisation du montage.<br>Comme on peut le voir, j\u2019ai souvent utilis\u00e9 des moyens purement&nbsp;photographiques dans la mise en sc\u00e8ne du film <strong>Les chemins<\/strong>. J&rsquo;ai r\u00e9alis\u00e9&nbsp;la s\u00e9quence de la folie de \u0160umanovi\u0107 en n\u00e9gatif avec les tableaux que&nbsp;nous avons eu l&rsquo;occasion de voir auparavant en vision \u00abnormale\u00bb en&nbsp;positif, et lesquels pr\u00e9sent\u00e9s en n\u00e9gatif d\u00e9couvrent un nouveau sens. En&nbsp;r\u00e9sum\u00e9: j&rsquo;ai compris la folie comme le n\u00e9gatif d&rsquo;un \u00e9tat psychique normal&nbsp;et je l&rsquo;ai r\u00e9alis\u00e9 techniquement comme tel.<br>Il est tr\u00e8s difficile de parler d&rsquo;un medium artistique si on ne parle pas la&nbsp;m\u00eame langue; transf\u00e9rer l\u2019image uniquement en texte et le son film. C&rsquo;est&nbsp;pour cette raison que ces notes doivent \u00eatre comprises comme le&nbsp;souvenir de la cr\u00e9ation de mes deux courts m\u00e9trages. Il va de soi, qu\u2019en&nbsp;me basant sur mon exp\u00e9rience personnelle, je voulais atteindre, par-ci par-l\u00e0, quelques valeurs g\u00e9n\u00e9rales.<br>\u00abDonner la vie\u00bb aux tableaux immobiles, m\u00eame si cela repr\u00e9sente une&nbsp;preuve convaincante de la possibilit\u00e9 de transformation en un film, ne&nbsp;devait \u00eatre qu&rsquo;un moyen, et pas un but. Car la seule constatation qu&rsquo;un&nbsp;tableau immobile a pu \u00abbouger\u00bb par le moyen d\u2019un montage ne&nbsp;repr\u00e9sente en soi aucun r\u00e9sultat artistique; il est n\u00e9cessaire qu&rsquo;une telle&nbsp;phrase cin\u00e9matographique soit en m\u00eame temps une sorte de cl\u00e9 qui ouvrira la porte vers les sujets de la vie que ces documents cachent.<br>C&rsquo;est comme cela que se sont r\u00e9alis\u00e9s, le film Petar Dobrovi\u0107, et un peu&nbsp;plus tard <strong>Les chemins<\/strong>, mon pr\u00e9fer\u00e9 de tous. \u00bb (1958)<\/em><\/p>\n","protected":false},"excerpt":{"rendered":"<p>(Putevi) \u00ab J\u2019ai trouv\u00e9 mon chemin, est-ce le bon, c\u2019est \u00e0 vous de&nbsp;juger\u00bb Sava \u0160umanovi\u0107 Production: Avala film, Beograd,&nbsp;1958. Sc\u00e9nario: Aleksandar Petrovi\u0107 R\u00e9alisateur: Aleksandar Petrovi\u0107 Consultant couleur: Danica Staji\u0107 Cam\u00e9raman: Nikola Majdak Montage: N. Habi\u0107 Assistant r\u00e9alisateur: M. Borota Assistant cam\u00e9raman: L. Keki\u0107 Collaboration musique: Lj. Popovi\u0107 Directeur du film: Vlastimir Jovanovi\u0107 Film sur la [&hellip;]<\/p>\n","protected":false},"author":1,"featured_media":0,"parent":725,"menu_order":0,"comment_status":"closed","ping_status":"open","template":"","meta":{"footnotes":""},"class_list":["post-771","page","type-page","status-publish","hentry"],"yoast_head":"<!-- This site is optimized with the Yoast SEO plugin v26.3 - https:\/\/yoast.com\/wordpress\/plugins\/seo\/ -->\n<title>Les Chemins - Aleksandar Petrovic<\/title>\n<meta name=\"robots\" content=\"index, follow, max-snippet:-1, max-image-preview:large, max-video-preview:-1\" \/>\n<link rel=\"canonical\" href=\"https:\/\/aleksandarpetrovic.org\/fr\/filmographie\/documentaires-et-courts-metrages\/les-chemins\/\" \/>\n<meta property=\"og:locale\" content=\"fr_FR\" \/>\n<meta property=\"og:type\" content=\"article\" \/>\n<meta property=\"og:title\" content=\"Les Chemins - Aleksandar Petrovic\" \/>\n<meta property=\"og:description\" content=\"(Putevi) \u00ab J\u2019ai trouv\u00e9 mon chemin, est-ce le bon, c\u2019est \u00e0 vous de&nbsp;juger\u00bb Sava \u0160umanovi\u0107 Production: Avala film, Beograd,&nbsp;1958. Sc\u00e9nario: Aleksandar Petrovi\u0107 R\u00e9alisateur: Aleksandar Petrovi\u0107 Consultant couleur: Danica Staji\u0107 Cam\u00e9raman: Nikola Majdak Montage: N. Habi\u0107 Assistant r\u00e9alisateur: M. Borota Assistant cam\u00e9raman: L. Keki\u0107 Collaboration musique: Lj. Popovi\u0107 Directeur du film: Vlastimir Jovanovi\u0107 Film sur la [&hellip;]\" \/>\n<meta property=\"og:url\" content=\"https:\/\/aleksandarpetrovic.org\/fr\/filmographie\/documentaires-et-courts-metrages\/les-chemins\/\" \/>\n<meta property=\"og:site_name\" content=\"Aleksandar Petrovic\" \/>\n<meta property=\"article:modified_time\" content=\"2025-11-04T15:16:37+00:00\" \/>\n<meta property=\"og:image\" content=\"https:\/\/aleksandarpetrovic.org\/wp-content\/uploads\/2013\/03\/putevi1.png\" \/>\n<meta name=\"twitter:card\" content=\"summary_large_image\" \/>\n<meta name=\"twitter:label1\" content=\"Dur\u00e9e de lecture estim\u00e9e\" \/>\n\t<meta name=\"twitter:data1\" content=\"8 minutes\" \/>\n<script type=\"application\/ld+json\" class=\"yoast-schema-graph\">{\"@context\":\"https:\/\/schema.org\",\"@graph\":[{\"@type\":\"WebPage\",\"@id\":\"https:\/\/aleksandarpetrovic.org\/fr\/filmographie\/documentaires-et-courts-metrages\/les-chemins\/\",\"url\":\"https:\/\/aleksandarpetrovic.org\/fr\/filmographie\/documentaires-et-courts-metrages\/les-chemins\/\",\"name\":\"Les Chemins - Aleksandar Petrovic\",\"isPartOf\":{\"@id\":\"https:\/\/aleksandarpetrovic.org\/#website\"},\"primaryImageOfPage\":{\"@id\":\"https:\/\/aleksandarpetrovic.org\/fr\/filmographie\/documentaires-et-courts-metrages\/les-chemins\/#primaryimage\"},\"image\":{\"@id\":\"https:\/\/aleksandarpetrovic.org\/fr\/filmographie\/documentaires-et-courts-metrages\/les-chemins\/#primaryimage\"},\"thumbnailUrl\":\"https:\/\/aleksandarpetrovic.org\/wp-content\/uploads\/2013\/03\/putevi1.png\",\"datePublished\":\"2013-05-15T20:15:56+00:00\",\"dateModified\":\"2025-11-04T15:16:37+00:00\",\"breadcrumb\":{\"@id\":\"https:\/\/aleksandarpetrovic.org\/fr\/filmographie\/documentaires-et-courts-metrages\/les-chemins\/#breadcrumb\"},\"inLanguage\":\"fr-FR\",\"potentialAction\":[{\"@type\":\"ReadAction\",\"target\":[\"https:\/\/aleksandarpetrovic.org\/fr\/filmographie\/documentaires-et-courts-metrages\/les-chemins\/\"]}]},{\"@type\":\"ImageObject\",\"inLanguage\":\"fr-FR\",\"@id\":\"https:\/\/aleksandarpetrovic.org\/fr\/filmographie\/documentaires-et-courts-metrages\/les-chemins\/#primaryimage\",\"url\":\"https:\/\/aleksandarpetrovic.org\/wp-content\/uploads\/2013\/03\/putevi1.png\",\"contentUrl\":\"https:\/\/aleksandarpetrovic.org\/wp-content\/uploads\/2013\/03\/putevi1.png\"},{\"@type\":\"BreadcrumbList\",\"@id\":\"https:\/\/aleksandarpetrovic.org\/fr\/filmographie\/documentaires-et-courts-metrages\/les-chemins\/#breadcrumb\",\"itemListElement\":[{\"@type\":\"ListItem\",\"position\":1,\"name\":\"Accueil\",\"item\":\"https:\/\/aleksandarpetrovic.org\/fr\/\"},{\"@type\":\"ListItem\",\"position\":2,\"name\":\"Filmographie\",\"item\":\"https:\/\/aleksandarpetrovic.org\/fr\/filmographie\/\"},{\"@type\":\"ListItem\",\"position\":3,\"name\":\"Documentaires et courts m\u00e9trages\",\"item\":\"https:\/\/aleksandarpetrovic.org\/fr\/filmographie\/documentaires-et-courts-metrages\/\"},{\"@type\":\"ListItem\",\"position\":4,\"name\":\"Les Chemins\"}]},{\"@type\":\"WebSite\",\"@id\":\"https:\/\/aleksandarpetrovic.org\/#website\",\"url\":\"https:\/\/aleksandarpetrovic.org\/\",\"name\":\"Aleksandar Petrovic\",\"description\":\"R\u00e9alisateur (site officiel)\",\"potentialAction\":[{\"@type\":\"SearchAction\",\"target\":{\"@type\":\"EntryPoint\",\"urlTemplate\":\"https:\/\/aleksandarpetrovic.org\/?s={search_term_string}\"},\"query-input\":{\"@type\":\"PropertyValueSpecification\",\"valueRequired\":true,\"valueName\":\"search_term_string\"}}],\"inLanguage\":\"fr-FR\"}]}<\/script>\n<!-- \/ Yoast SEO plugin. -->","yoast_head_json":{"title":"Les Chemins - Aleksandar Petrovic","robots":{"index":"index","follow":"follow","max-snippet":"max-snippet:-1","max-image-preview":"max-image-preview:large","max-video-preview":"max-video-preview:-1"},"canonical":"https:\/\/aleksandarpetrovic.org\/fr\/filmographie\/documentaires-et-courts-metrages\/les-chemins\/","og_locale":"fr_FR","og_type":"article","og_title":"Les Chemins - Aleksandar Petrovic","og_description":"(Putevi) \u00ab J\u2019ai trouv\u00e9 mon chemin, est-ce le bon, c\u2019est \u00e0 vous de&nbsp;juger\u00bb Sava \u0160umanovi\u0107 Production: Avala film, Beograd,&nbsp;1958. Sc\u00e9nario: Aleksandar Petrovi\u0107 R\u00e9alisateur: Aleksandar Petrovi\u0107 Consultant couleur: Danica Staji\u0107 Cam\u00e9raman: Nikola Majdak Montage: N. Habi\u0107 Assistant r\u00e9alisateur: M. Borota Assistant cam\u00e9raman: L. Keki\u0107 Collaboration musique: Lj. Popovi\u0107 Directeur du film: Vlastimir Jovanovi\u0107 Film sur la [&hellip;]","og_url":"https:\/\/aleksandarpetrovic.org\/fr\/filmographie\/documentaires-et-courts-metrages\/les-chemins\/","og_site_name":"Aleksandar Petrovic","article_modified_time":"2025-11-04T15:16:37+00:00","og_image":[{"url":"https:\/\/aleksandarpetrovic.org\/wp-content\/uploads\/2013\/03\/putevi1.png","type":"","width":"","height":""}],"twitter_card":"summary_large_image","twitter_misc":{"Dur\u00e9e de lecture estim\u00e9e":"8 minutes"},"schema":{"@context":"https:\/\/schema.org","@graph":[{"@type":"WebPage","@id":"https:\/\/aleksandarpetrovic.org\/fr\/filmographie\/documentaires-et-courts-metrages\/les-chemins\/","url":"https:\/\/aleksandarpetrovic.org\/fr\/filmographie\/documentaires-et-courts-metrages\/les-chemins\/","name":"Les Chemins - Aleksandar Petrovic","isPartOf":{"@id":"https:\/\/aleksandarpetrovic.org\/#website"},"primaryImageOfPage":{"@id":"https:\/\/aleksandarpetrovic.org\/fr\/filmographie\/documentaires-et-courts-metrages\/les-chemins\/#primaryimage"},"image":{"@id":"https:\/\/aleksandarpetrovic.org\/fr\/filmographie\/documentaires-et-courts-metrages\/les-chemins\/#primaryimage"},"thumbnailUrl":"https:\/\/aleksandarpetrovic.org\/wp-content\/uploads\/2013\/03\/putevi1.png","datePublished":"2013-05-15T20:15:56+00:00","dateModified":"2025-11-04T15:16:37+00:00","breadcrumb":{"@id":"https:\/\/aleksandarpetrovic.org\/fr\/filmographie\/documentaires-et-courts-metrages\/les-chemins\/#breadcrumb"},"inLanguage":"fr-FR","potentialAction":[{"@type":"ReadAction","target":["https:\/\/aleksandarpetrovic.org\/fr\/filmographie\/documentaires-et-courts-metrages\/les-chemins\/"]}]},{"@type":"ImageObject","inLanguage":"fr-FR","@id":"https:\/\/aleksandarpetrovic.org\/fr\/filmographie\/documentaires-et-courts-metrages\/les-chemins\/#primaryimage","url":"https:\/\/aleksandarpetrovic.org\/wp-content\/uploads\/2013\/03\/putevi1.png","contentUrl":"https:\/\/aleksandarpetrovic.org\/wp-content\/uploads\/2013\/03\/putevi1.png"},{"@type":"BreadcrumbList","@id":"https:\/\/aleksandarpetrovic.org\/fr\/filmographie\/documentaires-et-courts-metrages\/les-chemins\/#breadcrumb","itemListElement":[{"@type":"ListItem","position":1,"name":"Accueil","item":"https:\/\/aleksandarpetrovic.org\/fr\/"},{"@type":"ListItem","position":2,"name":"Filmographie","item":"https:\/\/aleksandarpetrovic.org\/fr\/filmographie\/"},{"@type":"ListItem","position":3,"name":"Documentaires et courts m\u00e9trages","item":"https:\/\/aleksandarpetrovic.org\/fr\/filmographie\/documentaires-et-courts-metrages\/"},{"@type":"ListItem","position":4,"name":"Les Chemins"}]},{"@type":"WebSite","@id":"https:\/\/aleksandarpetrovic.org\/#website","url":"https:\/\/aleksandarpetrovic.org\/","name":"Aleksandar Petrovic","description":"R\u00e9alisateur (site officiel)","potentialAction":[{"@type":"SearchAction","target":{"@type":"EntryPoint","urlTemplate":"https:\/\/aleksandarpetrovic.org\/?s={search_term_string}"},"query-input":{"@type":"PropertyValueSpecification","valueRequired":true,"valueName":"search_term_string"}}],"inLanguage":"fr-FR"}]}},"_links":{"self":[{"href":"https:\/\/aleksandarpetrovic.org\/fr\/wp-json\/wp\/v2\/pages\/771","targetHints":{"allow":["GET"]}}],"collection":[{"href":"https:\/\/aleksandarpetrovic.org\/fr\/wp-json\/wp\/v2\/pages"}],"about":[{"href":"https:\/\/aleksandarpetrovic.org\/fr\/wp-json\/wp\/v2\/types\/page"}],"author":[{"embeddable":true,"href":"https:\/\/aleksandarpetrovic.org\/fr\/wp-json\/wp\/v2\/users\/1"}],"replies":[{"embeddable":true,"href":"https:\/\/aleksandarpetrovic.org\/fr\/wp-json\/wp\/v2\/comments?post=771"}],"version-history":[{"count":4,"href":"https:\/\/aleksandarpetrovic.org\/fr\/wp-json\/wp\/v2\/pages\/771\/revisions"}],"predecessor-version":[{"id":5152,"href":"https:\/\/aleksandarpetrovic.org\/fr\/wp-json\/wp\/v2\/pages\/771\/revisions\/5152"}],"up":[{"embeddable":true,"href":"https:\/\/aleksandarpetrovic.org\/fr\/wp-json\/wp\/v2\/pages\/725"}],"wp:attachment":[{"href":"https:\/\/aleksandarpetrovic.org\/fr\/wp-json\/wp\/v2\/media?parent=771"}],"curies":[{"name":"wp","href":"https:\/\/api.w.org\/{rel}","templated":true}]}}