{"id":909,"date":"2014-02-06T21:34:57","date_gmt":"2014-02-07T02:34:57","guid":{"rendered":"http:\/\/aleksandarpetrovic.org\/france\/?page_id=909"},"modified":"2025-11-04T10:08:29","modified_gmt":"2025-11-04T15:08:29","slug":"la-seule-issue","status":"publish","type":"page","link":"https:\/\/aleksandarpetrovic.org\/fr\/filmographie\/longs-metrages\/la-seule-issue\/","title":{"rendered":"La seule issue"},"content":{"rendered":"\n<h2 class=\"wp-block-heading\">(JEDINI IZLAZ)<\/h2>\n\n\n\n<figure class=\"wp-block-image alignleft\"><a href=\"https:\/\/aleksandarpetrovic.org\/wp-content\/uploads\/2013\/03\/jedini-izlaz.png\"><img decoding=\"async\" src=\"https:\/\/aleksandarpetrovic.org\/wp-content\/uploads\/2013\/03\/jedini-izlaz.png\" alt=\"\"\/><\/a><\/figure>\n\n\n\n<p><\/p>\n\n\n\n<p>&nbsp;<\/p>\n\n\n\n<p>&nbsp;<\/p>\n\n\n\n<p>&nbsp;<\/p>\n\n\n\n<p>&nbsp;<\/p>\n\n\n\n<p>&nbsp;<\/p>\n\n\n\n<p>&nbsp;<\/p>\n\n\n\n<p>&nbsp;<\/p>\n\n\n\n<figure class=\"wp-block-table\"><table class=\"has-fixed-layout\"><tbody><tr><td>Producteur:<\/td><td>Zastava Film. 1958<\/td><\/tr><tr><td>Sc\u00e9nario:<\/td><td>Antonije Isakovi\u0107,&nbsp;Stjepan Zaninovi\u0107<\/td><\/tr><tr><td>R\u00e9alisation:<\/td><td>Aleksandar Petrovi\u0107,&nbsp;Vicko Raspor<\/td><\/tr><tr><td>D\u00e9cors:<\/td><td>Nikola Radanovi\u0107<\/td><\/tr><tr><td>Directeur de la&nbsp;photographie<span style=\"line-height: 19px;\">:<\/span><\/td><td>Jovan Jovanovi\u0107<\/td><\/tr><tr><td>Montage:<\/td><td>Kleopatra Harisijades<\/td><\/tr><tr><td>Musique:<\/td><td>Ivo Tijardovi\u0107<\/td><\/tr><tr><td>Distribution:<\/td><td>Mija Aleksi\u0107, Fahro Konjhod\u017ei\u0107, Zlatko<br>Maduni\u0107, Stane Potokar, Borislav Radovi\u0107<\/td><\/tr><\/tbody><\/table><\/figure>\n\n\n\n<figure class=\"wp-block-image aligncenter\"><a href=\"https:\/\/aleksandarpetrovic.org\/wp-content\/uploads\/2013\/06\/jedini-izlaz.png\"><img decoding=\"async\" src=\"https:\/\/aleksandarpetrovic.org\/wp-content\/uploads\/2013\/06\/jedini-izlaz.png\" alt=\"\"\/><\/a><\/figure>\n\n\n\n<p><\/p>\n\n\n\n<figure class=\"wp-block-image aligncenter\"><a href=\"https:\/\/aleksandarpetrovic.org\/wp-content\/uploads\/2013\/06\/jedini-izlaz1.png\"><img decoding=\"async\" src=\"https:\/\/aleksandarpetrovic.org\/wp-content\/uploads\/2013\/06\/jedini-izlaz1.png\" alt=\"\"\/><\/a><\/figure>\n\n\n\n<p><\/p>\n\n\n\n<h3 class=\"wp-block-heading\">R\u00e9sum\u00e9 du sc\u00e9nario:<\/h3>\n\n\n\n<p>L&rsquo;histoire observe un petit groupe de partisans qui part d\u00e9truire un d\u00e9p\u00f4t de carburant allemand loin derri\u00e8re les lignes de combat, dans les grottes de Postojna (Slov\u00e9nie). Le drame se d\u00e9roule autour de l&rsquo;arriv\u00e9e d&rsquo;un nouveau commandant juste avant l&rsquo;action. Un combattant prend peur et ne fait pas confiance au nouveau chef. Son anxi\u00e9t\u00e9 se transmet \u00e0 tout le groupe et culmine lorsque le partisan se retrouve s\u00e9par\u00e9 de tous dans une grotte, \u00e0 la suite d&rsquo;une explosion. La confiance revient lorsque le commandant revient sauver le combattant.<\/p>\n\n\n\n<h3 class=\"wp-block-heading\">Aleksandar Petrovi\u0107 \u00e0 propos du film:<\/h3>\n\n\n\n<p><em>La seule issue<\/em> est un long m\u00e9trage dont Aleksandar Petrovi\u0107 n&rsquo;a pas \u00e9crit le sc\u00e9nario, qu&rsquo;il r\u00e9alise conjointement avec Vicko Raspor. C&rsquo;est l&rsquo;unique film qu&rsquo;il n&rsquo;appr\u00e9ciait gu\u00e8re. Vingt ans apr\u00e8s, il commentait: <em>\u00abnous avons essay\u00e9 de faire un film divertissant sur un th\u00e8me d&rsquo;aventures, alors que nous aurions d\u00fb faire un film s\u00e9rieux, qui aurait aussi \u00e9t\u00e9 divertissant\u00bb.<\/em><\/p>\n\n\n\n<p>&nbsp;<\/p>\n\n\n\n<p>&nbsp;<\/p>\n\n\n\n<p>&nbsp;<\/p>\n","protected":false},"excerpt":{"rendered":"<p>(JEDINI IZLAZ) &nbsp; &nbsp; &nbsp; &nbsp; &nbsp; &nbsp; &nbsp; Producteur: Zastava Film. 1958 Sc\u00e9nario: Antonije Isakovi\u0107,&nbsp;Stjepan Zaninovi\u0107 R\u00e9alisation: Aleksandar Petrovi\u0107,&nbsp;Vicko Raspor D\u00e9cors: Nikola Radanovi\u0107 Directeur de la&nbsp;photographie: Jovan Jovanovi\u0107 Montage: Kleopatra Harisijades Musique: Ivo Tijardovi\u0107 Distribution: Mija Aleksi\u0107, Fahro Konjhod\u017ei\u0107, ZlatkoMaduni\u0107, Stane Potokar, Borislav Radovi\u0107 R\u00e9sum\u00e9 du sc\u00e9nario: L&rsquo;histoire observe un petit groupe de partisans [&hellip;]<\/p>\n","protected":false},"author":1,"featured_media":0,"parent":28,"menu_order":0,"comment_status":"closed","ping_status":"open","template":"","meta":{"footnotes":""},"class_list":["post-909","page","type-page","status-publish","hentry"],"yoast_head":"<!-- This site is optimized with the Yoast SEO plugin v26.3 - https:\/\/yoast.com\/wordpress\/plugins\/seo\/ -->\n<title>La seule issue - Aleksandar Petrovic<\/title>\n<meta name=\"description\" content=\"La seule issue :: Aleksandar Petrovic\" \/>\n<meta name=\"robots\" content=\"index, follow, max-snippet:-1, max-image-preview:large, max-video-preview:-1\" \/>\n<link rel=\"canonical\" href=\"https:\/\/aleksandarpetrovic.org\/fr\/filmographie\/longs-metrages\/la-seule-issue\/\" \/>\n<meta property=\"og:locale\" content=\"fr_FR\" \/>\n<meta property=\"og:type\" content=\"article\" \/>\n<meta property=\"og:title\" content=\"La seule issue - Aleksandar Petrovic\" \/>\n<meta property=\"og:description\" content=\"La seule issue :: Aleksandar Petrovic\" \/>\n<meta property=\"og:url\" content=\"https:\/\/aleksandarpetrovic.org\/fr\/filmographie\/longs-metrages\/la-seule-issue\/\" \/>\n<meta property=\"og:site_name\" content=\"Aleksandar Petrovic\" \/>\n<meta property=\"article:modified_time\" content=\"2025-11-04T15:08:29+00:00\" \/>\n<meta property=\"og:image\" content=\"https:\/\/aleksandarpetrovic.org\/wp-content\/uploads\/2013\/03\/jedini-izlaz.png\" \/>\n<meta name=\"twitter:card\" content=\"summary_large_image\" \/>\n<meta name=\"twitter:label1\" content=\"Dur\u00e9e de lecture estim\u00e9e\" \/>\n\t<meta name=\"twitter:data1\" content=\"2 minutes\" \/>\n<script type=\"application\/ld+json\" class=\"yoast-schema-graph\">{\"@context\":\"https:\/\/schema.org\",\"@graph\":[{\"@type\":\"WebPage\",\"@id\":\"https:\/\/aleksandarpetrovic.org\/fr\/filmographie\/longs-metrages\/la-seule-issue\/\",\"url\":\"https:\/\/aleksandarpetrovic.org\/fr\/filmographie\/longs-metrages\/la-seule-issue\/\",\"name\":\"La seule issue - Aleksandar Petrovic\",\"isPartOf\":{\"@id\":\"https:\/\/aleksandarpetrovic.org\/#website\"},\"primaryImageOfPage\":{\"@id\":\"https:\/\/aleksandarpetrovic.org\/fr\/filmographie\/longs-metrages\/la-seule-issue\/#primaryimage\"},\"image\":{\"@id\":\"https:\/\/aleksandarpetrovic.org\/fr\/filmographie\/longs-metrages\/la-seule-issue\/#primaryimage\"},\"thumbnailUrl\":\"https:\/\/aleksandarpetrovic.org\/wp-content\/uploads\/2013\/03\/jedini-izlaz.png\",\"datePublished\":\"2014-02-07T02:34:57+00:00\",\"dateModified\":\"2025-11-04T15:08:29+00:00\",\"description\":\"La seule issue :: Aleksandar Petrovic\",\"breadcrumb\":{\"@id\":\"https:\/\/aleksandarpetrovic.org\/fr\/filmographie\/longs-metrages\/la-seule-issue\/#breadcrumb\"},\"inLanguage\":\"fr-FR\",\"potentialAction\":[{\"@type\":\"ReadAction\",\"target\":[\"https:\/\/aleksandarpetrovic.org\/fr\/filmographie\/longs-metrages\/la-seule-issue\/\"]}]},{\"@type\":\"ImageObject\",\"inLanguage\":\"fr-FR\",\"@id\":\"https:\/\/aleksandarpetrovic.org\/fr\/filmographie\/longs-metrages\/la-seule-issue\/#primaryimage\",\"url\":\"https:\/\/aleksandarpetrovic.org\/wp-content\/uploads\/2013\/03\/jedini-izlaz.png\",\"contentUrl\":\"https:\/\/aleksandarpetrovic.org\/wp-content\/uploads\/2013\/03\/jedini-izlaz.png\"},{\"@type\":\"BreadcrumbList\",\"@id\":\"https:\/\/aleksandarpetrovic.org\/fr\/filmographie\/longs-metrages\/la-seule-issue\/#breadcrumb\",\"itemListElement\":[{\"@type\":\"ListItem\",\"position\":1,\"name\":\"Accueil\",\"item\":\"https:\/\/aleksandarpetrovic.org\/fr\/\"},{\"@type\":\"ListItem\",\"position\":2,\"name\":\"Filmographie\",\"item\":\"https:\/\/aleksandarpetrovic.org\/fr\/filmographie\/\"},{\"@type\":\"ListItem\",\"position\":3,\"name\":\"Longs m\u00e9trages\",\"item\":\"https:\/\/aleksandarpetrovic.org\/fr\/filmographie\/longs-metrages\/\"},{\"@type\":\"ListItem\",\"position\":4,\"name\":\"La seule issue\"}]},{\"@type\":\"WebSite\",\"@id\":\"https:\/\/aleksandarpetrovic.org\/#website\",\"url\":\"https:\/\/aleksandarpetrovic.org\/\",\"name\":\"Aleksandar Petrovic\",\"description\":\"R\u00e9alisateur (site officiel)\",\"potentialAction\":[{\"@type\":\"SearchAction\",\"target\":{\"@type\":\"EntryPoint\",\"urlTemplate\":\"https:\/\/aleksandarpetrovic.org\/?s={search_term_string}\"},\"query-input\":{\"@type\":\"PropertyValueSpecification\",\"valueRequired\":true,\"valueName\":\"search_term_string\"}}],\"inLanguage\":\"fr-FR\"}]}<\/script>\n<!-- \/ Yoast SEO plugin. -->","yoast_head_json":{"title":"La seule issue - Aleksandar Petrovic","description":"La seule issue :: Aleksandar Petrovic","robots":{"index":"index","follow":"follow","max-snippet":"max-snippet:-1","max-image-preview":"max-image-preview:large","max-video-preview":"max-video-preview:-1"},"canonical":"https:\/\/aleksandarpetrovic.org\/fr\/filmographie\/longs-metrages\/la-seule-issue\/","og_locale":"fr_FR","og_type":"article","og_title":"La seule issue - Aleksandar Petrovic","og_description":"La seule issue :: Aleksandar Petrovic","og_url":"https:\/\/aleksandarpetrovic.org\/fr\/filmographie\/longs-metrages\/la-seule-issue\/","og_site_name":"Aleksandar Petrovic","article_modified_time":"2025-11-04T15:08:29+00:00","og_image":[{"url":"https:\/\/aleksandarpetrovic.org\/wp-content\/uploads\/2013\/03\/jedini-izlaz.png","type":"","width":"","height":""}],"twitter_card":"summary_large_image","twitter_misc":{"Dur\u00e9e de lecture estim\u00e9e":"2 minutes"},"schema":{"@context":"https:\/\/schema.org","@graph":[{"@type":"WebPage","@id":"https:\/\/aleksandarpetrovic.org\/fr\/filmographie\/longs-metrages\/la-seule-issue\/","url":"https:\/\/aleksandarpetrovic.org\/fr\/filmographie\/longs-metrages\/la-seule-issue\/","name":"La seule issue - Aleksandar Petrovic","isPartOf":{"@id":"https:\/\/aleksandarpetrovic.org\/#website"},"primaryImageOfPage":{"@id":"https:\/\/aleksandarpetrovic.org\/fr\/filmographie\/longs-metrages\/la-seule-issue\/#primaryimage"},"image":{"@id":"https:\/\/aleksandarpetrovic.org\/fr\/filmographie\/longs-metrages\/la-seule-issue\/#primaryimage"},"thumbnailUrl":"https:\/\/aleksandarpetrovic.org\/wp-content\/uploads\/2013\/03\/jedini-izlaz.png","datePublished":"2014-02-07T02:34:57+00:00","dateModified":"2025-11-04T15:08:29+00:00","description":"La seule issue :: Aleksandar Petrovic","breadcrumb":{"@id":"https:\/\/aleksandarpetrovic.org\/fr\/filmographie\/longs-metrages\/la-seule-issue\/#breadcrumb"},"inLanguage":"fr-FR","potentialAction":[{"@type":"ReadAction","target":["https:\/\/aleksandarpetrovic.org\/fr\/filmographie\/longs-metrages\/la-seule-issue\/"]}]},{"@type":"ImageObject","inLanguage":"fr-FR","@id":"https:\/\/aleksandarpetrovic.org\/fr\/filmographie\/longs-metrages\/la-seule-issue\/#primaryimage","url":"https:\/\/aleksandarpetrovic.org\/wp-content\/uploads\/2013\/03\/jedini-izlaz.png","contentUrl":"https:\/\/aleksandarpetrovic.org\/wp-content\/uploads\/2013\/03\/jedini-izlaz.png"},{"@type":"BreadcrumbList","@id":"https:\/\/aleksandarpetrovic.org\/fr\/filmographie\/longs-metrages\/la-seule-issue\/#breadcrumb","itemListElement":[{"@type":"ListItem","position":1,"name":"Accueil","item":"https:\/\/aleksandarpetrovic.org\/fr\/"},{"@type":"ListItem","position":2,"name":"Filmographie","item":"https:\/\/aleksandarpetrovic.org\/fr\/filmographie\/"},{"@type":"ListItem","position":3,"name":"Longs m\u00e9trages","item":"https:\/\/aleksandarpetrovic.org\/fr\/filmographie\/longs-metrages\/"},{"@type":"ListItem","position":4,"name":"La seule issue"}]},{"@type":"WebSite","@id":"https:\/\/aleksandarpetrovic.org\/#website","url":"https:\/\/aleksandarpetrovic.org\/","name":"Aleksandar Petrovic","description":"R\u00e9alisateur (site officiel)","potentialAction":[{"@type":"SearchAction","target":{"@type":"EntryPoint","urlTemplate":"https:\/\/aleksandarpetrovic.org\/?s={search_term_string}"},"query-input":{"@type":"PropertyValueSpecification","valueRequired":true,"valueName":"search_term_string"}}],"inLanguage":"fr-FR"}]}},"_links":{"self":[{"href":"https:\/\/aleksandarpetrovic.org\/fr\/wp-json\/wp\/v2\/pages\/909","targetHints":{"allow":["GET"]}}],"collection":[{"href":"https:\/\/aleksandarpetrovic.org\/fr\/wp-json\/wp\/v2\/pages"}],"about":[{"href":"https:\/\/aleksandarpetrovic.org\/fr\/wp-json\/wp\/v2\/types\/page"}],"author":[{"embeddable":true,"href":"https:\/\/aleksandarpetrovic.org\/fr\/wp-json\/wp\/v2\/users\/1"}],"replies":[{"embeddable":true,"href":"https:\/\/aleksandarpetrovic.org\/fr\/wp-json\/wp\/v2\/comments?post=909"}],"version-history":[{"count":2,"href":"https:\/\/aleksandarpetrovic.org\/fr\/wp-json\/wp\/v2\/pages\/909\/revisions"}],"predecessor-version":[{"id":5141,"href":"https:\/\/aleksandarpetrovic.org\/fr\/wp-json\/wp\/v2\/pages\/909\/revisions\/5141"}],"up":[{"embeddable":true,"href":"https:\/\/aleksandarpetrovic.org\/fr\/wp-json\/wp\/v2\/pages\/28"}],"wp:attachment":[{"href":"https:\/\/aleksandarpetrovic.org\/fr\/wp-json\/wp\/v2\/media?parent=909"}],"curies":[{"name":"wp","href":"https:\/\/api.w.org\/{rel}","templated":true}]}}